{"id":46250,"date":"2018-08-07T14:37:23","date_gmt":"2018-08-07T12:37:23","guid":{"rendered":"https:\/\/www.visitbratislava.com\/?page_id=46250\/"},"modified":"2023-06-28T14:33:55","modified_gmt":"2023-06-28T12:33:55","slug":"vikend-v-bratislave","status":"publish","type":"page","link":"https:\/\/www.visitbratislava.com\/sk\/vlog\/vikend-v-bratislave\/","title":{"rendered":"Ako si u\u017ei\u0165 v\u00edkend naplno s Bratislava CARD"},"content":{"rendered":"<p><iframe src=\"https:\/\/www.youtube.com\/embed\/DyS-9jG1O-g\" width=\"1000\" height=\"500\" frameborder=\"0\" allowfullscreen=\"allowfullscreen\"><\/iframe><\/p>\n<p><span style=\"font-weight: 400;\">V\u010faka turistickej karte <a href=\"http:\/\/card.visitbratislava.com\/sk\/\" target=\"_blank\" rel=\"noopener\">Bratislava CARD City &amp; Region<\/a>\u00a0je n\u00e1v\u0161teva hlavn\u00e9ho mesta Slovenska nielen v\u00fdhodnej\u0161ia, ale aj pohodlnej\u0161ia. Okrem cestovania po celom meste a regi\u00f3ne \u00faplne zadarmo s \u0148ou m\u00f4\u017eete \u00faplne bezplatne nav\u0161t\u00edvi\u0165 a\u017e 14 m\u00faze\u00ed alebo vyu\u017ei\u0165 z\u013eavy na \u010fal\u0161ie atrakcie. Menej tak zaplat\u00edte za n\u00e1v\u0161tevu gal\u00e9ri\u00ed \u010di re\u0161taur\u00e1ci\u00ed, ale aj za vyhliadkov\u00e9 lety vrtu\u013en\u00edkom \u010di v\u00fdlety do okolia Bratislavy. U\u0161etr\u00edte tak desiatky eur.<\/span><\/p>\n<blockquote><p><span style=\"font-weight: 400;\">\u201eOby\u010dajne turistick\u00e9 karty nevyu\u017e\u00edvam. Av\u0161ak Bratislava Card m\u00e1 primeran\u00fa cenu a turistom poskytuje ve\u013ea zliav a vo\u013en\u00fdch vstupov na zauj\u00edmav\u00e9 miesta,\u201c podelila sa o svoje sk\u00fasenosti Ameri\u010danka Anna Fay, ktor\u00e1 sa rozhodla pre trojdenn\u00fa kartu. \u00a0<\/span><\/p><\/blockquote>\n<h3>Tri dni s kartou<\/h3>\n<p><span style=\"font-weight: 400;\">Trojd\u0148ov\u00e1 Bratislava CARD City &amp; Region umo\u017e\u0148uje vychutna\u0165 si mesto a jeho okolie naplno. Z poh\u013eadu ceny je najv\u00fdhodnej\u0161ia a ak sa rozhodnete pre program uveden\u00fd ni\u017e\u0161ie, <strong>u\u0161etr\u00edte viac ako 70 eur.<\/strong><\/span><\/p>\n<p><span style=\"font-weight: 400;\">Svoj pobyt v meste za\u010dnite rannou k\u00e1vou a vych\u00fdren\u00fdmi bratislavsk\u00fdmi ro\u017ekami v <a href=\"https:\/\/www.visitbratislava.com\/sk\/miesta\/zeppelin-cafe-souvenirs\/\" target=\"_blank\" rel=\"noopener\">Zeppelin caf\u00e9<\/a> (tie v tvare p\u00edsmena C s\u00fa orechov\u00e9). Pokra\u010dujte n\u00e1v\u0161tevou <a href=\"https:\/\/www.visitbratislava.com\/sk\/miesta\/stara-radnica\/\" target=\"_blank\" rel=\"noopener\">Starej radnice<\/a>, ktor\u00e1 mnoh\u00fdch prekvap\u00ed p\u00fatav\u00fdm pribl\u00ed\u017een\u00edm hist\u00f3rie mesta a \u017eivota jej obyvate\u013eov. V\u00fdh\u013ead z ve\u017ee radnice pon\u00faka mo\u017enos\u0165 spravi\u0165 si jedny z najlep\u0161\u00edch z\u00e1berov na historick\u00e9 centrum.<\/span><\/p>\n<p><img loading=\"lazy\" width=\"800\" height=\"524\" class=\"alignnone size-large wp-image-43112\" src=\"https:\/\/www.visitbratislava.com\/wp-content\/uploads\/2018\/05\/hrad-vyhlad-panorama-dom-sv-martina-800x524.jpg\" alt=\"\" srcset=\"https:\/\/www.visitbratislava.com\/wp-content\/uploads\/2018\/05\/hrad-vyhlad-panorama-dom-sv-martina-800x524.jpg 800w, https:\/\/www.visitbratislava.com\/wp-content\/uploads\/2018\/05\/hrad-vyhlad-panorama-dom-sv-martina-400x262.jpg 400w, https:\/\/www.visitbratislava.com\/wp-content\/uploads\/2018\/05\/hrad-vyhlad-panorama-dom-sv-martina-768x503.jpg 768w, https:\/\/www.visitbratislava.com\/wp-content\/uploads\/2018\/05\/hrad-vyhlad-panorama-dom-sv-martina-200x131.jpg 200w\" sizes=\"(max-width: 800px) 100vw, 800px\" \/><\/p>\n<p><span style=\"font-weight: 400;\">Po malom ob\u010derstven\u00ed <a href=\"https:\/\/www.visitbratislava.com\/sk\/miesta\/orbis-street-food\/\" target=\"_blank\" rel=\"noopener\">v streetfood re\u0161taur\u00e1ci\u00ed Orbis<\/a> na Laurinskej pokra\u010dujte bezplatnou hodinovou prehliadkou ulicami mesta. Za\u010d\u00edna sa o 14:00, ktor\u00e1 pri informa\u010dnom centre na Primaci\u00e1lnom n\u00e1mest\u00ed. Po\u010das nej v\u00e1m sprievodca odpovie aj na mnoho praktick\u00fdch ot\u00e1zok o s\u00fa\u010dasnom \u017eivote v meste. Prehliadka zvy\u010dajne kon\u010d\u00ed pri <a href=\"https:\/\/www.visitbratislava.com\/sk\/miesta\/katedrala-sv-martina\/\" target=\"_blank\" rel=\"noopener\">D\u00f3me sv. Martina<\/a>, ktor\u00fd d\u00fdcha korunova\u010dnou hist\u00f3riou. Bolo tu korunovan\u00fdch jeden\u00e1s\u0165 panovn\u00edkov, vr\u00e1tane M\u00e1rie Ter\u00e9zie, a sedem kr\u00e1\u013eovsk\u00fdch man\u017eeliek. Do ve\u010dera e\u0161te stihnete nav\u0161t\u00edvi\u0165 ne\u010falek\u00fa gal\u00e9riu <a href=\"https:\/\/www.visitbratislava.com\/sk\/miesta\/galeria-nedbalka\/\" target=\"_blank\" rel=\"noopener\">Nedbalka,<\/a> kde si m\u00f4\u017eete takisto uplatni\u0165 z\u013eavu s Bratislava CARD. O\u010dar\u00ed v\u00e1s modern\u00fdm slovensk\u00fdm umen\u00edm a nezvy\u010dajnou architekt\u00farou. Nie nadarmo jej hovoria aj mal\u00fd newyorsk\u00fd Guggenheim.<\/span><\/p>\n<p><img loading=\"lazy\" class=\"alignnone wp-image-43667\" src=\"https:\/\/www.visitbratislava.com\/wp-content\/uploads\/2018\/06\/nedbalka-kongres.jpg\" alt=\"\" width=\"800\" height=\"533\" srcset=\"https:\/\/www.visitbratislava.com\/wp-content\/uploads\/2018\/06\/nedbalka-kongres.jpg 600w, https:\/\/www.visitbratislava.com\/wp-content\/uploads\/2018\/06\/nedbalka-kongres-400x267.jpg 400w, https:\/\/www.visitbratislava.com\/wp-content\/uploads\/2018\/06\/nedbalka-kongres-200x133.jpg 200w\" sizes=\"(max-width: 800px) 100vw, 800px\" \/><\/p>\n<p><span style=\"font-weight: 400;\">Ve\u010deru si dajte v <a href=\"https:\/\/www.visitbratislava.com\/sk\/miesta\/bratislava-flag-ship-restaurant\/\" target=\"_blank\" rel=\"noopener\">Bratislava Flagship Restaurant<\/a>. Jej s\u00fa\u010das\u0165ou je Bratislavsk\u00e1 zlat\u00e1 uli\u010dka s lok\u00e1lnymi \u0161pecialitami. De\u0148 ukon\u010dite n\u00e1v\u0161tevou are\u00e1lu <a href=\"https:\/\/www.visitbratislava.com\/sk\/miesta\/bratislavsky-hrad\/\" target=\"_blank\" rel=\"noopener\">Bratislavsk\u00e9ho hradu<\/a> alebo vyhliadkovej terasy na <a href=\"https:\/\/www.visitbratislava.com\/sk\/miesta\/snp\/\" target=\"_blank\" rel=\"noopener\">Moste SNP<\/a>.<\/span><\/p>\n<p><span style=\"font-weight: 400;\">Na druh\u00fd de\u0148 sa vydajte v\u00fdletnou lo\u010fou po Dunaji a nav\u0161t\u00edvte zr\u00facaniny <a href=\"https:\/\/www.visitbratislava.com\/sk\/miesta\/hrad-devin\/\" target=\"_blank\" rel=\"noopener\">hradu Dev\u00edn<\/a> vyp\u00ednaj\u00face sa aj s romantickou Panenskou ve\u017eou na brale nad s\u00fatokom Dunaja a Moravy.<\/span><\/p>\n<blockquote><p><span style=\"font-weight: 400;\">\u201eV\u00fdlet na Dev\u00edn je dobrou pr\u00edle\u017eitos\u0165ou dosta\u0165 sa na chv\u00ed\u013eu von z mesta, do pr\u00edrody,\u201c hovor\u00ed Anna. <\/span><\/p><\/blockquote>\n<p><span style=\"font-weight: 400;\">Pote\u0161\u00ed aj ochutn\u00e1vka Dev\u00ednskeho r\u00edbezl\u00e1ku v st\u00e1nkoch pod hradom.<\/span><\/p>\n<p><img loading=\"lazy\" width=\"800\" height=\"450\" class=\"alignnone size-large wp-image-1810\" src=\"https:\/\/www.visitbratislava.com\/wp-content\/uploads\/2014\/10\/letecka-devin-800x450.jpg\" alt=\"\" \/><\/p>\n<p><span style=\"font-weight: 400;\">Sp\u00e4\u0165 do mesta k novej budove SND sa vr\u00e1\u0165te autobusovou linkou 29. Tu presadnite na autobus alebo v ne\u010falekom Osobnom pr\u00edstave na lo\u010f do M\u00fazea modern\u00e9ho umenia <a href=\"https:\/\/www.visitbratislava.com\/sk\/miesta\/danubiana\/\" target=\"_blank\" rel=\"noopener\">Danubiana<\/a> v \u010cunove. Nach\u00e1dza sa na poloostrove uprostred Dunaja a okrem unik\u00e1tneho miesta tu n\u00e1jdete gal\u00e9riu svetovej \u00farovne. Pr\u00edjemne str\u00e1ven\u00fd de\u0148 ukon\u010dite v <a href=\"https:\/\/www.visitbratislava.com\/sk\/miesta\/red-cat-cabaret-club\/\" target=\"_blank\" rel=\"noopener\">kabarete Red Ca<\/a>t alebo <a href=\"https:\/\/www.visitbratislava.com\/sk\/miesta\/nuspirit-bar\/\" target=\"_blank\" rel=\"noopener\">Nu Spirit bare<\/a>.<\/span><\/p>\n<p><span style=\"font-weight: 400;\">V\u010faka bezplatnej doprave z\u00e1\u017eitkov\u00fdm autobusom <a href=\"https:\/\/www.visitbratislava.com\/sk\/informacie\/malokarpatsky-expres\/\" target=\"_blank\" rel=\"noopener\">Malokarpatsk\u00fd expres<\/a> sa na \u010fal\u0161\u00ed de\u0148 jednoducho dostanete na hrad \u010cerven\u00fd Kame\u0148. Na z\u00e1ver prehliadky sa dobre schlad\u00edte v obrovsk\u00fdch hradn\u00fdch pivniciach. Na ceste sp\u00e4\u0165 sa zastavte v Malokarpatskom m\u00fazeu v malebnom vinohradn\u00edckom meste\u010dku Pezinok. Uvid\u00edte tu najv\u00e4\u010d\u0161iu zbierku vinohradn\u00edckych lisov v strednej Eur\u00f3pe a navy\u0161e si vysk\u00fa\u0161ate, ako sa z\u00e1tkuj\u00fa v\u00ednov\u00e9 f\u013ea\u0161e. Pr\u00edjemn\u00fdm bonusom je ochutn\u00e1vka malokarpatsk\u00e9ho v\u00edna.<\/span><\/p>\n<p><img loading=\"lazy\" width=\"800\" height=\"450\" class=\"alignnone size-large wp-image-46771\" src=\"https:\/\/www.visitbratislava.com\/wp-content\/uploads\/2018\/08\/FOTKY.00_03_26_03.Still007-800x450.jpg\" alt=\"\" srcset=\"https:\/\/www.visitbratislava.com\/wp-content\/uploads\/2018\/08\/FOTKY.00_03_26_03.Still007-800x450.jpg 800w, https:\/\/www.visitbratislava.com\/wp-content\/uploads\/2018\/08\/FOTKY.00_03_26_03.Still007-400x225.jpg 400w, https:\/\/www.visitbratislava.com\/wp-content\/uploads\/2018\/08\/FOTKY.00_03_26_03.Still007-768x432.jpg 768w, https:\/\/www.visitbratislava.com\/wp-content\/uploads\/2018\/08\/FOTKY.00_03_26_03.Still007-200x113.jpg 200w\" sizes=\"(max-width: 800px) 100vw, 800px\" \/><\/p>\n<p>\u201eNajv\u00e4\u010d\u0161ia v\u00fdhoda je, \u017ee karta v\u00e1m sama napl\u00e1nuje v\u00e1\u0161 pobyt,\u201c povedala Anna.<\/p>\n<p><span style=\"font-weight: 400;\">Kartu si najjednoduch\u0161ie k\u00fapite v turistick\u00fdch informa\u010dn\u00fdch centr\u00e1ch v Bratislave alebo <a href=\"http:\/\/card.visitbratislava.com\/sk\/kupit-online\/\" target=\"_blank\" rel=\"noopener\">online<\/a>.<\/span><\/p>\n","protected":false},"excerpt":{"rendered":"<p>V\u010faka turistickej karte Bratislava CARD City &amp; Region\u00a0je n\u00e1v\u0161teva hlavn\u00e9ho mesta Slovenska nielen v\u00fdhodnej\u0161ia, ale aj pohodlnej\u0161ia. Okrem cestovania po celom meste a regi\u00f3ne \u00faplne zadarmo s \u0148ou m\u00f4\u017eete \u00faplne bezplatne nav\u0161t\u00edvi\u0165 a\u017e 14 m\u00faze\u00ed alebo vyu\u017ei\u0165 z\u013eavy na \u010fal\u0161ie atrakcie. Menej tak zaplat\u00edte za n\u00e1v\u0161tevu gal\u00e9ri\u00ed \u010di re\u0161taur\u00e1ci\u00ed, ale aj za vyhliadkov\u00e9 lety vrtu\u013en\u00edkom [&hellip;]<\/p>\n","protected":false},"author":21,"featured_media":47356,"parent":46397,"menu_order":0,"comment_status":"closed","ping_status":"closed","template":"","meta":[],"acf":[],"_links":{"self":[{"href":"https:\/\/www.visitbratislava.com\/sk\/wp-json\/wp\/v2\/pages\/46250"}],"collection":[{"href":"https:\/\/www.visitbratislava.com\/sk\/wp-json\/wp\/v2\/pages"}],"about":[{"href":"https:\/\/www.visitbratislava.com\/sk\/wp-json\/wp\/v2\/types\/page"}],"author":[{"embeddable":true,"href":"https:\/\/www.visitbratislava.com\/sk\/wp-json\/wp\/v2\/users\/21"}],"replies":[{"embeddable":true,"href":"https:\/\/www.visitbratislava.com\/sk\/wp-json\/wp\/v2\/comments?post=46250"}],"version-history":[{"count":1,"href":"https:\/\/www.visitbratislava.com\/sk\/wp-json\/wp\/v2\/pages\/46250\/revisions"}],"predecessor-version":[{"id":248620,"href":"https:\/\/www.visitbratislava.com\/sk\/wp-json\/wp\/v2\/pages\/46250\/revisions\/248620"}],"up":[{"embeddable":true,"href":"https:\/\/www.visitbratislava.com\/sk\/wp-json\/wp\/v2\/pages\/46397"}],"wp:featuredmedia":[{"embeddable":true,"href":"https:\/\/www.visitbratislava.com\/sk\/wp-json\/wp\/v2\/media\/47356"}],"wp:attachment":[{"href":"https:\/\/www.visitbratislava.com\/sk\/wp-json\/wp\/v2\/media?parent=46250"}],"curies":[{"name":"wp","href":"https:\/\/api.w.org\/{rel}","templated":true}]}}