{"id":46368,"date":"2018-08-14T13:09:26","date_gmt":"2018-08-14T11:09:26","guid":{"rendered":"https:\/\/www.visitbratislava.com\/?page_id=46368\/"},"modified":"2025-10-14T16:23:38","modified_gmt":"2025-10-14T14:23:38","slug":"zelena-bratislava","status":"publish","type":"page","link":"https:\/\/www.visitbratislava.com\/sk\/vlog\/zelena-bratislava\/","title":{"rendered":"Vitajte v jednom z najzelen\u0161\u00edch miest na svete"},"content":{"rendered":"<p><iframe src=\"https:\/\/www.youtube.com\/embed\/WpfbG7H6dAs\" width=\"800\" height=\"450\" frameborder=\"0\" allowfullscreen=\"allowfullscreen\"><\/iframe><\/p>\n<p><span style=\"font-weight: 400;\">Vedeli ste, \u017ee Bratislava je po islandskom Reykjav\u00edku a novoz\u00e9landskom Aucklande tret\u00edm najzelen\u0161\u00edm mestom pre turistov na svete? V\u010fa\u010d\u00ed za to parkom priamo v meste, ako aj svojej polohe na Dunaji a v bl\u00edzkosti malokarpatsk\u00fdch lesov.<\/span> <span style=\"font-weight: 400;\">Z pulzuj\u00faceho ve\u013ekomesta je to v Bratislave do pr\u00edrody len na skok. Nasadnete na autobus mestskej dopravy \u010di do auta a v lesoparku na \u00fap\u00e4t\u00ed Mal\u00fdch Karp\u00e1t ste z centra za p\u00e1r min\u00fat. Turisti, be\u017eci, rodiny s de\u0165mi, kamar\u00e1ti na pikniku, v tejto zelenej o\u00e1ze n\u00e1jdete skuto\u010dn\u00fd relax. Dokonca si m\u00f4\u017eete posedie\u0165 pri rybn\u00edku \u010di sa previes\u0165 na lanovke, ktor\u00e1 sp\u00e1ja rekrea\u010dn\u00e9 lokality <a href=\"https:\/\/www.visitbratislava.com\/sk\/miesta\/kamzik\/\" target=\"_blank\" rel=\"noopener\">Kamz\u00edk<\/a> a <a href=\"https:\/\/www.visitbratislava.com\/sk\/miesta\/zelezna-studienka\/\" target=\"_blank\" rel=\"noopener\">\u017delezn\u00e1 studni\u010dka<\/a>. <\/span><\/p>\n<p><img loading=\"lazy\" width=\"800\" height=\"533\" class=\"size-large wp-image-40218 alignnone\" src=\"https:\/\/www.visitbratislava.com\/wp-content\/uploads\/2018\/03\/cyklo-green-male-karpaty-2-800x533.jpg\" alt=\"\" srcset=\"https:\/\/www.visitbratislava.com\/wp-content\/uploads\/2018\/03\/cyklo-green-male-karpaty-2-800x533.jpg 800w, https:\/\/www.visitbratislava.com\/wp-content\/uploads\/2018\/03\/cyklo-green-male-karpaty-2-400x267.jpg 400w, https:\/\/www.visitbratislava.com\/wp-content\/uploads\/2018\/03\/cyklo-green-male-karpaty-2-768x512.jpg 768w, https:\/\/www.visitbratislava.com\/wp-content\/uploads\/2018\/03\/cyklo-green-male-karpaty-2-200x133.jpg 200w\" sizes=\"(max-width: 800px) 100vw, 800px\" \/><\/p>\n<p>Ak d\u00e1vate prednos\u0165 \u0161portovaniu, ur\u010dite si vyberiete z hustej siete <a href=\"https:\/\/www.visitbratislava.com\/sk\/vas-vylet\/objavte-mesto\/sportovy\/bicyklovanie\/\" target=\"_blank\" rel=\"noopener\">cyklistick\u00fdch tr\u00e1s<\/a>. Popri Dunaji, jeho ramen\u00e1ch a Morave n\u00e1jdete mierne ter\u00e9ny v atmosf\u00e9re lu\u017en\u00fdch lesov. Na svoje si pr\u00eddu aj milovn\u00edci adrenal\u00ednu. Okrem n\u00e1ro\u010dnej\u0161\u00edch tr\u00e1s v lesoparku n\u00e1jdu pri vrcholovej stanici\u00a0lanovky na Kamz\u00edku a\u017e \u0161tyri cyklistick\u00e9 zjazdov\u00e9 trate r\u00f4znych n\u00e1ro\u010dnosti.<\/p>\n<h3><strong>Noc na stromoch<\/strong><\/h3>\n<p><span style=\"font-weight: 400;\">Bratislava v\u0161ak pon\u00faka aj ove\u013ea netradi\u010dnej\u0161\u00ed z\u00e1\u017eitok. \u010co tak str\u00e1vi\u0165 romantick\u00fa noc v lesoparku v jednom z dvoch <a href=\"https:\/\/www.visitbratislava.com\/sk\/miesta\/noc-v-domceku-na-strome\/\" target=\"_blank\" rel=\"noopener\">dom\u010dekov vybudovan\u00fdch v korun\u00e1ch stromov<\/a>?<\/span> <span style=\"font-weight: 400;\">\u017diaden bud\u00edk, ale rann\u00fd \u0161tebot vt\u00e1kov a \u0161umenie l\u00edstia. <\/span><\/p>\n<blockquote><p><span style=\"font-weight: 400;\">\u201eE\u0161te sa do tejto rozpr\u00e1vky vr\u00e1tim,\u201c p\u00ed\u0161e jeden z n\u00e1v\u0161tevn\u00edkov v dom\u010dekovej kronike. <\/span><\/p><\/blockquote>\n<p><span style=\"font-weight: 400;\">Ste jednoducho priamou s\u00fa\u010das\u0165ou \u017eivota v korun\u00e1ch. <\/span><\/p>\n<blockquote><p><span style=\"font-weight: 400;\">\u201eProstredie je tu n\u00e1dhern\u00e9 a \u00faplne ide\u00e1lne ke\u010f chcete vypn\u00fa\u0165, nako\u013eko tu nie je dobr\u00fd mobiln\u00fd sign\u00e1l. Sta\u010d\u00ed, ke\u010f si sadnete na terasu,\u201c hovor\u00ed Martina Koh\u00e1rov\u00e1 z organiz\u00e1cie Mestsk\u00e9 lesy v Bratislave, ktor\u00e1 oba dom\u010deky prev\u00e1dzkuje.<\/span><\/p><\/blockquote>\n<p><img loading=\"lazy\" width=\"800\" height=\"450\" class=\"alignnone size-large wp-image-46778\" src=\"https:\/\/www.visitbratislava.com\/wp-content\/uploads\/2018\/08\/GREEN-STILL-03-800x450.png\" alt=\"\" srcset=\"https:\/\/www.visitbratislava.com\/wp-content\/uploads\/2018\/08\/GREEN-STILL-03-800x450.png 800w, https:\/\/www.visitbratislava.com\/wp-content\/uploads\/2018\/08\/GREEN-STILL-03-400x225.png 400w, https:\/\/www.visitbratislava.com\/wp-content\/uploads\/2018\/08\/GREEN-STILL-03-768x432.png 768w, https:\/\/www.visitbratislava.com\/wp-content\/uploads\/2018\/08\/GREEN-STILL-03-200x113.png 200w\" sizes=\"(max-width: 800px) 100vw, 800px\" \/><\/p>\n<h3><strong>Za spevom vt\u00e1kov <\/strong><\/h3>\n<p><span style=\"font-weight: 400;\">V\u010faka rozmanitosti prostredia je Bratislava a jej okolie jednou z najzauj\u00edmavej\u0161\u00edch lokal\u00edt na pozorovanie vt\u00e1ctva na Slovensku. Na \u017deleznej studni\u010dke <\/span><span style=\"font-weight: 400;\">m\u00f4\u017eete pozorova\u0165 ve\u013emi vz\u00e1cneho much\u00e1rika mal\u00e9ho a slovensk\u00e9ho \u201cpapag\u00e1ja\u201d, pestrofarebn\u00e9ho v\u010del\u00e1rika zlat\u00e9ho, n\u00e1jdete na Dev\u00ednskej Kobyle. Hru\u0161ovsk\u00e1 zdr\u017e na Dunaji pri \u010cunove je zasa jednozna\u010dne najlep\u0161ia na pozorovanie zimuj\u00facich vt\u00e1kov.<\/span><\/p>\n<p><img loading=\"lazy\" width=\"800\" height=\"533\" class=\"alignnone size-large wp-image-43227\" src=\"https:\/\/www.visitbratislava.com\/wp-content\/uploads\/2018\/05\/Hudba-v-Sade-800x533.jpg\" alt=\"\" srcset=\"https:\/\/www.visitbratislava.com\/wp-content\/uploads\/2018\/05\/Hudba-v-Sade-800x533.jpg 800w, https:\/\/www.visitbratislava.com\/wp-content\/uploads\/2018\/05\/Hudba-v-Sade-400x267.jpg 400w, https:\/\/www.visitbratislava.com\/wp-content\/uploads\/2018\/05\/Hudba-v-Sade-768x512.jpg 768w, https:\/\/www.visitbratislava.com\/wp-content\/uploads\/2018\/05\/Hudba-v-Sade-200x133.jpg 200w\" sizes=\"(max-width: 800px) 100vw, 800px\" \/><\/p>\n<h3><strong>Relax na vode<\/strong><\/h3>\n<p><span style=\"font-weight: 400;\">Prav\u00fa pr\u00edrodn\u00fa romantiku pon\u00faka aj Mal\u00fd Dunaj a jeho okolie. \u201eStromy prev\u00edsaj\u00face ponad hladinu, n\u00e1dhern\u00e9 z\u00e1toky a \u00fa\u017easn\u00fd pokoj,\u201c hovor\u00ed Ladislav Krechny\u00e1k z rodinnej firmy venuj\u00facej sa vod\u00e1ctvu a splavom v okol\u00ed Bratislavy.<\/span> <span style=\"font-weight: 400;\">\u010ci ste za\u010diato\u010dn\u00edk alebo sk\u00fasenej\u0161\u00ed vod\u00e1k, Mal\u00fd Dunaj je vhodn\u00fd pre v\u0161etk\u00fdch. Ve\u013emi ob\u013e\u00faben\u00e9 s\u00fa pol- a jednod\u0148ov\u00e9 trasy, napr\u00edklad z bratislavskej Vrakune do Tom\u00e1\u0161ova. <\/span><\/p>\n<p><span style=\"font-weight: 400;\">Na za\u010diatok splavu sa priveziete mestskou hromadnou dopravou a sp\u00e4\u0165 do hlavn\u00e9ho mesta v\u00e1s dopravia vod\u00e1ci.<\/span> <span style=\"font-weight: 400;\">Ak m\u00e1te viac \u010dasu, \u010fal\u0161ia popul\u00e1rna trasa vedie z Hurbanovej Vsi do Jelky. Nielen\u017ee popl\u00e1vate najkraj\u0161\u00edm \u00fasekom Mal\u00e9ho Dunaja, ale v Jelke si m\u00f4\u017eete pozrie\u0165 jeden zo \u0161tyroch historick\u00fdch dreven\u00fdch mlynov nach\u00e1dzaj\u00facich sa na rieke.<\/span> <img loading=\"lazy\" class=\"alignnone wp-image-46375 size-large\" src=\"https:\/\/www.visitbratislava.com\/wp-content\/uploads\/2018\/08\/SplavNaMalomDunaji-800x531.jpg\" alt=\"\" width=\"800\" height=\"531\" srcset=\"https:\/\/www.visitbratislava.com\/wp-content\/uploads\/2018\/08\/SplavNaMalomDunaji-800x531.jpg 800w, https:\/\/www.visitbratislava.com\/wp-content\/uploads\/2018\/08\/SplavNaMalomDunaji-400x266.jpg 400w, https:\/\/www.visitbratislava.com\/wp-content\/uploads\/2018\/08\/SplavNaMalomDunaji-768x510.jpg 768w, https:\/\/www.visitbratislava.com\/wp-content\/uploads\/2018\/08\/SplavNaMalomDunaji-200x133.jpg 200w\" sizes=\"(max-width: 800px) 100vw, 800px\" \/><\/p>\n<h3><strong>Zele\u0148 v kr\u00e1\u013eovskom meste<\/strong><\/h3>\n<p><span style=\"font-weight: 400;\">U\u017e kr\u00e1\u013eovsk\u00e1 Bratislava si dala z\u00e1le\u017ea\u0165 na zeleni. Na\u0161\u0165astie dnes nemus\u00edte by\u0165 \u0161\u013eachtick\u00e9ho p\u00f4vodu, aby ste mohli vst\u00fapi\u0165 do barokovej z\u00e1hrady v are\u00e1li <a href=\"https:\/\/www.visitbratislava.com\/sk\/miesta\/bratislavsky-hrad\/\" target=\"_blank\" rel=\"noopener\">Bratislavsk\u00e9ho hradu<\/a>. Obnoven\u00e1 bola len ned\u00e1vno pod\u013ea pl\u00e1nov z \u010dias vl\u00e1dnutia M\u00e1rie Ter\u00e9zie.<\/span> <span style=\"font-weight: 400;\">Ku koncu jej vl\u00e1dy bol zalo\u017een\u00fd aj najstar\u0161\u00ed verejn\u00fd park v strednej Eur\u00f3pe. <\/span><\/p>\n<p><span style=\"font-weight: 400;\">Dnes sa vol\u00e1 <a href=\"https:\/\/www.visitbratislava.com\/sk\/miesta\/sad-janka-krala\/\" target=\"_blank\" rel=\"noopener\">Sad Janka Kr\u00e1\u013ea<\/a> a n\u00e1jdete ho na petr\u017ealskej strane Dunaja. M\u00f4\u017eete sa v \u0148om t\u00fala\u0165 chodn\u00ed\u010dkami, obdivova\u0165 mohutn\u00e9 dvestoro\u010dn\u00e9 platany alebo n\u00e1js\u0165 sochu v\u00e1\u0161ho znamenia zverokruhu. Oplat\u00ed sa aj fotografia vo vrcholku gotickej ve\u017ee z franti\u0161k\u00e1nskeho kostola. Premiestnen\u00e1 tu bola po zemetrasen\u00ed, ktor\u00e9 zasiahlo Bratislavu v roku 1897.<\/span> <img loading=\"lazy\" width=\"800\" height=\"536\" class=\"alignnone size-large wp-image-46379\" src=\"https:\/\/www.visitbratislava.com\/wp-content\/uploads\/2018\/08\/SadJKrala-800x536.jpg\" alt=\"\" srcset=\"https:\/\/www.visitbratislava.com\/wp-content\/uploads\/2018\/08\/SadJKrala-800x536.jpg 800w, https:\/\/www.visitbratislava.com\/wp-content\/uploads\/2018\/08\/SadJKrala-400x268.jpg 400w, https:\/\/www.visitbratislava.com\/wp-content\/uploads\/2018\/08\/SadJKrala-768x514.jpg 768w, https:\/\/www.visitbratislava.com\/wp-content\/uploads\/2018\/08\/SadJKrala-200x134.jpg 200w\" sizes=\"(max-width: 800px) 100vw, 800px\" \/><\/p>\n<p><span style=\"font-weight: 400;\">Po pr\u00edjemne str\u00e1venom \u010dase si priamo v parku pochutnajte na starej dobrej pre\u0161porskej kuchyni v re\u0161taur\u00e1cii <a href=\"https:\/\/www.visitbratislava.com\/sk\/miesta\/restauracia-leberfinger\/\" target=\"_blank\" rel=\"noopener\">Leberfinger<\/a> alebo si z lode prerobenej na re\u0161taur\u00e1ciu <a href=\"https:\/\/www.visitbratislava.com\/sk\/miesta\/restauracia-dunajsky-pivovar\/\" target=\"_blank\" rel=\"noopener\">Dunajsk\u00fd pivovar<\/a> u\u017eite v\u00fdh\u013ead na scen\u00e9riu hlavn\u00e9ho mesta. Navy\u0161e na turistick\u00fa kartu Bratislava Card dostanete v oboch re\u0161taur\u00e1ci\u00e1ch 10 percentn\u00fa z\u013eavu.<\/span> <span style=\"font-weight: 400;\">Medzi \u010fal\u0161ie parky v centre mesta, ktor\u00e9 nadv\u00e4zuj\u00fa na dlh\u00fa trad\u00edciu, patria aj <a href=\"https:\/\/www.visitbratislava.com\/sk\/miesta\/medicka-zahrada\/\" target=\"_blank\" rel=\"noopener\">Medick\u00e1 z\u00e1hrada<\/a>, <a href=\"https:\/\/www.visitbratislava.com\/sk\/miesta\/horsky-park\/\" target=\"_blank\" rel=\"noopener\">Horsk\u00fd park<\/a> alebo <a href=\"https:\/\/www.visitbratislava.com\/sk\/miesta\/grassalkovichova-zahrada\/\" target=\"_blank\" rel=\"noopener\">Prezidentsk\u00e1 z\u00e1hrada<\/a>.<\/span><\/p>\n","protected":false},"excerpt":{"rendered":"<p>Vedeli ste, \u017ee Bratislava je po islandskom Reykjav\u00edku a novoz\u00e9landskom Aucklande tret\u00edm najzelen\u0161\u00edm mestom pre turistov na svete? V\u010fa\u010d\u00ed za to parkom priamo v meste, ako aj svojej polohe na Dunaji a v bl\u00edzkosti malokarpatsk\u00fdch lesov. Z pulzuj\u00faceho ve\u013ekomesta je to v Bratislave do pr\u00edrody len na skok. Nasadnete na autobus mestskej dopravy \u010di do [&hellip;]<\/p>\n","protected":false},"author":21,"featured_media":46778,"parent":46397,"menu_order":0,"comment_status":"closed","ping_status":"closed","template":"","meta":[],"acf":[],"_links":{"self":[{"href":"https:\/\/www.visitbratislava.com\/sk\/wp-json\/wp\/v2\/pages\/46368"}],"collection":[{"href":"https:\/\/www.visitbratislava.com\/sk\/wp-json\/wp\/v2\/pages"}],"about":[{"href":"https:\/\/www.visitbratislava.com\/sk\/wp-json\/wp\/v2\/types\/page"}],"author":[{"embeddable":true,"href":"https:\/\/www.visitbratislava.com\/sk\/wp-json\/wp\/v2\/users\/21"}],"replies":[{"embeddable":true,"href":"https:\/\/www.visitbratislava.com\/sk\/wp-json\/wp\/v2\/comments?post=46368"}],"version-history":[{"count":2,"href":"https:\/\/www.visitbratislava.com\/sk\/wp-json\/wp\/v2\/pages\/46368\/revisions"}],"predecessor-version":[{"id":366544,"href":"https:\/\/www.visitbratislava.com\/sk\/wp-json\/wp\/v2\/pages\/46368\/revisions\/366544"}],"up":[{"embeddable":true,"href":"https:\/\/www.visitbratislava.com\/sk\/wp-json\/wp\/v2\/pages\/46397"}],"wp:featuredmedia":[{"embeddable":true,"href":"https:\/\/www.visitbratislava.com\/sk\/wp-json\/wp\/v2\/media\/46778"}],"wp:attachment":[{"href":"https:\/\/www.visitbratislava.com\/sk\/wp-json\/wp\/v2\/media?parent=46368"}],"curies":[{"name":"wp","href":"https:\/\/api.w.org\/{rel}","templated":true}]}}