{"id":47050,"date":"2018-08-27T09:29:39","date_gmt":"2018-08-27T07:29:39","guid":{"rendered":"https:\/\/www.visitbratislava.com\/?page_id=47050\/"},"modified":"2023-07-11T09:38:04","modified_gmt":"2023-07-11T07:38:04","slug":"kupaliska","status":"publish","type":"page","link":"https:\/\/www.visitbratislava.com\/sk\/vlog\/kupaliska\/","title":{"rendered":"Pr\u00edmorsk\u00e1 atmosf\u00e9ra v letnej Bratislave"},"content":{"rendered":"<p><iframe src=\"https:\/\/www.youtube.com\/embed\/7Cs3EqxRSHE\" width=\"800\" height=\"400\" frameborder=\"0\" allowfullscreen=\"allowfullscreen\"><span data-mce-type=\"bookmark\" style=\"display: inline-block; width: 0px; overflow: hidden; line-height: 0;\" class=\"mce_SELRES_start\">\ufeff<\/span><\/iframe><\/p>\n<p><span style=\"font-weight: 400;\">Za jemn\u00fdm pieskom, osvie\u017euj\u00facou vodou a exotick\u00fdmi n\u00e1pojmi nemus\u00edte cestova\u0165 stovky kilometrov na morsk\u00e9 pobre\u017eie. N\u00e1jdete ich priamo v meste. Dunajsk\u00e9 brehy, len nieko\u013eko krokov od centra, sa ka\u017edoro\u010dne premie\u0148aj\u00fa na pl\u00e1\u017ee s barmi \u010di ihriskami na pl\u00e1\u017eov\u00fd volejbal. Are\u00e1l Zlat\u00fdch Pieskov zas okrem k\u00fapania pon\u00faka adrenal\u00ednov\u00e9 vodn\u00e9 \u0161porty. Schladia v\u00e1s tie\u017e tradi\u010dn\u00e9 k\u00fapalisk\u00e1 a milovn\u00edci raftingu si ur\u010dite pr\u00eddu na svoje v are\u00e1li Divok\u00e1 voda v \u010cunove. \u00a0<\/span><\/p>\n<h3><strong>Na skok od centra<\/strong><\/h3>\n<p><span style=\"font-weight: 400;\">Sta\u010d\u00ed sadn\u00fa\u0165 na elektri\u010dku \u010d\u00edslo 4 a z centra mesta sa za 20 min\u00fat dostanete do \u00faplne in\u00e9ho sveta: na najv\u00e4\u010d\u0161ie pr\u00edrodn\u00e9 k\u00fapalisko v Bratislave. Zlat\u00e9 Piesky maj\u00fa v\u0161etko, \u010do na letnej dovolenke nesmie ch\u00fdba\u0165: \u0161trkov\u00fa pl\u00e1\u017e, osvie\u017euj\u00facu vodu, slne\u010dn\u00edky, chl\u00e1dok pod stromami, \u0161portov\u00e9 a detsk\u00e9 ihrisk\u00e1, ale aj vodn\u00e9 bicykle a tobogan.<\/span><\/p>\n<p><img loading=\"lazy\" width=\"800\" height=\"533\" class=\"alignnone size-large wp-image-47205\" src=\"https:\/\/www.visitbratislava.com\/wp-content\/uploads\/2018\/08\/Zlat\u00e9Piesky-800x533.jpg\" alt=\"\" srcset=\"https:\/\/www.visitbratislava.com\/wp-content\/uploads\/2018\/08\/Zlat\u00e9Piesky-800x533.jpg 800w, https:\/\/www.visitbratislava.com\/wp-content\/uploads\/2018\/08\/Zlat\u00e9Piesky-400x267.jpg 400w, https:\/\/www.visitbratislava.com\/wp-content\/uploads\/2018\/08\/Zlat\u00e9Piesky-768x512.jpg 768w, https:\/\/www.visitbratislava.com\/wp-content\/uploads\/2018\/08\/Zlat\u00e9Piesky-200x133.jpg 200w\" sizes=\"(max-width: 800px) 100vw, 800px\" \/><\/p>\n<p><span style=\"font-weight: 400;\">Ak tu chcete za\u017ei\u0165 nie\u010do akt\u00edvnej\u0161ie, vyberte sa do <\/span><span style=\"font-weight: 400;\">\u010dasti <a href=\"https:\/\/www.visitbratislava.com\/places\/wakelake\/\" target=\"_blank\" rel=\"noopener\">Wakelake<\/a>\u00a0<\/span><span style=\"font-weight: 400;\">hne\u010f ved\u013ea <\/span><span style=\"font-weight: 400;\">pl\u00e1\u017ee. Vlek na vodn\u00e9 ly\u017eovanie s r\u00f4znymi rampami a prek\u00e1\u017ekami je miesto, kde sa je na \u010do pozera\u0165. Tr\u00e9nuj\u00fa tu profesion\u00e1li, ale aj \u00fapln\u00ed za\u010diato\u010dn\u00edci. Dynamick\u00e1 hudba v\u00e1m rozpr\u00fadi krv v \u017eil\u00e1ch e\u0161te pred t\u00fdm, ako si vysk\u00fa\u0161ate wakeboarding, \u010di\u017ee vodn\u00e9 ly\u017eovanie kombinovan\u00e9 so snowboardingom a surfersk\u00fdmi technikami.<\/span><\/p>\n<p><span style=\"font-weight: 400;\">Ondrej Kone\u010dn\u00fd je jeden z t\u00fdch, ktor\u00fd sa najprv neskuto\u010dn\u00fdm akrobatick\u00fdm k\u00faskom len prizeral. A\u017e nesk\u00f4r sa odv\u00e1\u017eil na wakeboard postavi\u0165. \u00a0<\/span><\/p>\n<blockquote><p><span style=\"font-weight: 400;\">\u201eU\u017e som si tu vysk\u00fa\u0161al aj flyboard, dosku poh\u00e1\u0148an\u00fa vodn\u00fdmi tryskami s ktorou m\u00f4\u017eete lieta\u0165 nad vodou. C\u00edtil som sa ako Superman,\u201c smeje sa Ondrej. <\/span><\/p><\/blockquote>\n<p><span style=\"font-weight: 400;\">\u010eal\u0161iu d\u00e1vku adrenal\u00ednu si u\u017eijete na opa\u010dnom konci Bratislavy v are\u00e1li <a href=\"https:\/\/www.visitbratislava.com\/places\/cunovo\/\" target=\"_blank\" rel=\"noopener\">Divok\u00e1 voda<\/a> v \u010cunove. S priate\u013emi nasadnite do raftu, splavte umel\u00fa divok\u00fa rieku alebo sa vybl\u00e1znite na jedinej umelej surfovej vlne svojho druhu v Eur\u00f3pe.<\/span><\/p>\n<p><span style=\"font-weight: 400;\">Alebo sa schla\u010fte na <a href=\"https:\/\/www.visitbratislava.com\/sk\/vas-vylet\/rocne-obdobia\/leto\/7256-2\/\" target=\"_blank\" rel=\"noopener\">k\u00fapalisk\u00e1ch<\/a> v meste. Z nich najbli\u017e\u0161ie k centru s\u00fa Teheln\u00e9 pole a Delf\u00edn.<\/span><\/p>\n<p><img loading=\"lazy\" width=\"800\" height=\"453\" class=\"alignnone size-large wp-image-47209\" src=\"https:\/\/www.visitbratislava.com\/wp-content\/uploads\/2018\/08\/TehelnePole-800x453.jpg\" alt=\"\" srcset=\"https:\/\/www.visitbratislava.com\/wp-content\/uploads\/2018\/08\/TehelnePole-800x453.jpg 800w, https:\/\/www.visitbratislava.com\/wp-content\/uploads\/2018\/08\/TehelnePole-400x226.jpg 400w, https:\/\/www.visitbratislava.com\/wp-content\/uploads\/2018\/08\/TehelnePole-768x435.jpg 768w, https:\/\/www.visitbratislava.com\/wp-content\/uploads\/2018\/08\/TehelnePole-200x113.jpg 200w\" sizes=\"(max-width: 800px) 100vw, 800px\" \/><\/p>\n<p><span style=\"font-weight: 400;\">Ak patr\u00edte k t\u00fdm, ktor\u00ed chodia na turistami neobjaven\u00e9 miesta, ur\u010dite si vychutn\u00e1te aj \u00fatuln\u00fa atmosf\u00e9ru k\u00fapaliska Mi\u010durin vo vilovej \u0161tvrti bl\u00edzko <a href=\"https:\/\/www.visitbratislava.com\/sk\/miesta\/bratislavsky-hrad\/\" target=\"_blank\" rel=\"noopener\">Bratislavsk\u00e9ho hradu<\/a>. Pre rodiny s de\u0165mi je zauj\u00edmav\u00e9 aj k\u00fapalisko Rosni\u010dka s 50 metrov dlhou trojdr\u00e1hovou \u0161myk\u013eavkou. Z centra mesta sa sem pohodlne dostanete elektri\u010dkou za 20 min\u00fat.<\/span><\/p>\n<p><span style=\"font-weight: 400;\">Pr\u00edjemn\u00fd de\u0148 zakon\u010dite na jazere Kuchajda pri n\u00e1kupnom centre Polus. Zacvi\u010dte si j\u00f3gu \u010di latino fitness alebo si chy\u0165te rybu na ve\u010deru. Nezabudnute\u013en\u00fd je na jazere ve\u010dern\u00fd film v letnom kine. <\/span><\/p>\n<h3><strong>Pr\u00edmorsk\u00fd ruch na brehu Dunaja <\/strong><\/h3>\n<p><span style=\"font-weight: 400;\">Hor\u00face letn\u00e9 dni m\u00f4\u017eete str\u00e1vi\u0165 aj na modern\u00fdch mestsk\u00fdch pl\u00e1\u017each pri Dunaji.<\/span><\/p>\n<p><img loading=\"lazy\" width=\"800\" height=\"533\" class=\"alignnone size-large wp-image-47214\" src=\"https:\/\/www.visitbratislava.com\/wp-content\/uploads\/2018\/08\/MagioPl\u00e1\u017e-800x533.jpg\" alt=\"\" srcset=\"https:\/\/www.visitbratislava.com\/wp-content\/uploads\/2018\/08\/MagioPl\u00e1\u017e-800x533.jpg 800w, https:\/\/www.visitbratislava.com\/wp-content\/uploads\/2018\/08\/MagioPl\u00e1\u017e-400x267.jpg 400w, https:\/\/www.visitbratislava.com\/wp-content\/uploads\/2018\/08\/MagioPl\u00e1\u017e-768x512.jpg 768w, https:\/\/www.visitbratislava.com\/wp-content\/uploads\/2018\/08\/MagioPl\u00e1\u017e-200x133.jpg 200w\" sizes=\"(max-width: 800px) 100vw, 800px\" \/><\/p>\n<p><span style=\"font-weight: 400;\">Najzn\u00e1mej\u0161ou z nich je <a href=\"https:\/\/www.visitbratislava.com\/sk\/miesta\/magio-plaz\/\" target=\"_blank\" rel=\"noopener\">Tyr\u0161\u00e1k pl\u00e1\u017e<\/a> na Tyr\u0161ovom n\u00e1bre\u017e\u00ed. Tony privezen\u00e9ho piesku s bielym n\u00e1dychom ka\u017ed\u00fd rok premenia Bratislavu na pr\u00edmorsk\u00e9 letovisko. Katar\u00edna Seleck\u00e1 na \u0148u chod\u00ed ka\u017ed\u00e9 leto a vod\u00ed sem aj svojich zn\u00e1mych, ktor\u00ed ju do Bratislavy chodia nav\u0161tevova\u0165. V\u0161etci oce\u0148uj\u00fa pr\u00edjemn\u00e9 prostredie s v\u00fdh\u013eadom na Dunaj a Star\u00e9 Mesto.<\/span><\/p>\n<blockquote><p><span style=\"font-weight: 400;\">\u201eJednoducho si tu sadne\u0161 a m\u00e1\u0161 sv\u00e4t\u00fd pokoj,\u201c hovor\u00ed pohodlne usaden\u00e1 v pl\u00e1\u017eovom le\u017eadle s citr\u00f3novou zmrzlinou v ruke.<\/span><\/p><\/blockquote>\n<p><span style=\"font-weight: 400;\">Na pl\u00e1\u017ei si ka\u017ed\u00fd n\u00e1jde to, \u010do potrebuje. M\u00f4\u017eete si tu \u010d\u00edta\u0165, zacvi\u010di\u0165 si, da\u0165 si exotick\u00fd n\u00e1poj \u010di zmrzlinu pri ve\u010dernom koncerte, zahra\u0165 si pl\u00e1\u017eov\u00fd volejbal alebo si pozrie\u0165 film v letnom kine.\u00a0<\/span><\/p>\n<p><span style=\"font-weight: 400;\">Pr\u00edmorsk\u00fa atmosf\u00e9ru si u\u017eijete aj na promen\u00e1de pri n\u00e1kupnom centre Eurovea.\u00a0<\/span><\/p>\n<p><img loading=\"lazy\" width=\"800\" height=\"534\" class=\"alignnone size-large wp-image-69241\" src=\"https:\/\/www.visitbratislava.com\/wp-content\/uploads\/2019\/10\/Nabrezie_Eurovea-800x534.jpg\" alt=\"\" srcset=\"https:\/\/www.visitbratislava.com\/wp-content\/uploads\/2019\/10\/Nabrezie_Eurovea-800x534.jpg 800w, https:\/\/www.visitbratislava.com\/wp-content\/uploads\/2019\/10\/Nabrezie_Eurovea-400x267.jpg 400w, https:\/\/www.visitbratislava.com\/wp-content\/uploads\/2019\/10\/Nabrezie_Eurovea-768x513.jpg 768w, https:\/\/www.visitbratislava.com\/wp-content\/uploads\/2019\/10\/Nabrezie_Eurovea-200x133.jpg 200w\" sizes=\"(max-width: 800px) 100vw, 800px\" \/><\/p>\n","protected":false},"excerpt":{"rendered":"<p>\ufeff Za jemn\u00fdm pieskom, osvie\u017euj\u00facou vodou a exotick\u00fdmi n\u00e1pojmi nemus\u00edte cestova\u0165 stovky kilometrov na morsk\u00e9 pobre\u017eie. N\u00e1jdete ich priamo v meste. Dunajsk\u00e9 brehy, len nieko\u013eko krokov od centra, sa ka\u017edoro\u010dne premie\u0148aj\u00fa na pl\u00e1\u017ee s barmi \u010di ihriskami na pl\u00e1\u017eov\u00fd volejbal. Are\u00e1l Zlat\u00fdch Pieskov zas okrem k\u00fapania pon\u00faka adrenal\u00ednov\u00e9 vodn\u00e9 \u0161porty. Schladia v\u00e1s tie\u017e tradi\u010dn\u00e9 k\u00fapalisk\u00e1 [&hellip;]<\/p>\n","protected":false},"author":21,"featured_media":47369,"parent":46397,"menu_order":0,"comment_status":"closed","ping_status":"closed","template":"","meta":[],"acf":[],"_links":{"self":[{"href":"https:\/\/www.visitbratislava.com\/sk\/wp-json\/wp\/v2\/pages\/47050"}],"collection":[{"href":"https:\/\/www.visitbratislava.com\/sk\/wp-json\/wp\/v2\/pages"}],"about":[{"href":"https:\/\/www.visitbratislava.com\/sk\/wp-json\/wp\/v2\/types\/page"}],"author":[{"embeddable":true,"href":"https:\/\/www.visitbratislava.com\/sk\/wp-json\/wp\/v2\/users\/21"}],"replies":[{"embeddable":true,"href":"https:\/\/www.visitbratislava.com\/sk\/wp-json\/wp\/v2\/comments?post=47050"}],"version-history":[{"count":4,"href":"https:\/\/www.visitbratislava.com\/sk\/wp-json\/wp\/v2\/pages\/47050\/revisions"}],"predecessor-version":[{"id":249763,"href":"https:\/\/www.visitbratislava.com\/sk\/wp-json\/wp\/v2\/pages\/47050\/revisions\/249763"}],"up":[{"embeddable":true,"href":"https:\/\/www.visitbratislava.com\/sk\/wp-json\/wp\/v2\/pages\/46397"}],"wp:featuredmedia":[{"embeddable":true,"href":"https:\/\/www.visitbratislava.com\/sk\/wp-json\/wp\/v2\/media\/47369"}],"wp:attachment":[{"href":"https:\/\/www.visitbratislava.com\/sk\/wp-json\/wp\/v2\/media?parent=47050"}],"curies":[{"name":"wp","href":"https:\/\/api.w.org\/{rel}","templated":true}]}}