{"id":47706,"date":"2018-09-06T10:08:55","date_gmt":"2018-09-06T08:08:55","guid":{"rendered":"https:\/\/www.visitbratislava.com\/?page_id=47706\/"},"modified":"2023-05-11T11:00:42","modified_gmt":"2023-05-11T09:00:42","slug":"narodny-salon-vin","status":"publish","type":"page","link":"https:\/\/www.visitbratislava.com\/sk\/desatoro-cesty-za-vinom\/narodny-salon-vin\/","title":{"rendered":"Ochutnajte 100 naj v\u00edn: N\u00e1rodn\u00fd sal\u00f3n v\u00edn"},"content":{"rendered":"<p>N\u00e1rodn\u00fd sal\u00f3n v\u00edn, poklad v\u0161etk\u00fdch milovn\u00edkov v\u00edna, sa\u00a0nach\u00e1dza sa v\u00a0historickej \u010dasti\u00a0<a href=\"https:\/\/www.visitbratislava.com\/sk\/miesta\/muzeum-vinohradnictva-apponyiho-palac\/\">Apponnyiho pal\u00e1ca \u2013 v M\u00fazeu vinohradn\u00edctva a\u00a0vin\u00e1rstva v\u00a0Bratislave<\/a>. Vysk\u00fa\u0161ajte workshopy a ochutn\u00e1vky v\u00edn s profesion\u00e1lnym someli\u00e9rom doplnen\u00e9 o drobn\u00e9 delikatesy.<\/p>\n<p><strong>Najob\u013e\u00fabenej\u0161\u00ed program &#8211;\u00a072 v\u00edn za 100 min\u00fat:<\/strong>\u00a0n\u00e1v\u0161tevn\u00edci ochutn\u00e1vaj\u00fa 72 v\u00edn, pri\u010dom ich jedin\u00fdm limitom je \u010das. S\u00fa\u010das\u0165ou je aj mo\u017enos\u0165 prehliadky M\u00fazea vinohradn\u00edctva a vin\u00e1rstva.<\/p>\n<p>Cena: 30 \u20ac<br \/>\nObjedn\u00e1vky: www.salonvin.sk, Tel.: +421 2\/4552 99 67<\/p>\n<h3><strong>5 d\u00f4vodov, pre\u010do nav\u0161t\u00edvi\u0165 N\u00e1rodn\u00fd sal\u00f3n v\u00edn:<\/strong><\/h3>\n<ul>\n<li>100 top slovensk\u00fdch v\u00edn na jednom mieste<\/li>\n<li>Degusta\u010dn\u00e9 programy (napr. degust\u00e1cia 72 v\u00edn za 100 min\u00fat)<\/li>\n<li>Predaj v\u00edna za pr\u00edjemn\u00e9 ceny<\/li>\n<li>Umiestnen\u00fd v\u00a0M\u00fazeu vinohradn\u00edctva a vin\u00e1rstva<\/li>\n<li>Najkompletnej\u0161ia zbierka slovensk\u00fdch v\u00edn<\/li>\n<\/ul>\n","protected":false},"excerpt":{"rendered":"<p>N\u00e1rodn\u00fd sal\u00f3n v\u00edn, poklad v\u0161etk\u00fdch milovn\u00edkov v\u00edna, sa\u00a0nach\u00e1dza sa v\u00a0historickej \u010dasti\u00a0Apponnyiho pal\u00e1ca \u2013 v M\u00fazeu vinohradn\u00edctva a\u00a0vin\u00e1rstva v\u00a0Bratislave. Vysk\u00fa\u0161ajte workshopy a ochutn\u00e1vky v\u00edn s profesion\u00e1lnym someli\u00e9rom doplnen\u00e9 o drobn\u00e9 delikatesy. Najob\u013e\u00fabenej\u0161\u00ed program &#8211;\u00a072 v\u00edn za 100 min\u00fat:\u00a0n\u00e1v\u0161tevn\u00edci ochutn\u00e1vaj\u00fa 72 v\u00edn, pri\u010dom ich jedin\u00fdm limitom je \u010das. S\u00fa\u010das\u0165ou je aj mo\u017enos\u0165 prehliadky M\u00fazea vinohradn\u00edctva a vin\u00e1rstva. [&hellip;]<\/p>\n","protected":false},"author":21,"featured_media":39108,"parent":47704,"menu_order":0,"comment_status":"closed","ping_status":"closed","template":"","meta":[],"acf":[],"_links":{"self":[{"href":"https:\/\/www.visitbratislava.com\/sk\/wp-json\/wp\/v2\/pages\/47706"}],"collection":[{"href":"https:\/\/www.visitbratislava.com\/sk\/wp-json\/wp\/v2\/pages"}],"about":[{"href":"https:\/\/www.visitbratislava.com\/sk\/wp-json\/wp\/v2\/types\/page"}],"author":[{"embeddable":true,"href":"https:\/\/www.visitbratislava.com\/sk\/wp-json\/wp\/v2\/users\/21"}],"replies":[{"embeddable":true,"href":"https:\/\/www.visitbratislava.com\/sk\/wp-json\/wp\/v2\/comments?post=47706"}],"version-history":[{"count":1,"href":"https:\/\/www.visitbratislava.com\/sk\/wp-json\/wp\/v2\/pages\/47706\/revisions"}],"predecessor-version":[{"id":241286,"href":"https:\/\/www.visitbratislava.com\/sk\/wp-json\/wp\/v2\/pages\/47706\/revisions\/241286"}],"up":[{"embeddable":true,"href":"https:\/\/www.visitbratislava.com\/sk\/wp-json\/wp\/v2\/pages\/47704"}],"wp:featuredmedia":[{"embeddable":true,"href":"https:\/\/www.visitbratislava.com\/sk\/wp-json\/wp\/v2\/media\/39108"}],"wp:attachment":[{"href":"https:\/\/www.visitbratislava.com\/sk\/wp-json\/wp\/v2\/media?parent=47706"}],"curies":[{"name":"wp","href":"https:\/\/api.w.org\/{rel}","templated":true}]}}