{"id":48148,"date":"2018-09-19T11:11:37","date_gmt":"2018-09-19T09:11:37","guid":{"rendered":"https:\/\/www.visitbratislava.com\/?page_id=48148\/"},"modified":"2024-01-16T15:27:48","modified_gmt":"2024-01-16T14:27:48","slug":"bikesharing","status":"publish","type":"page","link":"https:\/\/www.visitbratislava.com\/sk\/bikesharing\/","title":{"rendered":"Bikesharing &#8211; Bratislava na dvoch koles\u00e1ch"},"content":{"rendered":"<p>U\u017eite si cel\u00fa Bratislavu na dvoch koles\u00e1ch! U\u017e aj vo va\u0161om hlavnom meste si m\u00f4\u017eete v\u010faka Bikesharing, zdie\u013ean\u00e9mu syst\u00e9mu stan\u00edc s\u00a0bicyklami, spr\u00edjemni\u0165 cestu.<\/p>\n<p><iframe src=\"https:\/\/www.youtube.com\/embed\/pNRUrRMdMSw\" width=\"800\" height=\"450\" frameborder=\"0\" allowfullscreen=\"allowfullscreen\"><span data-mce-type=\"bookmark\" style=\"display: inline-block; width: 0px; overflow: hidden; line-height: 0;\" class=\"mce_SELRES_start\">\ufeff<\/span><\/iframe><\/p>\n<p>\u017dlt\u00e9 bicykle n\u00e1jdete na viac ako 100 dokovac\u00edch staniciach v 8 mestsk\u00fdch \u010dastiach: Star\u00e9 Mesto, Nov\u00e9 Mesto, Ru\u017einov, Petr\u017ealka, Karlova Ves, Ra\u010da, Podunajsk\u00e9 Biskupice a Vraku\u0148a. Spr\u00edjemnite si r\u00e1no a odvezte sa do pr\u00e1ce na bicykli alebo sa vyberte na akt\u00edvny v\u00edkendov\u00fd oddych do centra mesta.<\/p>\n<blockquote><p>V\u010faka projektu Bikesharing sa vyhnete dopravn\u00fdm z\u00e1pcham a\u00a0u\u0161etr\u00edte \u017eivotn\u00e9 prostredie.<\/p><\/blockquote>\n<p><strong>BAJkujte u\u017e od <a href=\"https:\/\/slovnaftbajk.sk\/\" target=\"_blank\" rel=\"noopener\">9 \u20ac<\/a>!<\/strong>\u00a0Viac inform\u00e1ci\u00ed n\u00e1jdete na <strong><a href=\"https:\/\/slovnaftbajk.sk\/\" target=\"_blank\" rel=\"noopener\">www.slovnaftbajk.sk<\/a>.<\/strong><\/p>\n","protected":false},"excerpt":{"rendered":"<p>U\u017eite si cel\u00fa Bratislavu na dvoch koles\u00e1ch! U\u017e aj vo va\u0161om hlavnom meste si m\u00f4\u017eete v\u010faka Bikesharing, zdie\u013ean\u00e9mu syst\u00e9mu stan\u00edc s\u00a0bicyklami, spr\u00edjemni\u0165 cestu. \ufeff \u017dlt\u00e9 bicykle n\u00e1jdete na viac ako 100 dokovac\u00edch staniciach v 8 mestsk\u00fdch \u010dastiach: Star\u00e9 Mesto, Nov\u00e9 Mesto, Ru\u017einov, Petr\u017ealka, Karlova Ves, Ra\u010da, Podunajsk\u00e9 Biskupice a Vraku\u0148a. Spr\u00edjemnite si r\u00e1no a odvezte [&hellip;]<\/p>\n","protected":false},"author":21,"featured_media":64676,"parent":0,"menu_order":0,"comment_status":"closed","ping_status":"closed","template":"","meta":[],"acf":[],"_links":{"self":[{"href":"https:\/\/www.visitbratislava.com\/sk\/wp-json\/wp\/v2\/pages\/48148"}],"collection":[{"href":"https:\/\/www.visitbratislava.com\/sk\/wp-json\/wp\/v2\/pages"}],"about":[{"href":"https:\/\/www.visitbratislava.com\/sk\/wp-json\/wp\/v2\/types\/page"}],"author":[{"embeddable":true,"href":"https:\/\/www.visitbratislava.com\/sk\/wp-json\/wp\/v2\/users\/21"}],"replies":[{"embeddable":true,"href":"https:\/\/www.visitbratislava.com\/sk\/wp-json\/wp\/v2\/comments?post=48148"}],"version-history":[{"count":5,"href":"https:\/\/www.visitbratislava.com\/sk\/wp-json\/wp\/v2\/pages\/48148\/revisions"}],"predecessor-version":[{"id":275918,"href":"https:\/\/www.visitbratislava.com\/sk\/wp-json\/wp\/v2\/pages\/48148\/revisions\/275918"}],"wp:featuredmedia":[{"embeddable":true,"href":"https:\/\/www.visitbratislava.com\/sk\/wp-json\/wp\/v2\/media\/64676"}],"wp:attachment":[{"href":"https:\/\/www.visitbratislava.com\/sk\/wp-json\/wp\/v2\/media?parent=48148"}],"curies":[{"name":"wp","href":"https:\/\/api.w.org\/{rel}","templated":true}]}}