{"id":48427,"date":"2018-09-25T14:13:11","date_gmt":"2018-09-25T12:13:11","guid":{"rendered":"https:\/\/www.visitbratislava.com\/?page_id=48427\/"},"modified":"2019-04-26T09:36:13","modified_gmt":"2019-04-26T07:36:13","slug":"dobrovolnictvo","status":"publish","type":"page","link":"https:\/\/www.visitbratislava.com\/sk\/dobrovolnictvo\/","title":{"rendered":"Sta\u0148te sa s\u00fa\u010das\u0165ou 2019 IIHF majstrovstiev sveta v \u013eadovom\u00a0hokeji!"},"content":{"rendered":"<p>M\u00e1te v sebe v\u00e1\u0161e\u0148 pre najr\u00fdchlej\u0161iu kolekt\u00edvnu hru na svete a viete si seba sam\u00e9ho predstavi\u0165 ako dobrovo\u013en\u00edka? Tak nev\u00e1hajte, a sta\u0148te sa jedn\u00fdm z n\u00e1s!<\/p>\n<p>Po druh\u00fd raz v hist\u00f3rii bude samostatn\u00e9 Slovensko hosti\u0165 Majstrovstv\u00e1 sveta v \u013eadovom hokeji a <a href=\"https:\/\/www.iihf.com\/sk\/events\/2019\/wm\" target=\"_blank\" rel=\"noopener\">IIHF<\/a> h\u013ead\u00e1\u00a0<strong>700<\/strong> <strong>dobrovo\u013en\u00edkov<\/strong>! V dobrovo\u013en\u00edckom t\u00edme pon\u00fakaj\u00fa poz\u00edcie v r\u00f4znych oblastiach. V dotazn\u00edku si m\u00f4\u017eete vybra\u0165 <strong>3 konkr\u00e9tne poz\u00edcie<\/strong> pod\u013ea Va\u0161ich preferenci\u00ed vo <strong>2 mest\u00e1ch<\/strong>.<\/p>\n<p>N\u00e1bor sa uzatv\u00e1ra 30. novembra 2018. Vz\u00e1p\u00e4t\u00ed bud\u00fa nasledova\u0165 pohovory a fin\u00e1lny v\u00fdber dobrovo\u013en\u00edkov pre svetov\u00fd \u0161ampion\u00e1t.<\/p>\n<blockquote><p>Zoznam dobrovo\u013en\u00edckych poz\u00edci\u00ed n\u00e1jdete na <a href=\"https:\/\/www.iihf.com\/sk\/events\/2019\/wm\/tournamentinfo\/3998\/roles\" target=\"_blank\" rel=\"noopener\">www.iihf.com<\/a><br \/>\n<a href=\"https:\/\/www.iihf.com\/sk\/events\/2019\/wm\/tournamentinfo\/4000\/registration\" target=\"_blank\" rel=\"noopener\">Zaregistrujte sa<\/a> a sta\u0148te sa s\u00fa\u010das\u0165ou\u00a0svetov\u00e9ho \u0161ampion\u00e1tu.<\/p><\/blockquote>\n<p>K\u00a0dobrovo\u013en\u00edctvu po\u010das MS v\u00a0hokeji 2018 poz\u00fdva aj <a href=\"https:\/\/www.dobrovolnictvoba.sk\/\" target=\"_blank\" rel=\"noopener\">Bratislavsk\u00e9 dobrovo\u013en\u00edcke centrum<\/a> (BDC). Nez\u00e1le\u017e\u00ed na veku, fyzickej zdatnosti \u010di schopnostiach. Pom\u00e1hanie nie je \u017eiadna nuda.<\/p>\n<p><img loading=\"lazy\" width=\"657\" height=\"576\" class=\"alignnone size-full wp-image-48428\" src=\"https:\/\/www.visitbratislava.com\/wp-content\/uploads\/2018\/09\/logo-03-03.png\" alt=\"\" srcset=\"https:\/\/www.visitbratislava.com\/wp-content\/uploads\/2018\/09\/logo-03-03.png 657w, https:\/\/www.visitbratislava.com\/wp-content\/uploads\/2018\/09\/logo-03-03-400x351.png 400w, https:\/\/www.visitbratislava.com\/wp-content\/uploads\/2018\/09\/logo-03-03-200x175.png 200w\" sizes=\"(max-width: 657px) 100vw, 657px\" \/><\/p>\n<h3><strong>Dobrovo\u013en\u00edci bez registr\u00e1cie<\/strong><\/h3>\n<p>Pom\u00e1ha\u0165 po\u010das Majstrovstiev sveta v \u013eadovom hokeji m\u00f4\u017eete aj neofici\u00e1lne. Sta\u010d\u00ed oh\u013eaduplnos\u0165 a pom\u00e1hanie turistom zorientova\u0165 sa v na\u0161om meste. MS v hokeji sa m\u00f4\u017eu sta\u0165 celo\u017eivotn\u00fdm z\u00e1\u017eitkom aj v\u010faka atmosf\u00e9re a pr\u00edjemn\u00e9mu dojmu z mesta. Vychutnajme si ich v\u0161etci spolu!<\/p>\n","protected":false},"excerpt":{"rendered":"<p>M\u00e1te v sebe v\u00e1\u0161e\u0148 pre najr\u00fdchlej\u0161iu kolekt\u00edvnu hru na svete a viete si seba sam\u00e9ho predstavi\u0165 ako dobrovo\u013en\u00edka? Tak nev\u00e1hajte, a sta\u0148te sa jedn\u00fdm z n\u00e1s! Po druh\u00fd raz v hist\u00f3rii bude samostatn\u00e9 Slovensko hosti\u0165 Majstrovstv\u00e1 sveta v \u013eadovom hokeji a IIHF h\u013ead\u00e1\u00a0700 dobrovo\u013en\u00edkov! V dobrovo\u013en\u00edckom t\u00edme pon\u00fakaj\u00fa poz\u00edcie v r\u00f4znych oblastiach. V dotazn\u00edku si [&hellip;]<\/p>\n","protected":false},"author":21,"featured_media":47701,"parent":0,"menu_order":0,"comment_status":"closed","ping_status":"closed","template":"","meta":[],"acf":[],"_links":{"self":[{"href":"https:\/\/www.visitbratislava.com\/sk\/wp-json\/wp\/v2\/pages\/48427"}],"collection":[{"href":"https:\/\/www.visitbratislava.com\/sk\/wp-json\/wp\/v2\/pages"}],"about":[{"href":"https:\/\/www.visitbratislava.com\/sk\/wp-json\/wp\/v2\/types\/page"}],"author":[{"embeddable":true,"href":"https:\/\/www.visitbratislava.com\/sk\/wp-json\/wp\/v2\/users\/21"}],"replies":[{"embeddable":true,"href":"https:\/\/www.visitbratislava.com\/sk\/wp-json\/wp\/v2\/comments?post=48427"}],"version-history":[{"count":0,"href":"https:\/\/www.visitbratislava.com\/sk\/wp-json\/wp\/v2\/pages\/48427\/revisions"}],"wp:featuredmedia":[{"embeddable":true,"href":"https:\/\/www.visitbratislava.com\/sk\/wp-json\/wp\/v2\/media\/47701"}],"wp:attachment":[{"href":"https:\/\/www.visitbratislava.com\/sk\/wp-json\/wp\/v2\/media?parent=48427"}],"curies":[{"name":"wp","href":"https:\/\/api.w.org\/{rel}","templated":true}]}}