{"id":49277,"date":"2018-10-16T10:56:25","date_gmt":"2018-10-16T08:56:25","guid":{"rendered":"https:\/\/www.visitbratislava.com\/?page_id=49277\/"},"modified":"2019-05-16T09:45:07","modified_gmt":"2019-05-16T07:45:07","slug":"top-fotografie","status":"publish","type":"page","link":"https:\/\/www.visitbratislava.com\/sk\/top-fotografie\/","title":{"rendered":"Tu si sprav\u00edte najkraj\u0161ie fotky v Bratislave"},"content":{"rendered":"<p>Bratislavsk\u00fd hrad \u010di Most SNP s re\u0161taur\u00e1ciou UFO jednozna\u010dne patria medzi naj\u010dastej\u0161ie ciele turistov. V meste je v\u0161ak omnoho viac fotogenick\u00fdch z\u00e1kut\u00ed. Na svoje si pr\u00eddu romantici, milovn\u00edci adrenal\u00ednu aj h\u013eada\u010di netradi\u010dn\u00fdch mestsk\u00fdch n\u00e1metov.<\/p>\n<p><iframe src=\"https:\/\/www.youtube.com\/embed\/F9-LDNzwJss\" width=\"800\" height=\"415\" frameborder=\"0\" allowfullscreen=\"allowfullscreen\"><span data-mce-type=\"bookmark\" style=\"display: inline-block; width: 0px; overflow: hidden; line-height: 0;\" class=\"mce_SELRES_start\">\ufeff<\/span><span data-mce-type=\"bookmark\" style=\"display: inline-block; width: 0px; overflow: hidden; line-height: 0;\" class=\"mce_SELRES_start\">\ufeff<\/span><\/iframe><\/p>\n<h3>Ako chut\u00ed k\u00e1vi\u010dka s autoportr\u00e9tom<\/h3>\n<p>Bratislavsk\u00e1 kaviare\u0148 Five points za\u010dala v janu\u00e1ri ako prv\u00e1 na Slovensku pon\u00faka\u0165 selfieccino. Je to cappuccino, na penu ktor\u00e9ho v\u00e1m \u0161ikovn\u00ed baristi \u0161peci\u00e1lnym strojom \u201evytla\u010dia\u201c zmesou k\u00e1vy a kakaa ak\u00fdko\u013evek obr\u00e1zok \u010di fotografiu z v\u00e1\u0161ho mobilu.<\/p>\n<p>\u201eDvojice si naj\u010dastej\u0161ie nech\u00e1vaj\u00fa ,tla\u010di\u0165\u2018 na k\u00e1vu spolo\u010dn\u00fa selfie, ktor\u00fa si urobia priamo v kaviarni,\u201c hovor\u00ed prev\u00e1dzkar Ivan La\u010dn\u00fd. In\u00ed zas do kaviarne pr\u00eddu u\u017e s pripravenou fotografiou krajinky. Popul\u00e1rne s\u00fa aj fotografie det\u00ed a zvierac\u00edch mil\u00e1\u010dikov.<\/p>\n<p><img loading=\"lazy\" width=\"800\" height=\"534\" class=\"alignnone size-large wp-image-49278\" src=\"https:\/\/www.visitbratislava.com\/wp-content\/uploads\/2018\/10\/DSC_2602-800x534.jpg\" alt=\"\" srcset=\"https:\/\/www.visitbratislava.com\/wp-content\/uploads\/2018\/10\/DSC_2602-800x534.jpg 800w, https:\/\/www.visitbratislava.com\/wp-content\/uploads\/2018\/10\/DSC_2602-400x267.jpg 400w, https:\/\/www.visitbratislava.com\/wp-content\/uploads\/2018\/10\/DSC_2602-768x512.jpg 768w, https:\/\/www.visitbratislava.com\/wp-content\/uploads\/2018\/10\/DSC_2602-200x133.jpg 200w, https:\/\/www.visitbratislava.com\/wp-content\/uploads\/2018\/10\/DSC_2602.jpg 1000w\" sizes=\"(max-width: 800px) 100vw, 800px\" \/><\/p>\n<h3>Mesto ako na dlani<\/h3>\n<p><a href=\"https:\/\/www.visitbratislava.com\/sk\/miesta\/stara-radnica\/\" target=\"_blank\" rel=\"noopener\">Star\u00e1 radnica<\/a> na Hlavnom n\u00e1mest\u00ed je jednou z najstar\u0161\u00edch budov v Bratislave. Poch\u00e1dza z 15. storo\u010dia a jej priestory dokonca sl\u00fa\u017eili aj ako v\u00e4zenie \u010di mincov\u0148a.<\/p>\n<blockquote><p>Dnes sa v nej nach\u00e1dza najstar\u0161ie m\u00fazeum v meste venovan\u00e9 hist\u00f3rii Bratislavy.<\/p><\/blockquote>\n<p>Jej s\u00fa\u010das\u0165ou je p\u00f4vodne obrann\u00e1 ve\u017ea. Na vrchol s\u00edce treba prekona\u0165 92 schodov, no panoramatick\u00fd v\u00fdh\u013ead na strechy mesta s gotick\u00fdm <a href=\"https:\/\/www.visitbratislava.com\/sk\/miesta\/katedrala-sv-martina\/\" target=\"_blank\" rel=\"noopener\">D\u00f3mom Sv. Martina<\/a> a hradom ur\u010dite stoja za n\u00e1mahu. Obzvl\u00e1\u0161\u0165 pekn\u00e9 z\u00e1bery z ve\u017ee vznikaj\u00fa v predviano\u010dnom \u010dase. Vtedy sa cel\u00e9 n\u00e1mestie premen\u00ed na sviato\u010dne osvetlen\u00fd trh pln\u00fd \u013eud\u00ed vychutn\u00e1vaj\u00facich si \u010darovn\u00fa atmosf\u00e9ru. \u0160koda len, \u017ee sa ned\u00e1 zaznamena\u0165 aj samotn\u00e1 v\u00f4\u0148a prich\u00e1dzaj\u00facich Vianoc.<\/p>\n<p><img loading=\"lazy\" width=\"800\" height=\"363\" class=\"alignnone size-large wp-image-46683\" src=\"https:\/\/www.visitbratislava.com\/wp-content\/uploads\/2018\/08\/barbora-bakosova-vyhlad-radnica-orezane-800x363.png\" alt=\"\" srcset=\"https:\/\/www.visitbratislava.com\/wp-content\/uploads\/2018\/08\/barbora-bakosova-vyhlad-radnica-orezane-800x363.png 800w, https:\/\/www.visitbratislava.com\/wp-content\/uploads\/2018\/08\/barbora-bakosova-vyhlad-radnica-orezane-400x181.png 400w, https:\/\/www.visitbratislava.com\/wp-content\/uploads\/2018\/08\/barbora-bakosova-vyhlad-radnica-orezane-768x348.png 768w, https:\/\/www.visitbratislava.com\/wp-content\/uploads\/2018\/08\/barbora-bakosova-vyhlad-radnica-orezane-200x91.png 200w, https:\/\/www.visitbratislava.com\/wp-content\/uploads\/2018\/08\/barbora-bakosova-vyhlad-radnica-orezane-184x84.png 184w, https:\/\/www.visitbratislava.com\/wp-content\/uploads\/2018\/08\/barbora-bakosova-vyhlad-radnica-orezane.png 1920w\" sizes=\"(max-width: 800px) 100vw, 800px\" \/><\/p>\n<p><a href=\"https:\/\/www.visitbratislava.com\/sk\/miesta\/snp\/\" target=\"_blank\" rel=\"noopener\">Most SNP<\/a> s vyhliadkovou terasou nad re\u0161taur\u00e1ciou <a href=\"https:\/\/www.visitbratislava.com\/sk\/miesta\/plaz-pod-ufom\/\" target=\"_blank\" rel=\"noopener\">UFO<\/a> pon\u00faka mo\u017enosti na podstatne <a href=\"https:\/\/www.visitbratislava.com\/sk\/sluzby\/skywalk-prechadzka-v-oblakoch\/\" target=\"_blank\" rel=\"noopener\">adrenal\u00ednovej\u0161ie z\u00e1bery<\/a>. Fotografiou, na ktorej vis\u00edte v \u0161peci\u00e1lnom postroji z parapetnej dosky re\u0161taur\u00e1cie vo v\u00fd\u0161ke 85 metrov nad riekou, sa m\u00f4\u017ee pochv\u00e1li\u0165 m\u00e1lokto.<\/p>\n<p>Unik\u00e1tne fotky si urob\u00edte tie\u017e medzi z\u00e1honmi pestr\u00fdch kvetov v ned\u00e1vno obnovenej barokovej z\u00e1hrade na <a href=\"https:\/\/www.visitbratislava.com\/sk\/miesta\/bratislavsky-hrad\/\" target=\"_blank\" rel=\"noopener\">Bratislavskom hrade<\/a> \u010di z jeho terasy. Sochy <a href=\"https:\/\/www.visitbratislava.com\/sk\/miesta\/cumil\/\" target=\"_blank\" rel=\"noopener\">\u010cumila<\/a> vyk\u00fakaj\u00fac\u00e9ho z kan\u00e1la \u010di <a href=\"https:\/\/www.visitbratislava.com\/sk\/miesta\/schoene-naci\/\" target=\"_blank\" rel=\"noopener\">Sch\u00f6ne Naziho<\/a> zdraviaceho okoloid\u00facich si s vami tie\u017e ur\u010dite rady daj\u00fa jedno \u201eself\u00ed\u010dko\u201c.<\/p>\n<p><img loading=\"lazy\" width=\"800\" height=\"534\" class=\"alignnone size-large wp-image-49282\" src=\"https:\/\/www.visitbratislava.com\/wp-content\/uploads\/2018\/10\/DSC_2487-800x534.jpg\" alt=\"\" srcset=\"https:\/\/www.visitbratislava.com\/wp-content\/uploads\/2018\/10\/DSC_2487-800x534.jpg 800w, https:\/\/www.visitbratislava.com\/wp-content\/uploads\/2018\/10\/DSC_2487-400x267.jpg 400w, https:\/\/www.visitbratislava.com\/wp-content\/uploads\/2018\/10\/DSC_2487-768x512.jpg 768w, https:\/\/www.visitbratislava.com\/wp-content\/uploads\/2018\/10\/DSC_2487-200x133.jpg 200w, https:\/\/www.visitbratislava.com\/wp-content\/uploads\/2018\/10\/DSC_2487.jpg 1000w\" sizes=\"(max-width: 800px) 100vw, 800px\" \/><\/p>\n<h3>Pre milovn\u00edkov romantiky<\/h3>\n<p>Od mosta je to len na skok do <a href=\"https:\/\/www.visitbratislava.com\/sk\/miesta\/sad-janka-krala\/\" target=\"_blank\" rel=\"noopener\">Sadu Janka Kr\u00e1\u013ea<\/a>, najstar\u0161ieho mestsk\u00e9ho parku v strednej Eur\u00f3pe. Tu si urobte romantick\u00fa fotografiu v \u0161pici gotickej ve\u017ee franti\u0161k\u00e1nskeho kostola, ktor\u00e1 sem bola premiestnen\u00e1 po zemetrasen\u00ed v roku 1897. Z ne\u010falek\u00e9ho n\u00e1bre\u017eia alebo Star\u00e9ho mosta si zasa odfot\u00edte poh\u013eadnicov\u00fd v\u00fdh\u013ead na Star\u00e9 Mesto alebo zo Star\u00e9ho mosta bratislavsk\u00fd Manhattan.<\/p>\n<blockquote><p>Romantici by ur\u010dite nemali vynecha\u0165 secesn\u00fd <a href=\"https:\/\/www.visitbratislava.com\/sk\/miesta\/modry-kostol\/\" target=\"_blank\" rel=\"noopener\">Modr\u00fd kostol\u00edk<\/a> a Kapitulsk\u00fa uli\u010dku vydl\u00e1\u017eden\u00fa ma\u010dac\u00edmi hlavami.<\/p><\/blockquote>\n<p>Domy na nej odjak\u017eiva patrili preva\u017ene cirkvi, preto tu nen\u00e1jdete kaviarne ani kr\u010dmy. Zato jej atmosf\u00e9ra v\u00e1s uchv\u00e1ti kedyko\u013evek po\u010das d\u0148a.<\/p>\n<p><img loading=\"lazy\" width=\"800\" height=\"531\" class=\"alignnone size-large wp-image-27757\" src=\"https:\/\/www.visitbratislava.com\/wp-content\/uploads\/2017\/01\/modry_kostolik01-800x531.jpg\" alt=\"\" srcset=\"https:\/\/www.visitbratislava.com\/wp-content\/uploads\/2017\/01\/modry_kostolik01-800x531.jpg 800w, https:\/\/www.visitbratislava.com\/wp-content\/uploads\/2017\/01\/modry_kostolik01-400x266.jpg 400w, https:\/\/www.visitbratislava.com\/wp-content\/uploads\/2017\/01\/modry_kostolik01-768x510.jpg 768w, https:\/\/www.visitbratislava.com\/wp-content\/uploads\/2017\/01\/modry_kostolik01-200x133.jpg 200w\" sizes=\"(max-width: 800px) 100vw, 800px\" \/><\/p>\n<h3>Netradi\u010dn\u00e1 mestsk\u00e1 zele\u0148<\/h3>\n<p>Ak h\u013ead\u00e1te nie\u010do \u0161pecifickej\u0161ie, vyberte sa na roh Gr\u00f6sslingovej a Klemensovej ulice. N\u00e1jdete tu secesn\u00fd n\u00e1jomn\u00fd dom postaven\u00fd okolo roku 1900. Jeho fas\u00e1du husto obrast\u00e1 psie v\u00edno. Sk\u00faste v \u0148om objavi\u0165 so\u0161ku mal\u00e9ho die\u0165a\u0165a, ktor\u00e1 u\u017e roky ml\u010dky sleduje okoloid\u00facich.<\/p>\n<p>\u201eM\u00e1m rada toto miesto. Hlavne na jese\u0148, ke\u010f sa listy sfarbuj\u00fa do n\u00e1dhernej \u010dervenej farby. To dod\u00e1va cel\u00e9mu domu a jeho okoliu punc v\u00fdnimo\u010dnosti,\u201c hovor\u00ed Alena Kov\u00e1\u010dov\u00e1, ktor\u00e1 si v kaviarni oproti pravidelne vychutn\u00e1va poobed\u0148aj\u0161iu k\u00e1vu.<\/p>\n<p><img loading=\"lazy\" width=\"800\" height=\"534\" class=\"alignnone size-large wp-image-49286\" src=\"https:\/\/www.visitbratislava.com\/wp-content\/uploads\/2018\/10\/DSC_2156-800x534.jpg\" alt=\"\" srcset=\"https:\/\/www.visitbratislava.com\/wp-content\/uploads\/2018\/10\/DSC_2156-800x534.jpg 800w, https:\/\/www.visitbratislava.com\/wp-content\/uploads\/2018\/10\/DSC_2156-400x267.jpg 400w, https:\/\/www.visitbratislava.com\/wp-content\/uploads\/2018\/10\/DSC_2156-768x513.jpg 768w, https:\/\/www.visitbratislava.com\/wp-content\/uploads\/2018\/10\/DSC_2156-200x133.jpg 200w\" sizes=\"(max-width: 800px) 100vw, 800px\" \/><\/p>\n<p>Ak ste dr\u017eite\u013eom turistickej karty <a href=\"http:\/\/card.visitbratislava.com\/sk\/\" target=\"_blank\" rel=\"noopener\">Bratislava CARD City &amp; Region<\/a>, vyberte sa \u00faplne zadarmo mestskou dopravou na <a href=\"https:\/\/www.visitbratislava.com\/sk\/miesta\/hrad-devin\/\" target=\"_blank\" rel=\"noopener\">hrad Dev\u00edn<\/a>. Z vyhliadkovej terasy stredn\u00e9ho hradu sa v\u00e1m otvor\u00ed v\u00fdh\u013ead na okolit\u00fa krajinu s do\u010faleka sa vin\u00facim tokom rieky Dunaj. V\u010faka karte tie\u017e u\u0161etr\u00edte na vstupnom do Starej radnice a dostanete z\u013eavu na v\u00fd\u0165ah na terasu nad re\u0161taur\u00e1ciou UFO.<\/p>\n","protected":false},"excerpt":{"rendered":"<p>Bratislavsk\u00fd hrad \u010di Most SNP s re\u0161taur\u00e1ciou UFO jednozna\u010dne patria medzi naj\u010dastej\u0161ie ciele turistov. V meste je v\u0161ak omnoho viac fotogenick\u00fdch z\u00e1kut\u00ed. Na svoje si pr\u00eddu romantici, milovn\u00edci adrenal\u00ednu aj h\u013eada\u010di netradi\u010dn\u00fdch mestsk\u00fdch n\u00e1metov. \ufeff\ufeff Ako chut\u00ed k\u00e1vi\u010dka s autoportr\u00e9tom Bratislavsk\u00e1 kaviare\u0148 Five points za\u010dala v janu\u00e1ri ako prv\u00e1 na Slovensku pon\u00faka\u0165 selfieccino. Je to [&hellip;]<\/p>\n","protected":false},"author":21,"featured_media":59267,"parent":0,"menu_order":0,"comment_status":"closed","ping_status":"closed","template":"","meta":[],"acf":[],"_links":{"self":[{"href":"https:\/\/www.visitbratislava.com\/sk\/wp-json\/wp\/v2\/pages\/49277"}],"collection":[{"href":"https:\/\/www.visitbratislava.com\/sk\/wp-json\/wp\/v2\/pages"}],"about":[{"href":"https:\/\/www.visitbratislava.com\/sk\/wp-json\/wp\/v2\/types\/page"}],"author":[{"embeddable":true,"href":"https:\/\/www.visitbratislava.com\/sk\/wp-json\/wp\/v2\/users\/21"}],"replies":[{"embeddable":true,"href":"https:\/\/www.visitbratislava.com\/sk\/wp-json\/wp\/v2\/comments?post=49277"}],"version-history":[{"count":0,"href":"https:\/\/www.visitbratislava.com\/sk\/wp-json\/wp\/v2\/pages\/49277\/revisions"}],"wp:featuredmedia":[{"embeddable":true,"href":"https:\/\/www.visitbratislava.com\/sk\/wp-json\/wp\/v2\/media\/59267"}],"wp:attachment":[{"href":"https:\/\/www.visitbratislava.com\/sk\/wp-json\/wp\/v2\/media?parent=49277"}],"curies":[{"name":"wp","href":"https:\/\/api.w.org\/{rel}","templated":true}]}}