{"id":50103,"date":"2018-10-31T14:24:55","date_gmt":"2018-10-31T13:24:55","guid":{"rendered":"https:\/\/www.visitbratislava.com\/?page_id=50103\/"},"modified":"2024-03-14T14:07:23","modified_gmt":"2024-03-14T13:07:23","slug":"tipy-na-vylet","status":"publish","type":"page","link":"https:\/\/www.visitbratislava.com\/sk\/tipy-na-vylet\/","title":{"rendered":"Tipy na v\u00fdlet"},"content":{"rendered":"","protected":false},"excerpt":{"rendered":"<p>Jedine\u010dn\u00e1 hist\u00f3ria, atrakt\u00edvne pamiatky, bohat\u00fd kult\u00farny \u017eivot, vynikaj\u00faca lok\u00e1lna gastron\u00f3mia, kvalitn\u00e9 v\u00edno \u010di pr\u00edroda len na skok od centra. To v\u0161etko rob\u00ed z Bratislavy ide\u00e1lnu destin\u00e1ciu pre mestsk\u00fa turistiku. Z ve\u013ekej ponuky aktiv\u00edt, pri ktor\u00fdch spozn\u00e1te to najlep\u0161ie z mesta, je niekedy \u0165a\u017ek\u00e9 si vybra\u0165. Tu je v\u00e1\u0161 sprievodca skvel\u00fdmi v\u00fdletmi v Bratislave a okol\u00ed.<\/p>\n","protected":false},"author":21,"featured_media":286034,"parent":0,"menu_order":0,"comment_status":"closed","ping_status":"closed","template":"tpl-page-grid.php","meta":[],"acf":[],"_links":{"self":[{"href":"https:\/\/www.visitbratislava.com\/sk\/wp-json\/wp\/v2\/pages\/50103"}],"collection":[{"href":"https:\/\/www.visitbratislava.com\/sk\/wp-json\/wp\/v2\/pages"}],"about":[{"href":"https:\/\/www.visitbratislava.com\/sk\/wp-json\/wp\/v2\/types\/page"}],"author":[{"embeddable":true,"href":"https:\/\/www.visitbratislava.com\/sk\/wp-json\/wp\/v2\/users\/21"}],"replies":[{"embeddable":true,"href":"https:\/\/www.visitbratislava.com\/sk\/wp-json\/wp\/v2\/comments?post=50103"}],"version-history":[{"count":12,"href":"https:\/\/www.visitbratislava.com\/sk\/wp-json\/wp\/v2\/pages\/50103\/revisions"}],"predecessor-version":[{"id":286042,"href":"https:\/\/www.visitbratislava.com\/sk\/wp-json\/wp\/v2\/pages\/50103\/revisions\/286042"}],"wp:featuredmedia":[{"embeddable":true,"href":"https:\/\/www.visitbratislava.com\/sk\/wp-json\/wp\/v2\/media\/286034"}],"wp:attachment":[{"href":"https:\/\/www.visitbratislava.com\/sk\/wp-json\/wp\/v2\/media?parent=50103"}],"curies":[{"name":"wp","href":"https:\/\/api.w.org\/{rel}","templated":true}]}}