{"id":55039,"date":"2019-02-22T09:30:15","date_gmt":"2019-02-22T08:30:15","guid":{"rendered":"https:\/\/www.visitbratislava.com\/?page_id=55039\/"},"modified":"2024-04-24T14:11:10","modified_gmt":"2024-04-24T12:11:10","slug":"v-objati-umenia","status":"publish","type":"page","link":"https:\/\/www.visitbratislava.com\/sk\/vlog\/v-objati-umenia\/","title":{"rendered":"Bratislava v objat\u00ed umenia"},"content":{"rendered":"<p><iframe src=\"https:\/\/www.youtube.com\/embed\/nRrsEWseZek\" width=\"800\" height=\"400\" frameborder=\"0\" allowfullscreen=\"allowfullscreen\"><span data-mce-type=\"bookmark\" style=\"display: inline-block; width: 0px; overflow: hidden; line-height: 0;\" class=\"mce_SELRES_start\">\ufeff<\/span><span data-mce-type=\"bookmark\" style=\"display: inline-block; width: 0px; overflow: hidden; line-height: 0;\" class=\"mce_SELRES_start\">\ufeff<\/span><span data-mce-type=\"bookmark\" style=\"display: inline-block; width: 0px; overflow: hidden; line-height: 0;\" class=\"mce_SELRES_start\">\ufeff<\/span><\/iframe><\/p>\n<p>Bratislava bola domovom kult\u00fary a umenia u\u017e v d\u00e1vnej minulosti. Opakovane tu koncertovali Franz Liszt \u010di Ludwig van Beethoven. Svoje diela tu vystavovali tak\u00ed prominentn\u00ed umelci ako Andy Warhol \u010di Joan Mir\u00f3.<\/p>\n<p>Aj dnes m\u00f4\u017eete v Bratislave obdivova\u0165 v\u00fdkony \u0161pi\u010dkov\u00fdch hudobn\u00edkov, umeleck\u00e9 diela \u010di vz\u00e1cne expon\u00e1ty. Sta\u010d\u00ed si len vybra\u0165 z bohatej ponuky <strong><a href=\"https:\/\/www.visitbratislava.com\/sk\/co-robit\/kultura-a-umenie\/muzea-a-galerie\/\" target=\"_blank\" rel=\"noopener\">m\u00faze\u00ed a gal\u00e9ri\u00ed<\/a><\/strong>, <a href=\"https:\/\/www.visitbratislava.com\/sk\/co-robit\/kultura-a-umenie\/theaters-and-philharmonic\/\" target=\"_blank\" rel=\"noopener\"><strong>divadiel alebo koncertov Slovenskej filharm\u00f3nie<\/strong><\/a>. Alebo ich nav\u0161t\u00edvte v\u0161etky \u2013 v\u00e4\u010d\u0161ina z nich sa nach\u00e1dza v samom centre mesta.<\/p>\n<p><img loading=\"lazy\" width=\"800\" height=\"533\" class=\"size-large wp-image-2033 alignnone\" src=\"https:\/\/www.visitbratislava.com\/wp-content\/uploads\/2014\/11\/balet_snd_luskacik-800x533.jpg\" alt=\"\" srcset=\"https:\/\/www.visitbratislava.com\/wp-content\/uploads\/2014\/11\/balet_snd_luskacik-800x533.jpg 800w, https:\/\/www.visitbratislava.com\/wp-content\/uploads\/2014\/11\/balet_snd_luskacik-400x267.jpg 400w, https:\/\/www.visitbratislava.com\/wp-content\/uploads\/2014\/11\/balet_snd_luskacik-200x133.jpg 200w\" sizes=\"(max-width: 800px) 100vw, 800px\" \/><\/p>\n<p>N\u00e1v\u0161tevu mesta si ur\u010dite napl\u00e1nujte na viac dn\u00ed. Len tak toti\u017e naplno za\u017eijete sl\u00e1vnostn\u00fa atmosf\u00e9ru ve\u010dern\u00e9ho divadeln\u00e9ho predstavenia alebo koncertu. Dr\u017eitelia turistickej karty <strong><a href=\"http:\/\/card.visitbratislava.com\/sk\/\" target=\"_blank\" rel=\"noopener\">Bratislava CARD <\/a><\/strong>maj\u00fa na viacer\u00fdch miestach z\u013eavy, \u010di dokonca vstup zadarmo.<\/p>\n<h3>\u010co mus\u00edte vidie\u0165?<\/h3>\n<p>Najviac umeleck\u00fdch diel od gotiky po s\u00fa\u010dasnos\u0165 n\u00e1jdete vo v\u00fdstavn\u00fdch priestoroch <strong><a href=\"https:\/\/www.visitbratislava.com\/sk\/miesta\/galeria-mesta-bratislavy-mirbachov-palac-palffyho-palac\/\" target=\"_blank\" rel=\"noopener\">Gal\u00e9rie mesta Bratislavy<\/a><\/strong> (GMB). Oba jej pal\u00e1ce patria k historick\u00fdm klenotom mesta. V Mirbachovom pal\u00e1ci na Franti\u0161k\u00e1nskom n\u00e1mest\u00ed sa okrem in\u00e9ho zachovala p\u00f4vodn\u00e1 v\u00fdzdoba pozost\u00e1vaj\u00faca z 290 historick\u00fdch grafick\u00fdch listov. Ka\u017ed\u00fd z nich zobrazuje samostatn\u00fd pr\u00edbeh a je neuverite\u013en\u00e9, ako s\u00fa poskladan\u00e9 do akejsi obrovskej mozaiky, ktor\u00e1 kompletne pokr\u00fdva steny dvoch komn\u00e1t.<\/p>\n<p><img loading=\"lazy\" width=\"800\" height=\"533\" class=\"size-large wp-image-1822 alignnone\" src=\"https:\/\/www.visitbratislava.com\/wp-content\/uploads\/2014\/11\/par-sprievodca-mirbachov-palac-800x533.jpg\" alt=\"\" srcset=\"https:\/\/www.visitbratislava.com\/wp-content\/uploads\/2014\/11\/par-sprievodca-mirbachov-palac-800x533.jpg 800w, https:\/\/www.visitbratislava.com\/wp-content\/uploads\/2014\/11\/par-sprievodca-mirbachov-palac-400x267.jpg 400w, https:\/\/www.visitbratislava.com\/wp-content\/uploads\/2014\/11\/par-sprievodca-mirbachov-palac-200x133.jpg 200w\" sizes=\"(max-width: 800px) 100vw, 800px\" \/><\/p>\n<p>V zbierkach, ktor\u00e9 tu m\u00f4\u017eete vidie\u0165 sa nach\u00e1dza aj nev\u0161edn\u00e1 <strong><a href=\"https:\/\/www.visitbratislava.com\/sk\/miesta\/pasaz-mateja-krena\/\" target=\"_blank\" rel=\"noopener\">Pas\u00e1\u017e Mateja Kr\u00e9na<\/a><\/strong>. Hne\u010f pri vstupe v\u00e1s doslova obklopia knihy a zrkadl\u00e1. Ve\u013emi r\u00fdchlo strat\u00edte predstavu o tom, \u010do je skuto\u010dn\u00e9 a \u010do len odraz. Pri poh\u013eade na strany do h\u013abky nekone\u010dna sa mo\u017eno nau\u010d\u00edte prekona\u0165 aj svoj strach z v\u00fd\u0161ok.<\/p>\n<p><img loading=\"lazy\" width=\"800\" height=\"360\" class=\"size-large wp-image-27865 alignnone\" src=\"https:\/\/www.visitbratislava.com\/wp-content\/uploads\/2017\/01\/gmb-pasaz-mateja-krena-_banner_na_titulku-800x360.jpg\" alt=\"\" srcset=\"https:\/\/www.visitbratislava.com\/wp-content\/uploads\/2017\/01\/gmb-pasaz-mateja-krena-_banner_na_titulku.jpg 800w, https:\/\/www.visitbratislava.com\/wp-content\/uploads\/2017\/01\/gmb-pasaz-mateja-krena-_banner_na_titulku-400x180.jpg 400w, https:\/\/www.visitbratislava.com\/wp-content\/uploads\/2017\/01\/gmb-pasaz-mateja-krena-_banner_na_titulku-768x346.jpg 768w, https:\/\/www.visitbratislava.com\/wp-content\/uploads\/2017\/01\/gmb-pasaz-mateja-krena-_banner_na_titulku-200x90.jpg 200w, https:\/\/www.visitbratislava.com\/wp-content\/uploads\/2017\/01\/gmb-pasaz-mateja-krena-_banner_na_titulku-184x84.jpg 184w\" sizes=\"(max-width: 800px) 100vw, 800px\" \/><\/p>\n<p>Dielami sam\u00fdmi o sebe s\u00fa aj budovy m\u00fazea modern\u00e9ho umenia <strong><a href=\"https:\/\/www.visitbratislava.com\/places\/danubiana-meulensteen-art-museum\/\" target=\"_blank\" rel=\"noopener\">Danubiana<\/a><\/strong> a gal\u00e9rie <strong><a href=\"https:\/\/www.visitbratislava.com\/places\/nedbalka-gallery\/\" target=\"_blank\" rel=\"noopener\">Nedbalka<\/a><\/strong>. Zara\u010fuj\u00fa sa medzi najzauj\u00edmavej\u0161ie v\u00fdstavn\u00e9 priestory v Eur\u00f3pe. N\u00e1jdete v nich s\u00fa\u010dasn\u00e9 umenie od slovensk\u00fdch aj zahrani\u010dn\u00fdch umelcov. Zatia\u013e \u010do Danubiana bola in\u0161pirovan\u00e1 r\u00edmskou gal\u00e9rou, Nedbalku prirovn\u00e1vaj\u00fa ku Guggenheimovmu m\u00fazeu v New Yorku.<\/p>\n<p><img loading=\"lazy\" class=\"alignnone wp-image-43667\" src=\"https:\/\/www.visitbratislava.com\/wp-content\/uploads\/2018\/06\/nedbalka-kongres.jpg\" alt=\"\" width=\"800\" height=\"533\" srcset=\"https:\/\/www.visitbratislava.com\/wp-content\/uploads\/2018\/06\/nedbalka-kongres.jpg 600w, https:\/\/www.visitbratislava.com\/wp-content\/uploads\/2018\/06\/nedbalka-kongres-400x267.jpg 400w, https:\/\/www.visitbratislava.com\/wp-content\/uploads\/2018\/06\/nedbalka-kongres-200x133.jpg 200w\" sizes=\"(max-width: 800px) 100vw, 800px\" \/><\/p>\n<p>\u010eal\u0161ie hodnotn\u00e9 diela sa nach\u00e1dzaj\u00fa v zbierkach <strong><a href=\"https:\/\/www.visitbratislava.com\/sk\/miesta\/slovenska-narodna-galeria\/\" target=\"_blank\" rel=\"noopener\">Slovenskej n\u00e1rodnej gal\u00e9rie<\/a><\/strong>. Po rozsiahlej rekon\u0161trukcii tu n\u00e1jdete zauj\u00edmav\u00e9 a in\u0161pirat\u00edvne v\u00fdstavy a bohat\u00fd program.<\/p>\n<h3>Pre milovn\u00edkov divadla a hudby<\/h3>\n<p>Milovn\u00edci divadeln\u00e9ho umenia si na svoje pr\u00eddu na \u010dinohern\u00fdch, opern\u00fdch a baletn\u00fdch predstaveniach <strong><a href=\"https:\/\/www.visitbratislava.com\/sk\/miesta\/slovenske-narodne-divadlo\/\" target=\"_blank\" rel=\"noopener\">Slovensk\u00e9ho n\u00e1rodn\u00e9ho divadla<\/a><\/strong>. To hr\u00e1 v meste v historickej budove v samom centre ako aj v modernej budove na brehu Dunaja.<\/p>\n<p>Hudobn\u00edci zo <strong><a href=\"https:\/\/www.visitbratislava.com\/sk\/miesta\/slovenska-filharmonia\/\" target=\"_blank\" rel=\"noopener\">Slovenskej filharm\u00f3nie<\/a><\/strong> zasa svoje umenie predv\u00e1dzaj\u00fa v majest\u00e1tnej, zlatom zdobenej Redute. Tu sa tie\u017e ka\u017ed\u00fa jese\u0148 kon\u00e1 najv\u00fdznamnej\u0161\u00ed festival klasickej hudby v meste \u2013 <a href=\"https:\/\/www.bhsfestival.sk\/\" target=\"_blank\" rel=\"noopener\"><strong>Bratislavsk\u00e9 hudobn\u00e9 sl\u00e1vnosti<\/strong><\/a>. Ten u\u017e d\u00e1vno prer\u00e1stol hranice Slovenska a te\u0161\u00ed sa z\u00e1ujmu medzin\u00e1rodn\u00e9ho publika.<\/p>\n<p><img class=\"size-large wp-image-15219 alignnone\" src=\"https:\/\/www.visitbratislava.com\/wp-content\/uploads\/2016\/04\/filh1-800x496.jpg\" alt=\"\" \/><\/p>\n<p>Popri okt\u00f3brovom d\u017eeze na Bratislavsk\u00fdch jazzov\u00fdch d\u0148och by si n\u00e1v\u0161tevu hlavn\u00e9ho mesta mali napl\u00e1nova\u0165 na november obdivovatelia fotografie. Po\u010das neho Bratislava ka\u017ed\u00fd rok host\u00ed desiatky v\u00fdstav v r\u00e1mci festivalu Mesiaca fotografie.<\/p>\n<p>\u010eal\u0161ie zauj\u00edmav\u00e9 akcie sa konaj\u00fa po\u010das <a href=\"https:\/\/www.bkis.sk\/bratislavske-kulturne-leto\/\" target=\"_blank\" rel=\"noopener\"><strong>Bratislavsk\u00e9ho kult\u00farneho leta<\/strong><\/a>. Jednou z nich s\u00fa R\u00edmske hry, po\u010das ktor\u00fdch sa vr\u00e1tite do \u010dias, ke\u010f \u00fazemie dne\u0161nej Bratislavy ovl\u00e1dali Rimania. Zauj\u00edmav\u00fdm spestren\u00edm leta s\u00fa aj rekon\u0161trukcie historick\u00fdch bitiek. Na nich dobov\u00e9 \u0161ermiarske skupiny predv\u00e1dzaj\u00fa s\u00faboje a hromadn\u00e9 bojov\u00e9 sc\u00e9ny.<\/p>\n<p><img loading=\"lazy\" width=\"800\" height=\"533\" class=\"alignleft size-large wp-image-55503\" src=\"https:\/\/www.visitbratislava.com\/wp-content\/uploads\/2019\/02\/Banderium-800x533.jpg\" alt=\"\" srcset=\"https:\/\/www.visitbratislava.com\/wp-content\/uploads\/2019\/02\/Banderium-800x533.jpg 800w, https:\/\/www.visitbratislava.com\/wp-content\/uploads\/2019\/02\/Banderium-400x267.jpg 400w, https:\/\/www.visitbratislava.com\/wp-content\/uploads\/2019\/02\/Banderium-768x512.jpg 768w, https:\/\/www.visitbratislava.com\/wp-content\/uploads\/2019\/02\/Banderium-200x133.jpg 200w\" sizes=\"(max-width: 800px) 100vw, 800px\" \/><\/p>\n","protected":false},"excerpt":{"rendered":"<p>\ufeff\ufeff\ufeff Bratislava bola domovom kult\u00fary a umenia u\u017e v d\u00e1vnej minulosti. Opakovane tu koncertovali Franz Liszt \u010di Ludwig van Beethoven. Svoje diela tu vystavovali tak\u00ed prominentn\u00ed umelci ako Andy Warhol \u010di Joan Mir\u00f3. Aj dnes m\u00f4\u017eete v Bratislave obdivova\u0165 v\u00fdkony \u0161pi\u010dkov\u00fdch hudobn\u00edkov, umeleck\u00e9 diela \u010di vz\u00e1cne expon\u00e1ty. Sta\u010d\u00ed si len vybra\u0165 z bohatej ponuky m\u00faze\u00ed [&hellip;]<\/p>\n","protected":false},"author":21,"featured_media":1826,"parent":46397,"menu_order":0,"comment_status":"closed","ping_status":"closed","template":"","meta":[],"acf":[],"_links":{"self":[{"href":"https:\/\/www.visitbratislava.com\/sk\/wp-json\/wp\/v2\/pages\/55039"}],"collection":[{"href":"https:\/\/www.visitbratislava.com\/sk\/wp-json\/wp\/v2\/pages"}],"about":[{"href":"https:\/\/www.visitbratislava.com\/sk\/wp-json\/wp\/v2\/types\/page"}],"author":[{"embeddable":true,"href":"https:\/\/www.visitbratislava.com\/sk\/wp-json\/wp\/v2\/users\/21"}],"replies":[{"embeddable":true,"href":"https:\/\/www.visitbratislava.com\/sk\/wp-json\/wp\/v2\/comments?post=55039"}],"version-history":[{"count":5,"href":"https:\/\/www.visitbratislava.com\/sk\/wp-json\/wp\/v2\/pages\/55039\/revisions"}],"predecessor-version":[{"id":291702,"href":"https:\/\/www.visitbratislava.com\/sk\/wp-json\/wp\/v2\/pages\/55039\/revisions\/291702"}],"up":[{"embeddable":true,"href":"https:\/\/www.visitbratislava.com\/sk\/wp-json\/wp\/v2\/pages\/46397"}],"wp:featuredmedia":[{"embeddable":true,"href":"https:\/\/www.visitbratislava.com\/sk\/wp-json\/wp\/v2\/media\/1826"}],"wp:attachment":[{"href":"https:\/\/www.visitbratislava.com\/sk\/wp-json\/wp\/v2\/media?parent=55039"}],"curies":[{"name":"wp","href":"https:\/\/api.w.org\/{rel}","templated":true}]}}