{"id":55206,"date":"2019-02-15T15:03:15","date_gmt":"2019-02-15T14:03:15","guid":{"rendered":"https:\/\/www.visitbratislava.com\/?page_id=55206\/"},"modified":"2019-05-16T11:03:43","modified_gmt":"2019-05-16T09:03:43","slug":"skvele-zazitky-pocas-ms-v-hokeji","status":"publish","type":"page","link":"https:\/\/www.visitbratislava.com\/sk\/hokej\/skvele-zazitky-pocas-ms-v-hokeji\/","title":{"rendered":"Skvel\u00e9 z\u00e1\u017eitky po\u010das 2019 IIHF majstrovstiev sveta v \u013eadovom hokeji"},"content":{"rendered":"<h3><a href=\"https:\/\/www.visitbratislava.com\/sk\/sluzby\/brainteaselava-escape-room\/\" target=\"_blank\" rel=\"noopener\">City Game alebo Escape Room<\/a><\/h3>\n<p>Rozm\u00fd\u0161\u013ea\u0161, \u010do podnikn\u00fa\u0165 okrem n\u00e1v\u0161tevy hokejov\u00e9ho z\u00e1pasu? Spoznaj Bratislavu z\u00e1bavnou formou na City Game alebo prever svoju \u0161ikovnos\u0165 v najlep\u0161\u00edch Escape Roomoch v Bratislave pod\u013ea portalu Tripadvisor. Ak prinesie\u0161 vstupenku na z\u00e1pas z MS v hokeji, dostane\u0161 na vybran\u00fa hru z\u013eavu 20% (nes\u010d\u00edtava sa s in\u00fdmi z\u013eavami). Ponuka plat\u00ed od 8. m\u00e1ja do 27. m\u00e1ja 2019.<\/p>\n<p>Viac info:<a href=\"https:\/\/brainteaselava.sk\/\" target=\"_blank\" rel=\"noopener\"> www.brainteaslava.sk<\/a><\/p>\n<p><img loading=\"lazy\" width=\"800\" height=\"356\" class=\"size-large wp-image-21335 alignnone\" src=\"https:\/\/www.visitbratislava.com\/wp-content\/uploads\/2016\/07\/brain-k\u00f3pia-800x356.jpg\" alt=\"\" srcset=\"https:\/\/www.visitbratislava.com\/wp-content\/uploads\/2016\/07\/brain-k\u00f3pia-800x356.jpg 800w, https:\/\/www.visitbratislava.com\/wp-content\/uploads\/2016\/07\/brain-k\u00f3pia-400x178.jpg 400w, https:\/\/www.visitbratislava.com\/wp-content\/uploads\/2016\/07\/brain-k\u00f3pia-768x342.jpg 768w, https:\/\/www.visitbratislava.com\/wp-content\/uploads\/2016\/07\/brain-k\u00f3pia-200x89.jpg 200w, https:\/\/www.visitbratislava.com\/wp-content\/uploads\/2016\/07\/brain-k\u00f3pia.jpg 2031w\" sizes=\"(max-width: 800px) 100vw, 800px\" \/><\/p>\n<h3><a href=\"https:\/\/www.visitbratislava.com\/sk\/clenovia\/taste-bratislava\/\" target=\"_blank\" rel=\"noopener\">Ochutnajte Bratislavu po\u010das \u0161peci\u00e1lnych prehliadok<\/a><\/h3>\n<p><strong>Ochutn\u00e1vka slovensk\u00fdch remeseln\u00fdch p\u00edv pre hokejov\u00fdch fan\u00fa\u0161ikov<\/strong><\/p>\n<p>Bratislava berie svoju pivn\u00fa trad\u00edciu rovnako seri\u00f3zne ako jej zn\u00e1mej\u0161\u00ed sused Praha. Nov\u00e1 vlna nez\u00e1visl\u00fdch mal\u00fdch pivovarov a piv\u00e1rn\u00ed tie\u017e umiest\u0148uje Bratislavu na pivn\u00fa mapu sveta. T\u00e1to ochutn\u00e1vka pon\u00faka jedine\u010dn\u00fd pivn\u00fd z\u00e1\u017eitok kde sa dozviete ve\u013ea o miestom pivovarn\u00edctve.<\/p>\n<p><img loading=\"lazy\" width=\"800\" height=\"533\" class=\"size-large wp-image-22574 alignnone\" src=\"https:\/\/www.visitbratislava.com\/wp-content\/uploads\/2016\/09\/Beerbrew-800x533.jpg\" alt=\"\" srcset=\"https:\/\/www.visitbratislava.com\/wp-content\/uploads\/2016\/09\/Beerbrew-800x533.jpg 800w, https:\/\/www.visitbratislava.com\/wp-content\/uploads\/2016\/09\/Beerbrew-400x267.jpg 400w, https:\/\/www.visitbratislava.com\/wp-content\/uploads\/2016\/09\/Beerbrew-768x512.jpg 768w, https:\/\/www.visitbratislava.com\/wp-content\/uploads\/2016\/09\/Beerbrew-200x133.jpg 200w\" sizes=\"(max-width: 800px) 100vw, 800px\" \/><\/p>\n<p><strong>Pe\u0161ia prehliadka Bratislavy pre hokejov\u00fdch fan\u00fa\u0161ikov<\/strong><\/p>\n<p>Objavte Bratislavu so z\u00e1bavn\u00fdm miestnym sprievodcom na dvojhodinovej pe\u0161ej prehliadke mesta. Po\u010das prech\u00e1dzky po historick\u00fdch miestach a pamiatkach ako Michalsk\u00e1 br\u00e1na, Primaci\u00e1lny pal\u00e1c a Hlavn\u00e9 n\u00e1mestie, spozn\u00e1te aj sochu \u010cumila dekoruj\u00facu pe\u0161iu z\u00f3nu. Budete ma\u0165 mo\u017enos\u0165 obdivova\u0165 aj b\u00fdval\u00e9 sl\u00e1vne dejisko korunov\u00e1ci\u00ed &#8211; D\u00f3m Sv. Martina.<\/p>\n<p><img loading=\"lazy\" width=\"800\" height=\"533\" class=\"size-large wp-image-12654 alignnone\" src=\"https:\/\/www.visitbratislava.com\/wp-content\/uploads\/2016\/03\/Main-square_Old-town-hall-copyright-DuoMedia-800x533.jpg\" alt=\"\" srcset=\"https:\/\/www.visitbratislava.com\/wp-content\/uploads\/2016\/03\/Main-square_Old-town-hall-copyright-DuoMedia-800x533.jpg 800w, https:\/\/www.visitbratislava.com\/wp-content\/uploads\/2016\/03\/Main-square_Old-town-hall-copyright-DuoMedia-400x267.jpg 400w, https:\/\/www.visitbratislava.com\/wp-content\/uploads\/2016\/03\/Main-square_Old-town-hall-copyright-DuoMedia-768x512.jpg 768w, https:\/\/www.visitbratislava.com\/wp-content\/uploads\/2016\/03\/Main-square_Old-town-hall-copyright-DuoMedia-200x133.jpg 200w\" sizes=\"(max-width: 800px) 100vw, 800px\" \/><\/p>\n<p><strong>Ochutn\u00e1vka tradi\u010dn\u00fdch slovensk\u00fdch \u0161pecial\u00edt pre hokejov\u00fdch fan\u00fa\u0161ikov<\/strong><\/p>\n<p>Na 3-hodinovej pe\u0161ej kulin\u00e1rskej prehliadke Bratislavy, V\u00e1m chceme uk\u00e1za\u0165 miesta, kde jed\u00e1vaj\u00fa, pop\u00edjaj\u00fa a relaxuj\u00fa Bratislav\u010dania a kde si vychutn\u00e1vaj\u00fa toto priate\u013esk\u00e9 mesto.<\/p>\n<p><strong>Ochutn\u00e1vka slovensk\u00fdch v\u00edn pre hokejov\u00fdch fan\u00fa\u0161ikov<\/strong><\/p>\n<p>Nikdy si nepo\u010duli o slovenskom v\u00edne? Niet sa \u010domu \u010dudova\u0165. Slovensk\u00e9 v\u00edno sa toti\u017e neexportuje. V\u0161etko sa vypije u n\u00e1s, na Slovensku. V \u0161iestich slovensk\u00fdch vinohradn\u00edckych regi\u00f3noch sa pestuje viac nech 50 r\u00f4znych odr\u00f4d vini\u010da, vr\u00e1tane zn\u00e1mych stredoeur\u00f3pskych odr\u00f4d a odr\u00f4d, ktor\u00e9 sa nikde inde ako na Slovensku nepestuj\u00fa.<\/p>\n<p><img loading=\"lazy\" width=\"700\" height=\"359\" class=\"size-full wp-image-35555 alignnone\" src=\"https:\/\/www.visitbratislava.com\/wp-content\/uploads\/2017\/08\/taste-bratislava-food-and-wine-tour-titulna.png\" alt=\"\" srcset=\"https:\/\/www.visitbratislava.com\/wp-content\/uploads\/2017\/08\/taste-bratislava-food-and-wine-tour-titulna.png 700w, https:\/\/www.visitbratislava.com\/wp-content\/uploads\/2017\/08\/taste-bratislava-food-and-wine-tour-titulna-400x205.png 400w, https:\/\/www.visitbratislava.com\/wp-content\/uploads\/2017\/08\/taste-bratislava-food-and-wine-tour-titulna-200x103.png 200w\" sizes=\"(max-width: 700px) 100vw, 700px\" \/><\/p>\n<p>Viac info: <a href=\"https:\/\/www.taste-bratislava.com\/?home\/eat-drink-explore-the-city\" target=\"_blank\" rel=\"noopener\">www.taste-bratislava.com<\/a><\/p>\n<h3>Plavby r\u00fdchlolo\u010fou<\/h3>\n<p><a href=\"https:\/\/www.visitbratislava.com\/sk\/clenovia\/slovenska-plavba-pristavy-lodna-osobna-doprava\/\"><strong>BRATISLAVA \u2013 VIEDE\u0147<\/strong><\/a><\/p>\n<p>V\u00fdlet vr\u00e1tane preplavenia plavebn\u00fdch kom\u00f4r. Spozn\u00e1te pr\u00edrodn\u00e9 kr\u00e1sy Dunaja, jeho okolia a de\u0148 si u\u017eijete v centre hlavn\u00e9ho mesta Rak\u00faska s n\u00e1dhern\u00fdmi z\u00e1mkami, gal\u00e9riami a atrakciami.<\/p>\n<p>Spiato\u010dn\u00fd l\u00edstok:<\/p>\n<ul>\n<li>dospel\u00e1 osoba: 39\u2008\u20ac<\/li>\n<li>deti: z\u013eava 50 %<\/li>\n<\/ul>\n<p><img loading=\"lazy\" width=\"800\" height=\"360\" class=\"size-large wp-image-55988 alignnone\" src=\"https:\/\/www.visitbratislava.com\/wp-content\/uploads\/2019\/03\/bratislava-vieden-800x360.jpg\" alt=\"\" srcset=\"https:\/\/www.visitbratislava.com\/wp-content\/uploads\/2019\/03\/bratislava-vieden-800x360.jpg 800w, https:\/\/www.visitbratislava.com\/wp-content\/uploads\/2019\/03\/bratislava-vieden-400x180.jpg 400w, https:\/\/www.visitbratislava.com\/wp-content\/uploads\/2019\/03\/bratislava-vieden-768x346.jpg 768w, https:\/\/www.visitbratislava.com\/wp-content\/uploads\/2019\/03\/bratislava-vieden-200x90.jpg 200w, https:\/\/www.visitbratislava.com\/wp-content\/uploads\/2019\/03\/bratislava-vieden-184x84.jpg 184w, https:\/\/www.visitbratislava.com\/wp-content\/uploads\/2019\/03\/bratislava-vieden.jpg 999w\" sizes=\"(max-width: 800px) 100vw, 800px\" \/><\/p>\n<p><strong><a href=\"https:\/\/www.visitbratislava.com\/sk\/clenovia\/flora-tour-s-r-o\/\">TWIN CITY LINER<\/a><\/strong><\/p>\n<p>Va\u0161e najlep\u0161ie spojenie do Viedne a sp\u00e4\u0165.<br \/>\nZa\u017eite Dunaj v plnej r\u00fdchlosti, nezabudnute\u013en\u00fd z\u00e1\u017eitok, poh\u013ead na mesto od Dunaja, iba 75 min\u00fat od centra do centra, 3-kr\u00e1t denne.<\/p>\n<p>Kontakt:<br \/>\n00421 903\u00a0505 505<br \/>\n<a href=\"mailto:tlc@floratour.sk\">tlc@floratour.sk<\/a><br \/>\n<a href=\"http:\/\/www.floratour.sk\">www.floratour.sk<\/a><\/p>\n<p><img loading=\"lazy\" class=\"alignnone wp-image-59285 size-large\" src=\"https:\/\/www.visitbratislava.com\/wp-content\/uploads\/2019\/05\/tcl-obrazok-800x258.jpg\" alt=\"\" width=\"800\" height=\"258\" srcset=\"https:\/\/www.visitbratislava.com\/wp-content\/uploads\/2019\/05\/tcl-obrazok-800x258.jpg 800w, https:\/\/www.visitbratislava.com\/wp-content\/uploads\/2019\/05\/tcl-obrazok-400x129.jpg 400w, https:\/\/www.visitbratislava.com\/wp-content\/uploads\/2019\/05\/tcl-obrazok-768x247.jpg 768w, https:\/\/www.visitbratislava.com\/wp-content\/uploads\/2019\/05\/tcl-obrazok-200x64.jpg 200w, https:\/\/www.visitbratislava.com\/wp-content\/uploads\/2019\/05\/tcl-obrazok.jpg 1581w\" sizes=\"(max-width: 800px) 100vw, 800px\" \/><\/p>\n<h3><a href=\"https:\/\/www.visitbratislava.com\/sk\/clenovia\/slovenska-plavba-pristavy-lodna-osobna-doprava\/\" target=\"_blank\" rel=\"noopener\">Vyhliadkov\u00e1 plavba<\/a><\/h3>\n<p><strong>BRATISLAVSK\u00dd OKRUH<\/strong><br \/>\nPanoramatick\u00e1 plavba popod bratislavsk\u00e9 mosty s nezvy\u010dajn\u00fdmi poh\u013eadmi na mesto z paluby vyhliadkovej lode.<\/p>\n<p>L\u00edstok:<\/p>\n<ul>\n<li>dospel\u00e1 osoba: 7\u2008\u20ac<\/li>\n<li>die\u0165a (2 &#8211; 15 r.): 4,50\u2008\u20ac<\/li>\n<\/ul>\n<p><strong>BRATISLAVA \u2013 DANUBIANA \u2013 \u010cILISTOV<\/strong><\/p>\n<p>V\u00fdlet s mo\u017enos\u0165ou vyst\u00fapi\u0165 pri gal\u00e9rii Danubiana v \u010cu\u0148ove, alebo sa \u010falej plavi\u0165 do \u010cilistova \u2013 miesta pln\u00e9ho vodn\u00fdch, \u0161portov\u00fdch, relaxa\u010dn\u00fdch atrakci\u00ed a s mini ZOO s dom\u00e1cimi zvieratkami.<\/p>\n<p>Spiato\u010dn\u00fd l\u00edstok:<\/p>\n<ul>\n<li>dospel\u00e1 osoba: od 16\u2008\u20ac<\/li>\n<li>die\u0165a (2 &#8211; 15r.): od 10\u2008\u20ac<\/li>\n<\/ul>\n<p><img loading=\"lazy\" width=\"800\" height=\"482\" class=\"size-large wp-image-18352 alignnone\" src=\"https:\/\/www.visitbratislava.com\/wp-content\/uploads\/2016\/06\/Danubiana_peninsula-800x482.jpg\" alt=\"\" srcset=\"https:\/\/www.visitbratislava.com\/wp-content\/uploads\/2016\/06\/Danubiana_peninsula-800x482.jpg 800w, https:\/\/www.visitbratislava.com\/wp-content\/uploads\/2016\/06\/Danubiana_peninsula-400x241.jpg 400w, https:\/\/www.visitbratislava.com\/wp-content\/uploads\/2016\/06\/Danubiana_peninsula-768x463.jpg 768w, https:\/\/www.visitbratislava.com\/wp-content\/uploads\/2016\/06\/Danubiana_peninsula-200x121.jpg 200w\" sizes=\"(max-width: 800px) 100vw, 800px\" \/><\/p>\n<p><strong>BRATISLAVA \u2013 DEV\u00cdN<\/strong><\/p>\n<p>Ob\u013e\u00faben\u00fd v\u00fdlet k zr\u00facanin\u00e1m stredovek\u00e9ho hradu Dev\u00edn. U\u017eijete si poh\u013eady na historick\u00fa \u010das\u0165 Bratislavy a Bratislavsk\u00fd hrad, pokra\u010dujete popod Nov\u00fd most a most Lafranconi smerom k hradu Dev\u00edn.<\/p>\n<p>Spiato\u010dn\u00fd l\u00edstok<\/p>\n<ul>\n<li>dospel\u00e1 osoba: 13\u2008\u20ac<\/li>\n<li>die\u0165a (2 &#8211; 15 r.): 8\u2008\u20ac<\/li>\n<\/ul>\n<p><strong>VE\u010cERA NA DUNAJI \u2013 JARN\u00dd \u0160PECI\u00c1L<\/strong><\/p>\n<p>Nev\u0161edn\u00fd z\u00e1\u017eitok na romantickej plavbe popod bratislavsk\u00e9 mosty za sprievodu t\u00f3nov \u017eivej hudby a chutn\u00e1 ve\u010dera v cene l\u00edstka. Atmosf\u00e9ra Star\u00e9ho mesta, pekn\u00e9 v\u00fdh\u013eady na ve\u010dern\u00fa panor\u00e1mu Bratislavsk\u00e9ho hradu a podhradia.<\/p>\n<p>Term\u00edn: 16. 5. 2019<br \/>\ndospel\u00e1 osoba: 28\u2008\u20ac<\/p>\n<p>Viac info: <a href=\"https:\/\/www.lod.sk\/\" target=\"_blank\" rel=\"noopener\">www.lod.sk<\/a><\/p>\n<h3>Bratislava Hradn\u00fd okruh Pre\u0161por\u00e1\u010dikom\u00ae Oldtimer<\/h3>\n<p>Kapacita 7 autobusov: 197 sedadiel (26, 26, 27, 27, 27, 32, 32)<br \/>\nZah\u0155\u0148a: Hradn\u00fd okruh Pre\u0161por\u00e1\u010dikom\u00ae Oldtimer s 20min. prest\u00e1vkou na Bratislavskom hrade a audio sprievodcu v 21 jazykoch.<\/p>\n<p>Bratislava Staromestsk\u00fd okruh Pre\u0161por\u00e1\u010dikom\u00ae Oldtimer<br \/>\nTrvanie: 35 min\u00fat<\/p>\n<p>Kapacita 3 autobusy: 30 sedadiel (12, 12, 6)<\/p>\n<p>Zah\u0155\u0148a: Staromestk\u00fd okruh Pre\u0161por\u00e1\u010dikom\u00ae Oldtimer s audio sprievodcom v 21 jazykoch.<\/p>\n<p><img loading=\"lazy\" width=\"800\" height=\"453\" class=\"size-large wp-image-53194 alignnone\" src=\"https:\/\/www.visitbratislava.com\/wp-content\/uploads\/2019\/01\/Vyhliadkov\u00e9-jazdy-Pre\u0161por\u00e1\u010dikom-800x453.jpg\" alt=\"\" srcset=\"https:\/\/www.visitbratislava.com\/wp-content\/uploads\/2019\/01\/Vyhliadkov\u00e9-jazdy-Pre\u0161por\u00e1\u010dikom-800x453.jpg 800w, https:\/\/www.visitbratislava.com\/wp-content\/uploads\/2019\/01\/Vyhliadkov\u00e9-jazdy-Pre\u0161por\u00e1\u010dikom-400x227.jpg 400w, https:\/\/www.visitbratislava.com\/wp-content\/uploads\/2019\/01\/Vyhliadkov\u00e9-jazdy-Pre\u0161por\u00e1\u010dikom-768x435.jpg 768w, https:\/\/www.visitbratislava.com\/wp-content\/uploads\/2019\/01\/Vyhliadkov\u00e9-jazdy-Pre\u0161por\u00e1\u010dikom-200x113.jpg 200w\" sizes=\"(max-width: 800px) 100vw, 800px\" \/><\/p>\n<h3>Bratislava Panoramatick\u00fd okruh Pre\u0161por\u00e1\u010dikom\u00ae Oldtimer<\/h3>\n<p>Trvanie: 95 min\u00fat<\/p>\n<p>Kapacita 7 autobusov: 197 sedadiel (26, 26, 27, 27, 27, 32, 32)<br \/>\nZah\u0155\u0148a: Panoramatick\u00fd okruh Pre\u0161por\u00e1\u010dikom \u00ae Oldtimer s audio sprievodcom v 21 jazykoch, 20 min. prest\u00e1vku na Bratislavskom hrade, 15 min. prest\u00e1vku pri pam\u00e4tn\u00edku Slav\u00edn.<\/p>\n<p>Transfer z hotela na zimn\u00fd \u0161tadi\u00f3n Pre\u0161por\u00e1\u010dikom\u00ae Oldtimer<\/p>\n<p>Kapacita 7 autobusov: 197 sedadiel (26, 26, 27, 27, 27, 32, 32)<\/p>\n<p>Zah\u0155\u0148a: Transfer z V\u00e1\u0161ho hotela v Bratislave Pre\u0161por\u00e1\u010dikom \u00ae Oldtimer k zimn\u00e9mu \u0161tadi\u00f3nou pred, alebo po z\u00e1pase.<\/p>\n<h3>Pe\u0161ia prehliadka Bratislavy<\/h3>\n<p>Trvanie: 2 hodiny<br \/>\nMax. 25 os\u00f4b = 1 sprievodca<\/p>\n<p>Zah\u0155\u0148a: Anglicky\/Nemecky hovoriaceho sprievodcu, pe\u0161iu prehliadku Star\u00fdm Mestom a Bratislavsk\u00fdm hradom. Vstupy nie s\u00fa v cene.<\/p>\n<h3>R\u00fdchlostn\u00e9 motorov\u00e9 \u010dlny Speedboats.sk na Dunaji \u2013 1 hodina<\/h3>\n<p>N\u00e1stupn\u00e9 miesto: Centrum mesta<\/p>\n<p>Zah\u0155\u0148a: 1 hodinov\u00fa jazdu na luxusnej lodi SpeedBoats.sk vr\u00e1tane kapit\u00e1na. Odpor\u00fa\u010dame objedna\u0165 si aj anglicky\/nemecky hovoriaceho sprievodcu.<\/p>\n<p><img loading=\"lazy\" width=\"800\" height=\"533\" class=\"size-large wp-image-35701 alignnone\" src=\"https:\/\/www.visitbratislava.com\/wp-content\/uploads\/2017\/09\/Speedboats-\u2013-adrenalin-and-culture-on-the-Danube-KONGRES-\u2013-Europe-Events-and-Meetings-Industry-Magazine_thumbnail-800x533.jpg\" alt=\"\" srcset=\"https:\/\/www.visitbratislava.com\/wp-content\/uploads\/2017\/09\/Speedboats-\u2013-adrenalin-and-culture-on-the-Danube-KONGRES-\u2013-Europe-Events-and-Meetings-Industry-Magazine_thumbnail-800x533.jpg 800w, https:\/\/www.visitbratislava.com\/wp-content\/uploads\/2017\/09\/Speedboats-\u2013-adrenalin-and-culture-on-the-Danube-KONGRES-\u2013-Europe-Events-and-Meetings-Industry-Magazine_thumbnail-400x267.jpg 400w, https:\/\/www.visitbratislava.com\/wp-content\/uploads\/2017\/09\/Speedboats-\u2013-adrenalin-and-culture-on-the-Danube-KONGRES-\u2013-Europe-Events-and-Meetings-Industry-Magazine_thumbnail-768x512.jpg 768w, https:\/\/www.visitbratislava.com\/wp-content\/uploads\/2017\/09\/Speedboats-\u2013-adrenalin-and-culture-on-the-Danube-KONGRES-\u2013-Europe-Events-and-Meetings-Industry-Magazine_thumbnail-200x133.jpg 200w\" sizes=\"(max-width: 800px) 100vw, 800px\" \/><\/p>\n<h3>R\u00fdchlostn\u00e9 motorov\u00e9 \u010dlny SpeedBoats.sk na Dunaji \u2013 3 hodiny<\/h3>\n<p>N\u00e1stupn\u00e9 miesto: Centrum mesta<\/p>\n<p>Trasy: Hrad Dev\u00edn \/ M\u00fazeum Danubiana \/ Divok\u00e1 voda \u010cunovo<br \/>\nZah\u0155\u0148a: 3-hodinov\u00fa jazdu na luxusnej lodi Speedboat vr\u00e1tane kapit\u00e1na<\/p>\n<h3>Malokarpatsk\u00e1 v\u00ednna cesta<\/h3>\n<p>Trvanie: 5,5 hodiny<br \/>\nZah\u0155\u0148a: Transfer, anglicky\/nemecky hovoriaceho sprievodcu,vstupn\u00e9 do hradu \u010cerven\u00fd Kame\u0148, ochutn\u00e1vku v\u00edna.<br \/>\nObed na vy\u017eiadanie.<\/p>\n<h3>Prehliadka hradu Dev\u00edn s ochutn\u00e1vkou r\u00edbez\u013eov\u00e9ho v\u00edna<\/h3>\n<p>Trvanie: 3 hodiny<br \/>\nZah\u0155\u0148a: Transfer, anglicky hovoriaceho sprievodcu,vstupn\u00e9 do hradu Dev\u00edn, ochutn\u00e1vku r\u00edbez\u013eov\u00e9ho v\u00edna.<\/p>\n<p><img loading=\"lazy\" width=\"800\" height=\"450\" class=\"size-large wp-image-1810 alignnone\" src=\"https:\/\/www.visitbratislava.com\/wp-content\/uploads\/2014\/10\/letecka-devin-800x450.jpg\" alt=\"\" \/><\/p>\n<h3>S\u00fakromn\u00fd prelet nad Bratislavou<\/h3>\n<p>N\u00e1jdite odvahu a vysk\u00fa\u0161ate si aj pilotovanie s\u00fakromn\u00e9ho lietadla na vlastnej ko\u017ei.<br \/>\nTrvanie: 1 hodina<br \/>\nN\u00e1stupn\u00e9 miesto: Letisko Bratislava<br \/>\nZah\u0155\u0148a: 60 min\u00fatov\u00fd let, pilota, pohonn\u00e9 hmoty.<\/p>\n<p>Lietadlo: 3 osoby + 1 pilot<\/p>\n<p>Viac info: <a href=\"https:\/\/www.tour4u.sk\/\" target=\"_blank\" rel=\"noopener\">www.tour4you.sk<\/a><\/p>\n<p>&nbsp;<\/p>\n","protected":false},"excerpt":{"rendered":"<p>City Game alebo Escape Room Rozm\u00fd\u0161\u013ea\u0161, \u010do podnikn\u00fa\u0165 okrem n\u00e1v\u0161tevy hokejov\u00e9ho z\u00e1pasu? Spoznaj Bratislavu z\u00e1bavnou formou na City Game alebo prever svoju \u0161ikovnos\u0165 v najlep\u0161\u00edch Escape Roomoch v Bratislave pod\u013ea portalu Tripadvisor. Ak prinesie\u0161 vstupenku na z\u00e1pas z MS v hokeji, dostane\u0161 na vybran\u00fa hru z\u013eavu 20% (nes\u010d\u00edtava sa s in\u00fdmi z\u013eavami). Ponuka plat\u00ed od [&hellip;]<\/p>\n","protected":false},"author":21,"featured_media":13583,"parent":54331,"menu_order":0,"comment_status":"closed","ping_status":"closed","template":"","meta":[],"acf":[],"_links":{"self":[{"href":"https:\/\/www.visitbratislava.com\/sk\/wp-json\/wp\/v2\/pages\/55206"}],"collection":[{"href":"https:\/\/www.visitbratislava.com\/sk\/wp-json\/wp\/v2\/pages"}],"about":[{"href":"https:\/\/www.visitbratislava.com\/sk\/wp-json\/wp\/v2\/types\/page"}],"author":[{"embeddable":true,"href":"https:\/\/www.visitbratislava.com\/sk\/wp-json\/wp\/v2\/users\/21"}],"replies":[{"embeddable":true,"href":"https:\/\/www.visitbratislava.com\/sk\/wp-json\/wp\/v2\/comments?post=55206"}],"version-history":[{"count":0,"href":"https:\/\/www.visitbratislava.com\/sk\/wp-json\/wp\/v2\/pages\/55206\/revisions"}],"up":[{"embeddable":true,"href":"https:\/\/www.visitbratislava.com\/sk\/wp-json\/wp\/v2\/pages\/54331"}],"wp:featuredmedia":[{"embeddable":true,"href":"https:\/\/www.visitbratislava.com\/sk\/wp-json\/wp\/v2\/media\/13583"}],"wp:attachment":[{"href":"https:\/\/www.visitbratislava.com\/sk\/wp-json\/wp\/v2\/media?parent=55206"}],"curies":[{"name":"wp","href":"https:\/\/api.w.org\/{rel}","templated":true}]}}