{"id":55594,"date":"2019-02-27T10:59:27","date_gmt":"2019-02-27T09:59:27","guid":{"rendered":"https:\/\/www.visitbratislava.com\/?page_id=55594\/"},"modified":"2019-05-07T11:21:39","modified_gmt":"2019-05-07T09:21:39","slug":"top-10-miest-pred-a-po-zapase","status":"publish","type":"page","link":"https:\/\/www.visitbratislava.com\/sk\/hokej\/top-10-miest-pred-a-po-zapase\/","title":{"rendered":"TOP 10 miest pred a po z\u00e1pase"},"content":{"rendered":"<p><iframe src=\"https:\/\/www.google.com\/maps\/d\/embed?mid=1JeYaPG-l7wMux-U3Vtl-S95aDqo\" width=\"1000\" height=\"480\"><\/iframe><\/p>\n<p>Ak pl\u00e1nujete v\u00fdlet do hlavn\u00e9ho mesta, ur\u010dite by ste nemali vynecha\u0165 tieto TOP pamiatky a atrakcie, ktor\u00e9 robia Bratislavu v\u00fdnimo\u010dnou.\u00a0Prejdite sa Bratislavou od historickej Starej radnice a\u017e po modern\u00e9 UFO. Bez n\u00e1v\u0161tevy t\u00fdchto turistick\u00fdch atrakci\u00ed sa z\u00a0Bratislavy jednoducho neodch\u00e1dza. Niektor\u00e9 z\u00a0nich s\u00fa \u00faplne zadarmo alebo za prijate\u013en\u00fd poplatok, pri\u010dom m\u00f4\u017eete vyu\u017ei\u0165 aj z\u013eavnen\u00e9 vstupn\u00e9. Najlep\u0161ie v\u0161ak urob\u00edte ak si zak\u00fapite <a href=\"https:\/\/www.visitbratislava.com\/sk\/bratislava-card\" target=\"_blank\" rel=\"noopener noreferrer\">Bratislava CARD<\/a>. Nielen\u017ee, budete Bratislavou cestova\u0165 zadarmo, ale z\u00edskate aj mnoh\u00e9 in\u00e9 v\u00fdhody a\u00a0z\u013eavy.<\/p>\n<h3><a href=\"https:\/\/www.visitbratislava.com\/sk\/miesta\/bratislavsky-hrad\/\" target=\"_blank\" rel=\"noopener noreferrer\"><strong>1.Bratislavsk\u00fd hrad<\/strong><\/a><\/h3>\n<p><img loading=\"lazy\" class=\"wp-image-27374 size-large aligncenter\" src=\"https:\/\/www.visitbratislava.com\/wp-content\/uploads\/2015\/11\/MG_2508-800x533.jpg\" alt=\"_mg_2508\" width=\"800\" height=\"533\" srcset=\"https:\/\/www.visitbratislava.com\/wp-content\/uploads\/2015\/11\/MG_2508-800x533.jpg 800w, https:\/\/www.visitbratislava.com\/wp-content\/uploads\/2015\/11\/MG_2508-400x267.jpg 400w, https:\/\/www.visitbratislava.com\/wp-content\/uploads\/2015\/11\/MG_2508-768x512.jpg 768w, https:\/\/www.visitbratislava.com\/wp-content\/uploads\/2015\/11\/MG_2508-200x133.jpg 200w\" sizes=\"(max-width: 800px) 100vw, 800px\" \/><br \/>\nP\u00f4vodne s\u00eddlo panovn\u00edkov, dnes symbol Bratislavy a s\u00eddlo Historick\u00e9ho m\u00fazea. Z jeho 47 metrov vysokej korunnej ve\u017ee, kde sa kedysi uchov\u00e1vali kr\u00e1\u013eovsk\u00e9 korunova\u010dn\u00e9 klenoty, sa pon\u00faka n\u00e1dhern\u00fd v\u00fdh\u013ead nielen na mesto, ale aj na susediace krajiny.<\/p>\n<p>Vstupn\u00e9 = 10 \u20ac<\/p>\n<p>*z\u013eava s Bratislava CARD City and Region 20%<\/p>\n<h3><a href=\"https:\/\/www.visitbratislava.com\/sk\/miesta\/katedrala-sv-martina\/\" target=\"_blank\" rel=\"noopener noreferrer\"><strong><strong>2.Katedr\u00e1la sv. Martina<\/strong><\/strong><\/a><\/h3>\n<p><img loading=\"lazy\" class=\"wp-image-27743 size-large aligncenter\" src=\"https:\/\/www.visitbratislava.com\/wp-content\/uploads\/2017\/01\/IMG_6501_2_3_tonemapped-e1468506433225-800x360.jpg\" alt=\"img_6501_2_3_tonemapped-e1468506433225\" width=\"800\" height=\"360\" srcset=\"https:\/\/www.visitbratislava.com\/wp-content\/uploads\/2017\/01\/IMG_6501_2_3_tonemapped-e1468506433225-800x360.jpg 800w, https:\/\/www.visitbratislava.com\/wp-content\/uploads\/2017\/01\/IMG_6501_2_3_tonemapped-e1468506433225-400x180.jpg 400w, https:\/\/www.visitbratislava.com\/wp-content\/uploads\/2017\/01\/IMG_6501_2_3_tonemapped-e1468506433225-768x346.jpg 768w, https:\/\/www.visitbratislava.com\/wp-content\/uploads\/2017\/01\/IMG_6501_2_3_tonemapped-e1468506433225-200x90.jpg 200w, https:\/\/www.visitbratislava.com\/wp-content\/uploads\/2017\/01\/IMG_6501_2_3_tonemapped-e1468506433225-184x84.jpg 184w\" sizes=\"(max-width: 800px) 100vw, 800px\" \/>Gotick\u00fd trojlo\u010fov\u00fd kostol z 15. storo\u010dia, b\u00fdval\u00fd korunova\u010dn\u00fd chr\u00e1m. Pripomienkou t\u00fdchto sl\u00e1vnych \u010dias je pozl\u00e1ten\u00e1 replika korunova\u010dnej koruny osaden\u00e1 na vrchole katedr\u00e1lnej ve\u017ee vo v\u00fd\u0161ke 85 metrov a v\u00e1\u017eiaca 150 kg.<\/p>\n<p><strong><a href=\"https:\/\/www.visitbratislava.com\/sk\/miesta\/stara-radnica\/\" target=\"_blank\" rel=\"noopener noreferrer\">3.Star\u00e1 radnica<\/a><br \/>\n<\/strong><br \/>\n<img loading=\"lazy\" class=\"wp-image-27735 size-large aligncenter\" src=\"https:\/\/www.visitbratislava.com\/wp-content\/uploads\/2017\/01\/MG_5571-800x533.jpg\" alt=\"_mg_5571\" width=\"800\" height=\"533\" srcset=\"https:\/\/www.visitbratislava.com\/wp-content\/uploads\/2017\/01\/MG_5571-800x533.jpg 800w, https:\/\/www.visitbratislava.com\/wp-content\/uploads\/2017\/01\/MG_5571-400x267.jpg 400w, https:\/\/www.visitbratislava.com\/wp-content\/uploads\/2017\/01\/MG_5571-768x512.jpg 768w, https:\/\/www.visitbratislava.com\/wp-content\/uploads\/2017\/01\/MG_5571-200x133.jpg 200w\" sizes=\"(max-width: 800px) 100vw, 800px\" \/><br \/>\nP\u00f4vodne s\u00eddlo mestskej samospr\u00e1vy, od roku 1868 s\u00eddlo M\u00fazea mesta Bratislavy, najstar\u0161ieho m\u00fazea na Slovensku. Po zdolan\u00ed \u00fazkych schodov ved\u00facich na jej 45 metrov vysok\u00fa ve\u017eu sa V\u00e1m naskytne n\u00e1dhern\u00fd panoramatick\u00fd v\u00fdh\u013ead na Star\u00e9 mesto.<\/p>\n<p>Vstupn\u00e9 = 5\u20ac<\/p>\n<p>*z\u013eava s Bratislava CARD City &amp; Region 100%<\/p>\n<h3><a href=\"https:\/\/www.visitbratislava.com\/sk\/miesta\/primacialny-palac\/\" target=\"_blank\" rel=\"noopener noreferrer\"><strong><strong><strong>4.Primaci\u00e1lny pal\u00e1c<\/strong><\/strong><\/strong><\/a><\/h3>\n<p><img loading=\"lazy\" class=\"wp-image-5507 size-large aligncenter\" src=\"https:\/\/www.visitbratislava.com\/wp-content\/uploads\/2014\/11\/Young-wine-festival-Primates-palace-800x533.jpg\" alt=\"Young wine festival - Primates palace\" width=\"800\" height=\"533\" srcset=\"https:\/\/www.visitbratislava.com\/wp-content\/uploads\/2014\/11\/Young-wine-festival-Primates-palace-800x533.jpg 800w, https:\/\/www.visitbratislava.com\/wp-content\/uploads\/2014\/11\/Young-wine-festival-Primates-palace-400x267.jpg 400w, https:\/\/www.visitbratislava.com\/wp-content\/uploads\/2014\/11\/Young-wine-festival-Primates-palace-200x133.jpg 200w\" sizes=\"(max-width: 800px) 100vw, 800px\" \/><\/p>\n<p>Klasicistick\u00fd pal\u00e1c z 18. storo\u010dia, kde po v\u00ed\u0165azstve Napoleona v bitke pri Slavkove podp\u00edsali z\u00e1stupcovia franc\u00fazskeho a rak\u00faskeho cis\u00e1ra dohodu, ktor\u00e1 vst\u00fapila do dej\u00edn ako Pre\u0161porsk\u00fd mier. V s\u00fa\u010dasnosti je galerijnou expoz\u00edciou uchov\u00e1vaj\u00facou unik\u00e1tnu zbierku 6 anglick\u00fdch tapis\u00e9ri\u00ed zo 17. storo\u010dia a s\u00eddlom prim\u00e1tora hl. mesta SR.<\/p>\n<p>Gal\u00e9ria mesta Bratislavy &#8211; vstup 3 \u20ac<\/p>\n<p>*s <a href=\"http:\/\/card.visitbratislava.com\/sk\/\" target=\"_blank\" rel=\"noopener\">Bratislava Card City &amp; Region<\/a> 20% z\u013eava<\/p>\n<h3><a href=\"https:\/\/www.visitbratislava.com\/sk\/miesta\/michalska-brana\/\" target=\"_blank\" rel=\"noopener noreferrer\"><strong>5.Michalsk\u00e1 br\u00e1na<\/strong><\/a><\/h3>\n<p><img loading=\"lazy\" class=\"wp-image-25283 size-large aligncenter\" src=\"https:\/\/www.visitbratislava.com\/wp-content\/uploads\/2015\/04\/Museum-of-Arms-Michaels-Gate-1-800x531.jpg\" alt=\"museum-of-arms-michaels-gate\" width=\"800\" height=\"531\" srcset=\"https:\/\/www.visitbratislava.com\/wp-content\/uploads\/2015\/04\/Museum-of-Arms-Michaels-Gate-1-800x531.jpg 800w, https:\/\/www.visitbratislava.com\/wp-content\/uploads\/2015\/04\/Museum-of-Arms-Michaels-Gate-1-400x266.jpg 400w, https:\/\/www.visitbratislava.com\/wp-content\/uploads\/2015\/04\/Museum-of-Arms-Michaels-Gate-1-768x510.jpg 768w, https:\/\/www.visitbratislava.com\/wp-content\/uploads\/2015\/04\/Museum-of-Arms-Michaels-Gate-1-200x133.jpg 200w\" sizes=\"(max-width: 800px) 100vw, 800px\" \/><br \/>\nJedin\u00e1 zachovan\u00e1 br\u00e1na mestsk\u00e9ho opevnenia zo 14. storo\u010dia. Z hornej terasy jej 51 metrov vysokej ve\u017ee si mo\u017eno vychutna\u0165 o\u010daruj\u00faci v\u00fdh\u013ead na Bratislavsk\u00fd hrad a Star\u00e9 mesto. Vo ve\u017ei sa nach\u00e1dza M\u00fazeum zbran\u00ed.<\/p>\n<p>Vstupn\u00e9 = 4, 50\u20ac<\/p>\n<p>*z\u013eava s Bratislava CARD City &amp; Region 100%<\/p>\n<h3><a href=\"https:\/\/www.visitbratislava.com\/sk\/miesta\/grassalkovichov-palac\/\" target=\"_blank\" rel=\"noopener noreferrer\"><strong>6.Grassalkovichov pal\u00e1c<\/strong><\/a><\/h3>\n<p><img loading=\"lazy\" class=\"wp-image-27752 size-large aligncenter\" src=\"https:\/\/www.visitbratislava.com\/wp-content\/uploads\/2017\/01\/10-800x440.jpg\" alt=\"10\" width=\"800\" height=\"440\" srcset=\"https:\/\/www.visitbratislava.com\/wp-content\/uploads\/2017\/01\/10-800x440.jpg 800w, https:\/\/www.visitbratislava.com\/wp-content\/uploads\/2017\/01\/10-400x220.jpg 400w, https:\/\/www.visitbratislava.com\/wp-content\/uploads\/2017\/01\/10-768x422.jpg 768w, https:\/\/www.visitbratislava.com\/wp-content\/uploads\/2017\/01\/10-200x110.jpg 200w\" sizes=\"(max-width: 800px) 100vw, 800px\" \/><br \/>\nRokokov\u00fd letn\u00fd pal\u00e1c z 18. storo\u010dia bol v minulost\u00ed zn\u00e1my bohat\u00fdm spolo\u010densk\u00fdm \u017eivotom, koncertoval tu aj sl\u00e1vny Joseph Haydn. Od roku 1996 je s\u00eddlom prezidenta Slovenskej republiky.<\/p>\n<h3><strong><a href=\"https:\/\/www.visitbratislava.com\/sk\/miesta\/modry-kostol\/\" target=\"_blank\" rel=\"noopener noreferrer\">7.Modr\u00fd kostol\u00edk<\/a><\/strong><\/h3>\n<p><img loading=\"lazy\" class=\"wp-image-27756 size-large aligncenter\" src=\"https:\/\/www.visitbratislava.com\/wp-content\/uploads\/2017\/01\/modry_kostolik01-800x531.jpg\" alt=\"modry_kostolik01\" width=\"800\" height=\"531\" srcset=\"https:\/\/www.visitbratislava.com\/wp-content\/uploads\/2017\/01\/modry_kostolik01-800x531.jpg 800w, https:\/\/www.visitbratislava.com\/wp-content\/uploads\/2017\/01\/modry_kostolik01-400x266.jpg 400w, https:\/\/www.visitbratislava.com\/wp-content\/uploads\/2017\/01\/modry_kostolik01-768x510.jpg 768w, https:\/\/www.visitbratislava.com\/wp-content\/uploads\/2017\/01\/modry_kostolik01-200x133.jpg 200w\" sizes=\"(max-width: 800px) 100vw, 800px\" \/><br \/>\nSecesn\u00fd Kostol sv. Al\u017ebety zo za\u010diatku 20. storo\u010dia je charakteristick\u00fd svojou modrou farbou. Vyzna\u010duje sa detailn\u00fdm prepracovan\u00edm fas\u00e1dy s \u010dast\u00fdm pou\u017eit\u00edm mozaiky. Je ob\u013e\u00faben\u00fdm miestom sob\u00e1\u0161ov a\u00a0krstov.<\/p>\n<h3><a href=\"https:\/\/www.visitbratislava.com\/sk\/miesta\/slavin\/\" target=\"_blank\" rel=\"noopener noreferrer\"><strong>8.Slav\u00edn<\/strong><\/a><\/h3>\n<p><a href=\"https:\/\/www.visitbratislava.com\/sk\/miesta\/slavin\/\" target=\"_blank\" rel=\"noopener noreferrer\"><img loading=\"lazy\" class=\"wp-image-27764 size-large aligncenter\" src=\"https:\/\/www.visitbratislava.com\/wp-content\/uploads\/2017\/01\/ba-36-of-54-800x530.jpg\" alt=\"ba-36-of-54\" width=\"800\" height=\"530\" srcset=\"https:\/\/www.visitbratislava.com\/wp-content\/uploads\/2017\/01\/ba-36-of-54-800x530.jpg 800w, https:\/\/www.visitbratislava.com\/wp-content\/uploads\/2017\/01\/ba-36-of-54-400x265.jpg 400w, https:\/\/www.visitbratislava.com\/wp-content\/uploads\/2017\/01\/ba-36-of-54-768x509.jpg 768w, https:\/\/www.visitbratislava.com\/wp-content\/uploads\/2017\/01\/ba-36-of-54-200x132.jpg 200w\" sizes=\"(max-width: 800px) 100vw, 800px\" \/><br \/>\n<\/a><a href=\"https:\/\/www.visitbratislava.com\/sk\/miesta\/slavin\/\" target=\"_blank\" rel=\"noopener noreferrer\"><br \/>\n<\/a>Najv\u00e4\u010d\u0161\u00ed vojnov\u00fd pam\u00e4tn\u00edk v strednej Eur\u00f3pe je v\u010faka svojej v\u00fd\u0161ke 52 metrov jednou z domin\u00e1nt mesta. Je tu pochovan\u00fdch 6845 vojakov Sovietskej arm\u00e1dy padl\u00fdch pri oslobodzovan\u00ed Bratislavy po\u010das druhej svetovej vojny.<\/p>\n<h3><strong><a href=\"https:\/\/www.visitbratislava.com\/sk\/miesta\/zidovska-synagoga\/\" target=\"_blank\" rel=\"noopener noreferrer\">9. Synag\u00f3ga<\/a><\/strong><\/h3>\n<p><img loading=\"lazy\" class=\"wp-image-27706 size-large aligncenter\" src=\"https:\/\/www.visitbratislava.com\/wp-content\/uploads\/2016\/05\/03-008558-800x533.jpg\" alt=\"03-008558\" width=\"800\" height=\"533\" srcset=\"https:\/\/www.visitbratislava.com\/wp-content\/uploads\/2016\/05\/03-008558-800x533.jpg 800w, https:\/\/www.visitbratislava.com\/wp-content\/uploads\/2016\/05\/03-008558-400x267.jpg 400w, https:\/\/www.visitbratislava.com\/wp-content\/uploads\/2016\/05\/03-008558-768x512.jpg 768w, https:\/\/www.visitbratislava.com\/wp-content\/uploads\/2016\/05\/03-008558-200x133.jpg 200w\" sizes=\"(max-width: 800px) 100vw, 800px\" \/><\/p>\n<p>Synag\u00f3ga bola postaven\u00e1 v kubistickom slohu v rokoch 1923 \u2013 1926 pod\u013ea pl\u00e1nov architekta Artura Szalatnaia-Slatinsk\u00e9ho. St\u00e1la expoz\u00edcia \u017didovsk\u00e9ho komunitn\u00e9ho m\u00fazea in\u0161talovan\u00e1 na prvom poschod\u00ed budovy je pre verejnos\u0165 pr\u00edstupn\u00e1 po\u010das letnej sez\u00f3ny.<\/p>\n<h3><a href=\"https:\/\/www.visitbratislava.com\/sk\/miesta\/ufo\/\" target=\"_blank\" rel=\"noopener noreferrer\"><strong>10.UFO<\/strong><\/a><\/h3>\n<p><img loading=\"lazy\" class=\"wp-image-27802 size-large aligncenter\" src=\"https:\/\/www.visitbratislava.com\/wp-content\/uploads\/2017\/01\/1080435-800x450.jpg\" alt=\"_1080435\" width=\"800\" height=\"450\" srcset=\"https:\/\/www.visitbratislava.com\/wp-content\/uploads\/2017\/01\/1080435-800x450.jpg 800w, https:\/\/www.visitbratislava.com\/wp-content\/uploads\/2017\/01\/1080435-400x225.jpg 400w, https:\/\/www.visitbratislava.com\/wp-content\/uploads\/2017\/01\/1080435-768x432.jpg 768w, https:\/\/www.visitbratislava.com\/wp-content\/uploads\/2017\/01\/1080435-200x113.jpg 200w\" sizes=\"(max-width: 800px) 100vw, 800px\" \/><br \/>\nJedine\u010dn\u00e1 vyhliadka na pyl\u00f3noch Mosta SNP vo v\u00fd\u0161ke 95 metrov s \u00fa\u017easn\u00fdm v\u00fdh\u013eadom na mesto a doh\u013eadnos\u0165ou a\u017e 100 km. Pon\u00faka najkraj\u0161\u00ed z\u00e1pad slnka v Bratislave v kombin\u00e1cii s kulin\u00e1rskym z\u00e1\u017eitkom.<\/p>\n<p>Vstupn\u00e9 = 7,40\u20ac<\/p>\n<p>*z\u013eava s Bratislava CARD City &amp; Region 25%<\/p>\n<p><strong>ZA\u017dITE NADPOZEMSK\u00dd UFO Z\u00c1\u017dITOK<\/strong><\/p>\n<p>Pr\u00ed\u010fte sa nabi\u0165 adrenal\u00ednom pri Skywalku &#8211; panoramatickej prech\u00e1dzke po obvode vyhliadkovej ve\u017ee UFO, vychutnajte si atmosf\u00e9ru z\u00e1pasu a vr\u00e1\u0165te sa k n\u00e1m do baru osl\u00e1vi\u0165 v\u00ed\u0165azstvo V\u00e1\u0161ho t\u00edmu!<\/p>\n<p><img loading=\"lazy\" class=\"alignnone wp-image-58424 size-large\" src=\"https:\/\/www.visitbratislava.com\/wp-content\/uploads\/2019\/04\/ufo-skywalk-800x258.jpg\" alt=\"\" width=\"800\" height=\"258\" srcset=\"https:\/\/www.visitbratislava.com\/wp-content\/uploads\/2019\/04\/ufo-skywalk-800x258.jpg 800w, https:\/\/www.visitbratislava.com\/wp-content\/uploads\/2019\/04\/ufo-skywalk-400x129.jpg 400w, https:\/\/www.visitbratislava.com\/wp-content\/uploads\/2019\/04\/ufo-skywalk-768x248.jpg 768w, https:\/\/www.visitbratislava.com\/wp-content\/uploads\/2019\/04\/ufo-skywalk-200x65.jpg 200w, https:\/\/www.visitbratislava.com\/wp-content\/uploads\/2019\/04\/ufo-skywalk.jpg 1418w\" sizes=\"(max-width: 800px) 100vw, 800px\" \/><\/p>\n<h3>BONUS: <a href=\"https:\/\/www.visitbratislava.com\/sk\/sluzby\/autenticke-prehliadky\/\" target=\"_blank\" rel=\"noopener\">Prehliadky<\/a><\/h3>\n<p>Po\u010das prehliadok sa dozviete ve\u013ea zauj\u00edmavost\u00ed z hist\u00f3rie a s\u00fa\u010dasnosti mesta a z\u00e1rove\u0148 m\u00f4\u017eete obdivova\u0165 skvostn\u00fa architekt\u00faru pal\u00e1cov, me\u0161tianskych domov a cirkevn\u00fdch stavieb.<\/p>\n<p><strong>1-Hodinov\u00e1 pe\u0161ia prehliadka historick\u00e9ho centra pre individu\u00e1lnych klientov | Zdarma pre dr\u017eite\u013eov turistickej karty<\/strong><\/p>\n<p>\u010eal\u0161ie prehliadky:<\/p>\n<ul>\n<li>Bratislava \u2013 Pressburg \u2013 Pozsony \u2013 spozn\u00e1vanie historick\u00e9ho centra Bratislavy<\/li>\n<li>Korunova\u010dn\u00e1 Bratislava<\/li>\n<li>M\u00fdty, legendy a z\u00e1hady starej Bratislavy<\/li>\n<li>Sl\u00e1vne osobnosti Bratislavy<\/li>\n<li>Bratislava za vl\u00e1dy M\u00e1rie Ter\u00e9zie<\/li>\n<li>Bratislavsk\u00e9 font\u00e1ny<\/li>\n<li>Sakr\u00e1lna Bratislava<\/li>\n<li>\u017didovsk\u00e1 Bratislava<\/li>\n<li>Bratislava \u2013 mesto hudby<\/li>\n<li>Bratislavsk\u00fd okruh, pe\u0161ia a autobusov\u00e1 prehliadka<\/li>\n<li>Malokarpatsk\u00fd okruh<\/li>\n<\/ul>\n<p><img loading=\"lazy\" width=\"800\" height=\"524\" class=\"size-large wp-image-43112 alignnone\" src=\"https:\/\/www.visitbratislava.com\/wp-content\/uploads\/2018\/05\/hrad-vyhlad-panorama-dom-sv-martina-800x524.jpg\" alt=\"\" srcset=\"https:\/\/www.visitbratislava.com\/wp-content\/uploads\/2018\/05\/hrad-vyhlad-panorama-dom-sv-martina-800x524.jpg 800w, https:\/\/www.visitbratislava.com\/wp-content\/uploads\/2018\/05\/hrad-vyhlad-panorama-dom-sv-martina-400x262.jpg 400w, https:\/\/www.visitbratislava.com\/wp-content\/uploads\/2018\/05\/hrad-vyhlad-panorama-dom-sv-martina-768x503.jpg 768w, https:\/\/www.visitbratislava.com\/wp-content\/uploads\/2018\/05\/hrad-vyhlad-panorama-dom-sv-martina-200x131.jpg 200w\" sizes=\"(max-width: 800px) 100vw, 800px\" \/><\/p>\n<h3>\u010eal\u0161ie tipy:<\/h3>\n<p><strong>Vyu\u017eite z\u013eavu s <a href=\"https:\/\/www.visitbratislava.com\/sk\/bratislava-card\/\" target=\"_blank\" rel=\"noopener noreferrer\">Bratislava CARD City &amp; Region<\/a><\/strong><\/p>\n<p><a href=\"https:\/\/www.visitbratislava.com\/sk\/miesta\/hrad-devin\/\" target=\"_blank\" rel=\"noopener noreferrer\"><strong>Hrad Dev\u00edn<\/strong><\/a><\/p>\n<p><a href=\"https:\/\/www.visitbratislava.com\/sk\/miesta\/hrad-devin\/\" target=\"_blank\" rel=\"noopener noreferrer\"><img loading=\"lazy\" class=\"wp-image-27760 aligncenter\" src=\"https:\/\/www.visitbratislava.com\/wp-content\/uploads\/2017\/01\/1080047-800x450.jpg\" alt=\"_1080047\" width=\"800\" height=\"450\" srcset=\"https:\/\/www.visitbratislava.com\/wp-content\/uploads\/2017\/01\/1080047-800x450.jpg 800w, https:\/\/www.visitbratislava.com\/wp-content\/uploads\/2017\/01\/1080047-400x225.jpg 400w, https:\/\/www.visitbratislava.com\/wp-content\/uploads\/2017\/01\/1080047-768x432.jpg 768w, https:\/\/www.visitbratislava.com\/wp-content\/uploads\/2017\/01\/1080047-200x113.jpg 200w\" sizes=\"(max-width: 800px) 100vw, 800px\" \/><\/a><\/p>\n<p>Hradn\u00e1 ruina t\u00fd\u010diaca sa na vysokom brale nad s\u00fatokom riek Dunaja a Moravy patr\u00ed k najv\u00fdznamnej\u0161\u00edm historick\u00fdm a archeologick\u00fdm lokalit\u00e1m v strednej Eur\u00f3pe. Navy\u0161e pon\u00faka o\u010daruj\u00facu pr\u00edrodn\u00fa scen\u00e9riu s neopakovate\u013en\u00fdm v\u00fdh\u013eadom.<\/p>\n<p>Vstupn\u00e9:<\/p>\n<p>IV \u2013 X \u00a0\u00a05,00 EUR<\/p>\n<p>XI \u2013 III \u00a0\u00a0\u00a02,00 EUR<\/p>\n<p>*z\u013eava s Bratislava CARD City &amp; Region 100%<\/p>\n<p><strong><a href=\"https:\/\/www.visitbratislava.com\/sk\/miesta\/schoene-naci\/\">Sch\u00f6ne N\u00e1ci<\/a><\/strong><\/p>\n<p><a href=\"https:\/\/www.visitbratislava.com\/sk\/miesta\/schoene-naci\/\"><img loading=\"lazy\" class=\"wp-image-25728 aligncenter\" src=\"https:\/\/www.visitbratislava.com\/wp-content\/uploads\/2016\/11\/7-foto-brano-molnar-fb-800x472.jpg\" alt=\"7-foto-brano-molnar-fb\" width=\"785\" height=\"463\" srcset=\"https:\/\/www.visitbratislava.com\/wp-content\/uploads\/2016\/11\/7-foto-brano-molnar-fb-800x472.jpg 800w, https:\/\/www.visitbratislava.com\/wp-content\/uploads\/2016\/11\/7-foto-brano-molnar-fb-400x236.jpg 400w, https:\/\/www.visitbratislava.com\/wp-content\/uploads\/2016\/11\/7-foto-brano-molnar-fb-768x453.jpg 768w, https:\/\/www.visitbratislava.com\/wp-content\/uploads\/2016\/11\/7-foto-brano-molnar-fb-200x118.jpg 200w, https:\/\/www.visitbratislava.com\/wp-content\/uploads\/2016\/11\/7-foto-brano-molnar-fb.jpg 1573w\" sizes=\"(max-width: 785px) 100vw, 785px\" \/><br \/>\n<\/a>Sl\u00e1vny bratislavsk\u00fd excentrik, ktor\u00fd tu \u017eil v\u00a0prvej polovici 20. storo\u010dia a\u00a0svojou eleganciou a\u00a0dobrosrde\u010dnos\u0165ou bol neodmyslite\u013enou s\u00fa\u010das &#8211; \u0165ou koloritu bratislavsk\u00e9ho korza a\u00a0jeho kaviarn\u00ed.<\/p>\n<p><strong><a href=\"https:\/\/www.visitbratislava.com\/sk\/miesta\/cumil\/\" target=\"_blank\" rel=\"noopener noreferrer\">\u010cumil<\/a><\/strong><\/p>\n<p><img loading=\"lazy\" class=\"wp-image-27820 size-large aligncenter\" src=\"https:\/\/www.visitbratislava.com\/wp-content\/uploads\/2017\/01\/10099293406_02cb89635a_b-800x536.jpg\" alt=\"10099293406_02cb89635a_b\" width=\"800\" height=\"536\" srcset=\"https:\/\/www.visitbratislava.com\/wp-content\/uploads\/2017\/01\/10099293406_02cb89635a_b-800x536.jpg 800w, https:\/\/www.visitbratislava.com\/wp-content\/uploads\/2017\/01\/10099293406_02cb89635a_b-400x268.jpg 400w, https:\/\/www.visitbratislava.com\/wp-content\/uploads\/2017\/01\/10099293406_02cb89635a_b-768x515.jpg 768w, https:\/\/www.visitbratislava.com\/wp-content\/uploads\/2017\/01\/10099293406_02cb89635a_b-200x134.jpg 200w, https:\/\/www.visitbratislava.com\/wp-content\/uploads\/2017\/01\/10099293406_02cb89635a_b.jpg 1024w\" sizes=\"(max-width: 800px) 100vw, 800px\" \/><\/p>\n<p>Bronzov\u00e1 postava mu\u017ea vyk\u00fakaj\u00faceho z kan\u00e1la je nepochybne najfotografovanej\u0161ou sochou v meste.<\/p>\n<p><strong><a href=\"https:\/\/www.visitbratislava.com\/sk\/miesta\/napoleonec\/\" target=\"_blank\" rel=\"noopener noreferrer\">Napole\u00f3nec<\/a><\/strong><\/p>\n<p><img loading=\"lazy\" class=\" wp-image-27844 aligncenter\" src=\"https:\/\/www.visitbratislava.com\/wp-content\/uploads\/2017\/01\/namestie-napoleon.jpg\" alt=\"namestie-napoleon\" width=\"766\" height=\"430\" srcset=\"https:\/\/www.visitbratislava.com\/wp-content\/uploads\/2017\/01\/namestie-napoleon.jpg 750w, https:\/\/www.visitbratislava.com\/wp-content\/uploads\/2017\/01\/namestie-napoleon-400x225.jpg 400w, https:\/\/www.visitbratislava.com\/wp-content\/uploads\/2017\/01\/namestie-napoleon-200x112.jpg 200w\" sizes=\"(max-width: 766px) 100vw, 766px\" \/><br \/>\nBronzov\u00e1 socha napoleonsk\u00e9ho vojaka pripom\u00edna obliehanie Bratislavy Napoleonom v rokoch 1805 a 1809.<\/p>\n<p><strong><a href=\"https:\/\/www.visitbratislava.com\/sk\/miesta\/pasaz-mateja-krena\/\" target=\"_blank\" rel=\"noopener noreferrer\">Pas\u00e1\u017e Mateja Kr\u00e9na<\/a><\/strong><\/p>\n<p><img loading=\"lazy\" width=\"800\" height=\"360\" class=\"size-full wp-image-27866 aligncenter\" src=\"https:\/\/www.visitbratislava.com\/wp-content\/uploads\/2017\/01\/gmb-pasaz-mateja-krena-_banner_na_titulku.jpg\" alt=\"gmb-pasaz-mateja-krena-_banner_na_titulku\" srcset=\"https:\/\/www.visitbratislava.com\/wp-content\/uploads\/2017\/01\/gmb-pasaz-mateja-krena-_banner_na_titulku.jpg 800w, https:\/\/www.visitbratislava.com\/wp-content\/uploads\/2017\/01\/gmb-pasaz-mateja-krena-_banner_na_titulku-400x180.jpg 400w, https:\/\/www.visitbratislava.com\/wp-content\/uploads\/2017\/01\/gmb-pasaz-mateja-krena-_banner_na_titulku-768x346.jpg 768w, https:\/\/www.visitbratislava.com\/wp-content\/uploads\/2017\/01\/gmb-pasaz-mateja-krena-_banner_na_titulku-200x90.jpg 200w, https:\/\/www.visitbratislava.com\/wp-content\/uploads\/2017\/01\/gmb-pasaz-mateja-krena-_banner_na_titulku-184x84.jpg 184w\" sizes=\"(max-width: 800px) 100vw, 800px\" \/><br \/>\nJedine\u010dn\u00fd projekt in\u0161talovan\u00fd v P\u00e1lffyho pal\u00e1ci (GMB) dosahuje il\u00faziu nekone\u010dn\u00e9ho priestoru vytvoren\u00e9ho kombin\u00e1ciou kn\u00edh a zrkadiel. In\u0161tal\u00e1cia bola ocenen\u00e1 mnoh\u00fdmi svetov\u00fdmi odborn\u00edkmi, vizualiz\u00e1cie a fotografie boli publikovan\u00e9 v najv\u00fdznamnej\u0161\u00edch svetov\u00fdch magaz\u00ednoch o v\u00fdtvarnom umen\u00ed.<strong><a href=\"https:\/\/www.visitbratislava.com\/sk\/miesta\/pasaz-mateja-krena\/\" target=\"_blank\" rel=\"noopener noreferrer\"><br \/>\n<\/a><\/strong><\/p>\n<p><strong>Vyu\u017eite z\u013eavu s <a href=\"https:\/\/www.visitbratislava.com\/sk\/bratislava-card\/\" target=\"_blank\" rel=\"noopener noreferrer\">Bratislava CARD City &amp; Region<\/a><\/strong><\/p>\n","protected":false},"excerpt":{"rendered":"<p>Ak pl\u00e1nujete v\u00fdlet do hlavn\u00e9ho mesta, ur\u010dite by ste nemali vynecha\u0165 tieto TOP pamiatky a atrakcie, ktor\u00e9 robia Bratislavu v\u00fdnimo\u010dnou.\u00a0Prejdite sa Bratislavou od historickej Starej radnice a\u017e po modern\u00e9 UFO. Bez n\u00e1v\u0161tevy t\u00fdchto turistick\u00fdch atrakci\u00ed sa z\u00a0Bratislavy jednoducho neodch\u00e1dza. Niektor\u00e9 z\u00a0nich s\u00fa \u00faplne zadarmo alebo za prijate\u013en\u00fd poplatok, pri\u010dom m\u00f4\u017eete vyu\u017ei\u0165 aj z\u013eavnen\u00e9 vstupn\u00e9. Najlep\u0161ie [&hellip;]<\/p>\n","protected":false},"author":21,"featured_media":18355,"parent":54331,"menu_order":0,"comment_status":"closed","ping_status":"closed","template":"","meta":[],"acf":[],"_links":{"self":[{"href":"https:\/\/www.visitbratislava.com\/sk\/wp-json\/wp\/v2\/pages\/55594"}],"collection":[{"href":"https:\/\/www.visitbratislava.com\/sk\/wp-json\/wp\/v2\/pages"}],"about":[{"href":"https:\/\/www.visitbratislava.com\/sk\/wp-json\/wp\/v2\/types\/page"}],"author":[{"embeddable":true,"href":"https:\/\/www.visitbratislava.com\/sk\/wp-json\/wp\/v2\/users\/21"}],"replies":[{"embeddable":true,"href":"https:\/\/www.visitbratislava.com\/sk\/wp-json\/wp\/v2\/comments?post=55594"}],"version-history":[{"count":0,"href":"https:\/\/www.visitbratislava.com\/sk\/wp-json\/wp\/v2\/pages\/55594\/revisions"}],"up":[{"embeddable":true,"href":"https:\/\/www.visitbratislava.com\/sk\/wp-json\/wp\/v2\/pages\/54331"}],"wp:featuredmedia":[{"embeddable":true,"href":"https:\/\/www.visitbratislava.com\/sk\/wp-json\/wp\/v2\/media\/18355"}],"wp:attachment":[{"href":"https:\/\/www.visitbratislava.com\/sk\/wp-json\/wp\/v2\/media?parent=55594"}],"curies":[{"name":"wp","href":"https:\/\/api.w.org\/{rel}","templated":true}]}}