{"id":58815,"date":"2019-05-07T16:09:05","date_gmt":"2019-05-07T14:09:05","guid":{"rendered":"https:\/\/www.visitbratislava.com\/?page_id=58815\/"},"modified":"2019-05-17T15:25:28","modified_gmt":"2019-05-17T13:25:28","slug":"skoruj-a-vyhraj","status":"publish","type":"page","link":"https:\/\/www.visitbratislava.com\/sk\/hokej\/skoruj-a-vyhraj\/","title":{"rendered":"Fandi a vyhraj"},"content":{"rendered":"<p><strong>Odfo\u0165te sa kdeko\u013evek v\u00a0Bratislave a\u00a0uk\u00e1\u017ete n\u00e1m, ako fand\u00edte svojmu t\u00edmu!<\/strong><\/p>\n<p>Zdie\u013eajte fotky na Instagrame s #hockeycity a #visitbratislava a vyhrajte <strong>pobyt v Bratislave<\/strong>, ve\u010deru v hodnote<strong> 50 \u20ac<\/strong>\u00a0<strong>v<\/strong> <strong>luxusnej re\u0161taur\u00e1ci\u00ed Marrol&#8217;s<\/strong> alebo turistick\u00fa kartu\u00a0<strong>Bratislava CARD City\u00a0&amp;\u00a0Region<\/strong>. Priamo vo <a href=\"https:\/\/www.visitbratislava.com\/sk\/vsetko-o-ms-v-hokeji-2019\/\">fanz\u00f3ne<\/a> m\u00f4\u017eete v st\u00e1nku Bratislavy za fotku z\u00edska\u0165 vstupenky na unik\u00e1tnu v\u00fdstavu dresov a artefaktov\u00a0<a href=\"https:\/\/www.visitbratislava.com\/sk\/podujatia\/vystava-slovenska-stopa-v-nhl\/\"><strong>Slovensk\u00e1 stopa v NHL<\/strong><\/a><strong>,<\/strong><strong>\u00a0<\/strong>tri\u010dko alebo slne\u010dn\u00e9 okuliare<strong>.<\/strong><\/p>\n<p>Chcete \u0161t\u00fdlov\u00fa hokejov\u00fa foto? Urobte si ju s jedn\u00fdm z na\u0161ich <strong>foto pointov<\/strong>, ktor\u00e9 n\u00e1jdete v centre mesta.<\/p>\n<p><img loading=\"lazy\" class=\"alignnone wp-image-59433 size-large\" src=\"https:\/\/www.visitbratislava.com\/wp-content\/uploads\/2019\/05\/fotopoint-800x533.jpg\" alt=\"\" width=\"800\" height=\"533\" srcset=\"https:\/\/www.visitbratislava.com\/wp-content\/uploads\/2019\/05\/fotopoint-800x533.jpg 800w, https:\/\/www.visitbratislava.com\/wp-content\/uploads\/2019\/05\/fotopoint-400x267.jpg 400w, https:\/\/www.visitbratislava.com\/wp-content\/uploads\/2019\/05\/fotopoint-768x512.jpg 768w, https:\/\/www.visitbratislava.com\/wp-content\/uploads\/2019\/05\/fotopoint-200x133.jpg 200w, https:\/\/www.visitbratislava.com\/wp-content\/uploads\/2019\/05\/fotopoint.jpg 2048w\" sizes=\"(max-width: 800px) 100vw, 800px\" \/><\/p>\n<p>&nbsp;<\/p>\n<p>Pravidl\u00e1 s\u00fa\u0165a\u017ee n\u00e1jdete <a href=\"https:\/\/www.visitbratislava.com\/wp-content\/uploads\/2019\/05\/pravdila-sutaze-sk.pdf\">TU<\/a>.<\/p>\n\n            <div \n                class=\"elfsight-widget-instagram-feed elfsight-widget\" \n                data-elfsight-instagram-feed-options=\"%7B%22sourceType%22%3Anull%2C%22apiChangesMessage%22%3Anull%2C%22apiDeprecatedMessage%22%3Anull%2C%22source%22%3A%5B%22%23hockeycity%22%5D%2C%22personalAccessToken%22%3A%22%22%2C%22businessAccessToken%22%3A%22%22%2C%22businessAccount%22%3A%22%22%2C%22businessHashtag%22%3A%22%23eiffeltower%22%2C%22filterOnly%22%3A%5B%22%23visitbratislava%22%5D%2C%22filterExcept%22%3A%5B%5D%2C%22limit%22%3A%22%22%2C%22order%22%3A%22date%22%2C%22layout%22%3A%22grid%22%2C%22postTemplate%22%3A%22tile%22%2C%22columns%22%3A4%2C%22rows%22%3A2%2C%22gutter%22%3A0%2C%22responsive%22%3A%5B%7B%22minWidth%22%3A375%2C%22columns%22%3A1%2C%22rows%22%3A1%2C%22gutter%22%3A%220%22%7D%2C%7B%22minWidth%22%3A768%2C%22columns%22%3A3%2C%22rows%22%3A2%2C%22gutter%22%3A%220%22%7D%5D%2C%22width%22%3A%22auto%22%2C%22callToActionButtons%22%3A%5B%7B%22postUrl%22%3A%22https%3A%5C%2F%5C%2Fwww.instagram.com%5C%2Fp%5C%2FBmr7eH0nyxQ%5C%2F%22%2C%22buttonLabel%22%3A%22Install%20Instagram%20Feed%20now%22%2C%22buttonLink%22%3A%22https%3A%5C%2F%5C%2Felfsight.com%5C%2Finstagram-feed-instashow%5C%2F%22%7D%2C%7B%22postUrl%22%3A%22https%3A%5C%2F%5C%2Fwww.instagram.com%5C%2Fp%5C%2FBmgZy5FnnQB%5C%2F%22%2C%22buttonLabel%22%3A%22Install%20Instagram%20Feed%20now%22%2C%22buttonLink%22%3A%22https%3A%5C%2F%5C%2Felfsight.com%5C%2Finstagram-feed-instashow%5C%2F%22%7D%2C%7B%22postUrl%22%3A%22https%3A%5C%2F%5C%2Fwww.instagram.com%5C%2Fp%5C%2FBmbbCfBndRU%5C%2F%22%2C%22buttonLabel%22%3A%22Install%20Instagram%20Feed%20now%22%2C%22buttonLink%22%3A%22https%3A%5C%2F%5C%2Felfsight.com%5C%2Finstagram-feed-instashow%5C%2F%22%7D%5D%2C%22postElements%22%3A%5B%22user%22%2C%22date%22%2C%22instagramLink%22%2C%22likesCount%22%2C%22commentsCount%22%2C%22share%22%2C%22text%22%5D%2C%22popupElements%22%3A%5B%22user%22%2C%22location%22%2C%22followButton%22%2C%22instagramLink%22%2C%22likesCount%22%2C%22share%22%2C%22text%22%2C%22comments%22%2C%22date%22%5D%2C%22imageClickAction%22%3A%22popup%22%2C%22sliderArrows%22%3Atrue%2C%22sliderDrag%22%3Atrue%2C%22sliderSpeed%22%3A0.59999999999999997779553950749686919152736663818359375%2C%22sliderAutoplay%22%3A%22%22%2C%22colorScheme%22%3A%22default%22%2C%22colorPostOverlayBg%22%3A%22rgba%280%2C%200%2C%200%2C%200.8%29%22%2C%22colorPostOverlayText%22%3A%22rgb%28255%2C%20255%2C%20255%29%22%2C%22colorPostBg%22%3A%22rgb%28255%2C%20255%2C%20255%29%22%2C%22colorPostText%22%3A%22rgb%280%2C%200%2C%200%29%22%2C%22colorPostLinks%22%3A%22rgb%280%2C%2053%2C%20107%29%22%2C%22colorSliderArrows%22%3A%22rgb%28255%2C%20255%2C%20255%29%22%2C%22colorSliderArrowsBg%22%3A%22rgba%280%2C%200%2C%200%2C%200.9%29%22%2C%22colorGridLoadMoreButton%22%3A%22rgb%2856%2C%20151%2C%20240%29%22%2C%22colorPopupOverlay%22%3A%22rgba%2843%2C%2043%2C%2043%2C%200.9%29%22%2C%22colorPopupBg%22%3A%22rgb%28255%2C%20255%2C%20255%29%22%2C%22colorPopupText%22%3A%22rgb%280%2C%200%2C%200%29%22%2C%22colorPopupLinks%22%3A%22rgb%280%2C%2053%2C%20105%29%22%2C%22colorPopupFollowButton%22%3A%22rgb%2856%2C%20151%2C%20240%29%22%2C%22colorPopupCtaButton%22%3A%22rgb%2856%2C%20151%2C%20240%29%22%2C%22widgetTitle%22%3A%22Snap%2C%20Share%20%26%20Win%22%2C%22lang%22%3A%22en%22%2C%22apiUrl%22%3A%22https%3A%5C%2F%5C%2Fwww.visitbratislava.com%5C%2Fsk%5C%2Fwp-json%5C%2Felfsight-instagram-feed%5C%2Fapi%22%2C%22apiProxyUrl%22%3A%22https%3A%5C%2F%5C%2Fwww.visitbratislava.com%5C%2Fsk%5C%2Fwp-json%5C%2Felfsight-instagram-feed%22%2C%22widgetId%22%3A%2212%22%7D\" \n                data-elfsight-instagram-feed-version=\"4.0.3\"\n                data-elfsight-widget-id=\"elfsight-instagram-feed-12\">\n            <\/div>\n            \n","protected":false},"excerpt":{"rendered":"<p>Odfo\u0165te sa kdeko\u013evek v\u00a0Bratislave a\u00a0uk\u00e1\u017ete n\u00e1m, ako fand\u00edte svojmu t\u00edmu! Zdie\u013eajte fotky na Instagrame s #hockeycity a #visitbratislava a vyhrajte pobyt v Bratislave, ve\u010deru v hodnote 50 \u20ac\u00a0v luxusnej re\u0161taur\u00e1ci\u00ed Marrol&#8217;s alebo turistick\u00fa kartu\u00a0Bratislava CARD City\u00a0&amp;\u00a0Region. Priamo vo fanz\u00f3ne m\u00f4\u017eete v st\u00e1nku Bratislavy za fotku z\u00edska\u0165 vstupenky na unik\u00e1tnu v\u00fdstavu dresov a artefaktov\u00a0Slovensk\u00e1 stopa v [&hellip;]<\/p>\n","protected":false},"author":25,"featured_media":59437,"parent":54331,"menu_order":0,"comment_status":"closed","ping_status":"closed","template":"","meta":[],"acf":[],"_links":{"self":[{"href":"https:\/\/www.visitbratislava.com\/sk\/wp-json\/wp\/v2\/pages\/58815"}],"collection":[{"href":"https:\/\/www.visitbratislava.com\/sk\/wp-json\/wp\/v2\/pages"}],"about":[{"href":"https:\/\/www.visitbratislava.com\/sk\/wp-json\/wp\/v2\/types\/page"}],"author":[{"embeddable":true,"href":"https:\/\/www.visitbratislava.com\/sk\/wp-json\/wp\/v2\/users\/25"}],"replies":[{"embeddable":true,"href":"https:\/\/www.visitbratislava.com\/sk\/wp-json\/wp\/v2\/comments?post=58815"}],"version-history":[{"count":0,"href":"https:\/\/www.visitbratislava.com\/sk\/wp-json\/wp\/v2\/pages\/58815\/revisions"}],"up":[{"embeddable":true,"href":"https:\/\/www.visitbratislava.com\/sk\/wp-json\/wp\/v2\/pages\/54331"}],"wp:featuredmedia":[{"embeddable":true,"href":"https:\/\/www.visitbratislava.com\/sk\/wp-json\/wp\/v2\/media\/59437"}],"wp:attachment":[{"href":"https:\/\/www.visitbratislava.com\/sk\/wp-json\/wp\/v2\/media?parent=58815"}],"curies":[{"name":"wp","href":"https:\/\/api.w.org\/{rel}","templated":true}]}}