{"id":58965,"date":"2019-05-13T16:22:32","date_gmt":"2019-05-13T14:22:32","guid":{"rendered":"https:\/\/www.visitbratislava.com\/?page_id=58965\/"},"modified":"2019-05-15T15:38:03","modified_gmt":"2019-05-15T13:38:03","slug":"kde-ochutnat-to-najlepsie-pivo","status":"publish","type":"page","link":"https:\/\/www.visitbratislava.com\/sk\/vlog\/kde-ochutnat-to-najlepsie-pivo\/","title":{"rendered":"Kde ochutna\u0165 to najlep\u0161ie pivo"},"content":{"rendered":"<p><iframe src=\"https:\/\/www.youtube.com\/embed\/wywpAlC4K1E\" width=\"1000\" height=\"500\" frameborder=\"0\" allowfullscreen=\"allowfullscreen\"><span data-mce-type=\"bookmark\" style=\"display: inline-block; width: 0px; overflow: hidden; line-height: 0;\" class=\"mce_SELRES_start\">\ufeff<\/span><span data-mce-type=\"bookmark\" style=\"display: inline-block; width: 0px; overflow: hidden; line-height: 0;\" class=\"mce_SELRES_start\">\ufeff<\/span><\/iframe><\/p>\n<p>Bratislava je pre piv\u00e1rov t\u00fdm spr\u00e1vnym miestom. V poslednom obdob\u00ed sa v meste vytvorila siln\u00e1 pivovarn\u00edcka sc\u00e9na &#8211; ochutna\u0165 m\u00f4\u017eete \u0161peci\u00e1lne remeseln\u00e9 piv\u00e1 od <strong>mal\u00fdch i v\u00e4\u010d\u0161\u00edch pivovarov<\/strong> alebo klasick\u00e9 piv\u00e1 v pr\u00edjemnom prostred\u00ed re\u0161taur\u00e1ci\u00ed a barov po celom meste.<\/p>\n<h2><strong><a href=\"http:\/\/www.dunajskypivovar.sk\/\" target=\"_blank\" rel=\"noopener\">Dunajsk\u00fd pivovar<\/a><\/strong><\/h2>\n<p><span style=\"font-weight: 400;\">T\u00e1to re\u0161taur\u00e1cia pon\u00faka unik\u00e1tnu mo\u017enos\u0165 vychutna\u0165 si v\u00fdborn\u00e9 pivo v jedine\u010dnom pivovare nach\u00e1dzaj\u00facom sa <strong>priamo na Dunaji.<\/strong> Ak ste fan\u00fa\u0161ikom piva, ur\u010dite ocen\u00edte mo\u017enos\u0165 by\u0165 svedkom cel\u00e9ho v\u00fdrobn\u00e9ho procesu. N\u00e1dhern\u00fd v\u00fdh\u013ead je samozrejmos\u0165ou.<\/span><\/p>\n<p><img loading=\"lazy\" width=\"800\" height=\"532\" class=\"alignnone size-large wp-image-36229\" src=\"https:\/\/www.visitbratislava.com\/wp-content\/uploads\/2017\/09\/d7nvmwgv9wcyqguml90s_full-800x532.jpg\" alt=\"\" srcset=\"https:\/\/www.visitbratislava.com\/wp-content\/uploads\/2017\/09\/d7nvmwgv9wcyqguml90s_full-800x532.jpg 800w, https:\/\/www.visitbratislava.com\/wp-content\/uploads\/2017\/09\/d7nvmwgv9wcyqguml90s_full-400x266.jpg 400w, https:\/\/www.visitbratislava.com\/wp-content\/uploads\/2017\/09\/d7nvmwgv9wcyqguml90s_full-768x511.jpg 768w, https:\/\/www.visitbratislava.com\/wp-content\/uploads\/2017\/09\/d7nvmwgv9wcyqguml90s_full-200x133.jpg 200w, https:\/\/www.visitbratislava.com\/wp-content\/uploads\/2017\/09\/d7nvmwgv9wcyqguml90s_full.jpg 1353w\" sizes=\"(max-width: 800px) 100vw, 800px\" \/><\/p>\n<p><em>Foto: dunajskypivovar.sk<\/em><\/p>\n<h2><a href=\"http:\/\/dunajska.mestianskypivovar.sk\/\" target=\"_blank\" rel=\"noopener\"><span style=\"font-weight: 400;\"><strong>Bratislavsk\u00fd me\u0161tiansky pivovar (Dunajsk\u00e1 ulica)<\/strong><\/span><\/a><\/h2>\n<p><span style=\"font-weight: 400;\">Me\u0161tiansk\u00fd pivovar na Dunajskej ulici je skvel\u00fdm miestom, kde si m\u00f4\u017eete vychutna\u0165 v\u00fdborn\u00e9, <strong>priamo na mieste uvaren\u00e9 pivo<\/strong> a jedine\u010dn\u00fa bratislavsk\u00fa kuchy\u0148u.<\/span><\/p>\n<p><img loading=\"lazy\" class=\"alignnone wp-image-58372 size-large\" src=\"https:\/\/www.visitbratislava.com\/wp-content\/uploads\/2019\/04\/MG_3339-800x533.jpg\" alt=\"\" width=\"800\" height=\"533\" srcset=\"https:\/\/www.visitbratislava.com\/wp-content\/uploads\/2019\/04\/MG_3339-800x533.jpg 800w, https:\/\/www.visitbratislava.com\/wp-content\/uploads\/2019\/04\/MG_3339-400x267.jpg 400w, https:\/\/www.visitbratislava.com\/wp-content\/uploads\/2019\/04\/MG_3339-768x512.jpg 768w, https:\/\/www.visitbratislava.com\/wp-content\/uploads\/2019\/04\/MG_3339-200x133.jpg 200w\" sizes=\"(max-width: 800px) 100vw, 800px\" \/><\/p>\n<h2><strong><a href=\"http:\/\/klastornypivovar.sk\/\" target=\"_blank\" rel=\"noopener\">Kl\u00e1\u0161torn\u00fd pivovar<\/a><\/strong><\/h2>\n<p><span style=\"font-weight: 400;\">Pr\u00ed\u010fte ochutna\u0165 Kl\u00e1\u0161torn\u00fd le\u017eiak, uvaren\u00fd pomocou starod\u00e1vneho<strong> fermenta\u010dn\u00e9ho procesu<\/strong> z t\u00fdch najlep\u0161\u00edch \u010derstv\u00fdch ingredienci\u00ed, pod drobnoh\u013eadom sk\u00fasen\u00fdch sl\u00e1dkov.<\/span><\/p>\n<h2><img loading=\"lazy\" class=\"alignnone wp-image-10951 size-large\" src=\"https:\/\/www.visitbratislava.com\/wp-content\/uploads\/2016\/02\/DSC_9182-2-800x482.jpg\" alt=\"\" width=\"800\" height=\"482\" srcset=\"https:\/\/www.visitbratislava.com\/wp-content\/uploads\/2016\/02\/DSC_9182-2-800x482.jpg 800w, https:\/\/www.visitbratislava.com\/wp-content\/uploads\/2016\/02\/DSC_9182-2-400x241.jpg 400w, https:\/\/www.visitbratislava.com\/wp-content\/uploads\/2016\/02\/DSC_9182-2-768x463.jpg 768w, https:\/\/www.visitbratislava.com\/wp-content\/uploads\/2016\/02\/DSC_9182-2-200x120.jpg 200w\" sizes=\"(max-width: 800px) 100vw, 800px\" \/><\/h2>\n<h2><strong><a href=\"http:\/\/www.slovakpub.sk\/sk\/\" target=\"_blank\" rel=\"noopener\">Slovak Pub<\/a><\/strong><\/h2>\n<p><span style=\"font-weight: 400;\">Tradi\u010dn\u00fd slovensk\u00fd pub so starod\u00e1vnou atmosf\u00e9rou, kde si m\u00f4\u017eete zvoli\u0165 z <strong>najv\u00e4\u010d\u0161ieho v\u00fdberu<\/strong> slovensk\u00fdch p\u00edv \u010di jed\u00e1l.<\/span><\/p>\n<h2><img loading=\"lazy\" class=\"alignnone wp-image-12033 size-large\" src=\"https:\/\/www.visitbratislava.com\/wp-content\/uploads\/2015\/05\/slovak_pub6-800x533.jpg\" alt=\"\" width=\"800\" height=\"533\" srcset=\"https:\/\/www.visitbratislava.com\/wp-content\/uploads\/2015\/05\/slovak_pub6-800x533.jpg 800w, https:\/\/www.visitbratislava.com\/wp-content\/uploads\/2015\/05\/slovak_pub6-400x267.jpg 400w, https:\/\/www.visitbratislava.com\/wp-content\/uploads\/2015\/05\/slovak_pub6-768x512.jpg 768w, https:\/\/www.visitbratislava.com\/wp-content\/uploads\/2015\/05\/slovak_pub6-200x133.jpg 200w, https:\/\/www.visitbratislava.com\/wp-content\/uploads\/2015\/05\/slovak_pub6.jpg 960w\" sizes=\"(max-width: 800px) 100vw, 800px\" \/><\/h2>\n<h2><strong style=\"text-align: center; white-space: nowrap;\"><a href=\"https:\/\/www.fabrikapub.sk\/sk\" target=\"_blank\" rel=\"noopener\">Fabrika &#8211; The Beer Pub<\/a><\/strong><\/h2>\n<p><span style=\"font-weight: 400;\">\u0160t\u00fdlov\u00fd pub, ktor\u00fd okrem vlastn\u00e9ho piva pon\u00faka aj v\u00fdborn\u00e9 jedl\u00e1 ako napr\u00edklad ich vych\u00fdren\u00fd <strong>Fabrika burger.<\/strong><\/span><\/p>\n<blockquote class=\"instagram-media\" style=\"background: #FFF; border: 0; border-radius: 3px; box-shadow: 0 0 1px 0 rgba(0,0,0,0.5),0 1px 10px 0 rgba(0,0,0,0.15); margin: 1px; max-width: 658px; padding: 0; width: calc(100% - 2px);\" data-instgrm-captioned=\"\" data-instgrm-version=\"7\">\n<div style=\"padding: 8px;\">\n<div style=\"background: #F8F8F8; line-height: 0; margin-top: 40px; padding: 50.0% 0; text-align: center; width: 100%;\"><\/div>\n<p style=\"margin: 8px 0 0 0; padding: 0 4px;\"><a style=\"color: #000; font-family: Arial,sans-serif; font-size: 14px; font-style: normal; font-weight: normal; line-height: 17px; text-decoration: none; word-wrap: break-word;\" href=\"https:\/\/www.instagram.com\/p\/BZA9yCkAn4Z\/\" target=\"_blank\" rel=\"noopener\">Loving the great food and great design at Fabrika at our hotel. \u2022 \u2022 #fabrikathebeerpub #loftbratislava #craftbeer #craftbrew #beer #slovakbeer #food #foodie #foodstagram #finefoodsblog #travel #europe #bratislava #slovakia<\/a><\/p>\n<p style=\"color: #c9c8cd; font-family: Arial,sans-serif; font-size: 14px; line-height: 17px; margin-bottom: 0; margin-top: 8px; overflow: hidden; padding: 8px 0 7px; text-align: center; text-overflow: ellipsis; white-space: nowrap;\">Pr\u00edspevok, ktor\u00fd zdie\u013ea Debra (@finefoodsblog), <time style=\"font-family: Arial,sans-serif; font-size: 14px; line-height: 17px;\" datetime=\"2017-09-14T08:40:57+00:00\">Sep 14, 2017 o 1:40 PDT<\/time><\/p>\n<\/div>\n<\/blockquote>\n<p><script async defer src=\"\/\/platform.instagram.com\/en_US\/embeds.js\"><\/script><\/p>\n<h2><a href=\"https:\/\/www.tripadvisor.sk\/LocationPhotoDirectLink-g274924-d3158603-i46189583-U_Certa-Bratislava_Bratislava_Region.html\" target=\"_blank\" rel=\"noopener\"><strong>U \u010derta<\/strong><\/a><\/h2>\n<p><span style=\"font-weight: 400;\">Zaujimav\u00fd podnik s jedine\u010dnou <strong>\u017eivou atmosf\u00e9rou<\/strong>, no v piatok ve\u010der pr\u00ed\u010fte sk\u00f4r, nako\u013eko sa zvykne r\u00fdchlo zaplni\u0165.<\/span><\/p>\n\n            <div \n                class=\"elfsight-widget-instagram-feed elfsight-widget\" \n                data-elfsight-instagram-feed-options=\"%7B%22sourceType%22%3Anull%2C%22apiChangesMessage%22%3Anull%2C%22apiDeprecatedMessage%22%3Anull%2C%22source%22%3A%5B%22https%3A%5C%2F%5C%2Fwww.instagram.com%5C%2Fp%5C%2FBiSVN11nXt1%5C%2F%3Ftagged%3Du%25C4%258Derta%22%5D%2C%22personalAccessToken%22%3A%22%22%2C%22businessAccessToken%22%3A%22%22%2C%22businessAccount%22%3A%22%22%2C%22businessHashtag%22%3A%22%23eiffeltower%22%2C%22filterOnly%22%3A%5B%5D%2C%22filterExcept%22%3A%5B%5D%2C%22limit%22%3A%22%22%2C%22order%22%3A%22date%22%2C%22layout%22%3A%22slider%22%2C%22postTemplate%22%3A%22tile%22%2C%22columns%22%3A1%2C%22rows%22%3A2%2C%22gutter%22%3A0%2C%22responsive%22%3A%5B%7B%22minWidth%22%3A375%2C%22columns%22%3A1%2C%22rows%22%3A1%2C%22gutter%22%3A%220%22%7D%2C%7B%22minWidth%22%3A768%2C%22columns%22%3A3%2C%22rows%22%3A2%2C%22gutter%22%3A%220%22%7D%5D%2C%22width%22%3A%22600%22%2C%22callToActionButtons%22%3A%5B%7B%22postUrl%22%3A%22https%3A%5C%2F%5C%2Fwww.instagram.com%5C%2Fp%5C%2FBcknqVZHtD3%5C%2F%22%2C%22buttonLabel%22%3A%22Install%20Instagram%20Feed%20now%22%2C%22buttonLink%22%3A%22https%3A%5C%2F%5C%2Felfsight.com%5C%2Finstagram-feed-instashow%5C%2F%22%7D%2C%7B%22postUrl%22%3A%22https%3A%5C%2F%5C%2Fwww.instagram.com%5C%2Fp%5C%2FBbSBRarnOik%5C%2F%22%2C%22buttonLabel%22%3A%22Install%20Instagram%20Feed%20now%22%2C%22buttonLink%22%3A%22https%3A%5C%2F%5C%2Felfsight.com%5C%2Finstagram-feed-instashow%5C%2F%22%7D%2C%7B%22postUrl%22%3A%22https%3A%5C%2F%5C%2Fwww.instagram.com%5C%2Fp%5C%2FBa9NwWLHaEx%5C%2F%22%2C%22buttonLabel%22%3A%22Install%20Instagram%20Feed%20now%22%2C%22buttonLink%22%3A%22https%3A%5C%2F%5C%2Felfsight.com%5C%2Finstagram-feed-instashow%5C%2F%22%7D%5D%2C%22postElements%22%3A%5B%22user%22%2C%22date%22%5D%2C%22popupElements%22%3A%5B%22user%22%2C%22location%22%2C%22followButton%22%5D%2C%22imageClickAction%22%3A%22popup%22%2C%22sliderArrows%22%3Atrue%2C%22sliderDrag%22%3Atrue%2C%22sliderSpeed%22%3A0.59999999999999997779553950749686919152736663818359375%2C%22sliderAutoplay%22%3A%22%22%2C%22colorScheme%22%3A%22default%22%2C%22colorPostOverlayBg%22%3A%22rgba%280%2C%200%2C%200%2C%200.8%29%22%2C%22colorPostOverlayText%22%3A%22rgb%28255%2C%20255%2C%20255%29%22%2C%22colorPostBg%22%3A%22rgb%28255%2C%20255%2C%20255%29%22%2C%22colorPostText%22%3A%22rgb%280%2C%200%2C%200%29%22%2C%22colorPostLinks%22%3A%22rgb%280%2C%2053%2C%20107%29%22%2C%22colorSliderArrows%22%3A%22rgb%28255%2C%20255%2C%20255%29%22%2C%22colorSliderArrowsBg%22%3A%22rgba%280%2C%200%2C%200%2C%200.9%29%22%2C%22colorGridLoadMoreButton%22%3A%22rgb%2856%2C%20151%2C%20240%29%22%2C%22colorPopupOverlay%22%3A%22rgba%2843%2C%2043%2C%2043%2C%200.9%29%22%2C%22colorPopupBg%22%3A%22rgb%28255%2C%20255%2C%20255%29%22%2C%22colorPopupText%22%3A%22rgb%280%2C%200%2C%200%29%22%2C%22colorPopupLinks%22%3A%22rgb%280%2C%2053%2C%20105%29%22%2C%22colorPopupFollowButton%22%3A%22rgb%2856%2C%20151%2C%20240%29%22%2C%22colorPopupCtaButton%22%3A%22rgb%2856%2C%20151%2C%20240%29%22%2C%22widgetTitle%22%3A%22%22%2C%22lang%22%3A%22en%22%2C%22apiUrl%22%3A%22https%3A%5C%2F%5C%2Fwww.visitbratislava.com%5C%2Fsk%5C%2Fwp-json%5C%2Felfsight-instagram-feed%5C%2Fapi%22%2C%22apiProxyUrl%22%3A%22https%3A%5C%2F%5C%2Fwww.visitbratislava.com%5C%2Fsk%5C%2Fwp-json%5C%2Felfsight-instagram-feed%22%2C%22widgetId%22%3A%227%22%7D\" \n                data-elfsight-instagram-feed-version=\"4.0.3\"\n                data-elfsight-widget-id=\"elfsight-instagram-feed-7\">\n            <\/div>\n            \n<p><script async defer src=\"\/\/platform.instagram.com\/en_US\/embeds.js\"><\/script><\/p>\n<h2><strong><a href=\"http:\/\/www.beerpalace.sk\/\" target=\"_blank\" rel=\"noopener\">Beer Palace<\/a><\/strong><\/h2>\n<p><span style=\"font-weight: 400;\">Skuto\u010dn\u00fd <strong>historick\u00fd pivn\u00fd pal\u00e1c z 16. storo\u010dia<\/strong> nach\u00e1dzaj\u00faci sa priamo v srdci Bratislavy pon\u00faka to najlep\u0161ie nepasterizovan\u00e9 pivo priamo z origin\u00e1lnych tankov.<\/span><\/p>\n<blockquote class=\"instagram-media\" style=\"background: #FFF; border: 0; border-radius: 3px; box-shadow: 0 0 1px 0 rgba(0,0,0,0.5),0 1px 10px 0 rgba(0,0,0,0.15); margin: 1px; max-width: 658px; padding: 0; width: calc(100% - 2px);\" data-instgrm-captioned=\"\" data-instgrm-version=\"7\">\n<div style=\"padding: 8px;\">\n<div style=\"background: #F8F8F8; line-height: 0; margin-top: 40px; padding: 50.0% 0; text-align: center; width: 100%;\"><\/div>\n<p style=\"margin: 8px 0 0 0; padding: 0 4px;\"><a style=\"color: #000; font-family: Arial,sans-serif; font-size: 14px; font-style: normal; font-weight: normal; line-height: 17px; text-decoration: none; word-wrap: break-word;\" href=\"https:\/\/www.instagram.com\/p\/BVOv-r-DCkp\/\" target=\"_blank\" rel=\"noopener\">Staropramen ;) #beer #tank #alcohol #pub #restaurant #staropramen #pivo #pivaren #beerpalacesk #dnespijem #kamdomesta #foodphotgraphy #drink #drinkphotography #freshbeer #photography #bratislava #cold #milansabophotography<\/a><\/p>\n<p style=\"color: #c9c8cd; font-family: Arial,sans-serif; font-size: 14px; line-height: 17px; margin-bottom: 0; margin-top: 8px; overflow: hidden; padding: 8px 0 7px; text-align: center; text-overflow: ellipsis; white-space: nowrap;\">Pr\u00edspevok, ktor\u00fd zdie\u013ea Milan Sabo (@milankatkin), <time style=\"font-family: Arial,sans-serif; font-size: 14px; line-height: 17px;\" datetime=\"2017-06-12T07:04:08+00:00\">J\u00fan 12, 2017 o 12:04 PDT<\/time><\/p>\n<\/div>\n<\/blockquote>\n<p><script async defer src=\"\/\/platform.instagram.com\/en_US\/embeds.js\"><\/script><\/p>\n<h2><a href=\"https:\/\/www.tripadvisor.sk\/Attraction_Review-g274924-d7066384-Reviews-Cierny_pes-Bratislava_Bratislava_Region.html\" target=\"_blank\" rel=\"noopener\"><strong>\u010cierny pes<\/strong><\/a><\/h2>\n<p><span style=\"font-weight: 400;\">Ak chcete unikn\u00fa\u0165 ruchu ul\u00edc historick\u00e9ho centra, tento <strong>mal\u00fd, \u00fatuln\u00fd pub<\/strong>\u00a0situovan\u00fd v \u00fazkej a tichej uli\u010dke je perfektn\u00e9 miesto na nefal\u0161ovan\u00fd pivn\u00fd z\u00e1\u017eitok.<\/span><\/p>\n<p><iframe style=\"border: none; overflow: hidden;\" src=\"https:\/\/www.facebook.com\/plugins\/post.php?href=https%3A%2F%2Fwww.facebook.com%2F220771667967534%2Fphotos%2Fa.365029656875067.88645.220771667967534%2F1497319630312725%2F%3Ftype%3D3&amp;width=1000&amp;show_text=true&amp;height=514&amp;appId\" width=\"1000\" height=\"640\" frameborder=\"0\" scrolling=\"no\"><\/iframe><\/p>\n<p>Po pive m\u00f4\u017eete pokra\u010dova\u0165 do jedn\u00e9ho z barov alebo diskot\u00e9k Bratislavy a u\u017ei\u0165 si jej <strong><a href=\"https:\/\/www.visitbratislava.com\/sk\/vlog\/v-bratislave-to-zije-aj-v-noci\/\">no\u010dn\u00fd \u017eivot<\/a><\/strong>.<\/p>\n","protected":false},"excerpt":{"rendered":"<p>\ufeff\ufeff Bratislava je pre piv\u00e1rov t\u00fdm spr\u00e1vnym miestom. V poslednom obdob\u00ed sa v meste vytvorila siln\u00e1 pivovarn\u00edcka sc\u00e9na &#8211; ochutna\u0165 m\u00f4\u017eete \u0161peci\u00e1lne remeseln\u00e9 piv\u00e1 od mal\u00fdch i v\u00e4\u010d\u0161\u00edch pivovarov alebo klasick\u00e9 piv\u00e1 v pr\u00edjemnom prostred\u00ed re\u0161taur\u00e1ci\u00ed a barov po celom meste. Dunajsk\u00fd pivovar T\u00e1to re\u0161taur\u00e1cia pon\u00faka unik\u00e1tnu mo\u017enos\u0165 vychutna\u0165 si v\u00fdborn\u00e9 pivo v jedine\u010dnom pivovare [&hellip;]<\/p>\n","protected":false},"author":25,"featured_media":59001,"parent":46397,"menu_order":0,"comment_status":"closed","ping_status":"closed","template":"","meta":[],"acf":[],"_links":{"self":[{"href":"https:\/\/www.visitbratislava.com\/sk\/wp-json\/wp\/v2\/pages\/58965"}],"collection":[{"href":"https:\/\/www.visitbratislava.com\/sk\/wp-json\/wp\/v2\/pages"}],"about":[{"href":"https:\/\/www.visitbratislava.com\/sk\/wp-json\/wp\/v2\/types\/page"}],"author":[{"embeddable":true,"href":"https:\/\/www.visitbratislava.com\/sk\/wp-json\/wp\/v2\/users\/25"}],"replies":[{"embeddable":true,"href":"https:\/\/www.visitbratislava.com\/sk\/wp-json\/wp\/v2\/comments?post=58965"}],"version-history":[{"count":0,"href":"https:\/\/www.visitbratislava.com\/sk\/wp-json\/wp\/v2\/pages\/58965\/revisions"}],"up":[{"embeddable":true,"href":"https:\/\/www.visitbratislava.com\/sk\/wp-json\/wp\/v2\/pages\/46397"}],"wp:featuredmedia":[{"embeddable":true,"href":"https:\/\/www.visitbratislava.com\/sk\/wp-json\/wp\/v2\/media\/59001"}],"wp:attachment":[{"href":"https:\/\/www.visitbratislava.com\/sk\/wp-json\/wp\/v2\/media?parent=58965"}],"curies":[{"name":"wp","href":"https:\/\/api.w.org\/{rel}","templated":true}]}}