{"id":59010,"date":"2019-05-13T17:30:43","date_gmt":"2019-05-13T15:30:43","guid":{"rendered":"https:\/\/www.visitbratislava.com\/?page_id=59010\/"},"modified":"2019-05-15T11:59:39","modified_gmt":"2019-05-15T09:59:39","slug":"v-bratislave-to-zije-aj-v-noci","status":"publish","type":"page","link":"https:\/\/www.visitbratislava.com\/sk\/vlog\/v-bratislave-to-zije-aj-v-noci\/","title":{"rendered":"V Bratislave to \u017eije aj v noci"},"content":{"rendered":"<p><iframe src=\"https:\/\/www.youtube.com\/embed\/PE8Hw2Jg1ms\" width=\"1000\" height=\"500\" frameborder=\"0\" allowfullscreen=\"allowfullscreen\"><span data-mce-type=\"bookmark\" style=\"display: inline-block; width: 0px; overflow: hidden; line-height: 0;\" class=\"mce_SELRES_start\">\ufeff<\/span><span data-mce-type=\"bookmark\" style=\"display: inline-block; width: 0px; overflow: hidden; line-height: 0;\" class=\"mce_SELRES_start\">\ufeff<\/span><\/iframe><br \/>\n<span style=\"font-weight: 400;\">Bratislava nie je len hrad vyp\u00ednaj\u00faci sa nad mestom, historick\u00e9 m\u00faze\u00e1 alebo gal\u00e9rie modern\u00e9ho umenia. \u017divot v meste pokra\u010duje bohatou ponukou aj po z\u00e1pade slnka. Po naplno pre\u017eitom dni v uliciach mesta zamierte do hudobn\u00fdch klubov, na diskot\u00e9ky \u010di do kabaretov. N\u00e1jdete ich nielen v historick\u00fdch budov\u00e1ch, ale aj na lodi \u010di v protiat\u00f3movom kryte. Na svoje si pr\u00eddu milovn\u00edci elektrickej hudby, retro z\u00e1bavy, hip hopu, rockovej \u010di latino hudby. <\/span><\/p>\n<p><span style=\"font-weight: 400;\">\u017divot v kluboch sa naplno rozbieha a\u017e v neskor\u0161\u00edch hodin\u00e1ch, tak\u017ee m\u00e1te \u010das za\u010da\u0165 ve\u010der poh\u00e1rom dobr\u00e9ho v\u00edna vo vin\u00e1rni V\u00ednimka \u010di ochutna\u0165 miestnu ponuku v <a href=\"https:\/\/www.visitbratislava.com\/sk\/miesta\/mestiansky-pivovar-na-dunajskej-ulici\/\">Bratislavskom me\u0161tianskom pivovare<\/a>. V st\u00e1nkoch roztr\u00fasen\u00fdch po celom centre mesta zas n\u00e1jdete street food od v\u00fdmyslu sveta.<\/span><\/p>\n<p><img loading=\"lazy\" class=\"alignnone wp-image-59025 size-large\" src=\"https:\/\/www.visitbratislava.com\/wp-content\/uploads\/2019\/05\/TheClub-800x450.jpg\" alt=\"\" width=\"800\" height=\"450\" srcset=\"https:\/\/www.visitbratislava.com\/wp-content\/uploads\/2019\/05\/TheClub-800x450.jpg 800w, https:\/\/www.visitbratislava.com\/wp-content\/uploads\/2019\/05\/TheClub-400x225.jpg 400w, https:\/\/www.visitbratislava.com\/wp-content\/uploads\/2019\/05\/TheClub-768x432.jpg 768w, https:\/\/www.visitbratislava.com\/wp-content\/uploads\/2019\/05\/TheClub-200x112.jpg 200w\" sizes=\"(max-width: 800px) 100vw, 800px\" \/><\/p>\n<h2><strong>Hudba v bunkri<\/strong><\/h2>\n<p><span style=\"font-weight: 400;\"><a href=\"https:\/\/www.visitbratislava.com\/sk\/miesta\/subclub-subcultures-music-club-2\/\">Subclub<\/a> v b\u00fdvalom protiat\u00f3movom bunkri vybudovanom v hradnej skale patr\u00ed ku kultov\u00fdm bratislavsk\u00fdm klubom. Za svoju \u0161pecifick\u00fa atmosf\u00e9ru v\u010fa\u010d\u00ed kombin\u00e1cii vojenskej strohosti a surovej bet\u00f3novej architekt\u00fary. Dnes sa tu hr\u00e1 hlavne drum\u2019n\u2019bass, techno, indie, hardcore, jungle, dubstep, reggae \u010di gothic.<\/span><\/p>\n<p><span style=\"font-weight: 400;\">\u201eSubclub ovplyvnil u\u017e dve gener\u00e1cie mlad\u00fdch \u013eud\u00ed v hlavnom meste a vy\u0161la z neho siln\u00e1, medzin\u00e1rodne uzn\u00e1van\u00e1 techno sc\u00e9na,\u201c hovor\u00ed spisovate\u013e Michal Hvoreck\u00fd, ktor\u00fd tomuto \u0161peci\u00e1lnemu miestu venoval jednu zo svojich poviedok.<\/span><\/p>\n<p><img loading=\"lazy\" class=\"alignnone wp-image-59021 size-large\" src=\"https:\/\/www.visitbratislava.com\/wp-content\/uploads\/2019\/05\/Subclub-800x531.jpg\" alt=\"\" width=\"800\" height=\"531\" srcset=\"https:\/\/www.visitbratislava.com\/wp-content\/uploads\/2019\/05\/Subclub-800x531.jpg 800w, https:\/\/www.visitbratislava.com\/wp-content\/uploads\/2019\/05\/Subclub-400x266.jpg 400w, https:\/\/www.visitbratislava.com\/wp-content\/uploads\/2019\/05\/Subclub-768x510.jpg 768w, https:\/\/www.visitbratislava.com\/wp-content\/uploads\/2019\/05\/Subclub-200x133.jpg 200w\" sizes=\"(max-width: 800px) 100vw, 800px\" \/><\/p>\n<p><span style=\"font-weight: 400;\">\u010eal\u0161\u00edm legend\u00e1rnym klubom umiestnen\u00fdm v netradi\u010dn\u00fdch priestoroch je <a href=\"https:\/\/www.visitbratislava.com\/sk\/miesta\/trafo-music-bar\/\">Trafo<\/a> s funk\u010dnou trafostanicou priamo v interi\u00e9ri klubu. Zameriava sa na hip-hop, R\u2019n\u2019B a EDM. Na oldies sa vydajte do Luna Baru s origin\u00e1lnym interi\u00e9rom zo 70. rokov minul\u00e9ho storo\u010dia. N\u00e1jdete ho v hoteli Kyjev, kedysi jednom z najreprezentat\u00edvnej\u0161\u00edch hotelov v meste. V klube <a href=\"https:\/\/www.visitbratislava.com\/sk\/miesta\/barrock\/\">Barrock<\/a> si na svoje pr\u00eddu rockeri, zatia\u013e \u010do <a href=\"https:\/\/www.visitbratislava.com\/sk\/miesta\/nuspirit-bar\/\">Nu Spirit Bar<\/a> sa zameriava na undergroundov\u00fa sc\u00e9nu. Ak ste dr\u017eite\u013eom turistickej karty <a href=\"http:\/\/card.visitbratislava.com\/sk\/\">Bratislava CARD City &amp; Region<\/a> dostanete tu z\u013eavu na vstupnom a welcome drink zadarmo.<\/span><\/p>\n<p><span style=\"font-weight: 400;\">V Bratislave m\u00f4\u017eete za\u017ei\u0165 aj plavbu na p\u00e1rty lodi \u010di diskot\u00e9ku na plavidl\u00e1ch, ktor\u00e9 kotvia na brehu Dunaja. Viacer\u00e9 z nich prebudovali, aby ste si v nich u\u017eili z\u00e1bavu.<\/span><\/p>\n<p><img loading=\"lazy\" class=\"alignnone wp-image-59049 size-large\" src=\"https:\/\/www.visitbratislava.com\/wp-content\/uploads\/2019\/05\/foto-5-800x449.jpg\" alt=\"\" width=\"800\" height=\"449\" srcset=\"https:\/\/www.visitbratislava.com\/wp-content\/uploads\/2019\/05\/foto-5-800x449.jpg 800w, https:\/\/www.visitbratislava.com\/wp-content\/uploads\/2019\/05\/foto-5-400x225.jpg 400w, https:\/\/www.visitbratislava.com\/wp-content\/uploads\/2019\/05\/foto-5-768x431.jpg 768w, https:\/\/www.visitbratislava.com\/wp-content\/uploads\/2019\/05\/foto-5-200x112.jpg 200w, https:\/\/www.visitbratislava.com\/wp-content\/uploads\/2019\/05\/foto-5.jpg 1616w\" sizes=\"(max-width: 800px) 100vw, 800px\" \/><\/p>\n<h2><strong>Z klubu do klubu<\/strong><\/h2>\n<p><span style=\"font-weight: 400;\">Najlep\u0161\u00edm a najexkluz\u00edvnej\u0161\u00edm klubom v meste je <a href=\"https:\/\/www.visitbratislava.com\/sk\/miesta\/the-club\/\">The Club<\/a> v priestoroch ned\u00e1vno zrekon\u0161truovan\u00e9ho hotela Park Inn Danube. Nach\u00e1dza sa na za\u010diatku l\u00ednie hudobn\u00fdch klubov, ktor\u00e1 sa vinie od Hviezdoslavovho n\u00e1mestia cez Vent\u00farsku, Michalsk\u00fa a Obchodn\u00fa ulicu. Najm\u00e4 cez v\u00edkendy sa t\u00e1to \u010das\u0165 Star\u00e9ho Mesta vyzna\u010duje pulzuj\u00facim no\u010dn\u00fdm \u017eivotom.<\/span><\/p>\n<p><span style=\"font-weight: 400;\">\u0160peci\u00e1lne z\u00e1\u017eitky na v\u00e1s v noci \u010dakaj\u00fa v autentickom <a href=\"https:\/\/www.visitbratislava.com\/sk\/miesta\/red-cat-cabaret-club\/\">Red Cat Cabaret<\/a>e. N\u00e1jdete tu nielen zmyseln\u00e9 \u0161ou a atrakt\u00edvnych host\u00ed, ale aj v\u00fdber kvalitn\u00fdch v\u00edn. Dr\u017eitelia turistickej karty tu maj\u00fa z\u013eavu 10 percent na konzum\u00e1ciu n\u00e1pojov.<\/span><\/p>\n<p><img loading=\"lazy\" class=\"alignnone wp-image-59029 size-large\" src=\"https:\/\/www.visitbratislava.com\/wp-content\/uploads\/2019\/05\/UFO-hlavna-fotka_UFO-watch.taste_.groove-800x533.jpg\" alt=\"\" width=\"800\" height=\"533\" srcset=\"https:\/\/www.visitbratislava.com\/wp-content\/uploads\/2019\/05\/UFO-hlavna-fotka_UFO-watch.taste_.groove-800x533.jpg 800w, https:\/\/www.visitbratislava.com\/wp-content\/uploads\/2019\/05\/UFO-hlavna-fotka_UFO-watch.taste_.groove-400x267.jpg 400w, https:\/\/www.visitbratislava.com\/wp-content\/uploads\/2019\/05\/UFO-hlavna-fotka_UFO-watch.taste_.groove-768x512.jpg 768w, https:\/\/www.visitbratislava.com\/wp-content\/uploads\/2019\/05\/UFO-hlavna-fotka_UFO-watch.taste_.groove-200x133.jpg 200w\" sizes=\"(max-width: 800px) 100vw, 800px\" \/><\/p>\n<h2><strong>No\u010dn\u00e1 romantika<\/strong><\/h2>\n<p><span style=\"font-weight: 400;\">Nel\u00e1kaj\u00fa v\u00e1s hlu\u010dn\u00e9 kluby? Vyberte sa na niektor\u00fa z no\u010dn\u00fdch prehliadok, ktor\u00e9 organizuje \u00a0Agent\u00fara Luka. Spravidla za\u010d\u00ednaj\u00fa jazdou no\u010dn\u00fdm mestom okolo vysvieten\u00e9ho prezidentsk\u00e9ho pal\u00e1ca, nasleduje zast\u00e1vka na Bratislavskom hrade a potom v\u00fdh\u013ead z terasy bratislavsk\u00e9ho <a href=\"https:\/\/www.visitbratislava.com\/sk\/miesta\/ufo\/\">UFO<\/a> na moste SNP. V\u00fd\u0165ah v\u00e1s vyvezie do v\u00fd\u0161ky 95 metrov, odkia\u013e budete ma\u0165 mesto ako na dlani. Kontrast historick\u00fdch pamiatok a presklenn\u00fdch modern\u00fdch budov v\u00e1m v okamihu prepoj\u00ed minulos\u0165 s pr\u00edtomnos\u0165ou. Po n\u00e1vrate do historick\u00e9ho centra sa so sprievodcom prejdete ulicami Star\u00e9ho Mesta. Po\u010das no\u010dnej prehliadky sa dozviete, ktor\u00e9 n\u00e1mestie je jedno z najkraj\u0161\u00edch v Eur\u00f3pe \u010di ktor\u00e1 uli\u010dka je v meste najju\u017e\u0161ia.<\/span><\/p>\n<p><span style=\"font-weight: 400;\">\u201eN\u00e1v\u0161tevn\u00edkom sa oby\u010dajne najviac p\u00e1\u010di vyhliadka z Mosta SNP, pekne vysvieten\u00e1 historick\u00e1 budova Slovensk\u00e9ho n\u00e1rodn\u00e9ho divadla a hotel Carlton na Hviezdoslavovom n\u00e1mest\u00ed \u010di Hlavn\u00e9 n\u00e1mestie,\u201c hovor\u00ed \u013dubica Ondra\u0161\u00edkov\u00e1 z Agent\u00fary Luka<\/span> <span style=\"font-weight: 400;\">. Dr\u017eitelia <a href=\"http:\/\/card.visitbratislava.com\/sk\/\">turistickej karty<\/a> dostan\u00fa z\u013eavu 10 percent z ceny prehliadky.<\/span><\/p>\n<p><img loading=\"lazy\" class=\"alignnone wp-image-59045 size-large\" src=\"https:\/\/www.visitbratislava.com\/wp-content\/uploads\/2019\/05\/foto-3-800x450.jpg\" alt=\"\" width=\"800\" height=\"450\" srcset=\"https:\/\/www.visitbratislava.com\/wp-content\/uploads\/2019\/05\/foto-3-800x450.jpg 800w, https:\/\/www.visitbratislava.com\/wp-content\/uploads\/2019\/05\/foto-3-400x225.jpg 400w, https:\/\/www.visitbratislava.com\/wp-content\/uploads\/2019\/05\/foto-3-768x432.jpg 768w, https:\/\/www.visitbratislava.com\/wp-content\/uploads\/2019\/05\/foto-3-200x112.jpg 200w, https:\/\/www.visitbratislava.com\/wp-content\/uploads\/2019\/05\/foto-3.jpg 1628w\" sizes=\"(max-width: 800px) 100vw, 800px\" \/><\/p>\n<p>Atmosf\u00e9ru mesta si m\u00f4\u017eete u\u017ei\u0165 nielen cez noc &#8211; po\u010das leta je Bratislava pln\u00e1 \u017eivota a m\u00f4\u017eete v nej za\u017ei\u0165 a\u017e <a href=\"https:\/\/www.visitbratislava.com\/sk\/vlog\/kupaliska\/\"><strong>pr\u00edmorsk\u00fa atmosf\u00e9ru<\/strong>.<\/a><\/p>\n","protected":false},"excerpt":{"rendered":"<p>\ufeff\ufeff Bratislava nie je len hrad vyp\u00ednaj\u00faci sa nad mestom, historick\u00e9 m\u00faze\u00e1 alebo gal\u00e9rie modern\u00e9ho umenia. \u017divot v meste pokra\u010duje bohatou ponukou aj po z\u00e1pade slnka. Po naplno pre\u017eitom dni v uliciach mesta zamierte do hudobn\u00fdch klubov, na diskot\u00e9ky \u010di do kabaretov. N\u00e1jdete ich nielen v historick\u00fdch budov\u00e1ch, ale aj na lodi \u010di v protiat\u00f3movom [&hellip;]<\/p>\n","protected":false},"author":25,"featured_media":59033,"parent":46397,"menu_order":0,"comment_status":"closed","ping_status":"closed","template":"","meta":[],"acf":[],"_links":{"self":[{"href":"https:\/\/www.visitbratislava.com\/sk\/wp-json\/wp\/v2\/pages\/59010"}],"collection":[{"href":"https:\/\/www.visitbratislava.com\/sk\/wp-json\/wp\/v2\/pages"}],"about":[{"href":"https:\/\/www.visitbratislava.com\/sk\/wp-json\/wp\/v2\/types\/page"}],"author":[{"embeddable":true,"href":"https:\/\/www.visitbratislava.com\/sk\/wp-json\/wp\/v2\/users\/25"}],"replies":[{"embeddable":true,"href":"https:\/\/www.visitbratislava.com\/sk\/wp-json\/wp\/v2\/comments?post=59010"}],"version-history":[{"count":0,"href":"https:\/\/www.visitbratislava.com\/sk\/wp-json\/wp\/v2\/pages\/59010\/revisions"}],"up":[{"embeddable":true,"href":"https:\/\/www.visitbratislava.com\/sk\/wp-json\/wp\/v2\/pages\/46397"}],"wp:featuredmedia":[{"embeddable":true,"href":"https:\/\/www.visitbratislava.com\/sk\/wp-json\/wp\/v2\/media\/59033"}],"wp:attachment":[{"href":"https:\/\/www.visitbratislava.com\/sk\/wp-json\/wp\/v2\/media?parent=59010"}],"curies":[{"name":"wp","href":"https:\/\/api.w.org\/{rel}","templated":true}]}}