{"id":60887,"date":"2019-06-06T14:04:29","date_gmt":"2019-06-06T12:04:29","guid":{"rendered":"https:\/\/www.visitbratislava.com\/?page_id=60887\/"},"modified":"2026-02-02T16:22:58","modified_gmt":"2026-02-02T15:22:58","slug":"po-bratislave-pohodlne-a-smart","status":"publish","type":"page","link":"https:\/\/www.visitbratislava.com\/sk\/tipy-na-vylet\/po-bratislave-pohodlne-a-smart\/","title":{"rendered":"Po Bratislave pohodlne a &#8222;smart&#8220;"},"content":{"rendered":"<p><img loading=\"lazy\" class=\"alignnone wp-image-60916 size-large\" src=\"https:\/\/www.visitbratislava.com\/wp-content\/uploads\/2019\/06\/nabrezie-dunaj-riverpark-800x450.jpg\" alt=\"\" width=\"800\" height=\"450\" srcset=\"https:\/\/www.visitbratislava.com\/wp-content\/uploads\/2019\/06\/nabrezie-dunaj-riverpark-800x450.jpg 800w, https:\/\/www.visitbratislava.com\/wp-content\/uploads\/2019\/06\/nabrezie-dunaj-riverpark-400x225.jpg 400w, https:\/\/www.visitbratislava.com\/wp-content\/uploads\/2019\/06\/nabrezie-dunaj-riverpark-768x432.jpg 768w, https:\/\/www.visitbratislava.com\/wp-content\/uploads\/2019\/06\/nabrezie-dunaj-riverpark-200x113.jpg 200w\" sizes=\"(max-width: 800px) 100vw, 800px\" \/><\/p>\n<blockquote><p>\u201eV\u010faka smart rie\u0161eniam sme toho stihli viac a\u00a0nav\u0161t\u00edvili sme aj miesta, kam by sme sa inak nevybrali,\u201c povedal nemeck\u00fd \u0161tudent Paul Neuman, ktor\u00fd Bratislavu nav\u0161t\u00edvil spolu s\u00a0priate\u013emi. Sediac na inteligentnej lavi\u010dke na Primaci\u00e1lnom n\u00e1mest\u00ed si pr\u00e1ve nab\u00edjal mobil a vo svojom pl\u00e1ne na 72 hod\u00edn h\u013eadal, v\u00a0ktorej bl\u00edzkej re\u0161taur\u00e1cii by si dali chutn\u00fd obed.<\/p><\/blockquote>\n<h3>Do kr\u00e1sy aj do v\u00fd\u0161ky<\/h3>\n<p>Na presun po meste si m\u00f4\u017eete okrem <a href=\"https:\/\/www.visitbratislava.com\/sk\/bikesharing\/\">\u017elt\u00fdch bicyklov<\/a> po\u017ei\u010da\u0165 aj elektrick\u00fd bicykel, kolobe\u017eku alebo elektromobil. S\u00a0nimi n\u00e1v\u0161teva nov\u00fdch \u0161tvrt\u00ed, ktor\u00e9 pod\u013ea n\u00e1vrhov svetozn\u00e1mych architektov vyrastaj\u00fa v Bratislave ako huby po da\u017edi, bude viac ne\u017e jednoduch\u00e1.<\/p>\n<p><img loading=\"lazy\" class=\"alignnone wp-image-60912 size-large\" src=\"https:\/\/www.visitbratislava.com\/wp-content\/uploads\/2019\/06\/Slovnaft-BAjk-800x534.jpg\" alt=\"\" width=\"800\" height=\"534\" srcset=\"https:\/\/www.visitbratislava.com\/wp-content\/uploads\/2019\/06\/Slovnaft-BAjk-800x534.jpg 800w, https:\/\/www.visitbratislava.com\/wp-content\/uploads\/2019\/06\/Slovnaft-BAjk-400x267.jpg 400w, https:\/\/www.visitbratislava.com\/wp-content\/uploads\/2019\/06\/Slovnaft-BAjk-768x513.jpg 768w, https:\/\/www.visitbratislava.com\/wp-content\/uploads\/2019\/06\/Slovnaft-BAjk-200x134.jpg 200w\" sizes=\"(max-width: 800px) 100vw, 800px\" \/><\/p>\n<p>Zamierte najprv na petr\u017ealsk\u00fd breh Dunaja do modern\u00e9ho n\u00e1kupn\u00e9ho strediska Aupark pri najstar\u0161om verejnom parku v\u00a0strednej Eur\u00f3pe, Sade Janka Kr\u00e1\u013ea. Pri n\u00e1vrate do centra mesta si zo staro-nov\u00e9ho Star\u00e9ho mosta vychutnajte v\u00fdh\u013ead na rast\u00facu modern\u00fa \u0161tvr\u0165. Jej s\u00fa\u010das\u0165ou je nov\u00e1 budova Slovensk\u00e9ho n\u00e1rodn\u00e9ho divadla oblo\u017een\u00e1 bielym travert\u00ednom a n\u00e1kupn\u00e9 stredisko <strong><a href=\"https:\/\/www.visitbratislava.com\/sk\/miesta\/eurovea\/\">Eurovea<\/a><\/strong>. Tu n\u00e1jdete nielen vychyten\u00e9 m\u00f3dne zna\u010dky, ale m\u00f4\u017eete sa aj ob\u010derstvi\u0165 v\u00a0kaviar\u0148ach alebo re\u0161taur\u00e1ci\u00e1ch na pr\u00edjemnej promen\u00e1de na brehu Dunaja s v\u00fdh\u013eadom na Bratislavsk\u00fd hrad.<\/p>\n<blockquote><p>Len p\u00e1r desiatok metrov od Eurovey u\u017e rastie nov\u00e1 \u0161tvr\u0165 Sky Park s\u00a0elipsovit\u00fdmi obytn\u00fdmi ve\u017eami. Tie navrhlo britsk\u00e9 architektonick\u00e9 \u0161t\u00fadio prominentnej architektky Zahy Had\u00edd. V\u00a0ich bl\u00edzkosti u\u017e stoja dva trojuholn\u00edkov\u00e9 ve\u017eiaky Panorama Towers \u0161panielskeho architekta Ricarda Bofilla. V\u00a0s\u00fa\u010dasnosti s\u00fa so svojimi 112 metrami najvy\u0161\u0161\u00edmi budovami nielen v\u00a0Bratislave, ale aj na celom Slovensku.<\/p><\/blockquote>\n<p><img loading=\"lazy\" class=\"alignnone wp-image-60896 size-large\" src=\"https:\/\/www.visitbratislava.com\/wp-content\/uploads\/2019\/06\/Eurovea-800x534.jpg\" alt=\"\" width=\"800\" height=\"534\" srcset=\"https:\/\/www.visitbratislava.com\/wp-content\/uploads\/2019\/06\/Eurovea-800x534.jpg 800w, https:\/\/www.visitbratislava.com\/wp-content\/uploads\/2019\/06\/Eurovea-400x267.jpg 400w, https:\/\/www.visitbratislava.com\/wp-content\/uploads\/2019\/06\/Eurovea-768x513.jpg 768w, https:\/\/www.visitbratislava.com\/wp-content\/uploads\/2019\/06\/Eurovea-200x133.jpg 200w\" sizes=\"(max-width: 800px) 100vw, 800px\" \/><\/p>\n<p>To v\u0161ak u\u017e onedlho nebude pravda. U\u017e v\u00a0roku 2020 ich predbehne 125 metrov vysok\u00e1 administrat\u00edvna budova Nivy Tower. T\u00e1 spolu s\u00a0ultramodernou autobusovou stanicou skombinovanou s\u00a0n\u00e1kupn\u00fdm strediskom a\u00a0oddychovou z\u00f3nou na zelenej streche r\u00fdchlo rastie na ne\u010falekom najv\u00e4\u010d\u0161om stavenisku v\u00a0celej strednej Eur\u00f3pe.<\/p>\n<h3>Pote\u0161enie pre oko aj chu\u0165ov\u00e9 poh\u00e1riky<\/h3>\n<p>Ak ste milovn\u00edkmi s\u00fa\u010dasn\u00e9ho umenia a\u00a0architekt\u00fary, nav\u0161t\u00edvte gal\u00e9riu <strong><a href=\"https:\/\/www.visitbratislava.com\/sk\/miesta\/galeria-nedbalka\/\">Nedbalka<\/a><\/strong> alebo m\u00fazeum modern\u00e9ho umenia <strong><a href=\"https:\/\/www.visitbratislava.com\/sk\/miesta\/danubiana\/\">Danubiana<\/a><\/strong>. Tie s\u00fa samy hodnotn\u00fdmi architektonick\u00fdmi dielami, ktor\u00fdch n\u00e1v\u0161tevu odpor\u00fa\u010daj\u00fa najprest\u00ed\u017enej\u0161ie svetov\u00e9 bedekre a turistick\u00e9 port\u00e1ly. Zatia\u013e \u010do Danubiana dramaticky umiestnen\u00e1 na poloostrove uprostred Dunaja bola in\u0161pirovan\u00e1 r\u00edmskou gal\u00e9riou, Nedbalku prirovn\u00e1vaj\u00fa ku Guggenheimovmu m\u00fazeu v New Yorku. Dr\u017eitelia turistickej karty <a href=\"http:\/\/card.visitbratislava.com\/sk\/\">Bratislava CARD City &amp; Region<\/a> maj\u00fa na n\u00e1v\u0161tevu oboch gal\u00e9ri\u00ed z\u013eavu 20 percent.<\/p>\n<p><img loading=\"lazy\" class=\"alignnone wp-image-60888 size-large\" src=\"https:\/\/www.visitbratislava.com\/wp-content\/uploads\/2019\/06\/Danubiana-800x482.jpg\" alt=\"\" width=\"800\" height=\"482\" srcset=\"https:\/\/www.visitbratislava.com\/wp-content\/uploads\/2019\/06\/Danubiana-800x482.jpg 800w, https:\/\/www.visitbratislava.com\/wp-content\/uploads\/2019\/06\/Danubiana-400x241.jpg 400w, https:\/\/www.visitbratislava.com\/wp-content\/uploads\/2019\/06\/Danubiana-768x463.jpg 768w, https:\/\/www.visitbratislava.com\/wp-content\/uploads\/2019\/06\/Danubiana-200x121.jpg 200w\" sizes=\"(max-width: 800px) 100vw, 800px\" \/><\/p>\n<blockquote><p>Vo wine parku <strong><a href=\"https:\/\/www.visitbratislava.com\/sk\/miesta\/elesko-zoya-museum\/\">Elesko<\/a><\/strong> pri Modre len 30 kilometrov od Bratislavy zas n\u00e1jdete ide\u00e1lne prepojenie v\u00edna a\u00a0umenia. \u201eJedine\u010dn\u00fd projekt modern\u00e9ho vin\u00e1rskeho komplexu pon\u00faka pod jednou strechou z\u00e1\u017eitok z\u00a0kvalitn\u00e9ho v\u00edna, v\u00fdbornej gurm\u00e1nskej kuchyne a\u00a0neskuto\u010dn\u00e9ho umeleck\u00e9ho z\u00e1\u017eitku v\u00a0Zoya Museum,\u201c hovor\u00ed Angelika Dang Van z\u00a0prest\u00ed\u017eneho vin\u00e1rstva.<strong><a href=\"https:\/\/www.visitbratislava.com\/sk\/miesta\/elesko-zoya-museum\/\"> Zoya Museum<\/a><\/strong> organizuje nieko\u013ekokr\u00e1t do roka v\u00fdstavy s\u00fa\u010dasn\u00fdch slovensk\u00fdch, ale aj zahrani\u010dn\u00fdch autorov, napr\u00edklad Andyho Warhola.<\/p><\/blockquote>\n<p>V\u00a0re\u0161taur\u00e1cii nielen\u017ee ochutn\u00e1te tie najdom\u00e1ckej\u0161ie \u201eoby\u010dajn\u00e9\u201c jedl\u00e1 v neoby\u010dajnej kvalite, ale prostredn\u00edctvom sklenen\u00e9ho koridoru m\u00f4\u017eete vidie\u0165 a spozna\u0165 cel\u00fd proces v\u00fdroby v\u00edn. Tie Elesko vyr\u00e1ba v\u00fdlu\u010dne z vlastnej \u00farody hrozna, ktor\u00e9 pestuje v Malokarpatskej a Tokajskej oblasti.<\/p>\n<p><img loading=\"lazy\" class=\"alignnone wp-image-29417 size-large\" src=\"https:\/\/www.visitbratislava.com\/wp-content\/uploads\/2017\/02\/5.-Elesko-Zoya-Museum-800x571.jpg\" alt=\"\" width=\"800\" height=\"571\" srcset=\"https:\/\/www.visitbratislava.com\/wp-content\/uploads\/2017\/02\/5.-Elesko-Zoya-Museum-800x571.jpg 800w, https:\/\/www.visitbratislava.com\/wp-content\/uploads\/2017\/02\/5.-Elesko-Zoya-Museum-400x286.jpg 400w, https:\/\/www.visitbratislava.com\/wp-content\/uploads\/2017\/02\/5.-Elesko-Zoya-Museum-768x549.jpg 768w, https:\/\/www.visitbratislava.com\/wp-content\/uploads\/2017\/02\/5.-Elesko-Zoya-Museum-200x143.jpg 200w\" sizes=\"(max-width: 800px) 100vw, 800px\" \/><\/p>\n","protected":false},"excerpt":{"rendered":"<p>Nalogujte sa na bezplatn\u00e9 Wi-Fi a k\u00fapte si l\u00edstok na elektri\u010dku, alebo si po\u017ei\u010dajte \u017elt\u00fd bicykel.<\/p>\n","protected":false},"author":25,"featured_media":60928,"parent":50103,"menu_order":0,"comment_status":"closed","ping_status":"closed","template":"","meta":[],"acf":[],"_links":{"self":[{"href":"https:\/\/www.visitbratislava.com\/sk\/wp-json\/wp\/v2\/pages\/60887"}],"collection":[{"href":"https:\/\/www.visitbratislava.com\/sk\/wp-json\/wp\/v2\/pages"}],"about":[{"href":"https:\/\/www.visitbratislava.com\/sk\/wp-json\/wp\/v2\/types\/page"}],"author":[{"embeddable":true,"href":"https:\/\/www.visitbratislava.com\/sk\/wp-json\/wp\/v2\/users\/25"}],"replies":[{"embeddable":true,"href":"https:\/\/www.visitbratislava.com\/sk\/wp-json\/wp\/v2\/comments?post=60887"}],"version-history":[{"count":3,"href":"https:\/\/www.visitbratislava.com\/sk\/wp-json\/wp\/v2\/pages\/60887\/revisions"}],"predecessor-version":[{"id":414926,"href":"https:\/\/www.visitbratislava.com\/sk\/wp-json\/wp\/v2\/pages\/60887\/revisions\/414926"}],"up":[{"embeddable":true,"href":"https:\/\/www.visitbratislava.com\/sk\/wp-json\/wp\/v2\/pages\/50103"}],"wp:featuredmedia":[{"embeddable":true,"href":"https:\/\/www.visitbratislava.com\/sk\/wp-json\/wp\/v2\/media\/60928"}],"wp:attachment":[{"href":"https:\/\/www.visitbratislava.com\/sk\/wp-json\/wp\/v2\/media?parent=60887"}],"curies":[{"name":"wp","href":"https:\/\/api.w.org\/{rel}","templated":true}]}}