{"id":61439,"date":"2019-06-17T14:58:11","date_gmt":"2019-06-17T12:58:11","guid":{"rendered":"https:\/\/www.visitbratislava.com\/?page_id=61439\/"},"modified":"2024-01-24T10:51:11","modified_gmt":"2024-01-24T09:51:11","slug":"bratislavska-romantika-v-malebnych-ulickach-ci-v-oblakoch","status":"publish","type":"page","link":"https:\/\/www.visitbratislava.com\/sk\/vlog\/bratislavska-romantika-v-malebnych-ulickach-ci-v-oblakoch\/","title":{"rendered":"Romantika v malebn\u00fdch uli\u010dk\u00e1ch \u010di v oblakoch"},"content":{"rendered":"<p><iframe src=\"https:\/\/www.youtube.com\/embed\/1jiTai06ORw\" width=\"1000\" height=\"500\" frameborder=\"0\" allowfullscreen=\"allowfullscreen\"><span data-mce-type=\"bookmark\" style=\"display: inline-block; width: 0px; overflow: hidden; line-height: 0;\" class=\"mce_SELRES_start\">\ufeff<\/span><span data-mce-type=\"bookmark\" style=\"display: inline-block; width: 0px; overflow: hidden; line-height: 0;\" class=\"mce_SELRES_start\">\ufeff<\/span><\/iframe><\/p>\n<p><span style=\"font-weight: 400;\">L\u00e1ka v\u00e1s plavba lo\u010fou po rieke vo dvojici \u010di v\u00fdh\u013ead na vysvieten\u00e9 no\u010dn\u00e9 mesto? Nemus\u00edte letie\u0165 do Par\u00ed\u017ea. Bratislava pon\u00faka cel\u00fd rad miest, kde m\u00f4\u017eete pre\u017ei\u0165 tie najromantickej\u0161ie chv\u00edle. Poprech\u00e1dzajte sa historick\u00fdmi uli\u010dkami Star\u00e9ho Mesta alebo sa pobozkajte v gotickej ve\u017ei\u010dke v <a href=\"https:\/\/www.visitbratislava.com\/sk\/miesta\/sad-janka-krala\/\">Sade Janka Kr\u00e1\u013ea<\/a>. Pre rozpr\u00e1vkovo dokonal\u00fa \u017eiados\u0165 o ruku pri svie\u010dkach s\u00fa zas ide\u00e1lnym miestom re\u0161taur\u00e1cie <a href=\"https:\/\/www.visitbratislava.com\/sk\/miesta\/ufo\/\">na vrchole Mosta SNP<\/a> \u010di v telev\u00edznej ve\u017ei.\u00a0<\/span><\/p>\n<p><img loading=\"lazy\" class=\"alignnone wp-image-61585 size-large\" src=\"https:\/\/www.visitbratislava.com\/wp-content\/uploads\/2019\/06\/44.-foto-brano-molnar-9673_OK-1-800x534.jpg\" alt=\"\" width=\"800\" height=\"534\" srcset=\"https:\/\/www.visitbratislava.com\/wp-content\/uploads\/2019\/06\/44.-foto-brano-molnar-9673_OK-1-800x534.jpg 800w, https:\/\/www.visitbratislava.com\/wp-content\/uploads\/2019\/06\/44.-foto-brano-molnar-9673_OK-1-400x267.jpg 400w, https:\/\/www.visitbratislava.com\/wp-content\/uploads\/2019\/06\/44.-foto-brano-molnar-9673_OK-1-768x513.jpg 768w, https:\/\/www.visitbratislava.com\/wp-content\/uploads\/2019\/06\/44.-foto-brano-molnar-9673_OK-1-200x133.jpg 200w\" sizes=\"(max-width: 800px) 100vw, 800px\" \/><\/p>\n<h3><strong>Uli\u010dkami Star\u00e9ho Mesta<\/strong><\/h3>\n<p><span style=\"font-weight: 400;\">Ve\u013ea \u013eud\u00ed v romantick\u00fdch chv\u00ed\u013each stoj\u00ed rad\u0161ej nohami pevne na zemi. Dunaj a vysvieten\u00e9 mesto m\u00f4\u017eete obdivova\u0165 aj z n\u00e1bre\u017en\u00fdch promen\u00e1d. Pri prech\u00e1dzke historick\u00fdmi uli\u010dkami Star\u00e9ho Mesta ur\u010dite z\u00e1jdite na Kapitulsk\u00fa ulicu, jednu z najstar\u0161\u00edch v meste. V\u010faka \u0161peci\u00e1lnej atmosf\u00e9re ju miestni pova\u017euj\u00fa za najromantickej\u0161ie miesto Bratislavy. Nikdy sa toti\u017e na nej nenach\u00e1dzali \u017eiadne obchody, re\u0161taur\u00e1cie \u010di kr\u010dmy, ke\u010f\u017ee v\u00e4\u010d\u0161ina domov tu patr\u00ed cirkvi.<\/span><\/p>\n<p><img loading=\"lazy\" class=\"alignnone wp-image-61569 size-large\" src=\"https:\/\/www.visitbratislava.com\/wp-content\/uploads\/2019\/06\/romantika-nabrezie-dunaj-2-800x533.jpg\" alt=\"\" width=\"800\" height=\"533\" srcset=\"https:\/\/www.visitbratislava.com\/wp-content\/uploads\/2019\/06\/romantika-nabrezie-dunaj-2-800x533.jpg 800w, https:\/\/www.visitbratislava.com\/wp-content\/uploads\/2019\/06\/romantika-nabrezie-dunaj-2-400x267.jpg 400w, https:\/\/www.visitbratislava.com\/wp-content\/uploads\/2019\/06\/romantika-nabrezie-dunaj-2-768x512.jpg 768w, https:\/\/www.visitbratislava.com\/wp-content\/uploads\/2019\/06\/romantika-nabrezie-dunaj-2-200x133.jpg 200w\" sizes=\"(max-width: 800px) 100vw, 800px\" \/><\/p>\n<p><span style=\"font-weight: 400;\">Z Kapitulskej sa okolo D\u00f3mu sv. Martina a popod Most SNP vyberte k\u013eukat\u00fdmi uli\u010dkami a\u017e na <a href=\"https:\/\/www.visitbratislava.com\/sk\/miesta\/bratislavsky-hrad\/\">Bratislavsk\u00fd hrad<\/a>. Z jeho terasy sa otv\u00e1ra neopakovate\u013en\u00fd v\u00fdh\u013ead na cel\u00e9 mesto a mohutn\u00fd tok rieky. V ned\u00e1vno obnovenej barokovej z\u00e1hrade sa m\u00f4\u017eete vr\u00e1ti\u0165 v \u010dase a predstavova\u0165 si romantick\u00e9 okamihy, ktor\u00e9 tu hradn\u00e9 panstvo mohlo pre\u017e\u00edva\u0165 v minulosti.<\/span><\/p>\n<h3><strong>Romantika vo v\u00fd\u0161kach<\/strong><\/h3>\n<p><span style=\"font-weight: 400;\">Ke\u010f sme u\u017e pri v\u00fdh\u013eadoch, ur\u010dite zamierte na vrchol Mosta SNP. V <a href=\"https:\/\/www.visitbratislava.com\/sk\/miesta\/ufo\/\">re\u0161taur\u00e1cii UFO<\/a> si dajte romantick\u00fa ve\u010deru a potom si na terase nad re\u0161taur\u00e1ciou zamknite na kovovom srdci svoju l\u00e1sku tak, ako desiatky zamilovan\u00fdch p\u00e1rov pred vami. Dr\u017eitelia turistickej karty <a href=\"http:\/\/card.visitbratislava.com\/sk\/\">Bratislava CARD City &amp; Region<\/a> maj\u00fa z\u013eavu na v\u00fd\u0165ah na vyhliadku a na \u00fa\u010det v re\u0161taur\u00e1cii.<\/span><\/p>\n<p><img loading=\"lazy\" class=\"alignnone wp-image-61455 size-large\" src=\"https:\/\/www.visitbratislava.com\/wp-content\/uploads\/2019\/06\/UFO1-800x544.jpg\" alt=\"\" width=\"800\" height=\"544\" srcset=\"https:\/\/www.visitbratislava.com\/wp-content\/uploads\/2019\/06\/UFO1-800x544.jpg 800w, https:\/\/www.visitbratislava.com\/wp-content\/uploads\/2019\/06\/UFO1-400x272.jpg 400w, https:\/\/www.visitbratislava.com\/wp-content\/uploads\/2019\/06\/UFO1-768x522.jpg 768w, https:\/\/www.visitbratislava.com\/wp-content\/uploads\/2019\/06\/UFO1-200x136.jpg 200w\" sizes=\"(max-width: 800px) 100vw, 800px\" \/><\/p>\n<p><span style=\"font-weight: 400;\">V telev\u00edznej ve\u017ei na <a href=\"https:\/\/www.visitbratislava.com\/sk\/miesta\/kamzik\/\">Kamz\u00edku<\/a> si panoramatick\u00fd v\u00fdh\u013ead z v\u00fd\u0161ky 101 metrov.<\/span><\/p>\n<p><span style=\"font-weight: 400;\">\u201ePo\u010das obeda alebo ve\u010dere si vychutn\u00e1te 360\u00b0 poh\u013ead na mesto a malokarpatsk\u00e9 lesy bez toho, aby ste sa museli pohn\u00fa\u0165 z miesta,\u201c povedala Bratislav\u010danka Martina Koles\u00e1rov\u00e1. Do re\u0161taur\u00e1cie chodievali s man\u017eelom e\u0161te predt\u00fdm, ako sa zobrali, no aj po rokoch sa sem radi vracaj\u00fa.<\/span><\/p>\n<p><img loading=\"lazy\" class=\"alignnone wp-image-61497 size-large\" src=\"https:\/\/www.visitbratislava.com\/wp-content\/uploads\/2019\/06\/PGH51660.MOV.16_40_55_17.Still001-800x450.jpg\" alt=\"\" width=\"800\" height=\"450\" srcset=\"https:\/\/www.visitbratislava.com\/wp-content\/uploads\/2019\/06\/PGH51660.MOV.16_40_55_17.Still001-800x450.jpg 800w, https:\/\/www.visitbratislava.com\/wp-content\/uploads\/2019\/06\/PGH51660.MOV.16_40_55_17.Still001-400x225.jpg 400w, https:\/\/www.visitbratislava.com\/wp-content\/uploads\/2019\/06\/PGH51660.MOV.16_40_55_17.Still001-768x432.jpg 768w, https:\/\/www.visitbratislava.com\/wp-content\/uploads\/2019\/06\/PGH51660.MOV.16_40_55_17.Still001-200x113.jpg 200w\" sizes=\"(max-width: 800px) 100vw, 800px\" \/><\/p>\n<p>&nbsp;<\/p>\n<h3><strong>Ve\u010dern\u00e1 romantika<\/strong><\/h3>\n<p><span style=\"font-weight: 400;\">\u010eal\u0161iu porciu romantiky v\u00e1m naserv\u00edruj\u00fa na koncertoch <a href=\"https:\/\/www.visitbratislava.com\/sk\/miesta\/slovenska-filharmonia\/\">Slovenskej filharm\u00f3nie<\/a> v Redute alebo na predstaveniach <a href=\"https:\/\/www.visitbratislava.com\/sk\/miesta\/nova-budova-snd\/\">Slovensk\u00e9ho n\u00e1rodn\u00e9ho divadla<\/a>. S turistickou kartou m\u00e1te aj tu n\u00e1rok na z\u013eavy na vstupnom. Po predstaven\u00ed sa nemus\u00edte n\u00e1hli\u0165 domov. \u00datuln\u00e9 butikov\u00e9 hotely Roset a <a href=\"https:\/\/www.visitbratislava.com\/sk\/miesta\/houdini\/\">Marrol\u2019s<\/a> alebo hotel Arcadia v historickej renesan\u010dnej budove sa s rados\u0165ou postaraj\u00fa o to, aby v\u00e1\u0161 romantick\u00fd ve\u010der pokra\u010doval a\u017e do sam\u00e9ho r\u00e1na.<\/span><\/p>\n<p><img loading=\"lazy\" class=\"alignnone wp-image-61573 size-large\" src=\"https:\/\/www.visitbratislava.com\/wp-content\/uploads\/2019\/06\/divadlo-2-800x533.jpg\" alt=\"\" width=\"800\" height=\"533\" srcset=\"https:\/\/www.visitbratislava.com\/wp-content\/uploads\/2019\/06\/divadlo-2-800x533.jpg 800w, https:\/\/www.visitbratislava.com\/wp-content\/uploads\/2019\/06\/divadlo-2-400x267.jpg 400w, https:\/\/www.visitbratislava.com\/wp-content\/uploads\/2019\/06\/divadlo-2-768x512.jpg 768w, https:\/\/www.visitbratislava.com\/wp-content\/uploads\/2019\/06\/divadlo-2-200x133.jpg 200w\" sizes=\"(max-width: 800px) 100vw, 800px\" \/><\/p>\n","protected":false},"excerpt":{"rendered":"<p>\ufeff\ufeff L\u00e1ka v\u00e1s plavba lo\u010fou po rieke vo dvojici \u010di v\u00fdh\u013ead na vysvieten\u00e9 no\u010dn\u00e9 mesto? Nemus\u00edte letie\u0165 do Par\u00ed\u017ea. Bratislava pon\u00faka cel\u00fd rad miest, kde m\u00f4\u017eete pre\u017ei\u0165 tie najromantickej\u0161ie chv\u00edle. Poprech\u00e1dzajte sa historick\u00fdmi uli\u010dkami Star\u00e9ho Mesta alebo sa pobozkajte v gotickej ve\u017ei\u010dke v Sade Janka Kr\u00e1\u013ea. Pre rozpr\u00e1vkovo dokonal\u00fa \u017eiados\u0165 o ruku pri svie\u010dkach s\u00fa [&hellip;]<\/p>\n","protected":false},"author":25,"featured_media":61615,"parent":46397,"menu_order":0,"comment_status":"closed","ping_status":"closed","template":"","meta":[],"acf":[],"_links":{"self":[{"href":"https:\/\/www.visitbratislava.com\/sk\/wp-json\/wp\/v2\/pages\/61439"}],"collection":[{"href":"https:\/\/www.visitbratislava.com\/sk\/wp-json\/wp\/v2\/pages"}],"about":[{"href":"https:\/\/www.visitbratislava.com\/sk\/wp-json\/wp\/v2\/types\/page"}],"author":[{"embeddable":true,"href":"https:\/\/www.visitbratislava.com\/sk\/wp-json\/wp\/v2\/users\/25"}],"replies":[{"embeddable":true,"href":"https:\/\/www.visitbratislava.com\/sk\/wp-json\/wp\/v2\/comments?post=61439"}],"version-history":[{"count":4,"href":"https:\/\/www.visitbratislava.com\/sk\/wp-json\/wp\/v2\/pages\/61439\/revisions"}],"predecessor-version":[{"id":277253,"href":"https:\/\/www.visitbratislava.com\/sk\/wp-json\/wp\/v2\/pages\/61439\/revisions\/277253"}],"up":[{"embeddable":true,"href":"https:\/\/www.visitbratislava.com\/sk\/wp-json\/wp\/v2\/pages\/46397"}],"wp:featuredmedia":[{"embeddable":true,"href":"https:\/\/www.visitbratislava.com\/sk\/wp-json\/wp\/v2\/media\/61615"}],"wp:attachment":[{"href":"https:\/\/www.visitbratislava.com\/sk\/wp-json\/wp\/v2\/media?parent=61439"}],"curies":[{"name":"wp","href":"https:\/\/api.w.org\/{rel}","templated":true}]}}