{"id":63058,"date":"2019-07-24T12:01:13","date_gmt":"2019-07-24T10:01:13","guid":{"rendered":"https:\/\/www.visitbratislava.com\/?page_id=63058\/"},"modified":"2019-07-31T15:02:01","modified_gmt":"2019-07-31T13:02:01","slug":"senec-z-bratislavy-to-mate-k-moru-blizsie-nez-ste-si-mysleli","status":"publish","type":"page","link":"https:\/\/www.visitbratislava.com\/sk\/vlog\/senec-z-bratislavy-to-mate-k-moru-blizsie-nez-ste-si-mysleli\/","title":{"rendered":"Z Bratislavy to m\u00e1te k moru naozaj bl\u00edzko"},"content":{"rendered":"<p><iframe src=\"https:\/\/www.youtube.com\/embed\/Z51fb6_cVUM\" width=\"1000\" height=\"500\" frameborder=\"0\" allowfullscreen=\"allowfullscreen\"><span data-mce-type=\"bookmark\" style=\"display: inline-block; width: 0px; overflow: hidden; line-height: 0;\" class=\"mce_SELRES_start\">\ufeff<\/span><span data-mce-type=\"bookmark\" style=\"display: inline-block; width: 0px; overflow: hidden; line-height: 0;\" class=\"mce_SELRES_start\">\ufeff<\/span><\/iframe><\/p>\n<p><span style=\"font-weight: 400;\">Ne\u010faleko Bratislavy sa nach\u00e1dzaj\u00fa ob\u013e\u00faben\u00e9 <a href=\"https:\/\/www.visitbratislava.com\/sk\/miesta\/slnecne-jazera-senec\/\" target=\"_blank\" rel=\"noopener\">Slne\u010dn\u00e9 jazer\u00e1 v Senci<\/a>. Doned\u00e1vna boli zn\u00e1me ako Slovensk\u00e9 Tahiti.<\/span><span style=\"font-weight: 400;\"> Podobne ako tento exotick\u00fd ostrov pon\u00fakaj\u00fa rozsiahle mo\u017enosti k\u00fapania, rybolovu, vodn\u00fdch \u0161portov a ubytovania.<\/span><\/p>\n<blockquote><p><span style=\"font-weight: 400;\">\u201eSeneck\u00e9 more, ako ja jazer\u00e1 vol\u00e1m, s\u00fa lep\u0161ie ako Jadran. Voda je tu teplej\u0161ia, s\u00fa bl\u00edzko Bratislavy a m\u00e1me tu v\u0161etko,\u201c hovor\u00ed D\u00e1\u0161a Toledov\u00e1. Ako die\u0165a na jazer\u00e1ch vyrastala a v s\u00fa\u010dasnosti sem chod\u00ed s man\u017eelom a de\u0165mi.<\/span><\/p><\/blockquote>\n<p><img loading=\"lazy\" class=\"alignnone wp-image-63092 size-large\" src=\"https:\/\/www.visitbratislava.com\/wp-content\/uploads\/2019\/07\/DSC_0820-800x533.jpg\" alt=\"\" width=\"800\" height=\"533\" srcset=\"https:\/\/www.visitbratislava.com\/wp-content\/uploads\/2019\/07\/DSC_0820-800x533.jpg 800w, https:\/\/www.visitbratislava.com\/wp-content\/uploads\/2019\/07\/DSC_0820-400x267.jpg 400w, https:\/\/www.visitbratislava.com\/wp-content\/uploads\/2019\/07\/DSC_0820-768x512.jpg 768w, https:\/\/www.visitbratislava.com\/wp-content\/uploads\/2019\/07\/DSC_0820-200x133.jpg 200w\" sizes=\"(max-width: 800px) 100vw, 800px\" \/><\/p>\n<p><span style=\"font-weight: 400;\">Slne\u010dn\u00e9 jazer\u00e1 s\u00fa dnes jedn\u00fdm z najzn\u00e1mej\u0161\u00edch a najnav\u0161tevovanej\u0161\u00edch letn\u00fdch rekrea\u010dn\u00fdch stred\u00edsk na Slovensku. Len na skok od hlavn\u00e9ho mesta sa prenesiete do atmosf\u00e9ry pr\u00edmorsk\u00e9ho letoviska s pl\u00e1\u017eami, minigolfom, vodn\u00fdmi atrakciami. Nech\u00fdbaj\u00fa tenisov\u00e9 kurty, volejbalov\u00e9 a futbalov\u00e9 ihrisk\u00e1, ale aj minizoo a ihrisk\u00e1 pre najmen\u0161\u00edch. Priamo v are\u00e1li na v\u00e1s \u010dak\u00e1 bohat\u00fd kult\u00farny program, cez de\u0148 aj v noci.<\/span><\/p>\n<p><span style=\"font-weight: 400;\">Jazer\u00e1 sa nach\u00e1dzaj\u00fa len 25 kilometrov od Bratislavy. V\u010faka turistickej karte <a href=\"http:\/\/card.visitbratislava.com\/sk\/\" target=\"_blank\" rel=\"noopener\">Bratislava CARD City &amp; Region<\/a> sa sem odveziete vlakom alebo autobusom zadarmo. V miestnom <a href=\"https:\/\/www.visitbratislava.com\/sk\/miesta\/aquapark-senec\/\" target=\"_blank\" rel=\"noopener\">aquaparku<\/a> m\u00e1te dokonca n\u00e1rok pred\u013a\u017ei\u0165 si svoj pobyt o jednu hodinu navy\u0161e bez toho, aby ste museli dopl\u00e1ca\u0165.<\/span><\/p>\n<p><img loading=\"lazy\" class=\"alignnone wp-image-63084 size-large\" src=\"https:\/\/www.visitbratislava.com\/wp-content\/uploads\/2019\/07\/DSC_0795-800x534.jpg\" alt=\"\" width=\"800\" height=\"534\" srcset=\"https:\/\/www.visitbratislava.com\/wp-content\/uploads\/2019\/07\/DSC_0795-800x534.jpg 800w, https:\/\/www.visitbratislava.com\/wp-content\/uploads\/2019\/07\/DSC_0795-400x267.jpg 400w, https:\/\/www.visitbratislava.com\/wp-content\/uploads\/2019\/07\/DSC_0795-768x513.jpg 768w, https:\/\/www.visitbratislava.com\/wp-content\/uploads\/2019\/07\/DSC_0795-200x133.jpg 200w\" sizes=\"(max-width: 800px) 100vw, 800px\" \/><\/p>\n<h2><b>V ko\u017ei moreplavca<\/b><\/h2>\n<p><span style=\"font-weight: 400;\">K dokonalej atmosf\u00e9re pr\u00edmorsk\u00e9ho letoviska nesmie ch\u00fdba\u0165 ani chutne pripraven\u00e9 jedlo z r\u00fdb. Ide\u00e1lne miesto na nielen kulin\u00e1rske z\u00e1\u017eitky n\u00e1jdete na ju\u017enej strane are\u00e1lu Slne\u010dn\u00fdch jazier. \u0160t\u00fdlov\u00e1 re\u0161taur\u00e1cia Lobster stoj\u00ed nad vodou na ag\u00e1tov\u00fdch koloch. Z terasy m\u00e1te v\u00fdh\u013ead na pokojn\u00fa hladinu jazera a obsluha v\u00e1m serv\u00edruje dom\u00e1ce aj zahrani\u010dn\u00e9 rybie \u0161peciality.<\/span><\/p>\n<p><img loading=\"lazy\" class=\"alignnone wp-image-63088 size-large\" src=\"https:\/\/www.visitbratislava.com\/wp-content\/uploads\/2019\/07\/DSC_0819-800x533.jpg\" alt=\"\" width=\"800\" height=\"533\" srcset=\"https:\/\/www.visitbratislava.com\/wp-content\/uploads\/2019\/07\/DSC_0819-800x533.jpg 800w, https:\/\/www.visitbratislava.com\/wp-content\/uploads\/2019\/07\/DSC_0819-400x267.jpg 400w, https:\/\/www.visitbratislava.com\/wp-content\/uploads\/2019\/07\/DSC_0819-768x512.jpg 768w, https:\/\/www.visitbratislava.com\/wp-content\/uploads\/2019\/07\/DSC_0819-200x133.jpg 200w\" sizes=\"(max-width: 800px) 100vw, 800px\" \/><\/p>\n<p><span style=\"font-weight: 400;\">Miestna rybacia polievka hal\u00e1szl\u00e9 chut\u00ed na palube plachetnice exoticky. Budete sa c\u00edti\u0165 ako moreplavec, ke\u010f\u017ee \u010das\u0165 re\u0161taur\u00e1cie pripom\u00edna Santa Mariu, lo\u010f, na ktorej Kri\u0161tof Kolumbus objavil Ameriku.\u00a0<\/span><span style=\"font-weight: 400;\">S\u00fa\u010das\u0165ou komplexu s\u00fa bungalovy v polyn\u00e9zskom \u0161t\u00fdle s terasami vybudovan\u00fdmi nad jazerom a priamym vstupom do vody. Pri pozorovan\u00ed z\u00e1padu \u010di v\u00fdchodu slnka tu pre\u017eijete nezabudnute\u013en\u00e9 romantick\u00e9 chv\u00edle.<\/span><\/p>\n<p><span style=\"font-weight: 400;\">O z\u00e1bavu nie je n\u00fadza ani na \u017eiv\u00fdch koncertoch v bl\u00edzkom amfite\u00e1tri. To st\u00e1le nie je v\u0161etko. Lektori v\u00e1s tu pri pevnej\u0161om odhodlan\u00ed nau\u010dia tancova\u0165 latino tance.<\/span><\/p>\n<p><img loading=\"lazy\" class=\"alignnone wp-image-63096 size-large\" src=\"https:\/\/www.visitbratislava.com\/wp-content\/uploads\/2019\/07\/PGH51736.MOV.06_23_09_18.Still001-800x450.jpg\" alt=\"\" width=\"800\" height=\"450\" srcset=\"https:\/\/www.visitbratislava.com\/wp-content\/uploads\/2019\/07\/PGH51736.MOV.06_23_09_18.Still001-800x450.jpg 800w, https:\/\/www.visitbratislava.com\/wp-content\/uploads\/2019\/07\/PGH51736.MOV.06_23_09_18.Still001-400x225.jpg 400w, https:\/\/www.visitbratislava.com\/wp-content\/uploads\/2019\/07\/PGH51736.MOV.06_23_09_18.Still001-768x432.jpg 768w, https:\/\/www.visitbratislava.com\/wp-content\/uploads\/2019\/07\/PGH51736.MOV.06_23_09_18.Still001-200x113.jpg 200w\" sizes=\"(max-width: 800px) 100vw, 800px\" \/><\/p>\n<h2><b>Akt\u00edvny oddych<\/b><\/h2>\n<p><span style=\"font-weight: 400;\">S\u00fa to v\u0161ak hlavne vodn\u00e9 \u0161porty, ktor\u00fdch si na jazer\u00e1ch u\u017eijete do s\u00fdtosti. Ak m\u00e1te radi klasiku a nechcete sa pr\u00edli\u0161 zapoti\u0165, po\u017ei\u010dajte si vodn\u00fd bicykel \u010di \u010dln. Nov\u00fdm z\u00e1\u017eitkom bude p\u00e1dlovanie v stoji pod\u013ea trad\u00edcie z Havajsk\u00fdch ostrovov. V\u0161etko, \u010do pre paddleboarding potrebujete, si po\u017ei\u010diate priamo na brehu za mal\u00fd poplatok.\u00a0<\/span><span style=\"font-weight: 400;\">Pravideln\u00fd n\u00e1v\u0161tevn\u00edk <a href=\"https:\/\/www.visitbratislava.com\/sk\/miesta\/slnecne-jazera-senec\/\" target=\"_blank\" rel=\"noopener\">Slne\u010dn\u00fdch jazier<\/a> Martin Ondrej\u010d\u00e1k pri\u0161iel tomuto \u0161portu na chu\u0165 u\u017e minul\u00fd rok.\u00a0<\/span><\/p>\n<blockquote><p><span style=\"font-weight: 400;\">\u201ePaddleboarding je v\u00fdborn\u00fd na tr\u00e9novanie stability,\u201d smeje sa.\u00a0<\/span><\/p><\/blockquote>\n<p><span style=\"font-weight: 400;\">\u00a0<\/span><span style=\"font-weight: 400;\">Ak ste milovn\u00edkom bicyklovania, vysk\u00fa\u0161ajte niektor\u00fa z cyklistick\u00fdch tr\u00e1s po okol\u00ed Senca. Zaved\u00fa v\u00e1s napr\u00edklad do vin\u00e1rskeho meste\u010dka Pezinok alebo do kr\u00e1\u013eovstva husaciny \u2013 Slovensk\u00e9ho Grobu.\u00a0<\/span><\/p>\n<p><img loading=\"lazy\" class=\"alignnone wp-image-63104 size-large\" src=\"https:\/\/www.visitbratislava.com\/wp-content\/uploads\/2019\/07\/PGH51776.MOV.08_37_43_01.Still001-800x450.jpg\" alt=\"\" width=\"800\" height=\"450\" srcset=\"https:\/\/www.visitbratislava.com\/wp-content\/uploads\/2019\/07\/PGH51776.MOV.08_37_43_01.Still001-800x450.jpg 800w, https:\/\/www.visitbratislava.com\/wp-content\/uploads\/2019\/07\/PGH51776.MOV.08_37_43_01.Still001-400x225.jpg 400w, https:\/\/www.visitbratislava.com\/wp-content\/uploads\/2019\/07\/PGH51776.MOV.08_37_43_01.Still001-768x432.jpg 768w, https:\/\/www.visitbratislava.com\/wp-content\/uploads\/2019\/07\/PGH51776.MOV.08_37_43_01.Still001-200x113.jpg 200w\" sizes=\"(max-width: 800px) 100vw, 800px\" \/><\/p>\n<p><img loading=\"lazy\" class=\"alignnone wp-image-63108 size-large\" src=\"https:\/\/www.visitbratislava.com\/wp-content\/uploads\/2019\/07\/PGH52003.MOV.08_48_02_18.Still001-800x450.jpg\" alt=\"\" width=\"800\" height=\"450\" srcset=\"https:\/\/www.visitbratislava.com\/wp-content\/uploads\/2019\/07\/PGH52003.MOV.08_48_02_18.Still001-800x450.jpg 800w, https:\/\/www.visitbratislava.com\/wp-content\/uploads\/2019\/07\/PGH52003.MOV.08_48_02_18.Still001-400x225.jpg 400w, https:\/\/www.visitbratislava.com\/wp-content\/uploads\/2019\/07\/PGH52003.MOV.08_48_02_18.Still001-768x432.jpg 768w, https:\/\/www.visitbratislava.com\/wp-content\/uploads\/2019\/07\/PGH52003.MOV.08_48_02_18.Still001-200x113.jpg 200w\" sizes=\"(max-width: 800px) 100vw, 800px\" \/><\/p>\n<h2><strong>Nielen cez leto<\/strong><\/h2>\n<p><span style=\"font-weight: 400;\">Nav\u0161t\u00edvi\u0165 Slne\u010dn\u00e9 jazer\u00e1 sa oplat\u00ed aj mimo letnej sez\u00f3ny. Obzvl\u00e1\u0161\u0165 severn\u00fa stranu, kde je bez oh\u013eadu na ro\u010dn\u00e9 obdobie a po\u010dasie otvoren\u00fd <a href=\"https:\/\/www.visitbratislava.com\/sk\/miesta\/aquapark-senec\/\" target=\"_blank\" rel=\"noopener\">Aquapark Senec<\/a>. \u010cakaj\u00fa tu na v\u00e1s tie najbl\u00e1znivej\u0161ie mokr\u00e9 z\u00e1\u017eitky v piatich baz\u00e9noch s celoro\u010dnou prev\u00e1dzkou a \u010fal\u0161\u00edch dvoch letn\u00fdch baz\u00e9noch. Deti sa vy\u0161antia na tobog\u00e1noch a \u0161myk\u013eavk\u00e1ch. Pre plavcov je k dispoz\u00edcii 25-metrov\u00fd kryt\u00fd baz\u00e9n so samostatn\u00fdm vstupom.<\/span><\/p>\n<p><img loading=\"lazy\" class=\"alignnone wp-image-63162 size-large\" src=\"https:\/\/www.visitbratislava.com\/wp-content\/uploads\/2019\/07\/PGH52015-1.jpg-1-800x450.jpg\" alt=\"\" width=\"800\" height=\"450\" srcset=\"https:\/\/www.visitbratislava.com\/wp-content\/uploads\/2019\/07\/PGH52015-1.jpg-1-800x450.jpg 800w, https:\/\/www.visitbratislava.com\/wp-content\/uploads\/2019\/07\/PGH52015-1.jpg-1-400x225.jpg 400w, https:\/\/www.visitbratislava.com\/wp-content\/uploads\/2019\/07\/PGH52015-1.jpg-1-768x432.jpg 768w, https:\/\/www.visitbratislava.com\/wp-content\/uploads\/2019\/07\/PGH52015-1.jpg-1-200x113.jpg 200w\" sizes=\"(max-width: 800px) 100vw, 800px\" \/><\/p>\n<p><span style=\"font-weight: 400;\">Zasl\u00fa\u017een\u00fd oddych telu doprajte v saunovom svete. V jednom z najlep\u0161\u00edch slovensk\u00fdch wellness za\u017eijete pr\u00edjemn\u00e9 saunov\u00e9 ceremoni\u00e1ly. Na v\u00fdber m\u00e1te osem s\u00e1un, tri v\u00edrivky, Kneippov \u0161liapac\u00ed k\u00fape\u013e povzbudzuj\u00faci krvn\u00fd obeh, ako aj r\u00f4zne mas\u00e1\u017ee. Pobyt v saunovom dom\u010deku na uzavretom dvore je nezabudnute\u013en\u00fd, najm\u00e4 ke\u010f nasne\u017e\u00ed. Kontrast rozhor\u00fa\u010den\u00e9ho tela a mraziv\u00e9 snehu treba za\u017ei\u0165 na vlastnej ko\u017ei.<\/span><\/p>\n","protected":false},"excerpt":{"rendered":"<p>\ufeff\ufeff Ne\u010faleko Bratislavy sa nach\u00e1dzaj\u00fa ob\u013e\u00faben\u00e9 Slne\u010dn\u00e9 jazer\u00e1 v Senci. Doned\u00e1vna boli zn\u00e1me ako Slovensk\u00e9 Tahiti. Podobne ako tento exotick\u00fd ostrov pon\u00fakaj\u00fa rozsiahle mo\u017enosti k\u00fapania, rybolovu, vodn\u00fdch \u0161portov a ubytovania. \u201eSeneck\u00e9 more, ako ja jazer\u00e1 vol\u00e1m, s\u00fa lep\u0161ie ako Jadran. Voda je tu teplej\u0161ia, s\u00fa bl\u00edzko Bratislavy a m\u00e1me tu v\u0161etko,\u201c hovor\u00ed D\u00e1\u0161a Toledov\u00e1. Ako [&hellip;]<\/p>\n","protected":false},"author":25,"featured_media":63133,"parent":46397,"menu_order":0,"comment_status":"closed","ping_status":"closed","template":"","meta":[],"acf":[],"_links":{"self":[{"href":"https:\/\/www.visitbratislava.com\/sk\/wp-json\/wp\/v2\/pages\/63058"}],"collection":[{"href":"https:\/\/www.visitbratislava.com\/sk\/wp-json\/wp\/v2\/pages"}],"about":[{"href":"https:\/\/www.visitbratislava.com\/sk\/wp-json\/wp\/v2\/types\/page"}],"author":[{"embeddable":true,"href":"https:\/\/www.visitbratislava.com\/sk\/wp-json\/wp\/v2\/users\/25"}],"replies":[{"embeddable":true,"href":"https:\/\/www.visitbratislava.com\/sk\/wp-json\/wp\/v2\/comments?post=63058"}],"version-history":[{"count":0,"href":"https:\/\/www.visitbratislava.com\/sk\/wp-json\/wp\/v2\/pages\/63058\/revisions"}],"up":[{"embeddable":true,"href":"https:\/\/www.visitbratislava.com\/sk\/wp-json\/wp\/v2\/pages\/46397"}],"wp:featuredmedia":[{"embeddable":true,"href":"https:\/\/www.visitbratislava.com\/sk\/wp-json\/wp\/v2\/media\/63133"}],"wp:attachment":[{"href":"https:\/\/www.visitbratislava.com\/sk\/wp-json\/wp\/v2\/media?parent=63058"}],"curies":[{"name":"wp","href":"https:\/\/api.w.org\/{rel}","templated":true}]}}