{"id":64702,"date":"2019-09-03T14:37:43","date_gmt":"2019-09-03T12:37:43","guid":{"rendered":"https:\/\/www.visitbratislava.com\/?page_id=64702\/"},"modified":"2020-08-13T09:16:00","modified_gmt":"2020-08-13T07:16:00","slug":"bezplatne-prehliadky-na-temu-korunovacnej-bratislavy","status":"publish","type":"page","link":"https:\/\/www.visitbratislava.com\/sk\/bezplatne-prehliadky-na-temu-korunovacnej-bratislavy\/","title":{"rendered":"Bezplatn\u00e9 prehliadky na t\u00e9mu korunov\u00e1ci\u00ed"},"content":{"rendered":"<p>Po\u010das Bratislavsk\u00fdch korunova\u010dn\u00fdch dn\u00ed (14. &#8211; 16.augusta) bud\u00fa ma\u0165 n\u00e1v\u0161tevn\u00edci i dom\u00e1ci mo\u017enos\u0165 z\u00fa\u010dastni\u0165 sa tematick\u00fdch prehliadok na t\u00e9mu korunov\u00e1ci\u00ed v slovenskom, ma\u010farskom, anglickom a nemeckom jazyku.\u00a0Trasy prehliadok v trvan\u00ed 2 hodiny v\u00e1s preved\u00fa najv\u00fdznamnej\u0161\u00edmi miestami spojen\u00fdmi s ceremoni\u00e1lom korunov\u00e1ci\u00ed uhorsk\u00fdch panovn\u00edkov a ich man\u017eeliek.<\/p>\n<p><strong>Miesto stretnutia:<\/strong>\u00a0pri Viedenskej br\u00e1ne na Bratislavskom hrade<\/p>\n<p><strong>Trasa<\/strong>: Bratislavsk\u00fd hrad \u2013 Beblav\u00e9ho ulica \u2013 \u00a0Rudnayovo n\u00e1mestie (<em>D\u00f3m sv. Martina<\/em>) \u2013 Kapitulsk\u00e1 ulica \u2013 Prepo\u0161tsk\u00e1 \u2013 Vent\u00farska \u2013 Sedl\u00e1rska \u2013 Hlavn\u00e9 n\u00e1mestie &#8211; Franti\u0161k\u00e1nske n\u00e1mestie &#8211; Michalsk\u00e1 ulica<\/p>\n<h3>Program prehliadok v slovenskom jazyku<\/h3>\n<ul>\n<li><strong>14. augusta, piatok &#8211; 17:00<\/strong> &#8211;\u00a0O korunov\u00e1cii M\u00e1rie Ter\u00e9zie<\/li>\n<\/ul>\n<p><strong>O\u00a0korunov\u00e1cii M\u00e1rie Ter\u00e9zie<\/strong><\/p>\n<p>Poz\u00fdvame v\u00e1s na prehliadku Bratislavy, venovan\u00fa korunov\u00e1cii M\u00e1rie Ter\u00e9zie za uhorsk\u00fa kr\u00e1\u013eovn\u00fa. Predstav\u00edme v\u00e1m nielen mocn\u00fa panovn\u00ed\u010dku a zdatn\u00fa politi\u010dku, ale aj mlad\u00fa, kr\u00e1snu \u017eenu, miluj\u00facu matku a man\u017eelku. Prejdeme sa k\u00faskom trasy, ktorou prech\u00e1dzal jej korunova\u010dn\u00fd sprievod, z Bratislavsk\u00e9ho hradu, popri katedr\u00e1le sv. Martina, cez Hlavn\u00e9 a Franti\u0161k\u00e1nske n\u00e1mestie, a\u017e k Michalskej ve\u017ei. Staneme sa, aspo\u0148 v predstav\u00e1ch, V.I.P hos\u0165ami \u0161tyroch \u010dast\u00ed monument\u00e1lneho korunova\u010dn\u00e9ho ceremoni\u00e1lu a zastav\u00edme sa pri budov\u00e1ch, v ktor\u00fdch kedysi s\u00eddlili najd\u00f4le\u017eitej\u0161ie in\u0161tit\u00facie kr\u00e1\u013eovstva. A tak, ako kedysi sprev\u00e1dzala korunov\u00e1cie uhorsk\u00fdch kr\u00e1\u013eov rados\u0165,\u00a0 veselos\u0165 a n\u00e1dej ich poddan\u00fdch, aj na\u0161e spolo\u010dn\u00e9 putovanie hist\u00f3riou ozdob\u00edme spomienkou na niektor\u00e9 humornej\u0161ie str\u00e1nky vl\u00e1dy M\u00e1rie Ter\u00e9zie a n\u00e1dejou, \u017ee sa v\u00e1m prehliadka bude p\u00e1\u010di\u0165.<\/p>\n<ul>\n<li><strong>15. augusta, sobota<\/strong> &#8211; 11:00, 18:00 &#8211;\u00a0Po stop\u00e1ch korunov\u00e1ci\u00ed<\/li>\n<li><strong>16. augusta, nede\u013ea<\/strong> &#8211; 11:00 &#8211;\u00a0Po stop\u00e1ch korunov\u00e1ci\u00ed<\/li>\n<\/ul>\n<h3>Program prehliadok v ma\u010farskom, anglickom a nemeckom jazyku<\/h3>\n<p><strong>15. augusta, sobota<\/strong><\/p>\n<ul>\n<li>11:00 &#8211; prehliadka v nemeckom jazyku<\/li>\n<li>11:00 &#8211; prehliadka v anglickom jazyku<\/li>\n<li>16:00 &#8211; prehliadka v ma\u010farskom jazyku<\/li>\n<\/ul>\n<p><strong>16. augusta. nede\u013ea<\/strong><\/p>\n<ul>\n<li>11:00 &#8211;\u00a0prehliadka v nemeckom jazyku<\/li>\n<li>11:00 &#8211;\u00a0prehliadka v anglickom jazyku<\/li>\n<\/ul>\n","protected":false},"excerpt":{"rendered":"<p>Po\u010das Bratislavsk\u00fdch korunova\u010dn\u00fdch dn\u00ed (14. &#8211; 16.augusta) bud\u00fa ma\u0165 n\u00e1v\u0161tevn\u00edci i dom\u00e1ci mo\u017enos\u0165 z\u00fa\u010dastni\u0165 sa tematick\u00fdch prehliadok na t\u00e9mu korunov\u00e1ci\u00ed v slovenskom, ma\u010farskom, anglickom a nemeckom jazyku.\u00a0Trasy prehliadok v trvan\u00ed 2 hodiny v\u00e1s preved\u00fa najv\u00fdznamnej\u0161\u00edmi miestami spojen\u00fdmi s ceremoni\u00e1lom korunov\u00e1ci\u00ed uhorsk\u00fdch panovn\u00edkov a ich man\u017eeliek. Miesto stretnutia:\u00a0pri Viedenskej br\u00e1ne na Bratislavskom hrade Trasa: Bratislavsk\u00fd hrad [&hellip;]<\/p>\n","protected":false},"author":25,"featured_media":87804,"parent":0,"menu_order":0,"comment_status":"closed","ping_status":"closed","template":"","meta":[],"acf":[],"_links":{"self":[{"href":"https:\/\/www.visitbratislava.com\/sk\/wp-json\/wp\/v2\/pages\/64702"}],"collection":[{"href":"https:\/\/www.visitbratislava.com\/sk\/wp-json\/wp\/v2\/pages"}],"about":[{"href":"https:\/\/www.visitbratislava.com\/sk\/wp-json\/wp\/v2\/types\/page"}],"author":[{"embeddable":true,"href":"https:\/\/www.visitbratislava.com\/sk\/wp-json\/wp\/v2\/users\/25"}],"replies":[{"embeddable":true,"href":"https:\/\/www.visitbratislava.com\/sk\/wp-json\/wp\/v2\/comments?post=64702"}],"version-history":[{"count":0,"href":"https:\/\/www.visitbratislava.com\/sk\/wp-json\/wp\/v2\/pages\/64702\/revisions"}],"wp:featuredmedia":[{"embeddable":true,"href":"https:\/\/www.visitbratislava.com\/sk\/wp-json\/wp\/v2\/media\/87804"}],"wp:attachment":[{"href":"https:\/\/www.visitbratislava.com\/sk\/wp-json\/wp\/v2\/media?parent=64702"}],"curies":[{"name":"wp","href":"https:\/\/api.w.org\/{rel}","templated":true}]}}