{"id":64776,"date":"2019-09-04T16:15:28","date_gmt":"2019-09-04T14:15:28","guid":{"rendered":"https:\/\/www.visitbratislava.com\/?page_id=64776\/"},"modified":"2025-02-17T09:14:33","modified_gmt":"2025-02-17T08:14:33","slug":"s-rodinou-do-bratislavy-nikto-sa-nudit-nebude","status":"publish","type":"page","link":"https:\/\/www.visitbratislava.com\/sk\/vlog\/s-rodinou-do-bratislavy-nikto-sa-nudit-nebude\/","title":{"rendered":"S rodinou do Bratislavy? Nikto sa nudi\u0165 nebude"},"content":{"rendered":"<p><iframe src=\"https:\/\/www.youtube.com\/embed\/Xe7aDHyF1t0\" width=\"1000\" height=\"500\" frameborder=\"0\" allowfullscreen=\"allowfullscreen\"><span data-mce-type=\"bookmark\" style=\"display: inline-block; width: 0px; overflow: hidden; line-height: 0;\" class=\"mce_SELRES_start\">\ufeff<\/span><\/iframe><\/p>\n<p>M\u00e1te doma mal\u00e9ho \u0161portovca, bud\u00facu veterin\u00e1rku \u010di vedky\u0148u alebo umelca? Na\u00a0 v\u00fdlete v Bratislave n\u00e1jdete program pre ka\u017ed\u00e9ho. V\u010faka mnoh\u00fdm atrakci\u00e1m, ako s\u00fa detsk\u00e1 gal\u00e9ria, centrum vedy, stredovek\u00e9 hrady, ZOO, dinopark, \u010di Jump ar\u00e9na, si v meste a bl\u00edzkom okol\u00ed s de\u0165mi u\u017eijete z\u00e1bavu za ka\u017ed\u00e9ho po\u010dasia.<\/p>\n<p><img loading=\"lazy\" class=\"alignnone wp-image-65005 size-large\" src=\"https:\/\/www.visitbratislava.com\/wp-content\/uploads\/2019\/09\/PGH51528.MOV.12_56_16_34.Still001-800x450.jpg\" alt=\"\" width=\"800\" height=\"450\" srcset=\"https:\/\/www.visitbratislava.com\/wp-content\/uploads\/2019\/09\/PGH51528.MOV.12_56_16_34.Still001-800x450.jpg 800w, https:\/\/www.visitbratislava.com\/wp-content\/uploads\/2019\/09\/PGH51528.MOV.12_56_16_34.Still001-400x225.jpg 400w, https:\/\/www.visitbratislava.com\/wp-content\/uploads\/2019\/09\/PGH51528.MOV.12_56_16_34.Still001-768x432.jpg 768w, https:\/\/www.visitbratislava.com\/wp-content\/uploads\/2019\/09\/PGH51528.MOV.12_56_16_34.Still001-200x113.jpg 200w\" sizes=\"(max-width: 800px) 100vw, 800px\" \/><\/p>\n<h3>Za zvieratkami a dinosaurami<\/h3>\n<p>K najnav\u0161tevovanej\u0161\u00edm miestam nepochybne patr\u00ed bratislavsk\u00e1 <a href=\"https:\/\/www.visitbratislava.com\/sk\/miesta\/zoo\/\" target=\"_blank\" rel=\"noopener\">zoologick\u00e1 z\u00e1hrada<\/a> v Mlynskej doline. N\u00e1jdete tu viac ako tis\u00edc zvierat z takmer 180 druhov. Od m\u00e1ja do konca septembra sa po\u010das v\u00edkendov kon\u00e1 komentovan\u00e9 k\u0155menie, ktor\u00e9 v\u00e1s dostane k zvierat\u00e1m bli\u017e\u0161ie ako zvy\u010dajne. Obzvl\u00e1\u0161\u0165 \u017eivo je v <a href=\"https:\/\/www.visitbratislava.com\/sk\/miesta\/zoo\/\" target=\"_blank\" rel=\"noopener\">ZOO<\/a> po\u010das \u0161peci\u00e1lnych akci\u00ed pre deti, napr\u00edklad na Medzin\u00e1rodn\u00fd de\u0148 det\u00ed \u010di na Mikul\u00e1\u0161a.<\/p>\n<p>S\u00fa\u010das\u0165ou are\u00e1lu je aj DinoPark. Deti s\u00fa o\u010daren\u00e9 r\u00f4znymi druhmi dinosaurov v \u017eivotnej ve\u013ekosti. K tomu im m\u00f4\u017eete \u010d\u00edta\u0165 o sp\u00f4sobe ich \u017eivota, vybra\u0165 sa do 3D kina \u010di zahra\u0165 sa na paleontologickom ihrisku.<\/p>\n<blockquote><p>Ak ste dr\u017eite\u013eom turistickej karty <a href=\"http:\/\/card.visitbratislava.com\/sk\/\" target=\"_blank\" rel=\"noopener\">Bratislava CARD City &amp; Region<\/a>, m\u00e1te 100 percentn\u00fa z\u013eavu na n\u00e1v\u0161tevu ZOO. Naviac v\u00e1s k nej mestsk\u00e1 doprava privezie \u00faplne zdarma.<\/p><\/blockquote>\n<p><img loading=\"lazy\" class=\"alignnone wp-image-65041 size-large\" src=\"https:\/\/www.visitbratislava.com\/wp-content\/uploads\/2019\/09\/17-ZOO-amp-Dinopark-800x533.jpg\" alt=\"\" width=\"800\" height=\"533\" srcset=\"https:\/\/www.visitbratislava.com\/wp-content\/uploads\/2019\/09\/17-ZOO-amp-Dinopark-800x533.jpg 800w, https:\/\/www.visitbratislava.com\/wp-content\/uploads\/2019\/09\/17-ZOO-amp-Dinopark-400x267.jpg 400w, https:\/\/www.visitbratislava.com\/wp-content\/uploads\/2019\/09\/17-ZOO-amp-Dinopark-768x512.jpg 768w, https:\/\/www.visitbratislava.com\/wp-content\/uploads\/2019\/09\/17-ZOO-amp-Dinopark-200x133.jpg 200w\" sizes=\"(max-width: 800px) 100vw, 800px\" \/><\/p>\n<p><img loading=\"lazy\" class=\"alignnone wp-image-65053 size-large\" src=\"https:\/\/www.visitbratislava.com\/wp-content\/uploads\/2019\/09\/zdroj_ZOO-Bratislava-800x533.jpg\" alt=\"\" width=\"800\" height=\"533\" srcset=\"https:\/\/www.visitbratislava.com\/wp-content\/uploads\/2019\/09\/zdroj_ZOO-Bratislava-800x533.jpg 800w, https:\/\/www.visitbratislava.com\/wp-content\/uploads\/2019\/09\/zdroj_ZOO-Bratislava-400x267.jpg 400w, https:\/\/www.visitbratislava.com\/wp-content\/uploads\/2019\/09\/zdroj_ZOO-Bratislava-768x512.jpg 768w, https:\/\/www.visitbratislava.com\/wp-content\/uploads\/2019\/09\/zdroj_ZOO-Bratislava-200x133.jpg 200w\" sizes=\"(max-width: 800px) 100vw, 800px\" \/><\/p>\n<h3>Ako \u017eili hradn\u00ed p\u00e1ni?<\/h3>\n<p>Za kr\u00e1tky v\u00fdlet mimo Bratislavy jednozna\u010dne stoj\u00ed <a href=\"https:\/\/www.visitbratislava.com\/sk\/miesta\/cerveny-kamen\/\" target=\"_blank\" rel=\"noopener\">Hrad \u010cerven\u00fd Kame\u0148<\/a> nad malebnou\u00a0 malokarpatskou obcou \u010cast\u00e1. L\u00faky okolo hradu s\u00fa ako stvoren\u00e9 na piknik alebo na p\u00fa\u0161\u0165anie \u0161arkanov. Star\u0161ie deti sa isto rady prejd\u00fa po tajomn\u00fdch komnat\u00e1ch hradu.<\/p>\n<p><img loading=\"lazy\" class=\"alignnone wp-image-65045 size-large\" src=\"https:\/\/www.visitbratislava.com\/wp-content\/uploads\/2019\/09\/CervenyKamen-800x534.jpg\" alt=\"\" width=\"800\" height=\"534\" srcset=\"https:\/\/www.visitbratislava.com\/wp-content\/uploads\/2019\/09\/CervenyKamen-800x534.jpg 800w, https:\/\/www.visitbratislava.com\/wp-content\/uploads\/2019\/09\/CervenyKamen-400x267.jpg 400w, https:\/\/www.visitbratislava.com\/wp-content\/uploads\/2019\/09\/CervenyKamen-768x513.jpg 768w, https:\/\/www.visitbratislava.com\/wp-content\/uploads\/2019\/09\/CervenyKamen-200x133.jpg 200w\" sizes=\"(max-width: 800px) 100vw, 800px\" \/><\/p>\n<p>Pri prehliadke sa dozvedia ve\u013ea zauj\u00edmav\u00e9ho o \u017eivote bohat\u00fdch p\u00e1nov a na chv\u00ed\u013eu sa tak stan\u00fa s\u00fa\u010das\u0165ou hradn\u00fdch pr\u00edbehov. V are\u00e1li sa navy\u0161e nach\u00e1dza sokoliarsky dvor Astur s najv\u00e4\u010d\u0161ou kolekciou drav\u00fdch vt\u00e1kov na Slovensku. Okrem sokoliarskych uk\u00e1\u017eok sa t\u00ed odv\u00e1\u017enej\u0161\u00ed m\u00f4\u017eu odfoti\u0165 s niektor\u00fdm z dravcov na ruke. Na tak\u00e9to chv\u00edle sa tak \u013eahko nezab\u00fada. Dr\u017eitelia turistickej karty maj\u00fa aj vstup na <a href=\"https:\/\/www.visitbratislava.com\/sk\/miesta\/cerveny-kamen\/\" target=\"_blank\" rel=\"noopener\">Hrad \u010cerven\u00fd Kame\u0148<\/a> \u00faplne zadarmo.<\/p>\n<h3>Vo svete rozpr\u00e1vok<\/h3>\n<p>Za pekn\u00e9ho po\u010dasia de\u0165om \u010dasto sta\u010d\u00ed vy\u0161anti\u0165 sa na jednom z mnoh\u00fdch bratislavsk\u00fdch detsk\u00fdch ihr\u00edsk alebo na \u017deleznej studni\u010dke. Ak\u00fd program ale vymyslie\u0165, ke\u010f vonku pr\u0161\u00ed? V Bratislave to nie je probl\u00e9m. Do <a href=\"https:\/\/www.visitbratislava.com\/sk\/miesta\/bibiana\/\" target=\"_blank\" rel=\"noopener\">Bibiany<\/a>, domu umenia pre deti hne\u010f oproti D\u00f3mu sv. Martina, sa m\u00f4\u017eete vybra\u0165 v ka\u017edom po\u010das\u00ed. Tu deti m\u00f4\u017eu objavova\u0165 kult\u00faru skuto\u010dne netradi\u010dne.<\/p>\n<blockquote><p>\u201eAj preto je v\u00e4\u010d\u0161ina v\u00fdstav interakt\u00edvna tak, aby si ka\u017ed\u00e1 vekov\u00e1 kateg\u00f3ria na\u0161la, \u010do ju zaujme,\u201c hovor\u00ed Val\u00e9ria Marakyov\u00e1 z Bibiany.<\/p><\/blockquote>\n<p>Okrem toho sa v\u010faka tejto in\u0161tit\u00facii Bratislava men\u00ed ka\u017ed\u00e9 dva roky na kr\u00e1\u013eovstvo kni\u017eiek pre deti. Bien\u00e1le ilustr\u00e1ci\u00ed Bratislava prin\u00e1\u0161a do hlavn\u00e9ho mesta kresby z kni\u017eiek z cel\u00e9ho sveta, pri ktor\u00fdch detsk\u00e1 fant\u00e1zia funguje \u00fa\u017easne.<\/p>\n<p><img loading=\"lazy\" class=\"alignnone wp-image-65049 size-large\" src=\"https:\/\/www.visitbratislava.com\/wp-content\/uploads\/2019\/09\/zdroj_Dominik_Sepp-Bibiana-800x533.jpg\" alt=\"\" width=\"800\" height=\"533\" srcset=\"https:\/\/www.visitbratislava.com\/wp-content\/uploads\/2019\/09\/zdroj_Dominik_Sepp-Bibiana-800x533.jpg 800w, https:\/\/www.visitbratislava.com\/wp-content\/uploads\/2019\/09\/zdroj_Dominik_Sepp-Bibiana-400x267.jpg 400w, https:\/\/www.visitbratislava.com\/wp-content\/uploads\/2019\/09\/zdroj_Dominik_Sepp-Bibiana-768x512.jpg 768w, https:\/\/www.visitbratislava.com\/wp-content\/uploads\/2019\/09\/zdroj_Dominik_Sepp-Bibiana-200x133.jpg 200w\" sizes=\"(max-width: 800px) 100vw, 800px\" \/><\/p>\n<p><img loading=\"lazy\" class=\"alignnone wp-image-64989 size-large\" src=\"https:\/\/www.visitbratislava.com\/wp-content\/uploads\/2019\/09\/PGH51481.MOV.10_49_15_42.Still001-800x450.jpg\" alt=\"\" width=\"800\" height=\"450\" srcset=\"https:\/\/www.visitbratislava.com\/wp-content\/uploads\/2019\/09\/PGH51481.MOV.10_49_15_42.Still001-800x450.jpg 800w, https:\/\/www.visitbratislava.com\/wp-content\/uploads\/2019\/09\/PGH51481.MOV.10_49_15_42.Still001-400x225.jpg 400w, https:\/\/www.visitbratislava.com\/wp-content\/uploads\/2019\/09\/PGH51481.MOV.10_49_15_42.Still001-768x432.jpg 768w, https:\/\/www.visitbratislava.com\/wp-content\/uploads\/2019\/09\/PGH51481.MOV.10_49_15_42.Still001-200x113.jpg 200w\" sizes=\"(max-width: 800px) 100vw, 800px\" \/><\/p>\n<h3>Ako mlad\u00ed vedci<\/h3>\n<p>Za \u0161kared\u00e9ho po\u010dasia sa deti m\u00f4\u017eu vybl\u00e1zni\u0165 aj sk\u00e1kan\u00edm v <a href=\"https:\/\/jumparena.sk\/\" target=\"_blank\" rel=\"noopener\">Jump arene <\/a>alebo nav\u0161t\u00edvi\u0165 z\u00e1\u017eitkov\u00e9 centrum vedy <a href=\"https:\/\/www.visitbratislava.com\/sk\/miesta\/zazitkove-centrum-vedy-aurelium\/\" target=\"_blank\" rel=\"noopener\">Aurelium<\/a>. To v sebe sp\u00e1ja \u0161kolu, m\u00fazeum i z\u00e1bavn\u00fd park ke\u010f\u017ee jeho idea vych\u00e1dza z n\u00e1zoru, \u017ee najlep\u0161ie sa ka\u017ed\u00fd u\u010d\u00ed pomocou vlastn\u00fdch sk\u00fasenost\u00ed a z\u00e1\u017eitkov.<\/p>\n<p>Hne\u010f pri vstupe je interakt\u00edvna \u010das\u0165 s Teslov\u00fdm svetom, laserovou \u0161ou a robotmi. V \u010fal\u0161ej s\u00fa praktick\u00e9 experimenty rozdelen\u00e9 do viacer\u00fdch, farebne odl\u00ed\u0161en\u00fdch, sektorov. M\u00f4\u017eete si pozrie\u0165, ako funguje hologram \u010di ak\u00e9 \u0165a\u017ek\u00e9 je vyv\u00e1\u017ei\u0165 magnet. A \u010do je d\u00f4le\u017eit\u00e9, v\u0161etko si m\u00f4\u017eete odsk\u00fa\u0161a\u0165 na\u017eivo.<\/p>\n<p><img loading=\"lazy\" class=\"alignnone wp-image-65037 size-large\" src=\"https:\/\/www.visitbratislava.com\/wp-content\/uploads\/2019\/09\/14-Aurelium-800x533.jpg\" alt=\"\" width=\"800\" height=\"533\" srcset=\"https:\/\/www.visitbratislava.com\/wp-content\/uploads\/2019\/09\/14-Aurelium-800x533.jpg 800w, https:\/\/www.visitbratislava.com\/wp-content\/uploads\/2019\/09\/14-Aurelium-400x267.jpg 400w, https:\/\/www.visitbratislava.com\/wp-content\/uploads\/2019\/09\/14-Aurelium-768x512.jpg 768w, https:\/\/www.visitbratislava.com\/wp-content\/uploads\/2019\/09\/14-Aurelium-200x133.jpg 200w\" sizes=\"(max-width: 800px) 100vw, 800px\" \/><\/p>\n","protected":false},"excerpt":{"rendered":"<p>\ufeff M\u00e1te doma mal\u00e9ho \u0161portovca, bud\u00facu veterin\u00e1rku \u010di vedky\u0148u alebo umelca? Na\u00a0 v\u00fdlete v Bratislave n\u00e1jdete program pre ka\u017ed\u00e9ho. V\u010faka mnoh\u00fdm atrakci\u00e1m, ako s\u00fa detsk\u00e1 gal\u00e9ria, centrum vedy, stredovek\u00e9 hrady, ZOO, dinopark, \u010di Jump ar\u00e9na, si v meste a bl\u00edzkom okol\u00ed s de\u0165mi u\u017eijete z\u00e1bavu za ka\u017ed\u00e9ho po\u010dasia. Za zvieratkami a dinosaurami K najnav\u0161tevovanej\u0161\u00edm miestam [&hellip;]<\/p>\n","protected":false},"author":25,"featured_media":65057,"parent":46397,"menu_order":0,"comment_status":"closed","ping_status":"closed","template":"","meta":[],"acf":[],"_links":{"self":[{"href":"https:\/\/www.visitbratislava.com\/sk\/wp-json\/wp\/v2\/pages\/64776"}],"collection":[{"href":"https:\/\/www.visitbratislava.com\/sk\/wp-json\/wp\/v2\/pages"}],"about":[{"href":"https:\/\/www.visitbratislava.com\/sk\/wp-json\/wp\/v2\/types\/page"}],"author":[{"embeddable":true,"href":"https:\/\/www.visitbratislava.com\/sk\/wp-json\/wp\/v2\/users\/25"}],"replies":[{"embeddable":true,"href":"https:\/\/www.visitbratislava.com\/sk\/wp-json\/wp\/v2\/comments?post=64776"}],"version-history":[{"count":1,"href":"https:\/\/www.visitbratislava.com\/sk\/wp-json\/wp\/v2\/pages\/64776\/revisions"}],"predecessor-version":[{"id":328217,"href":"https:\/\/www.visitbratislava.com\/sk\/wp-json\/wp\/v2\/pages\/64776\/revisions\/328217"}],"up":[{"embeddable":true,"href":"https:\/\/www.visitbratislava.com\/sk\/wp-json\/wp\/v2\/pages\/46397"}],"wp:featuredmedia":[{"embeddable":true,"href":"https:\/\/www.visitbratislava.com\/sk\/wp-json\/wp\/v2\/media\/65057"}],"wp:attachment":[{"href":"https:\/\/www.visitbratislava.com\/sk\/wp-json\/wp\/v2\/media?parent=64776"}],"curies":[{"name":"wp","href":"https:\/\/api.w.org\/{rel}","templated":true}]}}