{"id":65149,"date":"2019-09-06T14:22:40","date_gmt":"2019-09-06T12:22:40","guid":{"rendered":"https:\/\/www.visitbratislava.com\/?page_id=65149\/"},"modified":"2024-10-10T10:31:23","modified_gmt":"2024-10-10T08:31:23","slug":"bratislavske-hody-a-vinobrania","status":"publish","type":"page","link":"https:\/\/www.visitbratislava.com\/sk\/bratislavske-hody-a-vinobrania\/","title":{"rendered":"Bratislavsk\u00e9 hody a vinobrania"},"content":{"rendered":"<p>Jesenn\u00e9 v\u00ednne sl\u00e1vnosti, ktor\u00e9 v septembri otv\u00e1raj\u00fa <strong>vinobrania a hody<\/strong> v Bratislave a Malokarpatskom regi\u00f3ne, patria medzi najob\u013e\u00fabenej\u0161ie podujatia v regi\u00f3ne. Okrem v\u00edna spozn\u00e1te prav\u00fa chu\u0165 dom\u00e1cich \u0161pecial\u00edt a u\u017eijete si hudobn\u00e9 a tane\u010dn\u00e9 vyst\u00fapenia i r\u00f4zne z\u00e1bavn\u00e9 aktivity pre deti.<\/p>\n<ul>\n<li><strong>Novomestsk\u00e9 vinobranie<\/strong><\/li>\n<li><strong>Ra\u010dianske vinobranie<\/strong><\/li>\n<li><strong>Vajnorsk\u00e9 hody<\/strong><\/li>\n<li><strong>D\u00fabravsk\u00e9 hody<\/strong><\/li>\n<li><strong>Karlovesk\u00e9 hody<\/strong><\/li>\n<li><strong>Ru\u017einovsk\u00e9 hodov\u00e9 sl\u00e1vnosti<\/strong><\/li>\n<li><strong>Dev\u00ednske vinobranie<\/strong><\/li>\n<li><strong>Vrakunsk\u00e1 hodov\u00e1 sl\u00e1vnos\u0165<\/strong><\/li>\n<\/ul>\n<p>Vinobrania a hody v okol\u00ed Bratislavy maj\u00fa taktie\u017e neuverite\u013en\u00e9 \u010daro. Nav\u0161t\u00edvte aj historick\u00e9 obce a historick\u00e9 pivnice v Modre, v Sv\u00e4tom Jure a v Pezinku.<\/p>\n<p>Okrem popul\u00e1rneho <strong>Vinobrania<\/strong>, ktor\u00e9 l\u00e1ka ka\u017edoro\u010dne tis\u00edce \u013eud\u00ed, m\u00f4\u017eu milovn\u00edci v\u00edna nav\u0161t\u00edvi\u0165 aj \u010fal\u0161ie podujatia. Ob\u013e\u00fabenou s\u00fa\u010das\u0165ou jesenn\u00fdch sl\u00e1vnost\u00ed je <a href=\"https:\/\/www.visitbratislava.com\/sk\/podujatia\/festival-mladeho-vina\/\" target=\"_blank\" rel=\"noopener\"><strong>Festival mlad\u00e9ho v\u00edna<\/strong><\/a>, kde m\u00e1te pr\u00edle\u017eitos\u0165 ochutna\u0165 mlad\u00e9 v\u00edna, ktor\u00e9 s\u00fa symbolom pr\u00edchodu novej vin\u00e1rskej sez\u00f3ny. Tento festival l\u00e1ka na \u010derstv\u00e9 v\u00edna z aktu\u00e1lneho ro\u010dn\u00edka, ktor\u00e9 e\u0161te nemaj\u00fa svoj fin\u00e1lny charakter, no u\u017e odha\u013euj\u00fa potenci\u00e1l vin\u00e1rskej \u00farody.<\/p>\n<p>Jedn\u00fdm z hlavn\u00fdch l\u00e1kadiel jesenn\u00fdch sl\u00e1vnost\u00ed je aj <a href=\"https:\/\/www.visitbratislava.com\/sk\/sluzby\/malokarpatske-vinna-cesta\/\" target=\"_blank\" rel=\"noopener\"><strong>Malokarpatsk\u00e1 v\u00ednna cesta<\/strong><\/a>, ktor\u00e1 vedie od Bratislavy a\u017e\u00a0 cez malebn\u00e9 vin\u00e1rske dedinky a vin\u00e1rstva v oblasti Mal\u00fdch Karp\u00e1t.<a href=\"https:\/\/www.visitbratislava.com\/sk\/podujatia\/den-otvorenych-pivnic\/\" target=\"_blank\" rel=\"noopener\"> <strong>Dni otvoren\u00fdch pivn\u00edc<\/strong><\/a> zase pon\u00fakaj\u00fa pr\u00edle\u017eitos\u0165 nahliadnu\u0165 priamo do vin\u00e1rskych pivn\u00edc a spozna\u0165 miestnych vin\u00e1rov. Po\u010das roka s\u00fa v ponuke aj <a href=\"https:\/\/otvorene-viechy.sk\/\" target=\"_blank\" rel=\"noopener\"><strong>Otvoren\u00e9 viechy<\/strong><\/a>, kde si v tradi\u010dn\u00fdch priestoroch m\u00f4\u017eete vychutna\u0165 v\u00edno priamo od vin\u00e1rov.<\/p>\n<p><img loading=\"lazy\" width=\"2500\" height=\"1663\" class=\"alignnone size-full wp-image-313355\" src=\"https:\/\/www.visitbratislava.com\/wp-content\/uploads\/2024\/10\/vino-modra.jpg\" alt=\"vino trh modra\" srcset=\"https:\/\/www.visitbratislava.com\/wp-content\/uploads\/2024\/10\/vino-modra.jpg 2500w, https:\/\/www.visitbratislava.com\/wp-content\/uploads\/2024\/10\/vino-modra-400x266.jpg 400w, https:\/\/www.visitbratislava.com\/wp-content\/uploads\/2024\/10\/vino-modra-800x532.jpg 800w, https:\/\/www.visitbratislava.com\/wp-content\/uploads\/2024\/10\/vino-modra-768x511.jpg 768w, https:\/\/www.visitbratislava.com\/wp-content\/uploads\/2024\/10\/vino-modra-1536x1022.jpg 1536w, https:\/\/www.visitbratislava.com\/wp-content\/uploads\/2024\/10\/vino-modra-2048x1362.jpg 2048w, https:\/\/www.visitbratislava.com\/wp-content\/uploads\/2024\/10\/vino-modra-200x133.jpg 200w\" sizes=\"(max-width: 2500px) 100vw, 2500px\" \/><em><span style=\"font-size: 8pt;\">Zdroj: Martina Ml\u010d\u00fachov\u00e1<\/span><\/em><\/p>\n<p>Pre t\u00fdch, ktor\u00ed h\u013eadaj\u00fa autentick\u00fd vin\u00e1rsky z\u00e1\u017eitok, s\u00fa zauj\u00edmavou mo\u017enos\u0165ou aj <strong>V\u00ednne trhy<\/strong>, ktor\u00e9 pravidelne prebiehaj\u00fa v mest\u00e1ch <a href=\"https:\/\/zpvv.sk\/podujatia-a-cinnost\/\" target=\"_blank\" rel=\"noopener\">Pezinok<\/a> a <a href=\"https:\/\/www.vinozmodry.sk\/vinovy-trh-v-modre\" target=\"_blank\" rel=\"noopener\">Modra<\/a>. Na t\u00fdchto trhoch m\u00f4\u017eete nielen ochutna\u0165 lok\u00e1lne v\u00edna, ale aj stretn\u00fa\u0165 sa s vin\u00e1rmi a k\u00fapi\u0165 si f\u013ea\u0161u priamo od zdroja. . A ak h\u013ead\u00e1te preh\u013ead najlep\u0161\u00edch slovensk\u00fdch v\u00edn, ur\u010dite nevynechajte n\u00e1v\u0161tevu <a href=\"https:\/\/www.visitbratislava.com\/sk\/miesta\/narodny-salon-vin\/\" target=\"_blank\" rel=\"noopener\"><strong>Sal\u00f3nu v\u00edn<\/strong> <\/a>v Apponyiho pal\u00e1ci, kde s\u00fa vystaven\u00e9 najlep\u0161ie slovensk\u00e9 v\u00edna hodnoten\u00e9 odborn\u00edkmi ka\u017ed\u00fd rok. Okrem prehliadky v\u00edna tu n\u00e1v\u0161tevn\u00edci m\u00f4\u017eu absolvova\u0165 <strong>degust\u00e1cie<\/strong> a dozvedie\u0165 sa viac o procese v\u00fdroby v\u00edn, ich hist\u00f3rii a jednotliv\u00fdch odrod\u00e1ch.<\/p>\n<p>Ka\u017ed\u00e9 z t\u00fdchto podujat\u00ed pon\u00faka jedine\u010dn\u00fd poh\u013ead na bohat\u00e9 vin\u00e1rske dedi\u010dstvo Bratislavsk\u00e9ho regi\u00f3nu a poskytuje n\u00e1v\u0161tevn\u00edkom pr\u00edle\u017eitos\u0165 spozna\u0165 slovensk\u00fa kult\u00faru a trad\u00edcie cez v\u00fdnimo\u010dn\u00e9 v\u00edna.<\/p>\n<p><img loading=\"lazy\" width=\"1920\" height=\"1280\" class=\"size-full wp-image-175347 aligncenter\" src=\"https:\/\/www.visitbratislava.com\/wp-content\/uploads\/2022\/09\/Modranske-vinobranie-026_1920x1280.jpg\" alt=\"\" srcset=\"https:\/\/www.visitbratislava.com\/wp-content\/uploads\/2022\/09\/Modranske-vinobranie-026_1920x1280.jpg 1920w, https:\/\/www.visitbratislava.com\/wp-content\/uploads\/2022\/09\/Modranske-vinobranie-026_1920x1280-400x267.jpg 400w, https:\/\/www.visitbratislava.com\/wp-content\/uploads\/2022\/09\/Modranske-vinobranie-026_1920x1280-800x533.jpg 800w, https:\/\/www.visitbratislava.com\/wp-content\/uploads\/2022\/09\/Modranske-vinobranie-026_1920x1280-768x512.jpg 768w, https:\/\/www.visitbratislava.com\/wp-content\/uploads\/2022\/09\/Modranske-vinobranie-026_1920x1280-1536x1024.jpg 1536w, https:\/\/www.visitbratislava.com\/wp-content\/uploads\/2022\/09\/Modranske-vinobranie-026_1920x1280-200x133.jpg 200w\" sizes=\"(max-width: 1920px) 100vw, 1920px\" \/><em><span style=\"font-size: 8pt;\">Foto: Modransk\u00e9 vinobranie<\/span><\/em><\/p>\n<p>&nbsp;<\/p>\n","protected":false},"excerpt":{"rendered":"<p>Ak t\u00fa\u017eite za\u017ei\u0165 prav\u00fa atmosf\u00e9ru za\u010diatku jesene v Bratislave, nav\u0161t\u00edvte niektor\u00e9 z vinobran\u00ed alebo hodov\u00fdch sl\u00e1vnost\u00ed<\/p>\n","protected":false},"author":25,"featured_media":280210,"parent":0,"menu_order":0,"comment_status":"closed","ping_status":"closed","template":"","meta":[],"acf":[],"_links":{"self":[{"href":"https:\/\/www.visitbratislava.com\/sk\/wp-json\/wp\/v2\/pages\/65149"}],"collection":[{"href":"https:\/\/www.visitbratislava.com\/sk\/wp-json\/wp\/v2\/pages"}],"about":[{"href":"https:\/\/www.visitbratislava.com\/sk\/wp-json\/wp\/v2\/types\/page"}],"author":[{"embeddable":true,"href":"https:\/\/www.visitbratislava.com\/sk\/wp-json\/wp\/v2\/users\/25"}],"replies":[{"embeddable":true,"href":"https:\/\/www.visitbratislava.com\/sk\/wp-json\/wp\/v2\/comments?post=65149"}],"version-history":[{"count":8,"href":"https:\/\/www.visitbratislava.com\/sk\/wp-json\/wp\/v2\/pages\/65149\/revisions"}],"predecessor-version":[{"id":313354,"href":"https:\/\/www.visitbratislava.com\/sk\/wp-json\/wp\/v2\/pages\/65149\/revisions\/313354"}],"wp:featuredmedia":[{"embeddable":true,"href":"https:\/\/www.visitbratislava.com\/sk\/wp-json\/wp\/v2\/media\/280210"}],"wp:attachment":[{"href":"https:\/\/www.visitbratislava.com\/sk\/wp-json\/wp\/v2\/media?parent=65149"}],"curies":[{"name":"wp","href":"https:\/\/api.w.org\/{rel}","templated":true}]}}