{"id":65192,"date":"2019-09-09T16:55:32","date_gmt":"2019-09-09T14:55:32","guid":{"rendered":"https:\/\/www.visitbratislava.com\/?page_id=65192\/"},"modified":"2022-09-29T17:28:00","modified_gmt":"2022-09-29T15:28:00","slug":"jesen-v-bratislave","status":"publish","type":"page","link":"https:\/\/www.visitbratislava.com\/sk\/jesen-v-bratislave\/","title":{"rendered":"Jese\u0148 v Bratislave"},"content":{"rendered":"","protected":false},"excerpt":{"rendered":"<p>Bratislavsk\u00e1 jese\u0148 sa sp\u00e1ja s\u00a0kvalitn\u00fdm v\u00ednom, jedine\u010dnou dom\u00e1cou gastron\u00f3miou a tradi\u010dnou\u00a0kult\u00farou. Krat\u0161ie dni, ke\u010f v\u00e1m pod nohami \u0161u\u0161t\u00ed l\u00edstie a\u00a0vonku sa pr\u00edjemne ochlad\u00ed, patria v\u00a0Bratislave medzi tie najkraj\u0161ie<\/p>\n","protected":false},"author":25,"featured_media":65290,"parent":0,"menu_order":0,"comment_status":"closed","ping_status":"closed","template":"tpl-page-grid.php","meta":[],"acf":[],"_links":{"self":[{"href":"https:\/\/www.visitbratislava.com\/sk\/wp-json\/wp\/v2\/pages\/65192"}],"collection":[{"href":"https:\/\/www.visitbratislava.com\/sk\/wp-json\/wp\/v2\/pages"}],"about":[{"href":"https:\/\/www.visitbratislava.com\/sk\/wp-json\/wp\/v2\/types\/page"}],"author":[{"embeddable":true,"href":"https:\/\/www.visitbratislava.com\/sk\/wp-json\/wp\/v2\/users\/25"}],"replies":[{"embeddable":true,"href":"https:\/\/www.visitbratislava.com\/sk\/wp-json\/wp\/v2\/comments?post=65192"}],"version-history":[{"count":6,"href":"https:\/\/www.visitbratislava.com\/sk\/wp-json\/wp\/v2\/pages\/65192\/revisions"}],"predecessor-version":[{"id":178832,"href":"https:\/\/www.visitbratislava.com\/sk\/wp-json\/wp\/v2\/pages\/65192\/revisions\/178832"}],"wp:featuredmedia":[{"embeddable":true,"href":"https:\/\/www.visitbratislava.com\/sk\/wp-json\/wp\/v2\/media\/65290"}],"wp:attachment":[{"href":"https:\/\/www.visitbratislava.com\/sk\/wp-json\/wp\/v2\/media?parent=65192"}],"curies":[{"name":"wp","href":"https:\/\/api.w.org\/{rel}","templated":true}]}}