{"id":65205,"date":"2019-09-09T14:20:01","date_gmt":"2019-09-09T12:20:01","guid":{"rendered":"https:\/\/www.visitbratislava.com\/?page_id=65205\/"},"modified":"2023-10-09T14:19:17","modified_gmt":"2023-10-09T12:19:17","slug":"co-robit-pocas-dazdivych-dni","status":"publish","type":"page","link":"https:\/\/www.visitbratislava.com\/sk\/co-robit-pocas-dazdivych-dni\/","title":{"rendered":"\u010co robi\u0165 po\u010das da\u017ediv\u00fdch dn\u00ed?"},"content":{"rendered":"<h2>Kult\u00fara<\/h2>\n<h3><a href=\"https:\/\/www.visitbratislava.com\/sk\/miesta\/danubiana\/\" target=\"_blank\" rel=\"noopener\">M\u00fazeum modern\u00e9ho umenia Danubiana<\/a><\/h3>\n<p>M\u00fazeum umiestnen\u00e9 v p\u00f4sobivej budove, ktor\u00e1 m\u00e1 pripom\u00edna\u0165 tvar r\u00edmskej gal\u00e9ry uviaznutej na rie\u010dnej plyt\u010dine pon\u00faka v\u00fdstavy popredn\u00fdch medzin\u00e1rodn\u00fdch umelcov, ktor\u00e9 sa striedaj\u00fa vo ve\u013ekej hale na prvom poschod\u00ed. Na pr\u00edzem\u00ed je m\u00fazeum s\u00fa\u010dasn\u00e9ho umenia a v okol\u00ed budovy je park rozliehaj\u00faci sa na ploche 8000 \u0161tvorcov\u00fdch metrov, v ktorom n\u00e1jdete cel\u00fd rad soch\u00e1rskych diel.<\/p>\n<p><img loading=\"lazy\" class=\"aligncenter wp-image-99284 size-large\" src=\"https:\/\/www.visitbratislava.com\/wp-content\/uploads\/2021\/01\/danubiana-5-800x533.jpg\" alt=\"\" width=\"800\" height=\"533\" srcset=\"https:\/\/www.visitbratislava.com\/wp-content\/uploads\/2021\/01\/danubiana-5-800x533.jpg 800w, https:\/\/www.visitbratislava.com\/wp-content\/uploads\/2021\/01\/danubiana-5-400x267.jpg 400w, https:\/\/www.visitbratislava.com\/wp-content\/uploads\/2021\/01\/danubiana-5-768x512.jpg 768w, https:\/\/www.visitbratislava.com\/wp-content\/uploads\/2021\/01\/danubiana-5-1536x1024.jpg 1536w, https:\/\/www.visitbratislava.com\/wp-content\/uploads\/2021\/01\/danubiana-5-2048x1365.jpg 2048w, https:\/\/www.visitbratislava.com\/wp-content\/uploads\/2021\/01\/danubiana-5-200x133.jpg 200w\" sizes=\"(max-width: 800px) 100vw, 800px\" \/><\/p>\n<h3><a href=\"https:\/\/www.visitbratislava.com\/sk\/miesta\/galeria-nedbalka\/\" target=\"_blank\" rel=\"noopener\">Gal\u00e9ria Nedbalka\u00a0<\/a><\/h3>\n<p>\u0160pir\u00e1la umenia v\u00e1s v\u00a0origin\u00e1lnom interi\u00e9ri prevedie \u0161tyrmi poschodiami v\u00fdvoja umenia slovensk\u00fdch maliarov a\u00a0soch\u00e1rov.<\/p>\n<p>*20% z\u013eava s <a href=\"http:\/\/card.visitbratislava.com\/sk\/\" target=\"_blank\" rel=\"noopener\">Bratislava CARD<\/a><\/p>\n<p><img loading=\"lazy\" class=\"aligncenter wp-image-69738 size-large\" src=\"https:\/\/www.visitbratislava.com\/wp-content\/uploads\/2015\/05\/galeria-nedbalka-architektura-umenie-1180323-800x600.jpg\" alt=\"\" width=\"800\" height=\"600\" srcset=\"https:\/\/www.visitbratislava.com\/wp-content\/uploads\/2015\/05\/galeria-nedbalka-architektura-umenie-1180323-800x600.jpg 800w, https:\/\/www.visitbratislava.com\/wp-content\/uploads\/2015\/05\/galeria-nedbalka-architektura-umenie-1180323-400x300.jpg 400w, https:\/\/www.visitbratislava.com\/wp-content\/uploads\/2015\/05\/galeria-nedbalka-architektura-umenie-1180323-768x576.jpg 768w, https:\/\/www.visitbratislava.com\/wp-content\/uploads\/2015\/05\/galeria-nedbalka-architektura-umenie-1180323-200x150.jpg 200w, https:\/\/www.visitbratislava.com\/wp-content\/uploads\/2015\/05\/galeria-nedbalka-architektura-umenie-1180323.jpg 1200w\" sizes=\"(max-width: 800px) 100vw, 800px\" \/><\/p>\n<h2>Program s\u00a0de\u0165mi<\/h2>\n<h3><a href=\"https:\/\/www.visitbratislava.com\/sk\/miesta\/zazitkove-centrum-vedy-aurelium\/\" target=\"_blank\" rel=\"noopener\">Centrum vedy Aurelium<\/a><\/h3>\n<p>Ide o koncept, ktor\u00fd v sebe sp\u00e1ja \u0161kolu, m\u00fazeum i z\u00e1bavn\u00fd park. Idea centra vedy vych\u00e1dza z n\u00e1zoru, \u017ee najlep\u0161ie sa ka\u017ed\u00fd u\u010d\u00ed pomocou vlastn\u00fdch sk\u00fasenost\u00ed a z\u00e1\u017eitkov.<\/p>\n<p><img loading=\"lazy\" width=\"800\" height=\"534\" class=\"alignnone size-full wp-image-48779\" src=\"https:\/\/www.visitbratislava.com\/wp-content\/uploads\/2018\/10\/aurelium.jpg\" alt=\"\" srcset=\"https:\/\/www.visitbratislava.com\/wp-content\/uploads\/2018\/10\/aurelium.jpg 800w, https:\/\/www.visitbratislava.com\/wp-content\/uploads\/2018\/10\/aurelium-400x267.jpg 400w, https:\/\/www.visitbratislava.com\/wp-content\/uploads\/2018\/10\/aurelium-768x513.jpg 768w, https:\/\/www.visitbratislava.com\/wp-content\/uploads\/2018\/10\/aurelium-200x134.jpg 200w\" sizes=\"(max-width: 800px) 100vw, 800px\" \/><\/p>\n<h3><a href=\"https:\/\/www.visitbratislava.com\/sk\/miesta\/bibiana\/\" target=\"_blank\" rel=\"noopener\">Bibiana<\/a><\/h3>\n<p>Medzin\u00e1rodn\u00fd dom umenia pre deti podporuje rozvoj a \u0161\u00edrenie profesion\u00e1lneho umenia pre deti. Okrem\u00a0unik\u00e1tnych interakt\u00edvnych v\u00fdstavn\u00fdch projektov sa venuje aj projektom pre \u0161ir\u0161iu verejnos\u0165.<\/p>\n<p>*100% z\u013eava s <a href=\"http:\/\/card.visitbratislava.com\/sk\/\" target=\"_blank\" rel=\"noopener\">Bratislava CARD<\/a><\/p>\n<p><img loading=\"lazy\" class=\"alignnone wp-image-18831 size-large\" src=\"https:\/\/www.visitbratislava.com\/wp-content\/uploads\/2016\/06\/003-2969-800x530.jpg\" alt=\"003-2969\" width=\"800\" height=\"530\" srcset=\"https:\/\/www.visitbratislava.com\/wp-content\/uploads\/2016\/06\/003-2969-800x530.jpg 800w, https:\/\/www.visitbratislava.com\/wp-content\/uploads\/2016\/06\/003-2969-400x265.jpg 400w, https:\/\/www.visitbratislava.com\/wp-content\/uploads\/2016\/06\/003-2969-768x509.jpg 768w, https:\/\/www.visitbratislava.com\/wp-content\/uploads\/2016\/06\/003-2969-200x132.jpg 200w\" sizes=\"(max-width: 800px) 100vw, 800px\" \/><\/p>\n<h3><a href=\"https:\/\/www.visitbratislava.com\/sk\/miesta\/galeria-multium\/\" target=\"_blank\" rel=\"noopener\">Gal\u00e9ria Multium<\/a><\/h3>\n<p>Nekone\u010dn\u00fd priestor tvoren\u00fd zrkadlami je \u00faspe\u0161n\u00fdm konceptom popul\u00e1rnym v\u00a0mnoh\u00fdch mest\u00e1ch. Gal\u00e9ria Multium v\u00a0centre Bratislavy so \u0161iestimi &#8222;infinite&#8220; miestnos\u0165ami je in\u0161pirovan\u00e1 japonskou umelky\u0148ou.<\/p>\n<p>*15% z\u013eava s <a href=\"http:\/\/card.visitbratislava.com\/sk\/\" target=\"_blank\" rel=\"noopener\">Bratislava CARD<\/a><\/p>\n<p><img loading=\"lazy\" width=\"800\" height=\"491\" class=\"alignnone size-large wp-image-41499\" src=\"https:\/\/www.visitbratislava.com\/wp-content\/uploads\/2018\/04\/chodba-800x491.jpg\" alt=\"\" srcset=\"https:\/\/www.visitbratislava.com\/wp-content\/uploads\/2018\/04\/chodba-800x491.jpg 800w, https:\/\/www.visitbratislava.com\/wp-content\/uploads\/2018\/04\/chodba-400x245.jpg 400w, https:\/\/www.visitbratislava.com\/wp-content\/uploads\/2018\/04\/chodba-768x471.jpg 768w, https:\/\/www.visitbratislava.com\/wp-content\/uploads\/2018\/04\/chodba-200x123.jpg 200w\" sizes=\"(max-width: 800px) 100vw, 800px\" \/><\/p>\n<h2>Adrenal\u00ednov\u00e9 z\u00e1\u017eitky<\/h2>\n<h3>Escape room <a href=\"https:\/\/www.visitbratislava.com\/sk\/miesta\/trapped-escape-room\/\" target=\"_blank\" rel=\"noopener\">Trapped<\/a><\/h3>\n<p>Ak m\u00e1te radi hlavolamy a\u00a0rie\u0161enie tajomn\u00fdch \u00faloh, nav\u0161t\u00edvte jednu z\u00a0\u010doraz viac popul\u00e1rnej\u0161\u00edch escape rooms. R\u00f4zne tematiky prines\u00fa v\u017edy unik\u00e1tny z\u00e1\u017eitok a\u00a0zabav\u00ed sa pri nich cel\u00e1 partia.<\/p>\n<p><img loading=\"lazy\" class=\"alignleft wp-image-182292 size-full\" src=\"https:\/\/www.visitbratislava.com\/wp-content\/uploads\/2022\/10\/Trapped-Escape-Room-006.jpg\" alt=\"\" width=\"1920\" height=\"1278\" srcset=\"https:\/\/www.visitbratislava.com\/wp-content\/uploads\/2022\/10\/Trapped-Escape-Room-006.jpg 1920w, https:\/\/www.visitbratislava.com\/wp-content\/uploads\/2022\/10\/Trapped-Escape-Room-006-400x266.jpg 400w, https:\/\/www.visitbratislava.com\/wp-content\/uploads\/2022\/10\/Trapped-Escape-Room-006-800x533.jpg 800w, https:\/\/www.visitbratislava.com\/wp-content\/uploads\/2022\/10\/Trapped-Escape-Room-006-768x511.jpg 768w, https:\/\/www.visitbratislava.com\/wp-content\/uploads\/2022\/10\/Trapped-Escape-Room-006-1536x1022.jpg 1536w, https:\/\/www.visitbratislava.com\/wp-content\/uploads\/2022\/10\/Trapped-Escape-Room-006-200x133.jpg 200w\" sizes=\"(max-width: 1920px) 100vw, 1920px\" \/><\/p>\n<h3><a href=\"https:\/\/hangair.sk\/?lang=en\" target=\"_blank\" rel=\"noopener\">Hangair<\/a><\/h3>\n<p>Hangair je prv\u00fd a\u00a0jedin\u00fd svojho druhu na Slovensku. \u0160portov\u00e1 hala pote\u0161\u00ed v\u0161etk\u00fdch, ktor\u00ed chc\u00fa pos\u00fava\u0165 svoje limity\u00a0v najbezpe\u010dnej\u0161\u00edch podmienkach \u2013 od \u00fapln\u00fdch za\u010diato\u010dn\u00edkov a\u017e po profesion\u00e1lov. N\u00e1jdete ho na ulici\u00a0Pri starom letisku 3b.<\/p>\n<p><img loading=\"lazy\" class=\"alignnone wp-image-72103 size-large\" src=\"https:\/\/www.visitbratislava.com\/wp-content\/uploads\/2019\/12\/kicker-800x534.jpg\" alt=\"\" width=\"800\" height=\"534\" srcset=\"https:\/\/www.visitbratislava.com\/wp-content\/uploads\/2019\/12\/kicker-800x534.jpg 800w, https:\/\/www.visitbratislava.com\/wp-content\/uploads\/2019\/12\/kicker-400x267.jpg 400w, https:\/\/www.visitbratislava.com\/wp-content\/uploads\/2019\/12\/kicker-768x512.jpg 768w, https:\/\/www.visitbratislava.com\/wp-content\/uploads\/2019\/12\/kicker-200x133.jpg 200w, https:\/\/www.visitbratislava.com\/wp-content\/uploads\/2019\/12\/kicker.jpg 1600w\" sizes=\"(max-width: 800px) 100vw, 800px\" \/><\/p>\n<h2>P\u00e1rty a z\u00e1bava<\/h2>\n<h3><a href=\"https:\/\/www.visitbratislava.com\/sk\/miesta\/vrba-virtual-reality-gintonic-bar\/\" target=\"_blank\" rel=\"noopener\">Vrba &#8211; Virtual Reality Gin <em>&amp;<\/em>Tonic Bar<\/a><\/h3>\n<p>Na jednom mieste m\u00f4\u017eete sk\u00fa\u0161a\u0165 \u0161ialen\u00e9 hry, bojova\u0165 v tme proti zomb\u00edkom, precestova\u0165 svet aj vesm\u00edr alebo prekona\u0165 strach z r\u00fdchlosti \u010di v\u00fd\u0161ok. Dvojposchodov\u00fd bar v centre Bratislavy je svetom drinkov a neobmedzen\u00fdch mo\u017enost\u00ed vo virtu\u00e1lnej realite, vhodn\u00fd pre ka\u017ed\u00fa vekov\u00fa kateg\u00f3riu.<\/p>\n<p><img loading=\"lazy\" class=\"alignnone wp-image-62204 size-large\" src=\"https:\/\/www.visitbratislava.com\/wp-content\/uploads\/2019\/06\/1-800x533.jpg\" alt=\"\" width=\"800\" height=\"533\" srcset=\"https:\/\/www.visitbratislava.com\/wp-content\/uploads\/2019\/06\/1-800x533.jpg 800w, https:\/\/www.visitbratislava.com\/wp-content\/uploads\/2019\/06\/1-400x267.jpg 400w, https:\/\/www.visitbratislava.com\/wp-content\/uploads\/2019\/06\/1-768x512.jpg 768w, https:\/\/www.visitbratislava.com\/wp-content\/uploads\/2019\/06\/1-200x133.jpg 200w\" sizes=\"(max-width: 800px) 100vw, 800px\" \/><\/p>\n<h3><a href=\"https:\/\/www.bnc-sk.sk\/\" target=\"_blank\" rel=\"noopener\">Bowlingov\u00e9 n\u00e1rodn\u00e9 centrum<\/a><\/h3>\n<p>Aktivita, pri ktorej sa zabav\u00ed cel\u00e1 rodina. Pr\u00eddite si zas\u00fa\u0165a\u017ei\u0165 a zmera\u0165 si svoje sily do Bowlingov\u00e9ho n\u00e1rodn\u00e9ho centra. Nezabudnite si prinies\u0165 dobr\u00fa n\u00e1ladu.<\/p>\n<p><img src=\"https:\/\/www.asb.sk\/wp-content\/uploads\/2020\/01\/Bowlingov%C3%A9-n%C3%A1rodn%C3%A9-centrum.jpg\" alt=\"Bowlingov\u00e9 n\u00e1rodn\u00e9 centrum | ASB.sk\" \/><em><span style=\"font-size: 8pt;\">Fotografia zdroj: Bowlingov\u00e9 n\u00e1rodn\u00e9 centrum<\/span><\/em><\/p>\n<h3><a href=\"https:\/\/www.visitbratislava.com\/sk\/miesta\/red-cat-cabaret-club\/\" target=\"_blank\" rel=\"noopener\">Red Cat Cabaret<\/a><\/h3>\n<p>Nechajte sa unies\u0165 do tajomn\u00e9ho sveta atrakt\u00edvneho kabaretu a u\u017eite si vzru\u0161uj\u00faci ve\u010der pln\u00fd hudby, tanca a z\u00e1bavy.<\/p>\n<p>*10% z\u013eava s <a href=\"http:\/\/card.visitbratislava.com\/sk\/\" target=\"_blank\" rel=\"noopener\">Bratislava CARD<\/a><\/p>\n<p><img loading=\"lazy\" width=\"800\" height=\"534\" class=\"alignnone size-large wp-image-28741\" src=\"https:\/\/www.visitbratislava.com\/wp-content\/uploads\/2017\/02\/1_IMG_9876-1024x683-800x534.jpg\" alt=\"\" srcset=\"https:\/\/www.visitbratislava.com\/wp-content\/uploads\/2017\/02\/1_IMG_9876-1024x683-800x534.jpg 800w, https:\/\/www.visitbratislava.com\/wp-content\/uploads\/2017\/02\/1_IMG_9876-1024x683-400x267.jpg 400w, https:\/\/www.visitbratislava.com\/wp-content\/uploads\/2017\/02\/1_IMG_9876-1024x683-768x512.jpg 768w, https:\/\/www.visitbratislava.com\/wp-content\/uploads\/2017\/02\/1_IMG_9876-1024x683-200x133.jpg 200w, https:\/\/www.visitbratislava.com\/wp-content\/uploads\/2017\/02\/1_IMG_9876-1024x683.jpg 1024w\" sizes=\"(max-width: 800px) 100vw, 800px\" \/><\/p>\n<p>&nbsp;<\/p>\n","protected":false},"excerpt":{"rendered":"<p>Bratislava je aj po\u010das sychrav\u00fdch dn\u00ed mestom, ktor\u00e9 m\u00e1 \u010do pon\u00faknu\u0165. \u010ci u\u017e ste do mesta zav\u00edtali s rodinou, za adrenal\u00ednom alebo za kult\u00farou a umen\u00edm, v Bratislave si m\u00f4\u017eete u\u017ei\u0165 program presne pod\u013ea svojich predst\u00e1v.<\/p>\n","protected":false},"author":25,"featured_media":48774,"parent":0,"menu_order":0,"comment_status":"closed","ping_status":"closed","template":"","meta":[],"acf":[],"_links":{"self":[{"href":"https:\/\/www.visitbratislava.com\/sk\/wp-json\/wp\/v2\/pages\/65205"}],"collection":[{"href":"https:\/\/www.visitbratislava.com\/sk\/wp-json\/wp\/v2\/pages"}],"about":[{"href":"https:\/\/www.visitbratislava.com\/sk\/wp-json\/wp\/v2\/types\/page"}],"author":[{"embeddable":true,"href":"https:\/\/www.visitbratislava.com\/sk\/wp-json\/wp\/v2\/users\/25"}],"replies":[{"embeddable":true,"href":"https:\/\/www.visitbratislava.com\/sk\/wp-json\/wp\/v2\/comments?post=65205"}],"version-history":[{"count":16,"href":"https:\/\/www.visitbratislava.com\/sk\/wp-json\/wp\/v2\/pages\/65205\/revisions"}],"predecessor-version":[{"id":262200,"href":"https:\/\/www.visitbratislava.com\/sk\/wp-json\/wp\/v2\/pages\/65205\/revisions\/262200"}],"wp:featuredmedia":[{"embeddable":true,"href":"https:\/\/www.visitbratislava.com\/sk\/wp-json\/wp\/v2\/media\/48774"}],"wp:attachment":[{"href":"https:\/\/www.visitbratislava.com\/sk\/wp-json\/wp\/v2\/media?parent=65205"}],"curies":[{"name":"wp","href":"https:\/\/api.w.org\/{rel}","templated":true}]}}