{"id":68088,"date":"2019-10-22T16:22:35","date_gmt":"2019-10-22T14:22:35","guid":{"rendered":"https:\/\/www.visitbratislava.com\/?page_id=68088\/"},"modified":"2020-10-14T17:13:49","modified_gmt":"2020-10-14T15:13:49","slug":"top-halloween-podujatia-v-bratislave","status":"publish","type":"page","link":"https:\/\/www.visitbratislava.com\/sk\/top-halloween-podujatia-v-bratislave\/","title":{"rendered":"Top Halloween podujatia v Bratislave 2019"},"content":{"rendered":"<h3>Halloween Rock Night<\/h3>\n<p>V bratislavskom rockovom klube Randal sa uskuto\u010dn\u00ed u\u017e desiaty ro\u010dn\u00edk Halloween Rock Night. T\u00e1to, u\u017e tradi\u010dn\u00e1 akcia, ktor\u00fa organizuje kapela Signature, sa vyzna\u010duje skvelou atmosf\u00e9rou a\u00a0najm\u00e4 prepracovan\u00fdmi maskami a\u00a0kost\u00fdmami, na ktor\u00fdch si d\u00e1vaj\u00fa z\u00e1le\u017ea\u0165 nielen \u00fa\u010dinkuj\u00faci, ale aj n\u00e1v\u0161tevn\u00edci koncertu.<\/p>\n<p>Tento rok je akcia v\u00fdnimo\u010dn\u00e1 okr\u00fahlym 10. v\u00fdro\u010d\u00edm, z\u00e1rove\u0148\u00a0 svoje 10 narodeniny osl\u00e1vi aj vystupuj\u00faca kapela Rust2Dust, ktor\u00e1 si pozvala mno\u017estvo zauj\u00edmav\u00fdch host\u00ed. \u0160peci\u00e1lnym prvkom ve\u010dera bud\u00fa vzru\u0161uj\u00face vyst\u00fapenia tane\u010dn\u00edc z\u00a0Bratislava Burlesque.<\/p>\n<p>Ve\u010der uzavrie \u0161peci\u00e1lny projekt Tomb Raiders, v\u00a0ktorom si bratislavsk\u00ed muzikanti pripomen\u00fa legend\u00e1rnych rockerov ako Kurt Cobain, Lemmy z\u00a0Motorheadu, Chester z\u00a0Linkin Park a\u00a0pod.<\/p>\n<p><strong>Kedy?<\/strong>\u00a031. 10.<br \/>\n<strong>Kde?<\/strong> Randal,\u00a0Karpatsk\u00e1 2, Bratislava<br \/>\n<strong>\u0160tart:<\/strong> 20:00<\/p>\n<p><a class=\"cta-button\" href=\"https:\/\/tootoot.fm\/sk\/events\/5d84a1a62a177a0ec4b5d570\" target=\"_blank\" rel=\"noopener noreferrer\">L\u00edstky<\/a><\/p>\n<p><strong><a href=\"https:\/\/www.facebook.com\/events\/418226422384950\/\" target=\"_blank\" rel=\"noopener noreferrer\">FB event<\/a><\/strong><\/p>\n<p><img loading=\"lazy\" class=\"alignnone wp-image-68697 size-large\" src=\"https:\/\/www.visitbratislava.com\/wp-content\/uploads\/2019\/10\/signature-randal-800x444.jpg\" alt=\"\" width=\"800\" height=\"444\" srcset=\"https:\/\/www.visitbratislava.com\/wp-content\/uploads\/2019\/10\/signature-randal-800x444.jpg 800w, https:\/\/www.visitbratislava.com\/wp-content\/uploads\/2019\/10\/signature-randal-400x222.jpg 400w, https:\/\/www.visitbratislava.com\/wp-content\/uploads\/2019\/10\/signature-randal-768x426.jpg 768w, https:\/\/www.visitbratislava.com\/wp-content\/uploads\/2019\/10\/signature-randal-200x111.jpg 200w, https:\/\/www.visitbratislava.com\/wp-content\/uploads\/2019\/10\/signature-randal.jpg 1195w\" sizes=\"(max-width: 800px) 100vw, 800px\" \/><\/p>\n<h3>KC Dunaj Halloween P\u00e1rty<\/h3>\n<p>Duchovia a zomb\u00edci, vyst\u00fapte z temnoty a pre\u017e\u00farujte posledn\u00fa okt\u00f3brov\u00fa noc tak, ako sa patr\u00ed! Stra\u0161i\u0165 a\u017e do skor\u00e9ho r\u00e1na bud\u00fa\u00a0DJ Trashman z Voodoo Beats a projektom Lannne\u00a0pre v\u0161etky \u017eiv\u00e9 a ne\u017eiv\u00e9 du\u0161e &#8211; pavu\u010diny z parketu vymetiete na najv\u00e4\u010d\u0161ie rockov\u00e9 a indie hity. Masky s\u00fa v\u00edtan\u00e9!<\/p>\n<p><strong>Kedy?<\/strong> 31. 10.<br \/>\n<strong>Kde?<\/strong> KC Dunaj,\u00a0Nedbalova 3, 811 01 Bratislava<br \/>\n<strong>\u0160tart:<\/strong> 21:00<br \/>\n<strong>Vstup:<\/strong> 18+, 5\u00a0\u20ac na mieste<\/p>\n<p><a href=\"https:\/\/www.facebook.com\/events\/kc-dunaj\/halloween-party-kc-dunaj\/429735844324490\/\" target=\"_blank\" rel=\"noopener noreferrer\"><strong>FB event<\/strong><\/a><\/p>\n<p><img loading=\"lazy\" width=\"800\" height=\"415\" class=\"alignnone size-large wp-image-68616\" src=\"https:\/\/www.visitbratislava.com\/wp-content\/uploads\/2019\/10\/Halloween-KC-dunaj-800x415.jpg\" alt=\"\" srcset=\"https:\/\/www.visitbratislava.com\/wp-content\/uploads\/2019\/10\/Halloween-KC-dunaj-800x415.jpg 800w, https:\/\/www.visitbratislava.com\/wp-content\/uploads\/2019\/10\/Halloween-KC-dunaj-400x207.jpg 400w, https:\/\/www.visitbratislava.com\/wp-content\/uploads\/2019\/10\/Halloween-KC-dunaj-768x398.jpg 768w, https:\/\/www.visitbratislava.com\/wp-content\/uploads\/2019\/10\/Halloween-KC-dunaj-200x104.jpg 200w, https:\/\/www.visitbratislava.com\/wp-content\/uploads\/2019\/10\/Halloween-KC-dunaj.jpg 827w\" sizes=\"(max-width: 800px) 100vw, 800px\" \/><\/p>\n<h3>Halloween p\u00e1rty D\u00eda de los Muertos<\/h3>\n<p>Festival pln\u00fd \u017eiariv\u00fdch farieb a hor\u00facich rytmov. Osl\u00e1vte Halloween s kamar\u00e1tmi a naplno ako Mexi\u010dania \u2013 ako sviatok m\u0155tvych! K hlavn\u00e9mu slovu sa po\u010das noci dostane latinsko-americk\u00e1 hudba a jej temperamentn\u00e9 podoby. Nielen skvel\u00e1 muzika, ale aj origin\u00e1lna v\u00fdzdoba pln\u00e1 bohat\u00fdch kvetov, vyzdoben\u00fdch lebiek a kostlivcov neodmyslite\u013ene patr\u00ed k sl\u00e1vnym oslav\u00e1m smrti. Preto sa naho\u010fte do mexick\u00fdch trad\u00edci\u00ed a vychutnajte si \u017eiv\u00fa kapelu Carisma a skvel\u00fdch DJov Dannyho Alv\u00e9sa a Maria Lopeza. Festival bude sprev\u00e1dza\u0165 tane\u010dn\u00e9 vyst\u00fapenie tradi\u010dn\u00e9ho mexick\u00e9ho s\u00faboru, ma\u013eovanie na tv\u00e1r a fotok\u00fatik, v ktorom sa m\u00f4\u017eete odfoti\u0165 v \u0161t\u00fdle D\u00eda de los Muertos.<\/p>\n<p><strong>D\u00e1tum:<\/strong> 31. 10.<br \/>\n<strong>Miesto:<\/strong> MMC, Karpatsk\u00e1 2 -4, Bratislava<br \/>\n<strong>\u0160tart:<\/strong> 21:00<\/p>\n<p><a class=\"cta-button\" href=\"https:\/\/tickpo.zoznam.sk\/detail\/dia-de-los-muertos-6731?fbclid=IwAR2fpUymdriklaK5BG87IxXp2e5rQsO5xd1sTogQbuAMq2Ma_48-qTC1Yqs\" target=\"_blank\" rel=\"noopener noreferrer\">L\u00edstky<\/a><\/p>\n<p><strong><a href=\"https:\/\/www.facebook.com\/events\/504635006781104\/\" target=\"_blank\" rel=\"noopener noreferrer\">FB event<\/a><\/strong><\/p>\n<p><img loading=\"lazy\" width=\"800\" height=\"450\" class=\"alignnone size-large wp-image-68620\" src=\"https:\/\/www.visitbratislava.com\/wp-content\/uploads\/2019\/10\/DDLM_BA_1920_v4-800x450.png\" alt=\"\" srcset=\"https:\/\/www.visitbratislava.com\/wp-content\/uploads\/2019\/10\/DDLM_BA_1920_v4-800x450.png 800w, https:\/\/www.visitbratislava.com\/wp-content\/uploads\/2019\/10\/DDLM_BA_1920_v4-400x225.png 400w, https:\/\/www.visitbratislava.com\/wp-content\/uploads\/2019\/10\/DDLM_BA_1920_v4-768x432.png 768w, https:\/\/www.visitbratislava.com\/wp-content\/uploads\/2019\/10\/DDLM_BA_1920_v4-200x113.png 200w, https:\/\/www.visitbratislava.com\/wp-content\/uploads\/2019\/10\/DDLM_BA_1920_v4.png 1920w\" sizes=\"(max-width: 800px) 100vw, 800px\" \/><\/p>\n<h3>Oldies Halloween p\u00e1rty v Luna Bare<\/h3>\n<p>\u017d\u00far s t\u00fdmi najlep\u0161\u00edmi hitmi 80-tych \u010di 90-tych rokov v \u0161t\u00fdlovom retroklube. Vstup v kost\u00fdmoch v\u00edtan\u00fd!<\/p>\n<p><strong>D\u00e1tum:<\/strong> 31. 10.<br \/>\n<strong>Miesto:<\/strong> Luna Bar, Rajsk\u00e1 2, 811 08 Bratislava<br \/>\n<strong>\u0160tart: <\/strong>20:00<br \/>\n<strong>Vstup:\u00a0<\/strong>p\u00e1ni 5 \u20ac, d\u00e1my zdarma<br \/>\n<strong>Rezerv\u00e1cia: <\/strong><a href=\"https:\/\/www.lunabar.sk\/tickets\/61\" target=\"_blank\" rel=\"noopener noreferrer\">TU<\/a><\/p>\n<p><strong><a href=\"https:\/\/www.facebook.com\/events\/2429280770681711\/\" target=\"_blank\" rel=\"noopener noreferrer\">FB event<\/a><\/strong><\/p>\n<p><img loading=\"lazy\" width=\"800\" height=\"450\" class=\"alignnone size-large wp-image-68691\" src=\"https:\/\/www.visitbratislava.com\/wp-content\/uploads\/2019\/10\/halloween-luna-800x450.jpg\" alt=\"\" srcset=\"https:\/\/www.visitbratislava.com\/wp-content\/uploads\/2019\/10\/halloween-luna-800x450.jpg 800w, https:\/\/www.visitbratislava.com\/wp-content\/uploads\/2019\/10\/halloween-luna-400x225.jpg 400w, https:\/\/www.visitbratislava.com\/wp-content\/uploads\/2019\/10\/halloween-luna-768x432.jpg 768w, https:\/\/www.visitbratislava.com\/wp-content\/uploads\/2019\/10\/halloween-luna-200x113.jpg 200w, https:\/\/www.visitbratislava.com\/wp-content\/uploads\/2019\/10\/halloween-luna.jpg 1920w\" sizes=\"(max-width: 800px) 100vw, 800px\" \/><\/p>\n<h3>Wicked Halloween P\u00e1rty<\/h3>\n<p>Nezme\u0161kaj \u0161ialen\u00e9 tempo \u0161peci\u00e1lnej Halloween p\u00e1rty v meste a do v\u00edru z\u00e1bavy stiahni aj svojich kamar\u00e1tov! Ve\u010der si u\u017eijete koncert \u017eiveln\u00e9ho rapera Maniaka a to najlep\u0161ie z trapu, hip-hopu a grime v\u00e1m na p\u00e1rty nadelia rapersk\u00e9 a DJsk\u00e9 masky klubovej sc\u00e9ny \u2013 Special Beatz, Abe Beats a Hugo HypeTrain.<\/p>\n<p><strong>D\u00e1tum a \u010das:<\/strong>\u00a031. 10.<br \/>\n<strong>Miesto:<\/strong> Ateli\u00e9r Babylon,\u00a0N\u00e1mestie SNP 14\/Kol\u00e1rska 3, 81106 Bratislava, Slovakia<br \/>\n<strong>\u0160tart: <\/strong>21:00<br \/>\n<strong>Vstup:<\/strong> 7 \u20ac \/VIP 10 \u20ac , vstup je vekovo neobmedzen\u00fd<\/p>\n<p><a href=\"https:\/\/www.facebook.com\/events\/441826406515257\/\" target=\"_blank\" rel=\"noopener noreferrer\"><strong>FB event<\/strong><\/a><\/p>\n<p><img loading=\"lazy\" width=\"800\" height=\"450\" class=\"alignnone size-large wp-image-68651\" src=\"https:\/\/www.visitbratislava.com\/wp-content\/uploads\/2019\/10\/wicked-800x450.png\" alt=\"\" srcset=\"https:\/\/www.visitbratislava.com\/wp-content\/uploads\/2019\/10\/wicked-800x450.png 800w, https:\/\/www.visitbratislava.com\/wp-content\/uploads\/2019\/10\/wicked-400x225.png 400w, https:\/\/www.visitbratislava.com\/wp-content\/uploads\/2019\/10\/wicked-768x432.png 768w, https:\/\/www.visitbratislava.com\/wp-content\/uploads\/2019\/10\/wicked-200x113.png 200w, https:\/\/www.visitbratislava.com\/wp-content\/uploads\/2019\/10\/wicked.png 1920w\" sizes=\"(max-width: 800px) 100vw, 800px\" \/><\/p>\n<h3><strong>Barrock Halloween Weekend<\/strong><\/h3>\n<p>\u010co by to bol za okt\u00f3ber bez poriadnej halloweenskej p\u00e1rty?! T\u00e1 v Barrocku bude trva\u0165 tri dni! Za\u010d\u00edna vo \u0161tvrtok 31. 10. a kon\u010d\u00ed v sobotu 2. 11. Te\u0161i\u0165 sa m\u00f4\u017eete na &#8222;krvav\u00e9&#8220; welcome drinky, GoGo tane\u010dnice na bare, perfektn\u00fa v\u00fdzdobu a jednu \u0161peci\u00e1lnu hru &#8211; WHATS IN THE BOX CHALLANGE &#8211; ktor\u00fa si budete m\u00f4c\u0165 zahra\u0165 a vyhra\u0165 nejak\u00fd ten dar\u010dek.<\/p>\n<p><strong>D\u00e1tum a \u010das:<\/strong> \u0161tvrtok 31. 10. 2019, piatok 1.11.2019, sobota 2.11.2019<br \/>\n<strong>Miesto:<\/strong> Barrock,\u00a0Sedl\u00e1rska 1, 811 01 Bratislava<br \/>\n<strong>\u0160tart:<\/strong> 22:00<\/p>\n<p><strong><a href=\"https:\/\/www.facebook.com\/events\/1147006572354952\/\" target=\"_blank\" rel=\"noopener noreferrer\">FB event<\/a><\/strong><\/p>\n<h3><img loading=\"lazy\" width=\"800\" height=\"450\" class=\"alignnone size-large wp-image-68629\" src=\"https:\/\/www.visitbratislava.com\/wp-content\/uploads\/2019\/10\/barrock-800x450.jpg\" alt=\"\" srcset=\"https:\/\/www.visitbratislava.com\/wp-content\/uploads\/2019\/10\/barrock-800x450.jpg 800w, https:\/\/www.visitbratislava.com\/wp-content\/uploads\/2019\/10\/barrock-400x225.jpg 400w, https:\/\/www.visitbratislava.com\/wp-content\/uploads\/2019\/10\/barrock-768x432.jpg 768w, https:\/\/www.visitbratislava.com\/wp-content\/uploads\/2019\/10\/barrock-200x113.jpg 200w, https:\/\/www.visitbratislava.com\/wp-content\/uploads\/2019\/10\/barrock.jpg 1920w\" sizes=\"(max-width: 800px) 100vw, 800px\" \/><\/h3>\n<h3>Channels Halloween P\u00e1rty<\/h3>\n<p>Trojpodla\u017en\u00fd Dance Club &amp; Coctail Bar v centre Bratislavy otvoren\u00fd od pondelka do nedele v\u00e1s priv\u00edta &#8222;live&#8220; DJ-mi po\u010das v\u00edkendov. V ponuke viac ako 100 koktajlov a tzv. bottle ser<span class=\"text_exposed_show\">vice. Otvoren\u00e9 do skor\u00e9ho r\u00e1na!<\/span><\/p>\n<p><strong>D\u00e1tum a \u010das:<\/strong>\u00a031. 10.<br \/>\n<strong>Miesto:<\/strong> Channels Club, \u017dupn\u00e9 n\u00e1mestie 2, 811 08, Bratislava<br \/>\n<strong>\u0160tart: <\/strong>21:00<\/p>\n<p><a href=\"https:\/\/www.facebook.com\/ChannelsClub\/\" target=\"_blank\" rel=\"noopener noreferrer\"><strong>FB<\/strong><\/a><\/p>\n<p><img loading=\"lazy\" width=\"800\" height=\"530\" class=\"alignnone size-large wp-image-68624\" src=\"https:\/\/www.visitbratislava.com\/wp-content\/uploads\/2019\/10\/channels-800x530.jpg\" alt=\"\" srcset=\"https:\/\/www.visitbratislava.com\/wp-content\/uploads\/2019\/10\/channels.jpg 800w, https:\/\/www.visitbratislava.com\/wp-content\/uploads\/2019\/10\/channels-400x265.jpg 400w, https:\/\/www.visitbratislava.com\/wp-content\/uploads\/2019\/10\/channels-768x509.jpg 768w, https:\/\/www.visitbratislava.com\/wp-content\/uploads\/2019\/10\/channels-200x133.jpg 200w\" sizes=\"(max-width: 800px) 100vw, 800px\" \/><\/p>\n<h3>Halloqueen 2019<\/h3>\n<p>Nav\u0161t\u00edvte najbizarnej\u0161iu p\u00e1rty v hre: drag queens, masky, techno, d\u2019n\u2019b, italo disco, vogue, show a ove\u013ea viac. Besn\u00fd \u017e\u00far, kde budete h\u00edka\u0165 od radosti. \u0160tart o 21.00 s drag queen show! N\u00e1sledne o polnoci p\u00e1rty na dvoch stageoch a\u017e do r\u00e1na.<\/p>\n<p><strong>Kedy?<\/strong>\u00a031. 10.<br \/>\n<b>Kde?\u00a0<\/b>Nov\u00e1 Cvernovka,\u00a0Ra\u010dianska 1575\/78, 831 02 Bratislava<br \/>\n<strong>\u0160tart:<\/strong> 21:00<br \/>\n<strong>Vstup:<\/strong> 18+<\/p>\n<p><a class=\"cta-button\" href=\"https:\/\/tootoot.fm\/sk\/events\/5d6d8050faf9de02889906b3\" target=\"_blank\" rel=\"noopener noreferrer\">L\u00edstky<\/a><\/p>\n<p><strong><a href=\"https:\/\/www.facebook.com\/events\/nov%C3%A1-cvernovka\/halloqueen-2019\/644468535950636\/\" target=\"_blank\" rel=\"noopener noreferrer\">FB event<\/a><\/strong><\/p>\n","protected":false},"excerpt":{"rendered":"<p>Osl\u00e1vte Halloween na jednej z mnoh\u00fdch p\u00e1rty. Bary a kluby pripravili hne\u010f nieko\u013eko ve\u010dierkov v r\u00f4znych \u0161t\u00fdloch. Nasa\u010fte masky a stra\u0161ideln\u00e9 kost\u00fdmy a vyrazte do ul\u00edc za z\u00e1bavou zahalenou do r\u00fa\u0161ka tajomstva.<\/p>\n","protected":false},"author":25,"featured_media":68878,"parent":0,"menu_order":0,"comment_status":"closed","ping_status":"closed","template":"","meta":[],"acf":[],"_links":{"self":[{"href":"https:\/\/www.visitbratislava.com\/sk\/wp-json\/wp\/v2\/pages\/68088"}],"collection":[{"href":"https:\/\/www.visitbratislava.com\/sk\/wp-json\/wp\/v2\/pages"}],"about":[{"href":"https:\/\/www.visitbratislava.com\/sk\/wp-json\/wp\/v2\/types\/page"}],"author":[{"embeddable":true,"href":"https:\/\/www.visitbratislava.com\/sk\/wp-json\/wp\/v2\/users\/25"}],"replies":[{"embeddable":true,"href":"https:\/\/www.visitbratislava.com\/sk\/wp-json\/wp\/v2\/comments?post=68088"}],"version-history":[{"count":0,"href":"https:\/\/www.visitbratislava.com\/sk\/wp-json\/wp\/v2\/pages\/68088\/revisions"}],"wp:featuredmedia":[{"embeddable":true,"href":"https:\/\/www.visitbratislava.com\/sk\/wp-json\/wp\/v2\/media\/68878"}],"wp:attachment":[{"href":"https:\/\/www.visitbratislava.com\/sk\/wp-json\/wp\/v2\/media?parent=68088"}],"curies":[{"name":"wp","href":"https:\/\/api.w.org\/{rel}","templated":true}]}}