{"id":68980,"date":"2019-10-30T14:33:34","date_gmt":"2019-10-30T13:33:34","guid":{"rendered":"https:\/\/www.visitbratislava.com\/?page_id=68980\/"},"modified":"2019-10-30T15:21:15","modified_gmt":"2019-10-30T14:21:15","slug":"za-chutami-a-pokladmi-bratislavskeho-regionu","status":"publish","type":"page","link":"https:\/\/www.visitbratislava.com\/sk\/vlog\/za-chutami-a-pokladmi-bratislavskeho-regionu\/","title":{"rendered":"Za pokladmi bratislavsk\u00e9ho regi\u00f3nu"},"content":{"rendered":"<blockquote><p><span style=\"font-weight: 400;\">M\u00e1te rad\u0161ej \u010derven\u00e9 \u010di biele? Dali by ste si rad\u0161ej husaciu pe\u010dienku alebo pe\u010den\u00fa husacinku s lok\u0161ou? Alebo by ste rad\u0161ej presk\u00famali jedny z najv\u00e4\u010d\u0161\u00edch pivn\u00edc v strednej Eur\u00f3pe? V Malokarpatskom regi\u00f3ne len p\u00e1r kilometrov od Bratislavy sa nemus\u00edte rozhodova\u0165, ktorej z t\u00fdchto mo\u017enost\u00ed d\u00e1te prednos\u0165. V\u0161etky si u\u017eijete do s\u00fdtosti vo vinohradn\u00edckych meste\u010dk\u00e1ch a dedink\u00e1ch tiahnucich sa ako n\u00e1hrdeln\u00edk \u00fap\u00e4t\u00edm juhov\u00fdchodn\u00fdch svahov Mal\u00fdch Karp\u00e1t z hlavn\u00e9ho mesta a\u017e po Smolenice.<\/span><\/p><\/blockquote>\n<p><iframe src=\"https:\/\/www.youtube.com\/embed\/jc64VSEu9_c\" width=\"800\" height=\"400\" frameborder=\"0\" allowfullscreen=\"allowfullscreen\"><span data-mce-type=\"bookmark\" style=\"display: inline-block; width: 0px; overflow: hidden; line-height: 0;\" class=\"mce_SELRES_start\">\ufeff<\/span><\/iframe><\/p>\n<p><img loading=\"lazy\" width=\"800\" height=\"450\" class=\"alignnone size-large wp-image-69011\" src=\"https:\/\/www.visitbratislava.com\/wp-content\/uploads\/2019\/10\/PGH59593.MOV.00_43_11_14.Still001-800x450.jpg\" alt=\"\" srcset=\"https:\/\/www.visitbratislava.com\/wp-content\/uploads\/2019\/10\/PGH59593.MOV.00_43_11_14.Still001-800x450.jpg 800w, https:\/\/www.visitbratislava.com\/wp-content\/uploads\/2019\/10\/PGH59593.MOV.00_43_11_14.Still001-400x225.jpg 400w, https:\/\/www.visitbratislava.com\/wp-content\/uploads\/2019\/10\/PGH59593.MOV.00_43_11_14.Still001-768x432.jpg 768w, https:\/\/www.visitbratislava.com\/wp-content\/uploads\/2019\/10\/PGH59593.MOV.00_43_11_14.Still001-200x113.jpg 200w\" sizes=\"(max-width: 800px) 100vw, 800px\" \/><\/p>\n<h3><strong>Ar\u00f3mabar a simul\u00e1tory opitosti<\/strong><\/h3>\n<p><span style=\"font-weight: 400;\">Prv\u00e1 zast\u00e1vka m\u00f4\u017ee by\u0165 v <a href=\"https:\/\/www.visitbratislava.com\/sk\/miesta\/malokarpatske-muzeum-v-pezinku-2\/\" target=\"_blank\" rel=\"noopener\">Malokarpatskom m\u00fazeu v Pezinku<\/a> s najv\u00e4\u010d\u0161ou zbierkou vin\u00e1rskych lisov v Eur\u00f3pe. Na prech\u00e1dzke dvomi tis\u00edcro\u010diami pestovania vini\u010da a v\u00fdroby v\u00edna v tejto oblasti V\u00e1s ur\u010dite v\u00e1s zabavia interakt\u00edvne prvky, ak\u00fdmi s\u00fa simul\u00e1tory opitosti, \u0161tup\u013eova\u010dka flia\u0161 \u010di ar\u00f3mabar.<\/span><\/p>\n<p><span style=\"font-weight: 400;\">Malokarpatsk\u00e1 v\u00ednna oblas\u0165 je najv\u00fdznamnej\u0161ou a z\u00e1rove\u0148 najstar\u0161ou vinohradn\u00edckou oblas\u0165ou na Slovensku.<\/span><\/p>\n<blockquote><p><span style=\"font-weight: 400;\">\u201eJe to kraj bielych v\u00edn, ktor\u00e9 s\u00fa v\u010faka miestnemu zlo\u017eeniu p\u00f4dy a kl\u00edme \u013eahk\u00e9, svie\u017ee a ovocn\u00e9,\u201c hovor\u00ed Martin Hrubala, riadite\u013e Malokarpatsk\u00e9ho m\u00fazea.<\/span><\/p><\/blockquote>\n<p><img loading=\"lazy\" width=\"800\" height=\"533\" class=\"alignnone size-large wp-image-66186\" src=\"https:\/\/www.visitbratislava.com\/wp-content\/uploads\/2016\/06\/vino-muzeum-3-800x533.jpg\" alt=\"\" srcset=\"https:\/\/www.visitbratislava.com\/wp-content\/uploads\/2016\/06\/vino-muzeum-3-800x533.jpg 800w, https:\/\/www.visitbratislava.com\/wp-content\/uploads\/2016\/06\/vino-muzeum-3-400x266.jpg 400w, https:\/\/www.visitbratislava.com\/wp-content\/uploads\/2016\/06\/vino-muzeum-3-768x511.jpg 768w, https:\/\/www.visitbratislava.com\/wp-content\/uploads\/2016\/06\/vino-muzeum-3-200x133.jpg 200w, https:\/\/www.visitbratislava.com\/wp-content\/uploads\/2016\/06\/vino-muzeum-3.jpg 1000w\" sizes=\"(max-width: 800px) 100vw, 800px\" \/><\/p>\n<p><img loading=\"lazy\" width=\"800\" height=\"534\" class=\"alignnone size-large wp-image-69047\" src=\"https:\/\/www.visitbratislava.com\/wp-content\/uploads\/2019\/10\/zdroj_Malokarpatsk\u00e9-m\u00fazeum-v-Pezinku-800x534.jpg\" alt=\"\" srcset=\"https:\/\/www.visitbratislava.com\/wp-content\/uploads\/2019\/10\/zdroj_Malokarpatsk\u00e9-m\u00fazeum-v-Pezinku-800x534.jpg 800w, https:\/\/www.visitbratislava.com\/wp-content\/uploads\/2019\/10\/zdroj_Malokarpatsk\u00e9-m\u00fazeum-v-Pezinku-400x267.jpg 400w, https:\/\/www.visitbratislava.com\/wp-content\/uploads\/2019\/10\/zdroj_Malokarpatsk\u00e9-m\u00fazeum-v-Pezinku-768x512.jpg 768w, https:\/\/www.visitbratislava.com\/wp-content\/uploads\/2019\/10\/zdroj_Malokarpatsk\u00e9-m\u00fazeum-v-Pezinku-200x133.jpg 200w\" sizes=\"(max-width: 800px) 100vw, 800px\" \/><\/p>\n<p><span style=\"font-weight: 400;\">O ich \u0161pecifickej chuti sa presved\u010d\u00edte na konci prehliadky, ke\u010f\u017ee v cene vstupn\u00e9ho je i poh\u00e1r kvalitn\u00e9ho miestneho v\u00edna.\u00a0<\/span><span style=\"font-weight: 400;\">Ak by ste chceli v ochutn\u00e1vke pokra\u010dova\u0165, v r\u00e1mci programu Otvoren\u00e9 viechy m\u00f4\u017eete od j\u00fana do okt\u00f3bra nav\u0161t\u00edvi\u0165 malokarpatsk\u00fdch vin\u00e1rov a degustova\u0165 v\u00edna priamo z ich produkcie. Ka\u017ed\u00fd t\u00fd\u017ede\u0148 je ich otvoren\u00fdch nieko\u013eko.<\/span><\/p>\n<h3><strong>Smer \u010cerven\u00fd Kame\u0148<\/strong><\/h3>\n<p><span style=\"font-weight: 400;\">Cestou z Pezinka do hlavn\u00e9ho mesta vin\u00e1rstva, Modry, nav\u0161t\u00edvte vin\u00e1rstvo <a href=\"https:\/\/www.visitbratislava.com\/sk\/miesta\/elesko-zoya-museum\/\" target=\"_blank\" rel=\"noopener\">Elesko<\/a>, kde kombinuj\u00fa tradi\u010dn\u00e9 postupy v\u00fdroby s najmodernej\u0161\u00edmi technol\u00f3giami. S\u00fa\u010das\u0165ou vin\u00e1rskeho komplexu je aj <a href=\"https:\/\/www.visitbratislava.com\/sk\/miesta\/elesko-zoya-museum\/\" target=\"_blank\" rel=\"noopener\">Gal\u00e9ria Zoya Museum<\/a> s kolekciou diel Andyho Warhola.<\/span><\/p>\n<p><img loading=\"lazy\" width=\"800\" height=\"571\" class=\"alignnone size-large wp-image-29417\" src=\"https:\/\/www.visitbratislava.com\/wp-content\/uploads\/2017\/02\/5.-Elesko-Zoya-Museum-800x571.jpg\" alt=\"\" srcset=\"https:\/\/www.visitbratislava.com\/wp-content\/uploads\/2017\/02\/5.-Elesko-Zoya-Museum-800x571.jpg 800w, https:\/\/www.visitbratislava.com\/wp-content\/uploads\/2017\/02\/5.-Elesko-Zoya-Museum-400x286.jpg 400w, https:\/\/www.visitbratislava.com\/wp-content\/uploads\/2017\/02\/5.-Elesko-Zoya-Museum-768x549.jpg 768w, https:\/\/www.visitbratislava.com\/wp-content\/uploads\/2017\/02\/5.-Elesko-Zoya-Museum-200x143.jpg 200w\" sizes=\"(max-width: 800px) 100vw, 800px\" \/><\/p>\n<p><img loading=\"lazy\" width=\"800\" height=\"469\" class=\"alignnone size-large wp-image-69051\" src=\"https:\/\/www.visitbratislava.com\/wp-content\/uploads\/2019\/10\/zdroj_elesko-2-1-800x469.jpg\" alt=\"\" srcset=\"https:\/\/www.visitbratislava.com\/wp-content\/uploads\/2019\/10\/zdroj_elesko-2-1-800x469.jpg 800w, https:\/\/www.visitbratislava.com\/wp-content\/uploads\/2019\/10\/zdroj_elesko-2-1-400x235.jpg 400w, https:\/\/www.visitbratislava.com\/wp-content\/uploads\/2019\/10\/zdroj_elesko-2-1-768x451.jpg 768w, https:\/\/www.visitbratislava.com\/wp-content\/uploads\/2019\/10\/zdroj_elesko-2-1-200x117.jpg 200w\" sizes=\"(max-width: 800px) 100vw, 800px\" \/><\/p>\n<p><span style=\"font-weight: 400;\">Priamo v Modre si pochutnajte na miestnych \u0161pecialit\u00e1ch v oce\u0148ovanej re\u0161taur\u00e1cii a vinot\u00e9ke Vinum Galeria Bozen vin\u00e1rskej rodiny Maty\u0161\u00e1kovcov s\u00eddliacej vo viac ako 300-ro\u010dnom vinohradn\u00edckom dome.<\/span><\/p>\n<p><span style=\"font-weight: 400;\">Posilnen\u00ed sa vyberte do ne\u010falekej obce \u010cast\u00e1 s <a href=\"https:\/\/www.visitbratislava.com\/sk\/miesta\/cerveny-kamen\/\" target=\"_blank\" rel=\"noopener\">hradom \u010cerven\u00fd Kame\u0148<\/a>. Vyp\u00edna sa na brale z v\u00e1penca s obsahom \u017eeleza, ktor\u00e9 kame\u0148 sfarbuje do \u010dervena, v\u010faka \u010domu z\u00edskal svoje meno. P\u00f4vodn\u00fd, star\u00fd gotick\u00fd hrad bol v 16. storo\u010d\u00ed prebudovan\u00fd na renesan\u010dn\u00fa pevnos\u0165 s roz\u013eahl\u00fdmi skladovac\u00edmi priestormi v podzem\u00ed, ktor\u00e9 s\u00fa unik\u00e1tom nielen na Slovensku. Najdlh\u0161ia z nich meria a\u017e 72 metrov.<\/span><\/p>\n<blockquote><p><span style=\"font-weight: 400;\">\u201eV pohode by sa sem zmestilo nieko\u013eko kami\u00f3nov, a aj tak by pomaly vyzerali ako hra\u010dk\u00e1rske aut\u00e1,\u201c povedal Peter Okoli\u010dn\u00fd po n\u00e1v\u0161teve hradu.<\/span><\/p><\/blockquote>\n<p><img loading=\"lazy\" width=\"800\" height=\"534\" class=\"alignnone size-large wp-image-69031\" src=\"https:\/\/www.visitbratislava.com\/wp-content\/uploads\/2019\/10\/CerKamen-800x534.jpg\" alt=\"\" srcset=\"https:\/\/www.visitbratislava.com\/wp-content\/uploads\/2019\/10\/CerKamen-800x534.jpg 800w, https:\/\/www.visitbratislava.com\/wp-content\/uploads\/2019\/10\/CerKamen-400x267.jpg 400w, https:\/\/www.visitbratislava.com\/wp-content\/uploads\/2019\/10\/CerKamen-768x513.jpg 768w, https:\/\/www.visitbratislava.com\/wp-content\/uploads\/2019\/10\/CerKamen-200x133.jpg 200w\" sizes=\"(max-width: 800px) 100vw, 800px\" \/><\/p>\n<p><span style=\"font-weight: 400;\">Pivnice mali p\u00f4vodne \u0161es\u0165 \u00farovn\u00ed a pri ich prehliadke si na vysok\u00fdch sten\u00e1ch v\u0161imnite zvy\u0161ky tr\u00e1mov po jednotliv\u00fdch podla\u017eiach. Na hrade si pozrite aj p\u00e1lfiovsk\u00fa kni\u017enicu, hradn\u00fa lek\u00e1re\u0148, Salu Terrenu s bohatou v\u00fdzdobou a mnoh\u00e9 \u010fal\u0161ie \u010dasti opraden\u00e9 pr\u00edbehmi.<\/span><\/p>\n<p><span style=\"font-weight: 400;\">V lete v\u00e1s po regi\u00f3ne so zast\u00e1vkami v najv\u00fdznamnej\u0161\u00edch vinohradn\u00edckych meste\u010dk\u00e1ch vr\u00e1tane hradu \u010cerven\u00fd Kame\u0148 povoz\u00ed <a href=\"https:\/\/www.visitbratislava.com\/wp-content\/uploads\/2019\/06\/Malokarpatsk%C3%BD-expres.pdf\" target=\"_blank\" rel=\"noopener\">Malokarpatsk\u00fd expres<\/a>, turistick\u00fd autobus so sprievodcom.<\/span><\/p>\n<h3><strong>Kr\u00e1\u013eovstvo husaciny<\/strong><\/h3>\n<p><span style=\"font-weight: 400;\">Cestou sp\u00e4\u0165 do Bratislavy sa zastavte e\u0161te v <a href=\"https:\/\/gurmanskygrob.sk\/\" target=\"_blank\" rel=\"noopener\">Slovenskom Grobe<\/a> na miestnu \u0161pecialitu: dozlatista upe\u010den\u00fa husacinu so zemiakov\u00fdmi lok\u0161ami a dusenou kapustou. Viac ako dvadsiatka hostincov a re\u0161taur\u00e1ci\u00ed, kde ju m\u00f4\u017eete ochutna\u0165, urobilo z tejto dedinky nefal\u0161ovan\u00e9 kr\u00e1\u013eovstvo husaciny. Od roku 2016 m\u00e1 \u201ejej veli\u010denstvo\u201c hus na n\u00e1mest\u00ed aj svoju obriu, takmer trojmetrov\u00fa sochu.<\/span><\/p>\n<p><img loading=\"lazy\" width=\"800\" height=\"532\" class=\"alignnone size-large wp-image-23461\" src=\"https:\/\/www.visitbratislava.com\/wp-content\/uploads\/2016\/09\/Husacina-800x532.jpg\" alt=\"\" srcset=\"https:\/\/www.visitbratislava.com\/wp-content\/uploads\/2016\/09\/Husacina-800x532.jpg 800w, https:\/\/www.visitbratislava.com\/wp-content\/uploads\/2016\/09\/Husacina-400x266.jpg 400w, https:\/\/www.visitbratislava.com\/wp-content\/uploads\/2016\/09\/Husacina-768x511.jpg 768w, https:\/\/www.visitbratislava.com\/wp-content\/uploads\/2016\/09\/Husacina-200x133.jpg 200w, https:\/\/www.visitbratislava.com\/wp-content\/uploads\/2016\/09\/Husacina.jpg 1024w\" sizes=\"(max-width: 800px) 100vw, 800px\" \/><\/p>\n<p><span style=\"font-weight: 400;\">S chovom hus\u00ed a pe\u010den\u00edm miestne gazdinky za\u010dali pred pribli\u017ene sto rokmi. Aby si prilep\u0161ili, chodili pe\u010den\u00fa husacinu pred\u00e1va\u0165 do Bratislavy. Gurm\u00e1ni v\u0161ak t\u00fa\u017eili pochutna\u0165 si na \u010derstvo upe\u010denej, e\u0161te teplej husacinke. Tak im gazdinky za\u010dali serv\u00edrova\u0165 do zlatista upe\u010den\u00fa dobrotu v predn\u00fdch, sviato\u010dn\u00fdch izb\u00e1ch svojich domovov. T\u00e1to trad\u00edcia sa zachovala dodnes. Len predn\u00e9 izby museli nahradi\u0165 rozsiahlej\u0161\u00edmi priestormi, aby mali kam usadi\u0165 st\u00e1le narastaj\u00faci po\u010det n\u00e1v\u0161tevn\u00edkov.<\/span><\/p>\n<p><span style=\"font-weight: 400;\">Ako predjedlo si dajte husaciu pe\u010dienku, v\u0161etko to zalejte malokarpatsk\u00fdm v\u00ednom a o nezabudnute\u013en\u00fd gurm\u00e1nsky z\u00e1\u017eitok budete ma\u0165 postaran\u00e9.<\/span><\/p>\n<p><span style=\"font-weight: 400;\">Ak ste dr\u017eite\u013eom turistickej karty <a href=\"http:\/\/card.visitbratislava.com\/sk\/\" target=\"_blank\" rel=\"noopener\">Bratislava CARD City &amp; Region<\/a>, vstup na hrad \u010cerven\u00fd Kame\u0148 a do Malokarpatsk\u00e9ho m\u00fazea budete ma\u0165 \u00faplne zadarmo. Karta plat\u00ed aj na linke Malokarpatsk\u00e9ho expresu.<\/span><\/p>\n","protected":false},"excerpt":{"rendered":"<p>M\u00e1te rad\u0161ej \u010derven\u00e9 \u010di biele? Dali by ste si rad\u0161ej husaciu pe\u010dienku alebo pe\u010den\u00fa husacinku s lok\u0161ou? Alebo by ste rad\u0161ej presk\u00famali jedny z najv\u00e4\u010d\u0161\u00edch pivn\u00edc v strednej Eur\u00f3pe? V Malokarpatskom regi\u00f3ne len p\u00e1r kilometrov od Bratislavy sa nemus\u00edte rozhodova\u0165, ktorej z t\u00fdchto mo\u017enost\u00ed d\u00e1te prednos\u0165. V\u0161etky si u\u017eijete do s\u00fdtosti vo vinohradn\u00edckych meste\u010dk\u00e1ch a [&hellip;]<\/p>\n","protected":false},"author":25,"featured_media":69062,"parent":46397,"menu_order":0,"comment_status":"closed","ping_status":"closed","template":"","meta":[],"acf":[],"_links":{"self":[{"href":"https:\/\/www.visitbratislava.com\/sk\/wp-json\/wp\/v2\/pages\/68980"}],"collection":[{"href":"https:\/\/www.visitbratislava.com\/sk\/wp-json\/wp\/v2\/pages"}],"about":[{"href":"https:\/\/www.visitbratislava.com\/sk\/wp-json\/wp\/v2\/types\/page"}],"author":[{"embeddable":true,"href":"https:\/\/www.visitbratislava.com\/sk\/wp-json\/wp\/v2\/users\/25"}],"replies":[{"embeddable":true,"href":"https:\/\/www.visitbratislava.com\/sk\/wp-json\/wp\/v2\/comments?post=68980"}],"version-history":[{"count":0,"href":"https:\/\/www.visitbratislava.com\/sk\/wp-json\/wp\/v2\/pages\/68980\/revisions"}],"up":[{"embeddable":true,"href":"https:\/\/www.visitbratislava.com\/sk\/wp-json\/wp\/v2\/pages\/46397"}],"wp:featuredmedia":[{"embeddable":true,"href":"https:\/\/www.visitbratislava.com\/sk\/wp-json\/wp\/v2\/media\/69062"}],"wp:attachment":[{"href":"https:\/\/www.visitbratislava.com\/sk\/wp-json\/wp\/v2\/media?parent=68980"}],"curies":[{"name":"wp","href":"https:\/\/api.w.org\/{rel}","templated":true}]}}