{"id":69220,"date":"2019-10-31T16:16:15","date_gmt":"2019-10-31T15:16:15","guid":{"rendered":"https:\/\/www.visitbratislava.com\/?page_id=69220\/"},"modified":"2020-01-16T15:51:46","modified_gmt":"2020-01-16T14:51:46","slug":"po-stopach-milana-rastislava-stefanika-v-bratislave","status":"publish","type":"page","link":"https:\/\/www.visitbratislava.com\/sk\/po-stopach-milana-rastislava-stefanika-v-bratislave\/","title":{"rendered":"Po stop\u00e1ch M. R. \u0160tef\u00e1nika v Bratislave"},"content":{"rendered":"<p><span style=\"font-weight: 400;\">Monument\u00e1lna socha na n\u00e1bre\u017e\u00ed Dunaja je najv\u00fdraznej\u0161ou poctou Milanovi Rastislavovi \u0160tef\u00e1nikovi v Bratislave. Tento v\u0161estrann\u00fd \u010dlovek bol nielen \u00faspe\u0161n\u00fdm astron\u00f3mom, ale aj gener\u00e1lom a politikom, ktor\u00fd sa zasl\u00fa\u017eil o vznik prvej \u010ceskoslovenskej republiky. St\u00e9 v\u00fdro\u010die jeho \u00famrtia si m\u00f4\u017eete pripomen\u00fa\u0165 aj v Bratislave aj priamo na mieste, kde tragick\u00e1 leteck\u00e1 hav\u00e1ria ukon\u010dila \u017eivot tohto velik\u00e1na.<\/span><\/p>\n<p><img loading=\"lazy\" class=\"alignnone wp-image-69250\" src=\"https:\/\/www.visitbratislava.com\/wp-content\/uploads\/2019\/10\/mes.png\" alt=\"\" width=\"800\" height=\"363\" srcset=\"https:\/\/www.visitbratislava.com\/wp-content\/uploads\/2019\/10\/mes.png 700w, https:\/\/www.visitbratislava.com\/wp-content\/uploads\/2019\/10\/mes-400x182.png 400w, https:\/\/www.visitbratislava.com\/wp-content\/uploads\/2019\/10\/mes-200x91.png 200w, https:\/\/www.visitbratislava.com\/wp-content\/uploads\/2019\/10\/mes-184x84.png 184w\" sizes=\"(max-width: 800px) 100vw, 800px\" \/><br \/>\n<em>Zdroj obr\u00e1zka: SNM &#8211; M\u00fazeum Slovensk\u00fdch n\u00e1rodn\u00fdch r\u00e1d<\/em><\/p>\n<blockquote><p><span style=\"font-weight: 400;\">\u00a0<\/span><span style=\"font-weight: 400;\">\u201e\u0160tef\u00e1nik bol pozoruhodn\u00e1 osobnos\u0165. Okrem toho, \u017ee spolu s Tom\u00e1\u0161om Garriguom Masarykom a Edvardom Bene\u0161om bol k\u013e\u00fa\u010dovou osobou pri zalo\u017een\u00ed prvej \u010ceskoslovenskej republiky, za svoj kr\u00e1tky \u017eivot vykonal ve\u013ek\u00fd kus pr\u00e1ce aj v in\u00fdch oblastiach,\u201c pripom\u00edna britsk\u00fd novin\u00e1r \u017eij\u00faci na Slovensku James Thomson.<\/span><\/p><\/blockquote>\n<p><span style=\"font-weight: 400;\">Ako astron\u00f3m sa \u0160tef\u00e1nik z\u00fa\u010dastnil exped\u00edci\u00ed v Ju\u017enom Pacifiku \u010di \u0160panielsku, bol v\u00e1\u0161niv\u00fdm a dobr\u00fdm fotografom. Po\u010das prvej svetovej vojny sa pripojil k franc\u00fazskej arm\u00e1de a stal sa jej gener\u00e1lom a zohral tie\u017e d\u00f4le\u017eit\u00fa \u00falohu pri organizovan\u00ed \u010desko-slovensk\u00fdch l\u00e9gi\u00ed. Bol podpredsedom \u010ceskoslovenskej n\u00e1rodnej rady, ministrom vojny v do\u010dasnej vl\u00e1de \u010deskoslovenskej a n\u00e1sledne aj v novovzniknutej republike.<\/span><\/p>\n<p><span style=\"font-weight: 400;\">\u0160tef\u00e1nik mal len 38 rokov, ke\u010f sa jeho lietadlo 4. m\u00e1ja 1919 zr\u00fatilo na letisku v Ivanke pri Dunaji iba p\u00e1r kilometrov od Bratislavy. Dnes t\u00fato udalos\u0165 pripom\u00edna \u017eulov\u00e1 mohyla z roku 1923. Navrhol ju prominentn\u00fd slovensk\u00fd architekt Du\u0161an Jurkovi\u010d, ktor\u00fd je tie\u017e autorom v\u00e4\u010d\u0161ej a zn\u00e1mej\u0161ej mohyly nad \u0160tef\u00e1nikovou rodnou obcou Ko\u0161arisk\u00e1 na vrchu Bradlo.\u00a0<\/span><\/p>\n<p><span style=\"font-weight: 400;\">K jeho bratislavskej mohyle pri letisku vedie 3,3-kilometrov\u00e1 rekrea\u010dn\u00e1 <a href=\"https:\/\/en.mapy.cz\/turisticka?x=17.0919517&amp;y=48.1633214&amp;z=12&amp;source=muni&amp;id=22944\" target=\"_blank\" rel=\"noopener\">cyklotrasa<\/a> vhodn\u00e1 aj pre rodiny s de\u0165mi. Dobre dostupn\u00e1 je aj po asfaltovej ceste z Ivanky pri Dunaji.<\/span><\/p>\n<p><img loading=\"lazy\" width=\"800\" height=\"534\" class=\"alignnone size-large wp-image-69229\" src=\"https:\/\/www.visitbratislava.com\/wp-content\/uploads\/2019\/10\/Mohyla_Ivanka_pri_Dunaji-800x534.jpg\" alt=\"\" srcset=\"https:\/\/www.visitbratislava.com\/wp-content\/uploads\/2019\/10\/Mohyla_Ivanka_pri_Dunaji-800x534.jpg 800w, https:\/\/www.visitbratislava.com\/wp-content\/uploads\/2019\/10\/Mohyla_Ivanka_pri_Dunaji-400x267.jpg 400w, https:\/\/www.visitbratislava.com\/wp-content\/uploads\/2019\/10\/Mohyla_Ivanka_pri_Dunaji-768x513.jpg 768w, https:\/\/www.visitbratislava.com\/wp-content\/uploads\/2019\/10\/Mohyla_Ivanka_pri_Dunaji-200x133.jpg 200w\" sizes=\"(max-width: 800px) 100vw, 800px\" \/><\/p>\n<h3><strong>Monument\u00e1lne s\u00faso\u0161ie<\/strong><\/h3>\n<p><span style=\"font-weight: 400;\">V<\/span><span style=\"font-weight: 400;\">\u00a0Bratislave je dnes viacero miest spojen\u00fdch s t\u00fdmto velik\u00e1nom. \u0160tef\u00e1nikovo meno nesie nielen jedin\u00fd bratislavsk\u00fd bulv\u00e1r, ktor\u00fd vedie od prezidentsk\u00e9ho pal\u00e1ca von z mesta smerom k Hlavnej stanici, ale aj \u010das\u0165 n\u00e1bre\u017eia pri n\u00e1kupnom stredisku <a href=\"https:\/\/www.visitbratislava.com\/sk\/miesta\/eurovea\/\" target=\"_blank\" rel=\"noopener\">Eurovea<\/a>. Na \u0148om sa nach\u00e1dza najzn\u00e1mej\u0161ie s\u00faso\u0161ie \u0160tef\u00e1nika s levom symbolizuj\u00facim \u010deskoslovensk\u00e9 l\u00e9gie. Poh\u013ead na s\u00faso\u0161ie si n\u00e1v\u0161tevn\u00edci m\u00f4\u017eu vychutna\u0165 z ter\u00e1s re\u0161taur\u00e1ci\u00ed a kaviarn\u00ed roztr\u00fasen\u00fdch na n\u00e1bre\u017e\u00ed Dunaja.<\/span><\/p>\n<blockquote><p><span style=\"font-weight: 400;\">P\u00f4vodne v\u0161ak s\u00faso\u0161ie st\u00e1lo na dne\u0161nom \u0160t\u00farovom n\u00e1mest\u00ed. Ke\u010f\u017ee sa nep\u00e1\u010dilo predstavite\u013eom vojnov\u00e9ho slovensk\u00e9ho \u0161t\u00e1tu a ani komunistick\u00fdm vl\u00e1dcom, najprv bola v roku 1940 z pam\u00e4tn\u00edka odstr\u00e1nen\u00e1 socha leva a v roku 1954 aj socha \u0160tef\u00e1nika. Traduje sa, \u017ee pri pokuse strhn\u00fa\u0165 sochu n\u00e1kladn\u00fdmi autami jej iba odtrhli hlavu. Preto \u017eenisti sochu odstrelili.<\/span><\/p><\/blockquote>\n<p><img loading=\"lazy\" width=\"800\" height=\"534\" class=\"alignnone size-large wp-image-69245\" src=\"https:\/\/www.visitbratislava.com\/wp-content\/uploads\/2019\/10\/Stefanik_Susosie-800x534.jpg\" alt=\"\" srcset=\"https:\/\/www.visitbratislava.com\/wp-content\/uploads\/2019\/10\/Stefanik_Susosie-800x534.jpg 800w, https:\/\/www.visitbratislava.com\/wp-content\/uploads\/2019\/10\/Stefanik_Susosie-400x267.jpg 400w, https:\/\/www.visitbratislava.com\/wp-content\/uploads\/2019\/10\/Stefanik_Susosie-768x513.jpg 768w, https:\/\/www.visitbratislava.com\/wp-content\/uploads\/2019\/10\/Stefanik_Susosie-200x133.jpg 200w\" sizes=\"(max-width: 800px) 100vw, 800px\" \/><\/p>\n<p><span style=\"font-weight: 400;\">S\u00faso\u0161ie sa do verejn\u00e9ho priestoru vr\u00e1tilo taktie\u017e postupne. \u0160tvormetrov\u00fa sochu leva znovu skompletizovali a v roku 1988 ju nain\u0161talovali na 15-metrov\u00fd pyl\u00f3n pred <a href=\"https:\/\/www.visitbratislava.com\/sk\/miesta\/slovenske-narodne-muzeum-prirodovedne-muzeum\/\" target=\"_blank\" rel=\"noopener\">Slovensk\u00fdm n\u00e1rodn\u00fdm m\u00fazeom<\/a> na Vajansk\u00e9ho n\u00e1bre\u017e\u00ed. Nesk\u00f4r ho spolu s k\u00f3piou p\u00f4vodnej 7,5-metrovej \u0160tef\u00e1nikovej sochy v roku 2009 umiestnili na s\u00fa\u010dasn\u00e9 miesto pred novou budovou Slovensk\u00e9ho n\u00e1rodn\u00e9ho divadla.<\/span><\/p>\n<h3><strong>Lietadlo Caproni uvid\u00edte na letisku<\/strong><\/h3>\n<p><span style=\"font-weight: 400;\">\u010eal\u0161ia socha \u0160tef\u00e1nika sa nach\u00e1dza na bratislavskom letisku, ktor\u00e9 bolo po slovenskom velik\u00e1novi pomenovan\u00e9 v roku 1993.\u00a0<\/span><span style=\"font-weight: 400;\">Odletov\u00fa halu letiska od roku 2012 zdob\u00ed vern\u00e1 replika dvojplo\u0161n\u00edka Caproni Ca 33, na ktorom \u0160tef\u00e1nik havaroval. \u010ciasto\u010dne odhalen\u00fd trup a kr\u00eddla repliky visiace na oce\u013eov\u00fdch lan\u00e1ch ukazuj\u00fa, ak\u00e9 krehk\u00e9 lietadl\u00e1 v tej dobe boli.<\/span><\/p>\n<blockquote><p><span style=\"font-weight: 400;\">Kostra lietadla bola dreven\u00e1, potiahnut\u00e1 pl\u00e1tnom a bola vystu\u017een\u00e1 oce\u013eov\u00fdmi lanami. V obdob\u00ed svojho akt\u00edvneho vyu\u017e\u00edvania tento taliansky bombard\u00e9r dok\u00e1zal letie\u0165 maxim\u00e1lnou r\u00fdchlos\u0165ou 130 km\/h, pri\u010dom palivo mu vysta\u010dilo na \u0161tyri hodiny letu.<\/span><\/p><\/blockquote>\n<p><img loading=\"lazy\" width=\"800\" height=\"534\" class=\"alignnone size-large wp-image-69225\" src=\"https:\/\/www.visitbratislava.com\/wp-content\/uploads\/2019\/10\/Caproni-800x534.jpg\" alt=\"\" srcset=\"https:\/\/www.visitbratislava.com\/wp-content\/uploads\/2019\/10\/Caproni-800x534.jpg 800w, https:\/\/www.visitbratislava.com\/wp-content\/uploads\/2019\/10\/Caproni-400x267.jpg 400w, https:\/\/www.visitbratislava.com\/wp-content\/uploads\/2019\/10\/Caproni-768x513.jpg 768w, https:\/\/www.visitbratislava.com\/wp-content\/uploads\/2019\/10\/Caproni-200x133.jpg 200w\" sizes=\"(max-width: 800px) 100vw, 800px\" \/><\/p>\n<p><img loading=\"lazy\" width=\"800\" height=\"600\" class=\"alignnone size-large wp-image-69233\" src=\"https:\/\/www.visitbratislava.com\/wp-content\/uploads\/2019\/10\/Muzeum_Dopravy1-800x600.jpg\" alt=\"\" srcset=\"https:\/\/www.visitbratislava.com\/wp-content\/uploads\/2019\/10\/Muzeum_Dopravy1-800x600.jpg 800w, https:\/\/www.visitbratislava.com\/wp-content\/uploads\/2019\/10\/Muzeum_Dopravy1-400x300.jpg 400w, https:\/\/www.visitbratislava.com\/wp-content\/uploads\/2019\/10\/Muzeum_Dopravy1-768x576.jpg 768w, https:\/\/www.visitbratislava.com\/wp-content\/uploads\/2019\/10\/Muzeum_Dopravy1-200x150.jpg 200w\" sizes=\"(max-width: 800px) 100vw, 800px\" \/><\/p>\n<p><span style=\"font-weight: 400;\">Ak\u00e9 in\u00e9 dopravn\u00e9 prostriedky sa v tej dobe vyu\u017e\u00edvali na prepravu os\u00f4b \u010di tovaru si z\u00e1ujemcovia m\u00f4\u017eu pozrie\u0165 v <a href=\"https:\/\/www.visitbratislava.com\/sk\/miesta\/muzeum-dopravy\/\" target=\"_blank\" rel=\"noopener\">M\u00fazeu dopravy<\/a> s\u00eddliace v priestoroch prvej bratislavskej stanice parostrojnej \u017eeleznice z 19. storo\u010dia. Dr\u017eitelia turistickej karty <a href=\"http:\/\/card.visitbratislava.com\/sk\/\" target=\"_blank\" rel=\"noopener\">Bratislava CARD City &amp; Region<\/a> maj\u00fa na jeho n\u00e1v\u0161tevu 50-percentn\u00fa z\u013eavu na vstupn\u00e9.<\/span><\/p>\n<h3>Nav\u0161t\u00edvte v\u00fdstavu na Bratislavskom hrade (30. 10. 2019 &#8211; 29. 2. 2020)<\/h3>\n<p>V\u00fdstava v spolupr\u00e1ci s Vojensk\u00fdm historick\u00fdm \u00fastavom predstavuje \u0160tef\u00e1nika v celej \u0161\u00edrke jeho \u017eivotn\u00fdch osudov od narodenia, \u0161t\u00fadi\u00ed, a\u017e po kari\u00e9ru astron\u00f3ma, vojaka, diplomata, \u0161t\u00e1tnika ale i zberate\u013ea.<\/p>\n<p><a href=\"https:\/\/www.visitbratislava.com\/sk\/podujatia\/vystava-milan-rastislav-stefanik-general-osloboditel\/\" target=\"_blank\" rel=\"noopener\"><img loading=\"lazy\" width=\"800\" height=\"344\" class=\"alignnone size-large wp-image-69256\" src=\"https:\/\/www.visitbratislava.com\/wp-content\/uploads\/2019\/10\/MR\u0160-1-800x344.jpg\" alt=\"\" srcset=\"https:\/\/www.visitbratislava.com\/wp-content\/uploads\/2019\/10\/MR\u0160-1-800x344.jpg 800w, https:\/\/www.visitbratislava.com\/wp-content\/uploads\/2019\/10\/MR\u0160-1-400x172.jpg 400w, https:\/\/www.visitbratislava.com\/wp-content\/uploads\/2019\/10\/MR\u0160-1-768x330.jpg 768w, https:\/\/www.visitbratislava.com\/wp-content\/uploads\/2019\/10\/MR\u0160-1-200x86.jpg 200w, https:\/\/www.visitbratislava.com\/wp-content\/uploads\/2019\/10\/MR\u0160-1.jpg 1588w\" sizes=\"(max-width: 800px) 100vw, 800px\" \/><\/a><\/p>\n","protected":false},"excerpt":{"rendered":"<p>Monument\u00e1lna socha na n\u00e1bre\u017e\u00ed Dunaja je najv\u00fdraznej\u0161ou poctou Milanovi Rastislavovi \u0160tef\u00e1nikovi v Bratislave. Tento v\u0161estrann\u00fd \u010dlovek bol nielen \u00faspe\u0161n\u00fdm astron\u00f3mom, ale aj gener\u00e1lom a politikom, ktor\u00fd sa zasl\u00fa\u017eil o vznik prvej \u010ceskoslovenskej republiky. St\u00e9 v\u00fdro\u010die jeho \u00famrtia si m\u00f4\u017eete pripomen\u00fa\u0165 aj v Bratislave aj priamo na mieste, kde tragick\u00e1 leteck\u00e1 hav\u00e1ria ukon\u010dila \u017eivot tohto velik\u00e1na. [&hellip;]<\/p>\n","protected":false},"author":25,"featured_media":69287,"parent":0,"menu_order":0,"comment_status":"closed","ping_status":"closed","template":"","meta":[],"acf":[],"_links":{"self":[{"href":"https:\/\/www.visitbratislava.com\/sk\/wp-json\/wp\/v2\/pages\/69220"}],"collection":[{"href":"https:\/\/www.visitbratislava.com\/sk\/wp-json\/wp\/v2\/pages"}],"about":[{"href":"https:\/\/www.visitbratislava.com\/sk\/wp-json\/wp\/v2\/types\/page"}],"author":[{"embeddable":true,"href":"https:\/\/www.visitbratislava.com\/sk\/wp-json\/wp\/v2\/users\/25"}],"replies":[{"embeddable":true,"href":"https:\/\/www.visitbratislava.com\/sk\/wp-json\/wp\/v2\/comments?post=69220"}],"version-history":[{"count":0,"href":"https:\/\/www.visitbratislava.com\/sk\/wp-json\/wp\/v2\/pages\/69220\/revisions"}],"wp:featuredmedia":[{"embeddable":true,"href":"https:\/\/www.visitbratislava.com\/sk\/wp-json\/wp\/v2\/media\/69287"}],"wp:attachment":[{"href":"https:\/\/www.visitbratislava.com\/sk\/wp-json\/wp\/v2\/media?parent=69220"}],"curies":[{"name":"wp","href":"https:\/\/api.w.org\/{rel}","templated":true}]}}