{"id":70092,"date":"2019-11-21T14:45:57","date_gmt":"2019-11-21T13:45:57","guid":{"rendered":"https:\/\/www.visitbratislava.com\/?page_id=70092\/"},"modified":"2019-11-21T15:13:51","modified_gmt":"2019-11-21T14:13:51","slug":"specialna-zimna-ponuka","status":"publish","type":"page","link":"https:\/\/www.visitbratislava.com\/sk\/specialna-zimna-ponuka\/","title":{"rendered":"\u0160peci\u00e1lna zimn\u00e1 ponuka"},"content":{"rendered":"<h2>Viano\u010dn\u00e9 prehliadky<\/h2>\n<h3>Viano\u010dn\u00e1 food tour<\/h3>\n<p>CK Tripito pre v\u00e1s pripravila \u0161peci\u00e1lnu viano\u010dn\u00fa food tour. Dozviete sa nie\u010do o slovenskej kult\u00fare, viano\u010dn\u00fdch trad\u00edci\u00e1ch, o Bratislave a jej hist\u00f3rii a u\u017eijete si chu\u0165 Vianoc. Najlep\u0161\u00edm miestom pre tradi\u010dn\u00fa kuchy\u0148u s\u00fa po\u010das sviatkov viano\u010dn\u00e9 trhy. Vychutnajte si lok\u0161e, \u201ecig\u00e1nsku\u201c, medovinu a \u010fal\u0161ie chutn\u00e9 veci.<\/p>\n<p><strong>Cena:<\/strong> 42 \u20ac na osobu,\u00a0min. 2 \u013eudia<\/p>\n<p><strong>Term\u00edny:<\/strong> 24. 11. &#8211; 23. 12. 2019 &#8211; streda, \u0161tvrtok, piatok, sobota, nede\u013ea alebo na po\u017eiadanie<br \/>\n<strong>Miesto stretnutia:<\/strong> Historick\u00e1 budova SND, Gork\u00e9ho 132\/2, 811 01 Bratislava<br \/>\n<strong>Trvanie:<\/strong> 3,5 hodiny<br \/>\n<strong>Za\u010diatok:<\/strong> 10:00 alebo 17:00<br \/>\n<strong>Dni:<\/strong> denne okrem pondelka<\/p>\n<p><strong>Cena zah\u0155\u0148a:<\/strong> miestneho sprievodcu, ochutn\u00e1vku varen\u00e9ho v\u00edna, ochutn\u00e1vku hor\u00faceho medov\u00e9ho v\u00edna, r\u00f4zne tradi\u010dn\u00e9 jedl\u00e1 slovensk\u00e9ho trhu<br \/>\n<strong>Rezerv\u00e1cia:<\/strong>\u00a0<a href=\"mailto:info@tripito.eu\">info@tripito.eu<\/a>,\u00a0+421\u00a0915 503476<\/p>\n<p><img loading=\"lazy\" width=\"800\" height=\"467\" class=\"alignnone size-full wp-image-71082\" src=\"https:\/\/www.visitbratislava.com\/wp-content\/uploads\/2019\/11\/tripito.jpg\" alt=\"\" srcset=\"https:\/\/www.visitbratislava.com\/wp-content\/uploads\/2019\/11\/tripito.jpg 800w, https:\/\/www.visitbratislava.com\/wp-content\/uploads\/2019\/11\/tripito-400x234.jpg 400w, https:\/\/www.visitbratislava.com\/wp-content\/uploads\/2019\/11\/tripito-768x448.jpg 768w, https:\/\/www.visitbratislava.com\/wp-content\/uploads\/2019\/11\/tripito-200x117.jpg 200w\" sizes=\"(max-width: 800px) 100vw, 800px\" \/><\/p>\n<h3>Viano\u010dn\u00e1 prehliadka mesta<\/h3>\n<p>Za\u017eite tradi\u010dn\u00fa slovensk\u00fa viano\u010dn\u00fa atmosf\u00e9ru v Starom Meste v Bratislave s CK Floratour. Profesion\u00e1lny sprievodca v\u00e1s prevedie viano\u010dn\u00fdmi trhmi, tradi\u010dn\u00fdmi \u013eudov\u00fdmi a v\u00fdrobn\u00fdmi v\u00fdrobkami, ako aj najzn\u00e1mej\u0161\u00edmi turistick\u00fdmi atrakciami. Na konci prehliadky v\u00e1s zahreje poh\u00e1rik varen\u00e9ho v\u00ednka.<\/p>\n<p><strong>D\u00e1tum:<\/strong> soboty a nedele (23. 11. &#8211; 22. 12.)<br \/>\n<strong>\u010cas:<\/strong> 11:45 hod.<br \/>\n<strong>Trvanie:<\/strong> 1,5 hodiny so sprievodcom v nem\u010dine a angli\u010dtine<br \/>\n<strong>V\u00fdchodiskov\u00fd bod:<\/strong> Twin City Gate na pr\u00edstavisku HUMA 6, R\u00e1zusovo n\u00e1bre\u017eie oproti hotelu Park Inn<br \/>\n<strong>Cena:<\/strong> 15 \u20ac\/ dospel\u00fd, 7 \u20ac\/ die\u0165a<br \/>\n<strong>Inform\u00e1cie:<\/strong>\u00a0+421 903 505 505, <a href=\"https:\/\/www.floratour.sk\/sk\/\" target=\"_blank\" rel=\"noopener\">www.floratour.sk<\/a>, floratour@floratour.sk<\/p>\n<p><img loading=\"lazy\" class=\"alignnone wp-image-71051 size-large\" src=\"https:\/\/www.visitbratislava.com\/wp-content\/uploads\/2019\/11\/coso-800x453.jpg\" alt=\"\" width=\"800\" height=\"453\" srcset=\"https:\/\/www.visitbratislava.com\/wp-content\/uploads\/2019\/11\/coso-800x453.jpg 800w, https:\/\/www.visitbratislava.com\/wp-content\/uploads\/2019\/11\/coso-400x226.jpg 400w, https:\/\/www.visitbratislava.com\/wp-content\/uploads\/2019\/11\/coso-768x435.jpg 768w, https:\/\/www.visitbratislava.com\/wp-content\/uploads\/2019\/11\/coso-200x113.jpg 200w, https:\/\/www.visitbratislava.com\/wp-content\/uploads\/2019\/11\/coso.jpg 910w\" sizes=\"(max-width: 800px) 100vw, 800px\" \/><\/p>\n<h3><strong>Viano\u010dn\u00fd Pre\u0161por\u00e1\u010dik\u00aeOldtimer<\/strong><\/h3>\n<p>Ochutnajte a za\u017eite s\u00a0nami skuto\u010dn\u00fa atmosf\u00e9ru Vianoc. Pokochajte sa viano\u010dnou v\u00fdzdobu v\u00a0uli\u010dk\u00e1ch Bratislavy a na Bratislavskom hrade. V\u00a0pohodl\u00ed vyhriateho Pre\u0161por\u00e1\u010dika sa dozviete aj hist\u00f3rii a s\u00fa\u010dastnosti.<\/p>\n<p>Pre\u0161por\u00e1\u010dik jazd\u00ed denne 10:00 \u2013 16:00, mimo 23. a\u00a024.12.2019.<br \/>\nN\u00e1stup na Hviezdoslavovom n\u00e1mest\u00ed.<br \/>\nPre rezerv\u00e1ciu a bli\u017e\u0161ie inform\u00e1cie n\u00e1s kontaktujte na <a href=\"mailto:info@tour4u.sk\">info@tour4u.sk<\/a>, +421\u00a0903\u00a0302\u00a0817.<\/p>\n<p><img loading=\"lazy\" width=\"798\" height=\"485\" class=\"alignnone size-full wp-image-71078\" src=\"https:\/\/www.visitbratislava.com\/wp-content\/uploads\/2019\/11\/Prespracik-vianoce-800x600-1.jpeg\" alt=\"\" srcset=\"https:\/\/www.visitbratislava.com\/wp-content\/uploads\/2019\/11\/Prespracik-vianoce-800x600-1.jpeg 798w, https:\/\/www.visitbratislava.com\/wp-content\/uploads\/2019\/11\/Prespracik-vianoce-800x600-1-400x243.jpeg 400w, https:\/\/www.visitbratislava.com\/wp-content\/uploads\/2019\/11\/Prespracik-vianoce-800x600-1-768x467.jpeg 768w, https:\/\/www.visitbratislava.com\/wp-content\/uploads\/2019\/11\/Prespracik-vianoce-800x600-1-200x122.jpeg 200w\" sizes=\"(max-width: 798px) 100vw, 798px\" \/><\/p>\n<h2><strong>Viano\u010dn\u00e1 Escape Room<\/strong><\/h2>\n<p>Pr\u00ed\u010fte si zahra\u0165 viano\u010dn\u00fa verziu Escape roomu J\u00e1no\u0161\u00edkov poklad! Hra bude upraven\u00e1 do viano\u010dnej tematiky a ako bonus dostanete za n\u00e1jdenie J\u00e1no\u0161\u00edkovho pokladu t\u00edmov\u00fd dar\u010dek. Sta\u010d\u00ed ak pri rezerv\u00e1cii hry nap\u00ed\u0161ete do pozn\u00e1mky heslo VIANOCE. Ponuka plat\u00ed od 3. 12. 2019 do 6. 1. 2020.<\/p>\n<p>Otvoren\u00e9 m\u00e1me ka\u017ed\u00fd de\u0148 okrem 24. a 25. decembra.<br \/>\nRezerv\u00e1cia <a href=\"http:\/\/brainteaselava.sk\/rezervacia\/\" target=\"_blank\" rel=\"noopener\"><strong>TU<\/strong><\/a>.<\/p>\n<p><img loading=\"lazy\" width=\"800\" height=\"486\" class=\"alignnone size-full wp-image-71070\" src=\"https:\/\/www.visitbratislava.com\/wp-content\/uploads\/2019\/11\/brainteaslava-800x600-1.jpg\" alt=\"\" srcset=\"https:\/\/www.visitbratislava.com\/wp-content\/uploads\/2019\/11\/brainteaslava-800x600-1.jpg 800w, https:\/\/www.visitbratislava.com\/wp-content\/uploads\/2019\/11\/brainteaslava-800x600-1-400x243.jpg 400w, https:\/\/www.visitbratislava.com\/wp-content\/uploads\/2019\/11\/brainteaslava-800x600-1-768x467.jpg 768w, https:\/\/www.visitbratislava.com\/wp-content\/uploads\/2019\/11\/brainteaslava-800x600-1-200x122.jpg 200w\" sizes=\"(max-width: 800px) 100vw, 800px\" \/><\/p>\n<h2>Viano\u010dn\u00e1 ponuka v gal\u00e9rii Nedbalka<\/h2>\n<h3>Pre deti<\/h3>\n<p><strong>Kurz v\u00fdroby slamen\u00fdch ozd\u00f4b<\/strong><\/p>\n<p>Ateli\u00e9r Nedbalka V\u00e1m prin\u00e1\u0161a \u010fal\u0161\u00ed kreat\u00edvny kurz. Uskuto\u010dn\u00ed sa 30. 11. 2019 a\u00a0osvoj\u00edte si na \u0148om techniku v\u00fdroby tradi\u010dn\u00fdch slamen\u00fdch dekor\u00e1ci\u00ed, ktor\u00fdmi si m\u00f4\u017eete vyzdobi\u0165 aj viano\u010dn\u00fd strom\u010dek.<br \/>\nPrihl\u00e1si\u0165 sa m\u00f4\u017eete <a href=\"https:\/\/www.nedbalka.sk\/product\/kurz-vyroby-slamenych-ozdob\/\" target=\"_blank\" rel=\"noopener\"><strong>TU<\/strong><\/a>.<\/p>\n<p><strong>Mikul\u00e1\u0161sky workshop pre deti \u2013 papierov\u00e1 h\u00e1ve\u010f<\/strong><\/p>\n<p>D\u0148a 7. 12. o 14:00 budeme vytv\u00e1ra\u0165 trojrozmern\u00e9 papierov\u00e9 objekty \u2013 hmyz zo skuto\u010dn\u00e9ho i fantastick\u00e9ho sveta, mot\u00fdle a chrob\u00e1ky, ktor\u00e9 e\u0161te len \u010dakaj\u00fa na objavenie. Workshop je in\u0161pirovan\u00fd detskou encyklop\u00e9diou H\u00e1vedn\u00edk od ilustr\u00e1torky Daniely Olejn\u00edkovej.<br \/>\nPrihl\u00e1si\u0165 sa m\u00f4\u017eete <a href=\"https:\/\/www.nedbalka.sk\/product\/workshop-pre-deti-papierova-haved\/.\" target=\"_blank\" rel=\"noopener\"><strong>TU<\/strong><\/a>.<\/p>\n<p><img loading=\"lazy\" width=\"798\" height=\"448\" class=\"alignnone size-full wp-image-71074\" src=\"https:\/\/www.visitbratislava.com\/wp-content\/uploads\/2019\/11\/nedbalka.jpg\" alt=\"\" srcset=\"https:\/\/www.visitbratislava.com\/wp-content\/uploads\/2019\/11\/nedbalka.jpg 798w, https:\/\/www.visitbratislava.com\/wp-content\/uploads\/2019\/11\/nedbalka-400x225.jpg 400w, https:\/\/www.visitbratislava.com\/wp-content\/uploads\/2019\/11\/nedbalka-768x431.jpg 768w, https:\/\/www.visitbratislava.com\/wp-content\/uploads\/2019\/11\/nedbalka-200x112.jpg 200w\" sizes=\"(max-width: 798px) 100vw, 798px\" \/><\/p>\n<p><strong>Divadeln\u00e9 predstavenie Lordi<\/strong><\/p>\n<p>\u0160kandal\u00f3zna sal\u00f3nna kom\u00e9dia &#8211; traja rozmarn\u00ed lordi si rozde\u013euj\u00fa d\u00e1my na sexu\u00e1lne dobrodru\u017estva si nade\u013euj\u00fa \u010derven\u00e9 a \u010dierne body, a\u017e jedn\u00e9ho d\u0148a. 15.12. o\u00a018.00h V\u00a0gal\u00e9ri\u00ed Nedbalka Bizardn\u00fa z\u00e1pletku rozohraj\u00fa traja lordi v podan\u00ed: Maro\u0161a Kram\u00e1ra, Jozefa Vajdu a Petra \u0160imuna, na\u0161tudovan\u00fa v r\u00e9\u017eii: Petra Serge Butka.<\/p>\n<p><a class=\"cta-button\" href=\"https:\/\/www.nedbalka.sk\/product\/divadelne-predstavenie-lordi\/\" target=\"_blank\" rel=\"noopener\">L\u00edstky<\/a><\/p>\n<h2>Vianoce v M\u00fazeu mesta Bratislavy<\/h2>\n<p><strong>Viano\u010dn\u00fd remeseln\u00fd jarmok od 22. 11. do 22. 12. 2019<\/strong><\/p>\n<p><strong>Miesto:<\/strong> N\u00e1dvorie Starej radnice<\/p>\n<ul>\n<li>Koledy s\u00a0rozpr\u00e1van\u00edm o Vianociach<\/li>\n<li>Odhalenie ilustr\u00e1ci\u00ed na sklenom prie\u010del\u00ed radnice<\/li>\n<li>Sl\u00e1vnostn\u00e9 otvorenie Viano\u010dn\u00e9ho remeseln\u00e9ho jarmoku<\/li>\n<li>Spr\u00edstupnenie \u017eiv\u00e9ho Betlehemu<\/li>\n<li>Zap\u00e1lenie prvej adventnej svie\u010dky<\/li>\n<\/ul>\n<p><strong>Program<\/strong><\/p>\n<ul>\n<li><strong>23.11.2019 \u2013 FsS Zlatomorav\u010dianka,<\/strong> n\u00e1dvorie Starej radnice, 16.00, 17.00, 18.00<\/li>\n<li><strong>30.11.2019 \u2013 FsS Zlatomorav\u010dianka, <\/strong>n\u00e1dvorie Starej radnice, 16.00, 17.00, 18.00<\/li>\n<li><strong>7. 12. 2019 \u2013 FsS Cho\u010danka, <\/strong>n\u00e1dvorie Starej radnice, 16.00, 17.00, 18.00<\/li>\n<li><strong>14.12.2019 \u2013 FsS Zlatomorav\u010dianka, <\/strong>n\u00e1dvorie Starej radnice, 16.00, 17.00, 18.00<\/li>\n<li><strong>21.12.2019 \u2013 Z\u00e1hor\u00e1cke duo, <\/strong>n\u00e1dvorie Starej radnice, 16.00, 17.00, 18.00<\/li>\n<\/ul>\n<p><strong>Prezentovanie remesiel<\/strong><\/p>\n<ul>\n<li>Rezb\u00e1rstvo<\/li>\n<li>C\u00ednolej\u00e1rstvo<\/li>\n<li>Kov\u00e1\u010dstvo<\/li>\n<li>Svie\u010dkarstvo<\/li>\n<li>Viazanie dekorat\u00edvnej v\u00fdzdoby z pr\u00edrodn\u00fdch materi\u00e1lov<\/li>\n<li>V\u00fdroba \u0161perkov<\/li>\n<\/ul>\n<h2><strong>Viano\u010dn\u00e1 ve\u010dera v Park Inn<\/strong><\/h2>\n<p>Ve\u010dera s \u010darovnou sviato\u010dnou atmosf\u00e9rou 13. 12. 2019 v pr\u00edjemnom prostred\u00ed re\u0161taur\u00e1cie Bocca Buona v hoteli Park Inn.<br \/>\nRezerv\u00e1cie: marketing.bratislava@parkinn.com<\/p>\n<p><img loading=\"lazy\" class=\"alignnone wp-image-70579 size-large\" src=\"https:\/\/www.visitbratislava.com\/wp-content\/uploads\/2019\/11\/SKpark-inn-566x800-1-800x265.png\" alt=\"\" width=\"800\" height=\"265\" srcset=\"https:\/\/www.visitbratislava.com\/wp-content\/uploads\/2019\/11\/SKpark-inn-566x800-1-800x265.png 800w, https:\/\/www.visitbratislava.com\/wp-content\/uploads\/2019\/11\/SKpark-inn-566x800-1-400x133.png 400w, https:\/\/www.visitbratislava.com\/wp-content\/uploads\/2019\/11\/SKpark-inn-566x800-1-768x255.png 768w, https:\/\/www.visitbratislava.com\/wp-content\/uploads\/2019\/11\/SKpark-inn-566x800-1-200x66.png 200w, https:\/\/www.visitbratislava.com\/wp-content\/uploads\/2019\/11\/SKpark-inn-566x800-1.png 1127w\" sizes=\"(max-width: 800px) 100vw, 800px\" \/><\/p>\n","protected":false},"excerpt":{"rendered":"<p>Viano\u010dn\u00e9 prehliadky Viano\u010dn\u00e1 food tour CK Tripito pre v\u00e1s pripravila \u0161peci\u00e1lnu viano\u010dn\u00fa food tour. Dozviete sa nie\u010do o slovenskej kult\u00fare, viano\u010dn\u00fdch trad\u00edci\u00e1ch, o Bratislave a jej hist\u00f3rii a u\u017eijete si chu\u0165 Vianoc. Najlep\u0161\u00edm miestom pre tradi\u010dn\u00fa kuchy\u0148u s\u00fa po\u010das sviatkov viano\u010dn\u00e9 trhy. Vychutnajte si lok\u0161e, \u201ecig\u00e1nsku\u201c, medovinu a \u010fal\u0161ie chutn\u00e9 veci. Cena: 42 \u20ac na [&hellip;]<\/p>\n","protected":false},"author":25,"featured_media":71046,"parent":0,"menu_order":0,"comment_status":"closed","ping_status":"closed","template":"","meta":[],"acf":[],"_links":{"self":[{"href":"https:\/\/www.visitbratislava.com\/sk\/wp-json\/wp\/v2\/pages\/70092"}],"collection":[{"href":"https:\/\/www.visitbratislava.com\/sk\/wp-json\/wp\/v2\/pages"}],"about":[{"href":"https:\/\/www.visitbratislava.com\/sk\/wp-json\/wp\/v2\/types\/page"}],"author":[{"embeddable":true,"href":"https:\/\/www.visitbratislava.com\/sk\/wp-json\/wp\/v2\/users\/25"}],"replies":[{"embeddable":true,"href":"https:\/\/www.visitbratislava.com\/sk\/wp-json\/wp\/v2\/comments?post=70092"}],"version-history":[{"count":0,"href":"https:\/\/www.visitbratislava.com\/sk\/wp-json\/wp\/v2\/pages\/70092\/revisions"}],"wp:featuredmedia":[{"embeddable":true,"href":"https:\/\/www.visitbratislava.com\/sk\/wp-json\/wp\/v2\/media\/71046"}],"wp:attachment":[{"href":"https:\/\/www.visitbratislava.com\/sk\/wp-json\/wp\/v2\/media?parent=70092"}],"curies":[{"name":"wp","href":"https:\/\/api.w.org\/{rel}","templated":true}]}}