{"id":71990,"date":"2019-12-05T16:43:53","date_gmt":"2019-12-05T15:43:53","guid":{"rendered":"https:\/\/www.visitbratislava.com\/?page_id=71990\/"},"modified":"2024-07-12T14:39:57","modified_gmt":"2024-07-12T12:39:57","slug":"mikulas-v-bratislave","status":"publish","type":"page","link":"https:\/\/www.visitbratislava.com\/sk\/mikulas-v-bratislave\/","title":{"rendered":"Mikul\u00e1\u0161 v Bratislave"},"content":{"rendered":"<h3><strong>Mikul\u00e1\u0161 v River Parku &#8211; 8. 12<\/strong><\/h3>\n<p>Najz\u00e1bavnej\u0161\u00ed a naj\u0161tedrej\u0161\u00ed Mikul\u00e1\u0161 bude tento rok op\u00e4\u0165 v River Parku. Programom bude sprev\u00e1dza\u0165 Richard Vrablec a zaspieva\u0165 pr\u00edde zn\u00e1my \u201csuperstarista\u201d Thomas Puskailer. V\u0161etk\u00fdch roztancuje muzik\u00e1l Frozen a charitat\u00edvnu kapustnicu pre v\u0161etk\u00fdch navar\u00ed TOP \u0161\u00e9fkuch\u00e1r Jaroslav \u017d\u00eddek. Na deti sa te\u0161ia maskoti z Doby \u013eadovej. Na mieste sa bude ma\u013eova\u0165 aj na tv\u00e1r a tvori\u0165 v dielni\u010dk\u00e1ch. A, samozrejme, sa zastavia aj Mikul\u00e1\u0161, anjel a \u010dert, ktor\u00ed pre poslu\u0161n\u00e9 deti privez\u00fa ve\u013ek\u00e9 vrece sladkost\u00ed.<\/p>\n<p>\u0160t\u00fdlov\u00e1 mestsk\u00e1 \u0161tvr\u0165 na brehu Dunaja pon\u00faka ka\u017edoro\u010dne aj exteri\u00e9rov\u00e9 klzisko \u00faplne zadarmo pre v\u0161etk\u00fdch. Kto sa stane krstn\u00fdm otcom 9. ro\u010dn\u00edka \u013eadovej sez\u00f3ny je zatia\u013e tajomstvom, ale ur\u010dite si nenechajte ujs\u0165 skvel\u00fd program a vo\u013en\u00e9 kor\u010du\u013eovanie po\u010das cel\u00e9ho d\u0148a.<\/p>\n<p><strong>Kedy a kde:<\/strong> 8. 12., River Park o 10:30 do 21:00<\/p>\n<p><a href=\"https:\/\/www.facebook.com\/events\/2605177479711078\/\" target=\"_blank\" rel=\"noopener\">FB event<\/a><\/p>\n<h3><strong>De\u0148 sv. Mikul\u00e1\u0161a v bratislavskej ZOO &#8211; 8. 12.\u00a0<\/strong><\/h3>\n<p>V nede\u013eu 8. decembra 2019 m\u00f4\u017eete osl\u00e1vi\u0165 de\u0148 sv. Mikul\u00e1\u0161a v ZOO. V tento de\u0148 maj\u00fa v\u0161etky deti vo veku do 15 rokov vstup do ZOO zadarmo. Program za\u010d\u00edna viano\u010dn\u00fdm komentovan\u00fdm sprev\u00e1dzan\u00edm vybran\u00fdch druhov zvierat. Pre deti\u010dky s\u00fa pripraven\u00e9 kreat\u00edvne dielni\u010dky, na ktor\u00fdch si m\u00f4\u017eu vyrobi\u0165 viano\u010dn\u00e9 ozdoby a ozdobi\u0165 nimi n\u00e1\u0161 viano\u010dn\u00fd strom\u010dek. \u0160ikovn\u00e9 zamestnankyne deti nau\u010dia, \u010do je vhodn\u00e9 ako potrava pre vt\u00e1\u010diky a aj si tak\u00fato potravu bud\u00fa m\u00f4c\u0165 vyrobi\u0165.<\/p>\n<p>Deti\u010dky sa m\u00f4\u017eu te\u0161i\u0165 na pr\u00edchod Mikul\u00e1\u0161a, ktor\u00fd bude ma\u0165 pre nich pripraven\u00e9 mal\u00e9 dar\u010deky. Kto by r\u00e1d pomohol a daroval nie\u010do aj na\u0161im zvieratk\u00e1m, m\u00f4\u017ee prinies\u0165 ovocie alebo zeleninku, ktorej sa obyvatelia ZOO ur\u010dite pote\u0161ia. Ak bude zima, deti\u010dky sa m\u00f4\u017eu zohria\u0165 \u010dajom zadarmo, rodi\u010dia bud\u00fa ma\u0165 mo\u017enos\u0165 zak\u00fapi\u0165 si varen\u00e9 v\u00edno alebo in\u00e9 jedlo z bufetu r\u00fdchleho ob\u010derstvenia. Program ukon\u010d\u00ed sl\u00e1vnostn\u00e9 rozsvietenie viano\u010dn\u00e9ho strom\u010deka, ktor\u00fd bude zdobi\u0165 ZOO a\u017e do skon\u010denia viano\u010dn\u00fdch sviatkov.<\/p>\n<p><a class=\"cta-button\" href=\"https:\/\/zoobratislava.etickets.sk\/?fbclid=IwAR1-H5rdfSb26RCWrs2v_uZEXOulHCRbIaySfVpg3wFVJqsGqu-68Hyo_ZI\" target=\"_blank\" rel=\"noopener\">Vstupenky<\/a><\/p>\n<p><strong>Kedy a kde:<\/strong> 8. 12., ZOO Bratislava od 12:30 do 15:30<\/p>\n<p><a href=\"https:\/\/www.facebook.com\/events\/621463308391892\/\" target=\"_blank\" rel=\"noopener\">FB event<\/a><\/p>\n<h3><strong>Mikul\u00e1\u0161sky workshop pre deti v gal\u00e9rii Nedbalka &#8211; 7. 12.\u00a0<\/strong><\/h3>\n<p>Deti si bud\u00fa m\u00f4c\u0165 v gal\u00e9rii Nedbalka vyrobi\u0165 trojrozmern\u00e9 papierov\u00e9 objekty \u2013 hmyz zo skuto\u010dn\u00e9ho i fantastick\u00e9ho sveta, mot\u00fdle a chrob\u00e1ky, ktor\u00e9 e\u0161te len \u010dakaj\u00fa na objavenie. Workshop je in\u0161pirovan\u00fd detskou encyklop\u00e9diou H\u00e1vedn\u00edk od ilustr\u00e1torky Daniely Olejn\u00edkovej. Prihl\u00e1si\u0165 sa m\u00f4\u017eete <a href=\"https:\/\/www.nedbalka.sk\/product\/workshop-pre-deti-papierova-haved\/\" target=\"_blank\" rel=\"noopener\">TU<\/a>.<\/p>\n<p><strong>Kedy a kde:<\/strong> 7. 12., Gal\u00e9ria Nedbalka o 14:00<\/p>\n<h3>Mikul\u00e1\u0161 v D\u00fabravke &#8211; 6. 12.<\/h3>\n<p>Roz\u017eiaren\u00e9 detsk\u00e9 o\u010di pln\u00e9 o\u010dak\u00e1van\u00ed, z\u00e1bavu a ve\u013ea radosti, to v\u0161etko uvid\u00edte v D\u00fabravke. Pr\u00edde toti\u017e Mikul\u00e1\u0161! Mikul\u00e1\u0161sky program s Barborou Chlebcovou, ktor\u00e1 priv\u00edta vesel\u00fa Funny a jej zvierac\u00edch kamar\u00e1tov, opi\u010dku Gu-Gu a zajka Jo-Ja, ktor\u00ed si spolu s de\u0165mi nielen zatancuj\u00fa, zaspievaj\u00fa, ale hlavne priv\u00edtaj\u00fa Mikul\u00e1\u0161a.<\/p>\n<p><strong>Kedy a kde:<\/strong> 6. 12., pred DK D\u00fabravka od 16:00<\/p>\n<p><a href=\"https:\/\/www.facebook.com\/events\/429359621332824\/\" target=\"_blank\" rel=\"noopener\">FB event<\/a><\/p>\n<h3><strong>Mikul\u00e1\u0161 pri Blument\u00e1li &#8211; 6. 12. 2019<\/strong><\/h3>\n<p>V r\u00e1mci debutov\u00fdch viano\u010dn\u00fdch trhov na n\u00e1mest\u00ed Mateja Korv\u00edna poz\u00fdvame v\u0161etky deti na mil\u00e9 Mikul\u00e1\u0161ske divadeln\u00e9 predstavenie, ktor\u00e9 sa za\u010dne o 16:00.<\/p>\n<p>Viac inform\u00e1ci\u00ed o viano\u010dn\u00fdch trhoch a podujatiach na n\u00e1mest\u00ed n\u00e1jdete <a href=\"https:\/\/www.facebook.com\/events\/544562493029341\/\" target=\"_blank\" rel=\"noopener\">TU<\/a>.<br \/>\nViano\u010dn\u00e9 trhy bud\u00fa pre v\u00e1s pripraven\u00e9 ka\u017ed\u00fa stredu, \u0161tvrtok a piatok v adventnom obdob\u00ed.<\/p>\n<p><strong>Kedy a kde:<\/strong> 6. 12. 2019, N\u00e1mestie Mateja Korv\u00edna o 16:00<\/p>\n<p><a href=\"https:\/\/www.facebook.com\/events\/1117112695164912\/\" target=\"_blank\" rel=\"noopener\">FB event<\/a><\/p>\n<h3 id=\"seo_h1_tag\" class=\"_5gmx\" data-testid=\"event-permalink-event-name\">Mikul\u00e1\u0161ska lamp\u00e1\u0161ov\u00e1 prehliadka Pezinka &#8211; 6. 12.<\/h3>\n<p>Spoznajte Pezinok s lamp\u00e1\u0161mi a viano\u010dn\u00fdm pun\u010dom.<\/p>\n<p>Viete \u010do znamen\u00e1 p\u00f4vodn\u00fd n\u00e1zov Pezinka Bozen? Ktor\u00fd kostol je najstar\u0161\u00ed, kde bola \u017eidovsk\u00e1 synag\u00f3ga, \u010di kam sa podel potok, ktor\u00fd pretekal stredom mesta? Spolo\u010dne si posvietime na pamiatky, pr\u00edbehy a \u013eud\u00ed tohto \u00fa\u017easn\u00e9ho mesta, vzdialen\u00e9ho len 20 km od Bratislavy! Dozviete sa kedy sa za\u010dalo \u0165a\u017ei\u0165 v Pezinku zlato, odkia\u013e sa vzalo pomenovanie Tureck\u00fd dom, ak\u00fd n\u00e1pis zdob\u00ed historick\u00fa radnicu, kto dal postavi\u0165 Mari\u00e1nsky st\u013ap na n\u00e1mest\u00ed alebo aj to, pre\u010do si mest\u00e1 delili katov. Prehliadku zakon\u010d\u00edme na viano\u010dnom trhu \u0160im\u00e1k Z\u00e1mok Pezinok.<\/p>\n<p><a class=\"cta-button\" href=\"https:\/\/bit.ly\/2QgBn3L\" target=\"_blank\" rel=\"noopener\">Vstupenky<\/a><\/p>\n<p><strong>Kedy a kde:<\/strong> 6. 12.,\u00a0o 18:00 pri morovom st\u013ape, Radni\u010dn\u00e9 n\u00e1mestie, Pezinok<\/p>\n<p><a href=\"https:\/\/www.facebook.com\/events\/803042480150229\/\" target=\"_blank\" rel=\"noopener\">FB event<\/a><\/p>\n<h3><strong>Mikul\u00e1\u0161 v Ru\u017einove &#8211; od 5. 12. do 7. 12.<\/strong><\/h3>\n<p>K viano\u010dnej atmosf\u00e9re na za\u010diatku decembra u\u017e neodmyslite\u013ene patr\u00ed pr\u00edchod Mikul\u00e1\u0161a. Aj tento rok nav\u0161t\u00edvi so svojimi pomocn\u00edkmi viacero \u0161tvrt\u00ed v Ru\u017einove, aby urobil rados\u0165 a pote\u0161il nielen deti. Jeho n\u00e1v\u0161teva je v\u017edy sp\u00e1jan\u00e1 so zauj\u00edmav\u00fdm programom, ktor\u00fd si ur\u010dite nenechajte ujs\u0165.<\/p>\n<ul>\n<li>Mikul\u00e1\u0161 vo Viano\u010dnom Ru\u017einove<br \/>\n<strong>5. 12.o 17:00 pred DK Ru\u017einov na klzisku<\/strong><br \/>\nTento rok nezav\u00edta Mikul\u00e1\u0161 ako u\u017e tradi\u010dne do Parku A. Hlinku ale na klzisko pred Domom kult\u00fary v Ru\u017einove, Ru\u017einovsk\u00e1 28. Deti sa m\u00f4\u017eu te\u0161i\u0165 na popoludnie pln\u00e9 \u0161portov\u00fdch discipl\u00edn spojen\u00e9 s prezent\u00e1ciou Majstrovstiev sveta v \u013eadovom hokeji \u017eien do 18 rokov. Po\u010das podujatia sa na klzisku objav\u00ed Mikul\u00e1\u0161 s jeho pomocn\u00edkom \u010dertom a prekvap\u00ed v\u0161etky deti u\u017e 5. decembra o 17:00 hod. Ka\u017ed\u00e9 die\u0165a dostane sladk\u00fa odmenu.<\/li>\n<li>Mikul\u00e1\u0161ske tvoriv\u00e9 dielne<br \/>\n<strong>6.12. o 17:00, SD Prievoz<\/strong><br \/>\nU\u017e ob\u013e\u00faben\u00e9 Prievozsk\u00e9 tvoriv\u00e9 dielne bud\u00fa doplnen\u00e9 o pr\u00edchod Mikul\u00e1\u0161a. Rodiny s de\u0165mi sa m\u00f4\u017eu te\u0161i\u0165 na pr\u00edchod Mikul\u00e1\u0161a a sladk\u00e9 prekvapenie a to 6. decembra o 17:00 v SD Prievoz, Ka\u0161tie\u013eska 30.<\/li>\n<li>Mikul\u00e1\u0161 a detsk\u00e9 viano\u010dn\u00e9 kino<br \/>\n<strong>7.12. o 10:00, SD Nivy, <a href=\"https:\/\/www.facebook.com\/fknostalgia\/\" target=\"_blank\" rel=\"noopener\">Kino Nostalgia<\/a><\/strong><br \/>\nPre rodiny s de\u0165mi je o 10:00\u00a0 v SD Nivy na S\u00fa\u0165a\u017enej 18 pripraven\u00e9 viano\u010dn\u00e9 premietanie animovan\u00e9ho filmu Mimi a L\u00edza: Z\u00e1hada viano\u010dn\u00e9ho svetla. Po premietan\u00ed pr\u00edde Mikul\u00e1\u0161 a rozd\u00e1 v\u0161etk\u00fdm de\u0165om sladkos\u0165. Prihl\u00e1si\u0165 sa m\u00f4\u017eete na peter.presinsky@cultusruzinov.sk. Kapacita je obmedzen\u00e1.<\/li>\n<\/ul>\n<p>Vstupn\u00e9 je zadarmo.<\/p>\n<p><a href=\"https:\/\/www.facebook.com\/events\/2530268087090048\/?event_time_id=2530268107090046\" target=\"_blank\" rel=\"noopener\">FB event<\/a><\/p>\n<p>&nbsp;<\/p>\n<p>&nbsp;<\/p>\n","protected":false},"excerpt":{"rendered":"<p>Pripravili sme pre v\u00e1s preh\u013ead t\u00fdch najzauj\u00edmavej\u0161\u00edch mikul\u00e1\u0161skych podujat\u00ed v Bratislave na rok 2019, kam m\u00f4\u017eete zav\u00edta\u0165 so svojimi ratoles\u0165ami a\u00a0pote\u0161i\u0165 ich skvel\u00fdm programom \u010di prekvapeniami.<\/p>\n","protected":false},"author":25,"featured_media":71992,"parent":0,"menu_order":0,"comment_status":"closed","ping_status":"closed","template":"","meta":[],"acf":[],"_links":{"self":[{"href":"https:\/\/www.visitbratislava.com\/sk\/wp-json\/wp\/v2\/pages\/71990"}],"collection":[{"href":"https:\/\/www.visitbratislava.com\/sk\/wp-json\/wp\/v2\/pages"}],"about":[{"href":"https:\/\/www.visitbratislava.com\/sk\/wp-json\/wp\/v2\/types\/page"}],"author":[{"embeddable":true,"href":"https:\/\/www.visitbratislava.com\/sk\/wp-json\/wp\/v2\/users\/25"}],"replies":[{"embeddable":true,"href":"https:\/\/www.visitbratislava.com\/sk\/wp-json\/wp\/v2\/comments?post=71990"}],"version-history":[{"count":1,"href":"https:\/\/www.visitbratislava.com\/sk\/wp-json\/wp\/v2\/pages\/71990\/revisions"}],"predecessor-version":[{"id":303129,"href":"https:\/\/www.visitbratislava.com\/sk\/wp-json\/wp\/v2\/pages\/71990\/revisions\/303129"}],"wp:featuredmedia":[{"embeddable":true,"href":"https:\/\/www.visitbratislava.com\/sk\/wp-json\/wp\/v2\/media\/71992"}],"wp:attachment":[{"href":"https:\/\/www.visitbratislava.com\/sk\/wp-json\/wp\/v2\/media?parent=71990"}],"curies":[{"name":"wp","href":"https:\/\/api.w.org\/{rel}","templated":true}]}}