{"id":73555,"date":"2020-01-20T10:06:00","date_gmt":"2020-01-20T09:06:00","guid":{"rendered":"https:\/\/www.visitbratislava.com\/?page_id=73555\/"},"modified":"2024-06-11T11:35:31","modified_gmt":"2024-06-11T09:35:31","slug":"sakralna-bratislava","status":"publish","type":"page","link":"https:\/\/www.visitbratislava.com\/sk\/tipy-na-vylet\/sakralna-bratislava\/","title":{"rendered":"Korunova\u010dn\u00fd chr\u00e1m, ale aj kostoly bez ve\u017e\u00ed"},"content":{"rendered":"<p><span style=\"font-weight: 400;\">Ak sa chcete dozvedie\u0165 viac, prehliadka <a href=\"https:\/\/www.visitbratislava.com\/sk\/sluzby\/autenticke-prehliadky\/\" target=\"_blank\" rel=\"noopener\">Sakr\u00e1lna Bratislava<\/a> bude pre v\u00e1s t\u00e1 prav\u00e1. Po\u010das dvoch hod\u00edn v\u00e1m sprievodca do h\u013abky pribl\u00ed\u017ei hist\u00f3riu bratislavsk\u00fdch kostolov a kl\u00e1\u0161torov, ako aj ich s\u00fa\u010dasn\u00e9 vyu\u017eitie.<\/span><\/p>\n<p><img loading=\"lazy\" width=\"800\" height=\"534\" class=\"alignnone size-large wp-image-138609\" src=\"https:\/\/www.visitbratislava.com\/wp-content\/uploads\/2021\/06\/07-Modry-kostolik-800x534.jpg\" alt=\"\" srcset=\"https:\/\/www.visitbratislava.com\/wp-content\/uploads\/2021\/06\/07-Modry-kostolik-800x534.jpg 800w, https:\/\/www.visitbratislava.com\/wp-content\/uploads\/2021\/06\/07-Modry-kostolik-400x267.jpg 400w, https:\/\/www.visitbratislava.com\/wp-content\/uploads\/2021\/06\/07-Modry-kostolik-768x512.jpg 768w, https:\/\/www.visitbratislava.com\/wp-content\/uploads\/2021\/06\/07-Modry-kostolik-1536x1024.jpg 1536w, https:\/\/www.visitbratislava.com\/wp-content\/uploads\/2021\/06\/07-Modry-kostolik-2048x1366.jpg 2048w, https:\/\/www.visitbratislava.com\/wp-content\/uploads\/2021\/06\/07-Modry-kostolik-200x133.jpg 200w\" sizes=\"(max-width: 800px) 100vw, 800px\" \/><\/p>\n<h3><strong>Chr\u00e1m, v ktorom korunovali uhorsk\u00fdch panovn\u00edkov<\/strong><\/h3>\n<p><span style=\"font-weight: 400;\">Najv\u00e4\u010d\u0161\u00edm a najv\u00fdznamnej\u0161\u00edm, ale nie najstar\u0161\u00edm chr\u00e1mom v Bratislave je <a href=\"https:\/\/www.visitbratislava.com\/sk\/miesta\/katedrala-sv-martina\/\" target=\"_blank\" rel=\"noopener\">D\u00f3m sv. Martina<\/a>. Kostol rovnak\u00e9ho mena p\u00f4vodne st\u00e1l v are\u00e1li Bratislavsk\u00e9ho hradu, kde malo s\u00eddlo prepo\u0161tstvo a kapitula.\u00a0\u00a0<\/span><\/p>\n<blockquote><p><span style=\"font-weight: 400;\">\u00a0<\/span><span style=\"font-weight: 400;\">\u201eAj ke\u010f sa D\u00f3m sv. Martina pres\u0165ahoval z hradn\u00e9ho vrchu u\u017e v roku 1221, gotick\u00fd kostol, ktor\u00fd tu stoj\u00ed dnes, bol postaven\u00fd a\u017e po franti\u0161k\u00e1nskom kostole,\u201c hovor\u00ed sprievodky\u0148a Zuzana God\u00e1rov\u00e1. Po desa\u0165ro\u010diach stavebn\u00fdch pr\u00e1c bola centr\u00e1lna lo\u010f vysv\u00e4ten\u00e1 v roku 1452.<\/span><\/p><\/blockquote>\n<p><span style=\"font-weight: 400;\">Po\u010das 18. storo\u010dia boli do cel\u00e9ho interi\u00e9ru kostola pridan\u00e9 barokov\u00e9 prvky. Tie boli v 19. storo\u010d\u00ed v r\u00e1mci regotiz\u00e1cie odstr\u00e1nen\u00e9. Barokov\u00e1 kaplnka sv. Almu\u017en\u00edka od rak\u00faskeho soch\u00e1ra Juraja Rafaela Donnera v\u0161ak ostala zachovan\u00e1.<\/span><\/p>\n<p><img loading=\"lazy\" width=\"800\" height=\"524\" class=\"alignnone size-large wp-image-43112\" src=\"https:\/\/www.visitbratislava.com\/wp-content\/uploads\/2018\/05\/hrad-vyhlad-panorama-dom-sv-martina-800x524.jpg\" alt=\"\" srcset=\"https:\/\/www.visitbratislava.com\/wp-content\/uploads\/2018\/05\/hrad-vyhlad-panorama-dom-sv-martina-800x524.jpg 800w, https:\/\/www.visitbratislava.com\/wp-content\/uploads\/2018\/05\/hrad-vyhlad-panorama-dom-sv-martina-400x262.jpg 400w, https:\/\/www.visitbratislava.com\/wp-content\/uploads\/2018\/05\/hrad-vyhlad-panorama-dom-sv-martina-768x503.jpg 768w, https:\/\/www.visitbratislava.com\/wp-content\/uploads\/2018\/05\/hrad-vyhlad-panorama-dom-sv-martina-200x131.jpg 200w\" sizes=\"(max-width: 800px) 100vw, 800px\" \/><\/p>\n<p><img loading=\"lazy\" width=\"800\" height=\"533\" class=\"alignnone size-large wp-image-73615\" src=\"https:\/\/www.visitbratislava.com\/wp-content\/uploads\/2020\/01\/kostol-800x533.jpg\" alt=\"\" srcset=\"https:\/\/www.visitbratislava.com\/wp-content\/uploads\/2020\/01\/kostol-800x533.jpg 800w, https:\/\/www.visitbratislava.com\/wp-content\/uploads\/2020\/01\/kostol-400x267.jpg 400w, https:\/\/www.visitbratislava.com\/wp-content\/uploads\/2020\/01\/kostol-768x512.jpg 768w, https:\/\/www.visitbratislava.com\/wp-content\/uploads\/2020\/01\/kostol-200x133.jpg 200w\" sizes=\"(max-width: 800px) 100vw, 800px\" \/><\/p>\n<p><span style=\"font-weight: 400;\">Najsl\u00e1vnej\u0161\u00edm obdob\u00edm v dejin\u00e1ch <a href=\"https:\/\/www.visitbratislava.com\/sk\/miesta\/katedrala-sv-martina\/\" target=\"_blank\" rel=\"noopener\">D\u00f3mu sv. Martina<\/a> boli jednozna\u010dne korunov\u00e1cie. Najzn\u00e1mej\u0161\u00edm panovn\u00edkom korunovan\u00fdm v tomto chr\u00e1me bola M\u00e1ria Ter\u00e9zia. Tieto sl\u00e1vne okamihy si mesto ka\u017edoro\u010dne pripom\u00edna koncom j\u00fana.<\/span><\/p>\n<p><span style=\"font-weight: 400;\">Kostol zvestovania P\u00e1na na Franti\u0161k\u00e1nskom n\u00e1mest\u00ed, zn\u00e1my ako franti\u0161k\u00e1nsky, poch\u00e1dza u\u017e z druhej polovice 13. storo\u010dia a bol postaven\u00fd v gotickom \u0161t\u00fdle. Po\u010das zemetrasenia, ktor\u00e9 Pre\u0161porok, dne\u0161n\u00fa Bratislavu, postihlo v roku 1590, v\u0161ak o svoju gotick\u00fa klenbu pri\u0161iel. Zachovalo sa iba presbyt\u00e9rium a bo\u010dn\u00e9 steny lode. Zr\u00faten\u00fa klenbu v 17. storo\u010d\u00ed nahradila renesan\u010dn\u00e1 klenba.<\/span><\/p>\n<h3><strong>Najkraj\u0161\u00ed barokov\u00fd kostol<\/strong><\/h3>\n<p><span style=\"font-weight: 400;\">V Bratislave sa nach\u00e1dza viacero barokov\u00fdch kostolov, av\u0161ak t\u00fdm najkraj\u0161\u00edm je <a href=\"https:\/\/www.visitbratislava.com\/sk\/miesta\/kostol-trinitarov\/\" target=\"_blank\" rel=\"noopener\">Farsk\u00fd kostol sv. J\u00e1na z Mathy<\/a> na \u017dupnom n\u00e1mest\u00ed, zn\u00e1my ako trinit\u00e1rsky \u010di Troji\u010dka. Bol postaven\u00fd v prvej polovici 18. storo\u010dia v duchu vrcholn\u00e9ho baroka a ako vzor mu sl\u00fa\u017eil Kostol sv. Petra vo Viedni. Ov\u00e1lna lo\u010f kostola je zaklenut\u00e1 kupolou, ktor\u00e1 je vyzdoben\u00e1 unik\u00e1tnymi iluz\u00edvnymi freskami od talianskeho umelca Antonia Galli Bibienu. Vytv\u00e1raj\u00fa pocit v\u00e4\u010d\u0161ej v\u00fd\u0161ky, ne\u017e v skuto\u010dnosti kupola m\u00e1.<\/span><\/p>\n<p><img loading=\"lazy\" width=\"800\" height=\"640\" class=\"alignnone size-large wp-image-286019\" src=\"https:\/\/www.visitbratislava.com\/wp-content\/uploads\/2024\/03\/Sopinec_leto_2023_Stare_mesto_trinitari_kostol_nevyhradna_licencia_casovo_neobmedzena-5-800x640.jpg\" alt=\"\" srcset=\"https:\/\/www.visitbratislava.com\/wp-content\/uploads\/2024\/03\/Sopinec_leto_2023_Stare_mesto_trinitari_kostol_nevyhradna_licencia_casovo_neobmedzena-5-800x640.jpg 800w, https:\/\/www.visitbratislava.com\/wp-content\/uploads\/2024\/03\/Sopinec_leto_2023_Stare_mesto_trinitari_kostol_nevyhradna_licencia_casovo_neobmedzena-5-400x320.jpg 400w, https:\/\/www.visitbratislava.com\/wp-content\/uploads\/2024\/03\/Sopinec_leto_2023_Stare_mesto_trinitari_kostol_nevyhradna_licencia_casovo_neobmedzena-5-768x614.jpg 768w, https:\/\/www.visitbratislava.com\/wp-content\/uploads\/2024\/03\/Sopinec_leto_2023_Stare_mesto_trinitari_kostol_nevyhradna_licencia_casovo_neobmedzena-5-1536x1229.jpg 1536w, https:\/\/www.visitbratislava.com\/wp-content\/uploads\/2024\/03\/Sopinec_leto_2023_Stare_mesto_trinitari_kostol_nevyhradna_licencia_casovo_neobmedzena-5-2048x1638.jpg 2048w, https:\/\/www.visitbratislava.com\/wp-content\/uploads\/2024\/03\/Sopinec_leto_2023_Stare_mesto_trinitari_kostol_nevyhradna_licencia_casovo_neobmedzena-5-200x160.jpg 200w\" sizes=\"(max-width: 800px) 100vw, 800px\" \/><\/p>\n<blockquote><p><span style=\"font-weight: 400;\">V historickom centre mesta zaujme tie\u017e neskoro renesan\u010dn\u00fd, nesk\u00f4r barokovo upraven\u00fd Kostol Najsv\u00e4tej\u0161ieho Spasite\u013ea zn\u00e1my ako jezuitsk\u00fd. Bol postaven\u00fd ako protestantsk\u00e1 modliteb\u0148a v prvej polovici 17. storo\u010dia, a preto nem\u00e1 ve\u017eu. V roku 1672, po potla\u010den\u00ed protestantsk\u00e9ho sprisahania, ho v\u0161ak evanjelikom od\u0148ali a odovzdali jezuitom. T\u00ed chr\u00e1m vn\u00fatri prestavali. V\u00fdsledkom je striedmy vonkaj\u0161\u00ed vzh\u013ead kostola, ktor\u00fd je v ostrom protiklade s jeho bohat\u00fdm interi\u00e9rom. O jeho rokokovej kazate\u013enici sa hovor\u00ed, \u017ee je najkraj\u0161ia v celom meste.<\/span><\/p><\/blockquote>\n<h3><strong>Modr\u00fd kostol\u00edk a kostol bez ve\u017ee<\/strong><\/h3>\n<p><span style=\"font-weight: 400;\">Secesn\u00fd <a href=\"https:\/\/www.visitbratislava.com\/sk\/miesta\/modry-kostol\/\" target=\"_blank\" rel=\"noopener\">Farsk\u00fd kostol sv. Al\u017ebety<\/a> z roku 1888 na Bezru\u010dovej ulici zn\u00e1my ako Modr\u00fd kostol\u00edk je jednou z najnav\u0161tevovanej\u0161\u00edch turistick\u00fdch atrakci\u00ed v meste. Jeho p\u00f4vodn\u00e1 farba v\u0161ak bola siv\u00e1 so \u017elt\u00fdmi reli\u00e9fmi na sten\u00e1ch. Modr\u00e9 boli len keramick\u00e9 \u0161indle a ozdoby na sten\u00e1ch. A\u017e nesk\u00f4r bol cel\u00fd kostol\u00edk prema\u013eovan\u00fd namodro.<\/span><\/p>\n<p><img loading=\"lazy\" width=\"800\" height=\"534\" class=\"alignnone size-large wp-image-73577\" src=\"https:\/\/www.visitbratislava.com\/wp-content\/uploads\/2020\/01\/ModryKostolik1-800x534.jpg\" alt=\"\" srcset=\"https:\/\/www.visitbratislava.com\/wp-content\/uploads\/2020\/01\/ModryKostolik1-800x534.jpg 800w, https:\/\/www.visitbratislava.com\/wp-content\/uploads\/2020\/01\/ModryKostolik1-400x267.jpg 400w, https:\/\/www.visitbratislava.com\/wp-content\/uploads\/2020\/01\/ModryKostolik1-768x513.jpg 768w, https:\/\/www.visitbratislava.com\/wp-content\/uploads\/2020\/01\/ModryKostolik1-200x133.jpg 200w\" sizes=\"(max-width: 800px) 100vw, 800px\" \/><\/p>\n<h3><strong>Bratislavsk\u00e1 kalv\u00e1ria a Lurdy<\/strong><\/h3>\n<p><span style=\"font-weight: 400;\">Zmenami pre\u0161iel aj modern\u00fd Kostol Panny M\u00e1rie Sne\u017enej z roku 1948, av\u0161ak v\u00fdrazne drastickej\u0161\u00edmi. Komunistick\u00fdm mocip\u00e1nom nebolo po chuti, \u017ee sa nad mestom na jeho \u0161tvorhrannej 50 m vysokej ve\u017ei vyp\u00edna ne\u00f3nov\u00fd kr\u00ed\u017e a \u0161\u00edri tak posolstvo viery a n\u00e1deje. Najprv prik\u00e1zali vypn\u00fa\u0165 jeho osvetlenie a nesk\u00f4r dali ve\u017eu zb\u00fara\u0165, aby jedinou dominantou mesta bol pam\u00e4tn\u00edk sovietskych vojakov Slav\u00edn.<\/span><\/p>\n<p><span style=\"font-weight: 400;\">Samotn\u00fd chr\u00e1m stoj\u00ed na bratislavskej Kalv\u00e1rii, ktorej s\u00fa\u010das\u0165ou je vern\u00e1 napodobenina Lurdskej jaskyne.<\/span><\/p>\n<blockquote><p><span style=\"font-weight: 400;\">\u201eToto jedine\u010dn\u00e9 p\u00fatnick\u00e9 miesto dala v b\u00fdvalom kame\u0148olome zriadi\u0165 gr\u00f3fka Gabriela Sz\u00e1p\u00e1ryov\u00e1 po vlastnom hlbokom z\u00e1\u017eitku po\u010das p\u00fate do franc\u00fazskych L\u00fard koncom 19. storo\u010dia,\u201c hovor\u00ed Veronika Koles\u00e1rov\u00e1, ktor\u00e1 sem chodieva na\u010derpa\u0165 nov\u00e9 sily, \u010di len tak v tichu porozm\u00fd\u0161\u013ea\u0165.<\/span><\/p><\/blockquote>\n<p><img loading=\"lazy\" width=\"800\" height=\"533\" class=\"alignnone size-large wp-image-73569\" src=\"https:\/\/www.visitbratislava.com\/wp-content\/uploads\/2020\/01\/Kostol_Panny_M\u00e1rie_Sne\u017enej-800x533.jpg\" alt=\"\" srcset=\"https:\/\/www.visitbratislava.com\/wp-content\/uploads\/2020\/01\/Kostol_Panny_M\u00e1rie_Sne\u017enej-800x533.jpg 800w, https:\/\/www.visitbratislava.com\/wp-content\/uploads\/2020\/01\/Kostol_Panny_M\u00e1rie_Sne\u017enej-400x267.jpg 400w, https:\/\/www.visitbratislava.com\/wp-content\/uploads\/2020\/01\/Kostol_Panny_M\u00e1rie_Sne\u017enej-768x512.jpg 768w, https:\/\/www.visitbratislava.com\/wp-content\/uploads\/2020\/01\/Kostol_Panny_M\u00e1rie_Sne\u017enej-200x133.jpg 200w\" sizes=\"(max-width: 800px) 100vw, 800px\" \/><\/p>\n<h3><strong>Funkcionalistick\u00fd chr\u00e1m<\/strong><\/h3>\n<p>Postaven\u00fd v 30. rokoch, kostol pod\u013ea n\u00e1vrhov architekta Michala Milana Harminca, tento kostol je s\u00fa\u010das\u0165ou komplexu fary a intern\u00e1tu pre potreby evanjelickej cirkvi. V s\u00fa\u010dasnosti je n\u00e1rodnou kult\u00farnou pamiatkou.<\/p>\n<p><em><span style=\"font-size: 8pt;\"><img loading=\"lazy\" class=\"aligncenter wp-image-286693 size-full\" src=\"https:\/\/www.visitbratislava.com\/wp-content\/uploads\/2024\/03\/3_Novy-evanjelicky-kostol-na-Legionarskej-ul.-v-Bratislave-1.jpg\" alt=\"\" width=\"1024\" height=\"768\" srcset=\"https:\/\/www.visitbratislava.com\/wp-content\/uploads\/2024\/03\/3_Novy-evanjelicky-kostol-na-Legionarskej-ul.-v-Bratislave-1.jpg 1024w, https:\/\/www.visitbratislava.com\/wp-content\/uploads\/2024\/03\/3_Novy-evanjelicky-kostol-na-Legionarskej-ul.-v-Bratislave-1-400x300.jpg 400w, https:\/\/www.visitbratislava.com\/wp-content\/uploads\/2024\/03\/3_Novy-evanjelicky-kostol-na-Legionarskej-ul.-v-Bratislave-1-800x600.jpg 800w, https:\/\/www.visitbratislava.com\/wp-content\/uploads\/2024\/03\/3_Novy-evanjelicky-kostol-na-Legionarskej-ul.-v-Bratislave-1-768x576.jpg 768w, https:\/\/www.visitbratislava.com\/wp-content\/uploads\/2024\/03\/3_Novy-evanjelicky-kostol-na-Legionarskej-ul.-v-Bratislave-1-200x150.jpg 200w, https:\/\/www.visitbratislava.com\/wp-content\/uploads\/2024\/03\/3_Novy-evanjelicky-kostol-na-Legionarskej-ul.-v-Bratislave-1-600x450.jpg 600w\" sizes=\"(max-width: 1024px) 100vw, 1024px\" \/>Foto: ECAV<\/span><\/em><\/p>\n<p><iframe src=\"https:\/\/www.google.com\/maps\/d\/embed?mid=1BJunw5qlkxnQHxYco12hTi28Mt6Ht4l2&amp;hl=en\" width=\"800\" height=\"500\"><span data-mce-type=\"bookmark\" style=\"display: inline-block; width: 0px; overflow: hidden; line-height: 0;\" class=\"mce_SELRES_start\">\ufeff<\/span><span data-mce-type=\"bookmark\" style=\"display: inline-block; width: 0px; overflow: hidden; line-height: 0;\" class=\"mce_SELRES_start\">\ufeff<\/span><\/iframe><\/p>\n","protected":false},"excerpt":{"rendered":"<p>Viete, kedy romantick\u00fd Modr\u00fd kostol\u00edk dostal svoju typick\u00fa farbu, \u010di pre\u010do kostol na Kalv\u00e1rii pri\u0161iel o svoju ve\u017eu? Vydajte sa na prehliadku mesta a spoznajte r\u00f4znorodos\u0165 bratislavsk\u00fdch kostolov.<\/p>\n","protected":false},"author":25,"featured_media":73599,"parent":50103,"menu_order":0,"comment_status":"closed","ping_status":"closed","template":"","meta":[],"acf":[],"_links":{"self":[{"href":"https:\/\/www.visitbratislava.com\/sk\/wp-json\/wp\/v2\/pages\/73555"}],"collection":[{"href":"https:\/\/www.visitbratislava.com\/sk\/wp-json\/wp\/v2\/pages"}],"about":[{"href":"https:\/\/www.visitbratislava.com\/sk\/wp-json\/wp\/v2\/types\/page"}],"author":[{"embeddable":true,"href":"https:\/\/www.visitbratislava.com\/sk\/wp-json\/wp\/v2\/users\/25"}],"replies":[{"embeddable":true,"href":"https:\/\/www.visitbratislava.com\/sk\/wp-json\/wp\/v2\/comments?post=73555"}],"version-history":[{"count":8,"href":"https:\/\/www.visitbratislava.com\/sk\/wp-json\/wp\/v2\/pages\/73555\/revisions"}],"predecessor-version":[{"id":286699,"href":"https:\/\/www.visitbratislava.com\/sk\/wp-json\/wp\/v2\/pages\/73555\/revisions\/286699"}],"up":[{"embeddable":true,"href":"https:\/\/www.visitbratislava.com\/sk\/wp-json\/wp\/v2\/pages\/50103"}],"wp:featuredmedia":[{"embeddable":true,"href":"https:\/\/www.visitbratislava.com\/sk\/wp-json\/wp\/v2\/media\/73599"}],"wp:attachment":[{"href":"https:\/\/www.visitbratislava.com\/sk\/wp-json\/wp\/v2\/media?parent=73555"}],"curies":[{"name":"wp","href":"https:\/\/api.w.org\/{rel}","templated":true}]}}