{"id":73867,"date":"2020-01-23T13:50:29","date_gmt":"2020-01-23T12:50:29","guid":{"rendered":"https:\/\/www.visitbratislava.com\/?page_id=73867\/"},"modified":"2024-03-14T14:25:51","modified_gmt":"2024-03-14T13:25:51","slug":"barokova-bratislava","status":"publish","type":"page","link":"https:\/\/www.visitbratislava.com\/sk\/tipy-na-vylet\/barokova-bratislava\/","title":{"rendered":"Do Bratislavy za barokom"},"content":{"rendered":"<p><span style=\"font-weight: 400;\">Zrekon\u0161truovan\u00e1 olejoma\u013eba s Mari\u00e1nskou tematikou m\u00e1 takmer 30 \u0161tvorcov\u00fdch metrov.<\/span><\/p>\n<blockquote><p><span style=\"font-weight: 400;\">\u201eJe to \u0161pi\u010dkov\u00e9 dielo z obdobia vrcholn\u00e9ho baroka,\u201d hovor\u00ed Ivan Jan\u010d\u00e1r, riadite\u013e <a href=\"https:\/\/www.visitbratislava.com\/sk\/miesta\/galeria-mesta-bratislavy-mirbachov-palac-palffyho-palac\/\" target=\"_blank\" rel=\"noopener\">Gal\u00e9rie mesta Bratislavy<\/a> (GMB). Obraz umiestnili do kaplnky, ke\u010f\u017ee dielo tak\u00fdchto rozmerov sa nezmestilo ani do jedn\u00e9ho z pal\u00e1cov, v ktor\u00fdch GMB vystavuje svoje zbierky. <\/span><\/p><\/blockquote>\n<p><span style=\"font-weight: 400;\">Ak ste dr\u017eitelmi turistickej karty <a href=\"http:\/\/card.visitbratislava.com\/sk\/\" target=\"_blank\" rel=\"noopener\">Bratislava CARD City &amp; Region<\/a>, m\u00e1te ich n\u00e1v\u0161tevu zadarmo. Barokov\u00e9 diela n\u00e1jdete v <a href=\"https:\/\/www.visitbratislava.com\/sk\/miesta\/galeria-mesta-bratislavy-mirbachov-palac-palffyho-palac\/\" target=\"_blank\" rel=\"noopener\">Mirbachovom pal\u00e1ci<\/a> oproti franti\u0161k\u00e1nskemu kostolu.<\/span><\/p>\n<p><img loading=\"lazy\" width=\"800\" height=\"532\" class=\"alignnone size-large wp-image-53022\" src=\"https:\/\/www.visitbratislava.com\/wp-content\/uploads\/2019\/01\/GMB-Mirbachov-800x532.jpg\" alt=\"\" \/><\/p>\n<p><img loading=\"lazy\" width=\"800\" height=\"533\" class=\"alignnone size-large wp-image-1822\" src=\"https:\/\/www.visitbratislava.com\/wp-content\/uploads\/2014\/11\/par-sprievodca-mirbachov-palac-800x533.jpg\" alt=\"\" srcset=\"https:\/\/www.visitbratislava.com\/wp-content\/uploads\/2014\/11\/par-sprievodca-mirbachov-palac-800x533.jpg 800w, https:\/\/www.visitbratislava.com\/wp-content\/uploads\/2014\/11\/par-sprievodca-mirbachov-palac-400x267.jpg 400w, https:\/\/www.visitbratislava.com\/wp-content\/uploads\/2014\/11\/par-sprievodca-mirbachov-palac-200x133.jpg 200w\" sizes=\"(max-width: 800px) 100vw, 800px\" \/><\/p>\n<h3><strong>Na hrad a aj do katedr\u00e1ly<\/strong><\/h3>\n<p><span style=\"font-weight: 400;\">Po\u010das ned\u00e1vnej rozsiahlej rekon\u0161trukcie sa <a href=\"https:\/\/www.visitbratislava.com\/sk\/miesta\/bratislavsky-hrad\/\" target=\"_blank\" rel=\"noopener\">Bratislavsk\u00e9mu hradu<\/a> vr\u00e1tila barokov\u00e1 podoba, ktor\u00fa mu vtla\u010dila kr\u00e1\u013eovn\u00e1 M\u00e1ria Ter\u00e9zia v 18. storo\u010d\u00ed. Dnes m\u00f4\u017eu n\u00e1v\u0161tevn\u00edci op\u00e4\u0165 obdivova\u0165 zlatom vyzdoben\u00e9 honosn\u00e9 schodisko a reprezenta\u010dn\u00e9 miestnosti \u010di poprech\u00e1dza\u0165 sa po obnovenej barokovej z\u00e1hrade. Dr\u017eitelia <a href=\"http:\/\/card.visitbratislava.com\/sk\/\" target=\"_blank\" rel=\"noopener\">turistickej karty<\/a> maj\u00fa n\u00e1v\u0161tevu hradu zadarmo.<\/span><\/p>\n<p><img loading=\"lazy\" width=\"800\" height=\"413\" class=\"alignnone size-large wp-image-37198\" src=\"https:\/\/www.visitbratislava.com\/wp-content\/uploads\/2017\/10\/bratislava-castle-garden-hrad-zahrada-800x413.jpg\" alt=\"\" srcset=\"https:\/\/www.visitbratislava.com\/wp-content\/uploads\/2017\/10\/bratislava-castle-garden-hrad-zahrada-800x413.jpg 800w, https:\/\/www.visitbratislava.com\/wp-content\/uploads\/2017\/10\/bratislava-castle-garden-hrad-zahrada-400x206.jpg 400w, https:\/\/www.visitbratislava.com\/wp-content\/uploads\/2017\/10\/bratislava-castle-garden-hrad-zahrada-768x396.jpg 768w, https:\/\/www.visitbratislava.com\/wp-content\/uploads\/2017\/10\/bratislava-castle-garden-hrad-zahrada-200x103.jpg 200w, https:\/\/www.visitbratislava.com\/wp-content\/uploads\/2017\/10\/bratislava-castle-garden-hrad-zahrada.jpg 2048w\" sizes=\"(max-width: 800px) 100vw, 800px\" \/><\/p>\n<p><img loading=\"lazy\" width=\"800\" height=\"541\" class=\"alignnone size-large wp-image-1840\" src=\"https:\/\/www.visitbratislava.com\/wp-content\/uploads\/2014\/11\/HRADnew-800x541.jpg\" alt=\"\" srcset=\"https:\/\/www.visitbratislava.com\/wp-content\/uploads\/2014\/11\/HRADnew-800x541.jpg 800w, https:\/\/www.visitbratislava.com\/wp-content\/uploads\/2014\/11\/HRADnew-400x271.jpg 400w, https:\/\/www.visitbratislava.com\/wp-content\/uploads\/2014\/11\/HRADnew-200x135.jpg 200w, https:\/\/www.visitbratislava.com\/wp-content\/uploads\/2014\/11\/HRADnew.jpg 1181w\" sizes=\"(max-width: 800px) 100vw, 800px\" \/><\/p>\n<p><span style=\"font-weight: 400;\">Regotiz\u00e1cii najv\u00e4\u010d\u0161ieho kostola v meste, <a href=\"https:\/\/www.visitbratislava.com\/sk\/miesta\/katedrala-sv-martina\/\" target=\"_blank\" rel=\"noopener\">D\u00f3mu sv. Martina<\/a>, unikla len barokov\u00e1 kaplnka sv. J\u00e1na Almu\u017en\u00edka pomenovan\u00e1 po sv\u00e4tcovi z Cypru, ktor\u00e9ho ostatky sa nach\u00e1dzaj\u00fa v schr\u00e1nke nad olt\u00e1rom. Autorom samotnej kaplnky, ako aj jej v\u00fdzdoby, je v\u00fdznamn\u00fd rak\u00fasky soch\u00e1r Georg Rafael Donner. Ten v Bratislave str\u00e1vil a\u017e desa\u0165 rokov svojho akt\u00edvneho \u017eivota a vytvoril tu mno\u017estvo diel. <\/span><\/p>\n<p><span style=\"font-weight: 400;\">Z v\u010faky k svojmu mec\u00e9novi a objedn\u00e1vate\u013eovi kaplnky, ostrihomsk\u00e9mu arcibiskupovi Imrichovi Esterh\u00e1zymu, soch\u00e1r zve\u010dnil jeho tv\u00e1r v tv\u00e1ri sv\u00e4tca na jazdeckom s\u00faso\u0161\u00ed Sv\u00e4t\u00fd Martin so \u017eobr\u00e1kom. Svoju vlastn\u00fa tv\u00e1r dal \u017eobr\u00e1kovi, ktor\u00e9mu sv\u00e4tec d\u00e1va polovicu svojho pl\u00e1\u0161\u0165a. S\u00faso\u0161ie sa p\u00f4vodne vyn\u00edmalo na barokovom hlavnom olt\u00e1ri. Po dlh\u0161om \u010dase str\u00e1venom vonku pod oknami sa do katedr\u00e1ly vr\u00e1tilo, av\u0161ak u\u017e nie na hlavn\u00fd olt\u00e1r, ale do pravej bo\u010dnej lode.<\/span><\/p>\n<blockquote><p><span style=\"font-weight: 400;\">\u201eJedine\u010dnos\u0165 s\u00faso\u0161ia je aj v tom, \u017ee sv. Martin nie je odet\u00fd ako r\u00edmsky vojak, ale ako uhorsk\u00fd hus\u00e1r,\u201c hovor\u00ed sprievodky\u0148a Zuzana God\u00e1rov\u00e1.<\/span><\/p><\/blockquote>\n<p><img loading=\"lazy\" width=\"800\" height=\"524\" class=\"alignnone size-large wp-image-73893\" src=\"https:\/\/www.visitbratislava.com\/wp-content\/uploads\/2020\/01\/hrad-vyhlad-panorama-dom-sv-martina-800x524.jpg\" alt=\"\" srcset=\"https:\/\/www.visitbratislava.com\/wp-content\/uploads\/2020\/01\/hrad-vyhlad-panorama-dom-sv-martina-800x524.jpg 800w, https:\/\/www.visitbratislava.com\/wp-content\/uploads\/2020\/01\/hrad-vyhlad-panorama-dom-sv-martina-400x262.jpg 400w, https:\/\/www.visitbratislava.com\/wp-content\/uploads\/2020\/01\/hrad-vyhlad-panorama-dom-sv-martina-768x503.jpg 768w, https:\/\/www.visitbratislava.com\/wp-content\/uploads\/2020\/01\/hrad-vyhlad-panorama-dom-sv-martina-200x131.jpg 200w\" sizes=\"(max-width: 800px) 100vw, 800px\" \/><\/p>\n<p><span style=\"font-weight: 400;\">Spomedzi cirkevn\u00fdch barokov\u00fdch pamiatok vynik\u00e1 aj Kostol sv. J\u00e1na z\u00a0 Mathy, zn\u00e1my aj ako <a href=\"https:\/\/www.visitbratislava.com\/sk\/miesta\/kostol-trinitarov\/\" target=\"_blank\" rel=\"noopener\">Kostol trinit\u00e1rov<\/a> \u010di Troji\u010dka na \u017dupnom n\u00e1mest\u00ed. Bol postaven\u00fd v \u0161t\u00fdle radik\u00e1lneho baroka, \u010do vidno na fas\u00e1de prehnutej do obl\u00faka. Unik\u00e1tny je strop s iluz\u00edvnou freskou, ktor\u00e1 pri poh\u013eade zvn\u00fatra vytv\u00e1ra pocit ve\u013ekej v\u00fd\u0161ky, hoci kupola je ni\u017e\u0161ia. Autorovi, talianskemu maliarovi Antoniovi Galli da Bibienovi, bol pri jej tvorbe predlohou viedensk\u00fd Kostol sv. Petra.\u00a0<\/span><\/p>\n<p><img loading=\"lazy\" width=\"800\" height=\"534\" class=\"alignnone size-large wp-image-73256\" src=\"https:\/\/www.visitbratislava.com\/wp-content\/uploads\/2018\/10\/Kostol_sv_J\u00e1na_z_Mathy-800x534.jpg\" alt=\"\" srcset=\"https:\/\/www.visitbratislava.com\/wp-content\/uploads\/2018\/10\/Kostol_sv_J\u00e1na_z_Mathy-800x534.jpg 800w, https:\/\/www.visitbratislava.com\/wp-content\/uploads\/2018\/10\/Kostol_sv_J\u00e1na_z_Mathy-400x267.jpg 400w, https:\/\/www.visitbratislava.com\/wp-content\/uploads\/2018\/10\/Kostol_sv_J\u00e1na_z_Mathy-768x513.jpg 768w, https:\/\/www.visitbratislava.com\/wp-content\/uploads\/2018\/10\/Kostol_sv_J\u00e1na_z_Mathy-200x133.jpg 200w\" sizes=\"(max-width: 800px) 100vw, 800px\" \/><\/p>\n<h3><strong>\u00a0V barokov\u00fdch pivniciach sa dnes var\u00ed pivo<\/strong><\/h3>\n<p><span style=\"font-weight: 400;\">Komplex kostola, nemocnice pre mu\u017eov a kl\u00e1\u0161tora milosrdn\u00fdch bratov na dne\u0161nom n\u00e1mest\u00ed SNP bol zalo\u017een\u00fd na podnet ostrihomsk\u00e9ho arcibiskupa Juraja Szelepcs\u00e9nyiho pod\u013ea predlohy viedensk\u00e9ho komplexu milosrdn\u00fdch bratov. Bratislavsk\u00fd stavite\u013e v\u0161ak pod\u013ea God\u00e1rovej vytvoril p\u00f4sobivej\u0161\u00ed celok. Jednolo\u010fov\u00fd kostol svoj\u00edm vybaven\u00edm pripom\u00edna interi\u00e9r jezuitsk\u00e9ho kostola Il Ges\u00f9 v R\u00edme. Rozsiahle barokov\u00e9 pivnice kl\u00e1\u0161tora dnes sl\u00fa\u017eia <a href=\"https:\/\/www.visitbratislava.com\/sk\/miesta\/klastorny-pivovar\/\" target=\"_blank\" rel=\"noopener\">Kl\u00e1\u0161torn\u00e9mu pivovaru<\/a>.<\/span><\/p>\n<p><img loading=\"lazy\" width=\"800\" height=\"534\" class=\"alignnone size-large wp-image-10948\" src=\"https:\/\/www.visitbratislava.com\/wp-content\/uploads\/2016\/02\/DSC_9112-2-800x534.jpg\" alt=\"\" srcset=\"https:\/\/www.visitbratislava.com\/wp-content\/uploads\/2016\/02\/DSC_9112-2-800x534.jpg 800w, https:\/\/www.visitbratislava.com\/wp-content\/uploads\/2016\/02\/DSC_9112-2-400x267.jpg 400w, https:\/\/www.visitbratislava.com\/wp-content\/uploads\/2016\/02\/DSC_9112-2-768x513.jpg 768w, https:\/\/www.visitbratislava.com\/wp-content\/uploads\/2016\/02\/DSC_9112-2-200x134.jpg 200w\" sizes=\"(max-width: 800px) 100vw, 800px\" \/><\/p>\n<p><span style=\"font-weight: 400;\">Ne\u010faleko na \u0160pit\u00e1lskej ulici sa nach\u00e1dza \u010fal\u0161ia barokov\u00e1 stavba, kostol al\u017ebet\u00ednok. Je s\u00fa\u010das\u0165ou nemocnice, ktor\u00fa Imrich Esterh\u00e1zy zalo\u017eil pre \u017eeny. Fas\u00e1da kostola je v \u0161t\u00fdle radik\u00e1lneho baroka a interi\u00e9r v \u0161t\u00fdle klasicizuj\u00faceho baroka. Autorom je viedensk\u00fd architekt Anton Pilgram.<\/span><\/p>\n<blockquote><p><span style=\"font-weight: 400;\">Stavba svetsk\u00fdch barokov\u00fdch budov nasledovala a\u017e p\u00e1r rokov po v\u00fdstavbe cirkevn\u00fdch. Prv\u00fd barokov\u00fd pal\u00e1c postavila rodina Jeszen\u00e1kovcov na Michalskej 3 v roku 1730. Nasledovali Keglevi\u010dov pal\u00e1c na Panskej 27, P\u00e1lffyho pal\u00e1c na Vent\u00farskej 10 \u010di Jeszen\u00e1kov pal\u00e1c na Hlavnom n\u00e1mest\u00ed 4.<\/span><\/p><\/blockquote>\n<p><img loading=\"lazy\" width=\"800\" height=\"532\" class=\"alignnone size-large wp-image-73901\" src=\"https:\/\/www.visitbratislava.com\/wp-content\/uploads\/2020\/01\/zdroj_GMB_P\u00e1lffy-Palace-interior-800x532.jpg\" alt=\"\" srcset=\"https:\/\/www.visitbratislava.com\/wp-content\/uploads\/2020\/01\/zdroj_GMB_P\u00e1lffy-Palace-interior-800x532.jpg 800w, https:\/\/www.visitbratislava.com\/wp-content\/uploads\/2020\/01\/zdroj_GMB_P\u00e1lffy-Palace-interior-400x266.jpg 400w, https:\/\/www.visitbratislava.com\/wp-content\/uploads\/2020\/01\/zdroj_GMB_P\u00e1lffy-Palace-interior-768x511.jpg 768w, https:\/\/www.visitbratislava.com\/wp-content\/uploads\/2020\/01\/zdroj_GMB_P\u00e1lffy-Palace-interior-200x133.jpg 200w\" sizes=\"(max-width: 800px) 100vw, 800px\" \/><\/p>\n<p><span style=\"font-weight: 400;\">Dnes s\u00fa na ich pr\u00edzemiach r\u00f4zne obchod\u00edky a ob\u010derstvenie. N\u00e1v\u0161tevn\u00edci m\u00f4\u017eu vysk\u00fa\u0161a\u0165 sendvi\u010dov\u00e9 vari\u00e1cie \u010di za studena lisovan\u00e9 \u0161\u0165avy v <a href=\"https:\/\/www.visitbratislava.com\/sk\/miesta\/fach\/\" target=\"_blank\" rel=\"noopener\">bistre Fach<\/a> v P\u00e1lffyho pal\u00e1ci, alebo si da\u0165 presl\u00e1ven\u00e9 bratislavsk\u00e9 ro\u017eky v Kaffee Mayer v Jeszen\u00e1kovom pal\u00e1ci na Hlavnom n\u00e1mest\u00ed.<\/span><\/p>\n<p><iframe src=\"https:\/\/www.google.com\/maps\/d\/embed?mid=1aEa9LRrnLDdm6MS_op_X4Ka98YRWsmjM&amp;hl=en\" width=\"800\" height=\"480\"><span data-mce-type=\"bookmark\" style=\"display: inline-block; width: 0px; overflow: hidden; line-height: 0;\" class=\"mce_SELRES_start\">\ufeff<\/span><\/iframe><\/p>\n","protected":false},"excerpt":{"rendered":"<p>Viete, kde sa nach\u00e1dza najv\u00e4\u010d\u0161\u00ed barokov\u00fd obraz na Slovensku? Monument\u00e1lne dielo Kr\u00e1\u013eovn\u00e1 anjelov vis\u00ed v kaplnke franti\u0161k\u00e1nskeho kostola na Franti\u0161k\u00e1nskej ulici v samom centre mesta. <\/p>\n","protected":false},"author":25,"featured_media":286055,"parent":50103,"menu_order":0,"comment_status":"closed","ping_status":"closed","template":"","meta":[],"acf":[],"_links":{"self":[{"href":"https:\/\/www.visitbratislava.com\/sk\/wp-json\/wp\/v2\/pages\/73867"}],"collection":[{"href":"https:\/\/www.visitbratislava.com\/sk\/wp-json\/wp\/v2\/pages"}],"about":[{"href":"https:\/\/www.visitbratislava.com\/sk\/wp-json\/wp\/v2\/types\/page"}],"author":[{"embeddable":true,"href":"https:\/\/www.visitbratislava.com\/sk\/wp-json\/wp\/v2\/users\/25"}],"replies":[{"embeddable":true,"href":"https:\/\/www.visitbratislava.com\/sk\/wp-json\/wp\/v2\/comments?post=73867"}],"version-history":[{"count":1,"href":"https:\/\/www.visitbratislava.com\/sk\/wp-json\/wp\/v2\/pages\/73867\/revisions"}],"predecessor-version":[{"id":286048,"href":"https:\/\/www.visitbratislava.com\/sk\/wp-json\/wp\/v2\/pages\/73867\/revisions\/286048"}],"up":[{"embeddable":true,"href":"https:\/\/www.visitbratislava.com\/sk\/wp-json\/wp\/v2\/pages\/50103"}],"wp:featuredmedia":[{"embeddable":true,"href":"https:\/\/www.visitbratislava.com\/sk\/wp-json\/wp\/v2\/media\/286055"}],"wp:attachment":[{"href":"https:\/\/www.visitbratislava.com\/sk\/wp-json\/wp\/v2\/media?parent=73867"}],"curies":[{"name":"wp","href":"https:\/\/api.w.org\/{rel}","templated":true}]}}