{"id":75675,"date":"2020-03-09T10:58:21","date_gmt":"2020-03-09T09:58:21","guid":{"rendered":"https:\/\/www.visitbratislava.com\/?page_id=75675\/"},"modified":"2022-04-21T07:47:25","modified_gmt":"2022-04-21T05:47:25","slug":"koronavirus-aktualne-informacie","status":"publish","type":"page","link":"https:\/\/www.visitbratislava.com\/sk\/koronavirus-aktualne-informacie\/","title":{"rendered":"Koronav\u00edrus: Aktu\u00e1lne inform\u00e1cie a opatrenia"},"content":{"rendered":"<p>Aktu\u00e1lne inform\u00e1cie n\u00e1jdete aj na webe\u00a0<a href=\"https:\/\/korona.gov.sk\/\" target=\"_blank\" rel=\"noopener noreferrer\">korona.gov.sk<\/a> a na webe <a href=\"https:\/\/www.health.gov.sk\/Clanok?Hlavna-sprava-COVID-19\" target=\"_blank\" rel=\"noopener noreferrer\">Ministerstva zdravotn\u00edctva.<\/a><\/p>\n<h2>Aktu\u00e1lne opatrenia<\/h2>\n<h3>Moment\u00e1lne s\u00fa v platnosti nasledovn\u00e9 opatrenia:<\/h3>\n<ul>\n<li><strong>v\u0161etky obchody a slu\u017eby<\/strong> i hromadn\u00e9 podujatia s\u00fa dostupn\u00e9 <strong>pre v\u0161etk\u00fdch \u013eud\u00ed<\/strong> bez oh\u013eadu na ich imunitn\u00fd stav \u010di zao\u010dkovanos\u0165,<\/li>\n<li>povinnos\u0165 nosi\u0165 <strong>respir\u00e1tor FFP2<\/strong> plat\u00ed <strong>vo v\u0161etk\u00fdch zdravotn\u00edckych zariadeniach, lek\u00e1r\u0148ach a zariadeniach soci\u00e1lnych slu\u017eieb<\/strong><\/li>\n<\/ul>\n<p><strong>Turistick\u00e9 informa\u010dn\u00e9 centrum je otvoren\u00e9 pre v\u0161etk\u00fdch. <\/strong>Radi v\u00e1s priv\u00edtame od pondelka do piatka v \u010dase od 09:00 do 16:00 a v sobotu od 10:00 do 15:00. \u010eal\u0161ie inform\u00e1cie n\u00e1jdete po kliknut\u00ed <a href=\"https:\/\/www.visitbratislava.com\/sk\/navsteva\/turisticke-informacne-centra-sk\/\" target=\"_blank\" rel=\"noopener\">na tento odkaz<\/a>.<\/p>\n<h3>\u010eal\u0161ie inform\u00e1cie o aktu\u00e1lnych opatreniach<\/h3>\n<p>Ofici\u00e1lny informa\u010dn\u00fd port\u00e1l: <a href=\"https:\/\/korona.gov.sk\/\">www.korona.gov.sk<\/a><br \/>\nPreh\u013eadn\u00fd digit\u00e1lny COVID automat: <a href=\"https:\/\/automat.gov.sk\/\">www.automat.gov.sk<\/a><\/p>\n<p><strong>Aktu\u00e1lne vyhl\u00e1\u0161ky:<\/strong><br \/>\nPravidl\u00e1 pre prekrytie horn\u00fdch d\u00fdchac\u00edch ciest: <a href=\"https:\/\/www.minv.sk\/swift_data\/source\/verejna_sprava\/vestnik_vlady_sr_rok_2022\/vyhlaska_32.pdf\" target=\"_blank\" rel=\"noopener\">\u010d. 32\/2022 platn\u00e1 od 21. 4. 2022<\/a><br \/>\nPravidl\u00e1 pre dom\u00e1cu izol\u00e1ciu a karant\u00e9nu: <a href=\"https:\/\/www.minv.sk\/swift_data\/source\/verejna_sprava\/vestnik_vlady_sr_rok_2022\/vyhlaska_33.pdf\" target=\"_blank\" rel=\"noopener\">\u010d. 33\/2022 platn\u00e1 od 21. 4. 2022<\/a><br \/>\nUsmernenia pre hromadn\u00e9 podujatia, prev\u00e1dzky a slu\u017eby: <a href=\"https:\/\/www.uvzsr.sk\/index.php?option=com_content&amp;view=article&amp;id=5098:odporuania-hlavneho-hygienika-sr-na-prevenciu-a-zamedzenie-irenia-ochorenia-covid-19&amp;catid=250:koronavirus-2019-ncov&amp;Itemid=153\" target=\"_blank\" rel=\"noopener\">tu<\/a><br \/>\nPrevent\u00edvne odpor\u00fa\u010dania pre ubytovacie zariadenia: <a href=\"https:\/\/www.uvzsr.sk\/index.php?option=com_content&amp;view=article&amp;id=5055:odporuanie-pre-ubytovacie-zariadenia-v-suvislosti-s-prevenciou-irenia-ochorenia-covid-19&amp;catid=250:koronavirus-2019-ncov&amp;Itemid=153\" target=\"_blank\" rel=\"noopener\">tu<\/a><\/p>\n<p><strong>Infolinka COVID-19<\/strong><\/p>\n<ul>\n<li>dostupn\u00e1 denne od 8:00 do 20:00<\/li>\n<li>volania zo Slovenska: +421 800 174\u00a0174<\/li>\n<li>volania zo zahrani\u010dia: +421 222 200 910<\/li>\n<\/ul>\n<hr \/>\n<p>&nbsp;<\/p>\n<h2>V\u0161eobecn\u00e9 pravidl\u00e1 pri pr\u00edchode zo zahrani\u010dia<\/h2>\n<p>Od <strong>6. apr\u00edla 2022<\/strong> boli zru\u0161en\u00e9 v\u0161etky obmedzenia vstupu na Slovensko. Znamen\u00e1 to, \u017ee od prich\u00e1dzaj\u00face osoby sa nemusia preukazova\u0165 potvrden\u00edm o\u010dkovania, negat\u00edvnym testom ani potvrden\u00edm o prekonan\u00ed ochorenia COVID-19. Osoby prich\u00e1dzaj\u00face na Slovensko sa nemusia ani registrova\u0165 v \u017eiadnom syst\u00e9me.<\/p>\n","protected":false},"excerpt":{"rendered":"<p>Aktu\u00e1lne inform\u00e1cie n\u00e1jdete aj na webe\u00a0korona.gov.sk a na webe Ministerstva zdravotn\u00edctva. Aktu\u00e1lne opatrenia Moment\u00e1lne s\u00fa v platnosti nasledovn\u00e9 opatrenia: v\u0161etky obchody a slu\u017eby i hromadn\u00e9 podujatia s\u00fa dostupn\u00e9 pre v\u0161etk\u00fdch \u013eud\u00ed bez oh\u013eadu na ich imunitn\u00fd stav \u010di zao\u010dkovanos\u0165, povinnos\u0165 nosi\u0165 respir\u00e1tor FFP2 plat\u00ed vo v\u0161etk\u00fdch zdravotn\u00edckych zariadeniach, lek\u00e1r\u0148ach a zariadeniach soci\u00e1lnych slu\u017eieb Turistick\u00e9 informa\u010dn\u00e9 [&hellip;]<\/p>\n","protected":false},"author":25,"featured_media":75658,"parent":0,"menu_order":0,"comment_status":"closed","ping_status":"closed","template":"","meta":[],"acf":[],"_links":{"self":[{"href":"https:\/\/www.visitbratislava.com\/sk\/wp-json\/wp\/v2\/pages\/75675"}],"collection":[{"href":"https:\/\/www.visitbratislava.com\/sk\/wp-json\/wp\/v2\/pages"}],"about":[{"href":"https:\/\/www.visitbratislava.com\/sk\/wp-json\/wp\/v2\/types\/page"}],"author":[{"embeddable":true,"href":"https:\/\/www.visitbratislava.com\/sk\/wp-json\/wp\/v2\/users\/25"}],"replies":[{"embeddable":true,"href":"https:\/\/www.visitbratislava.com\/sk\/wp-json\/wp\/v2\/comments?post=75675"}],"version-history":[{"count":73,"href":"https:\/\/www.visitbratislava.com\/sk\/wp-json\/wp\/v2\/pages\/75675\/revisions"}],"predecessor-version":[{"id":135606,"href":"https:\/\/www.visitbratislava.com\/sk\/wp-json\/wp\/v2\/pages\/75675\/revisions\/135606"}],"wp:featuredmedia":[{"embeddable":true,"href":"https:\/\/www.visitbratislava.com\/sk\/wp-json\/wp\/v2\/media\/75658"}],"wp:attachment":[{"href":"https:\/\/www.visitbratislava.com\/sk\/wp-json\/wp\/v2\/media?parent=75675"}],"curies":[{"name":"wp","href":"https:\/\/api.w.org\/{rel}","templated":true}]}}