{"id":77544,"date":"2020-04-15T15:34:03","date_gmt":"2020-04-15T13:34:03","guid":{"rendered":"https:\/\/www.visitbratislava.com\/?page_id=77544\/"},"modified":"2020-04-15T15:40:46","modified_gmt":"2020-04-15T13:40:46","slug":"nakreslite-bratislavu","status":"publish","type":"page","link":"https:\/\/www.visitbratislava.com\/sk\/nakreslite-bratislavu\/","title":{"rendered":"Nakreslite Bratislavu a vyhrajte"},"content":{"rendered":"<h2>S\u00fa\u0165a\u017e v kreslen\u00ed \u201eMoja Bratislava\u201c<\/h2>\n<h3><strong>T\u00c9MA<\/strong><\/h3>\n<p>T\u00e9mou je Moja Bratislava.<br \/>\nAko vn\u00edmate na\u0161e hlavn\u00e9 mesto? \u010co sa v\u00e1m na Bratislave najviac p\u00e1\u010di? Ak Bratislavu pozn\u00e1te len z fotiek, nevad\u00ed, nakreslite, ako si ju predstavujete alebo \u010do by ste si najrad\u0161ej pozreli.<\/p>\n<h3><strong>PODMIENKY<\/strong><\/h3>\n<p>Obr\u00e1zok mus\u00ed ma\u0165 ve\u013ekos\u0165 minim\u00e1lne na form\u00e1t A4.<\/p>\n<h3><strong>V\u00ddHRA V S\u00da\u0164A\u017dI<\/strong><\/h3>\n<p><strong>Hlavn\u00e1 v\u00fdhra<\/strong>: pozv\u00e1nka na Medzin\u00e1rodn\u00fd festival animovan\u00fdch filmov pre deti BAB v Bratislave (vr\u00e1tane ubytovania a programu aj pre sprievodn\u00fa osobu).<br \/>\n<strong>\u010eal\u0161ie v\u00fdhry:<\/strong> v\u00edkendov\u00fd pobyt v Hlavnom meste Bratislava s bohat\u00fdm programom (v sprievode rodi\u010da; ak ste priamo z Bratislavy, neob\u00e1vajte sa, program bude zauj\u00edmav\u00fd aj pre v\u00e1s \u263a)<br \/>\n2x dar\u010dekov\u00fd bal\u00ed\u010dek<\/p>\n<p><strong>TERM\u00cdN NA ODOVZDANIE:<\/strong> 31. j\u00fal 2020<\/p>\n<p><strong>ODOVZDANIE PR\u00c1C DO S\u00da\u0164A\u017dE<\/strong><br \/>\nSvoje diela za\u0161lite na adresu:<br \/>\nBIBIANA, Medzin\u00e1rodn\u00fd dom umenia pre deti<br \/>\nSekretari\u00e1t BAB \u2013 Bien\u00e1le anim\u00e1cie Bratislava<br \/>\nPansk\u00e1 41, 815 39 Bratislava.<\/p>\n<p>Na ob\u00e1lku nap\u00ed\u0161te: MOJA BRATISLAVA<br \/>\nObr\u00e1zok ozna\u010dte \u00fadajmi: meno a priezvisko, ro\u010dn\u00edk, \u0161kola, adresa, e-mailov\u00e1 adresa a telef\u00f3nne \u010d\u00edslo.<\/p>\n<h2>S\u00fa\u0165a\u017e v tvorbe FLIPBOOKOV<\/h2>\n<h3><strong>\u010cO JE FLIPBOOK<\/strong><\/h3>\n<p>Flipbook je mal\u00e1 kni\u017eka, v ktorej pomocou r\u00fdchleho listovania vznikne pohyb obr\u00e1zkov a t\u00fdm sa vytvor\u00ed jednoduch\u00e1 anim\u00e1cia.<\/p>\n<h3><strong>AKO VYTVORI\u0164 FLIPBOOK<\/strong><\/h3>\n<p>Pripravili sme pre v\u00e1s preh\u013eadn\u00fd n\u00e1vod, ktor\u00fd v\u00e1m pri tvorbe vlastn\u00e9ho flipbooku pom\u00f4\u017ee. N\u00e1jdete ho <a href=\"https:\/\/www.visitbratislava.com\/wp-content\/uploads\/2020\/04\/Flipbook_navod_FINAL.pdf\" target=\"_blank\" rel=\"noopener\"><strong>TU<\/strong><\/a>.<\/p>\n<h3><strong>T\u00c9MA<\/strong><\/h3>\n<p>T\u00e9mou je BRATISLAVA \u2013 vytvorte kr\u00e1tky pr\u00edbeh, ktor\u00e9ho hlavnou postavou bude na\u0161e hlavn\u00e9 mesto. Myslite pri tvorbe na to, \u010do sa v\u00e1m na Bratislave p\u00e1\u010di, kam radi chodievate alebo ak ste v Bratislave neboli, ako si ju predstavujete. Zauj\u00edma n\u00e1s v\u00e1\u0161 poh\u013ead na na\u0161e hlavn\u00e9 mesto.<\/p>\n<h3><strong>V\u00ddHRA V S\u00da\u0164A\u017dI<\/strong><\/h3>\n<p>Hlavn\u00e1 v\u00fdhra: pozv\u00e1nka na Medzin\u00e1rodn\u00fd festival animovan\u00fdch filmov pre deti BAB v Bratislave (vr\u00e1tane ubytovania a programu aj pre sprievodn\u00fa osobu).<br \/>\n\u010eal\u0161ie v\u00fdhry: v\u00edkendov\u00fd pobyt v Bratislave s bohat\u00fdm sprievodn\u00fdm programom (v sprievode rodi\u010da; ak ste priamo z Bratislavy, neob\u00e1vajte sa, program bude zauj\u00edmav\u00fd aj pre v\u00e1s \u263a)<br \/>\n2 x dar\u010dekov\u00fd bal\u00ed\u010dek<\/p>\n<p><strong>TERM\u00cdN NA ODOVZDANIE:<\/strong> 31. j\u00fal 2020<\/p>\n<p><strong>ODOVZDANIE PR\u00c1C DO S\u00da\u0164A\u017dE<br \/>\n<\/strong>Svoje diela za\u0161lite na adresu:<br \/>\nBIBIANA, Medzin\u00e1rodn\u00fd dom umenia pre deti<br \/>\nSekretari\u00e1t BAB \u2013 Bien\u00e1le anim\u00e1cie Bratislava<br \/>\nPansk\u00e1 41, 815 39 Bratislava.<\/p>\n<p>Na ob\u00e1lku nap\u00ed\u0161te: FLIPBOOK<br \/>\nSvoje dielo ozna\u010dte \u00fadajmi: meno a priezvisko, ro\u010dn\u00edk, \u0161kola, adresa, e-mailov\u00e1 adresa a telef\u00f3nne \u010d\u00edslo.<\/p>\n<h4>Te\u0161\u00edme sa na va\u0161e diela!<\/h4>\n<p><a href=\"https:\/\/www.visitbratislava.com\/wp-content\/uploads\/2020\/04\/GDPR.pdf\" target=\"_blank\" rel=\"noopener\">Podmienky s\u00fa\u0165a\u017ee a GDPR<\/a><\/p>\n","protected":false},"excerpt":{"rendered":"<p>Mil\u00e9 deti, \u0161kol\u00e1ci a teenageri, zabavte sa doma a zapojte sa do na\u0161ich s\u00fa\u0165a\u017e\u00ed, ktor\u00e9 sme pripravili spolo\u010dne s\u00a0Medzin\u00e1rodn\u00fdm domom umenia BIBIANA.<\/p>\n","protected":false},"author":25,"featured_media":77559,"parent":0,"menu_order":0,"comment_status":"closed","ping_status":"closed","template":"","meta":[],"acf":[],"_links":{"self":[{"href":"https:\/\/www.visitbratislava.com\/sk\/wp-json\/wp\/v2\/pages\/77544"}],"collection":[{"href":"https:\/\/www.visitbratislava.com\/sk\/wp-json\/wp\/v2\/pages"}],"about":[{"href":"https:\/\/www.visitbratislava.com\/sk\/wp-json\/wp\/v2\/types\/page"}],"author":[{"embeddable":true,"href":"https:\/\/www.visitbratislava.com\/sk\/wp-json\/wp\/v2\/users\/25"}],"replies":[{"embeddable":true,"href":"https:\/\/www.visitbratislava.com\/sk\/wp-json\/wp\/v2\/comments?post=77544"}],"version-history":[{"count":0,"href":"https:\/\/www.visitbratislava.com\/sk\/wp-json\/wp\/v2\/pages\/77544\/revisions"}],"wp:featuredmedia":[{"embeddable":true,"href":"https:\/\/www.visitbratislava.com\/sk\/wp-json\/wp\/v2\/media\/77559"}],"wp:attachment":[{"href":"https:\/\/www.visitbratislava.com\/sk\/wp-json\/wp\/v2\/media?parent=77544"}],"curies":[{"name":"wp","href":"https:\/\/api.w.org\/{rel}","templated":true}]}}