{"id":78397,"date":"2020-06-03T10:40:13","date_gmt":"2020-06-03T08:40:13","guid":{"rendered":"https:\/\/www.visitbratislava.com\/?page_id=78397\/"},"modified":"2021-05-31T10:37:50","modified_gmt":"2021-05-31T08:37:50","slug":"gastronomia-kultura-a-volny-cas","status":"publish","type":"page","link":"https:\/\/www.visitbratislava.com\/sk\/bratislava-oziva\/gastronomia-kultura-a-volny-cas\/","title":{"rendered":"Gastron\u00f3mia, kult\u00fara a vo\u013en\u00fd \u010das"},"content":{"rendered":"<h3>Pravidl\u00e1 v re\u0161taur\u00e1ci\u00e1ch, baroch a in\u00fdch prev\u00e1dzkach verejn\u00e9ho stravovania<\/h3>\n<p>Prev\u00e1dzky verejn\u00e9ho stravovania (re\u0161taur\u00e1cie, pohostinstv\u00e1, kaviarne a podobne) s\u00fa otvoren\u00e9 a maj\u00fa povinnos\u0165 dodr\u017eiava\u0165 <strong>v\u0161eobecn\u00e9 hygienick\u00e9 pravidl\u00e1<\/strong>. Otvoren\u00e9 s\u00fa interi\u00e9ry aj terasy re\u0161taur\u00e1ci\u00ed s dodr\u017ean\u00edm 6 os\u00f4b pri stole alebo osoby z jednej dom\u00e1cnosti pri stole v interi\u00e9ri a rozostupmi 2 metre medzi stolmi.<\/p>\n<h3>Pravidl\u00e1 v divadl\u00e1ch, kin\u00e1ch, m\u00faze\u00e1ch a in\u00fdch kult\u00farnych in\u0161tit\u00faci\u00e1ch<\/h3>\n<p>Otvoren\u00e9 s\u00fa kostoly, gal\u00e9rie, zoologick\u00e9 z\u00e1hrady, m\u00faze\u00e1 a botanick\u00e9 z\u00e1hrady <span class=\"css-8om7bf\">s dodr\u017ean\u00edm podmienky maxim\u00e1lneho po\u010dtu 30 os\u00f4b na hromadn\u00fdch prehliadkach<\/span>. Kni\u017enice s\u00fa otvoren\u00e9 bez obmedzen\u00ed.<\/p>\n<p>Prev\u00e1dzkovanie divadeln\u00fdch, hudobn\u00fdch, filmov\u00fdch a in\u00fdch umeleck\u00fdch predstaven\u00ed je povolen\u00e9 pri dodr\u017ean\u00ed podmienky kapacity na sedenie v interi\u00e9ri 50% (max. 250 os\u00f4b) a v exteri\u00e9ri 75% (max. 500 os\u00f4b). Kapacita na st\u00e1tie v interi\u00e9ri je 100 os\u00f4b a v exteri\u00e9ri 250 os\u00f4b.<\/p>\n<h3>Pravidl\u00e1 pri kult\u00farnych a \u0161portov\u00fdch hromadn\u00fdch podujatiach<\/h3>\n<p>\u00darad verejn\u00e9ho zdravotn\u00edctva povolil usporad\u00fava\u0165 a organizova\u0165 verejn\u00e9 podujatia kult\u00farneho, \u0161portov\u00e9ho, spolo\u010densk\u00e9ho alebo in\u00e9ho charakteru pod\u013ea pravidiel platn\u00e9ho COVID automatu. Hromadn\u00e9 podujatia s\u00fa v Bratislave moment\u00e1lne povolen\u00e9 s kapacitou na sedenie v interi\u00e9ri 50 % (max. 250 os\u00f4b) a v exteri\u00e9ri 75 % (max. 500 os\u00f4b). Kapacita na st\u00e1tie v interi\u00e9ri je 100 os\u00f4b a v exteri\u00e9ri 250 os\u00f4b. V\u0161etky inform\u00e1cie k hromadn\u00fdm podujatiam\u00a0<a href=\"https:\/\/automat.gov.sk\/bratislava?detail\">n\u00e1jdete na tomto linku<\/a>.<\/p>\n<h3>Pravidl\u00e1 pri nakupovan\u00ed<\/h3>\n<p><strong>Otvoren\u00e9 s\u00fa v\u0161etky obchody a slu\u017eby<\/strong>. V prev\u00e1dzkach mus\u00ed by\u0165 dodr\u017ean\u00e1 podmienka 15 m\u00b2 na osobu, dezinfekcia pri vstupe do prev\u00e1dzky a ochrana nosa a \u00fast respir\u00e1torom. Povinnos\u0165 nosi\u0165 respir\u00e1tor plat\u00ed pre zamestnancov a v\u0161etk\u00fdch, ktor\u00ed prich\u00e1dzaj\u00fa do kontaktu so z\u00e1kazn\u00edkmi. Vyhraden\u00e9 hodiny pre seniorov a osoby Z\u0164P s\u00fa zru\u0161en\u00e9.<\/p>\n<h3>Pravidl\u00e1 pri prehliadkach mesta<\/h3>\n<p>Maxim\u00e1lny po\u010det \u00fa\u010dastn\u00edkov na prehliadke je 30 os\u00f4b a plat\u00ed povinnos\u0165 nosi\u0165 r\u00fa\u0161ko, ako pre z\u00e1kazn\u00edkov, tak aj pre sprievodcu.<\/p>\n","protected":false},"excerpt":{"rendered":"<p>Aby ste vedeli, \u010do m\u00e1te o\u010dak\u00e1va\u0165 v re\u0161taur\u00e1ci\u00e1ch, baroch a in\u00fdch prev\u00e1dzkach, sp\u00edsali sme pre v\u00e1s opatrenia a pravidl\u00e1 spr\u00e1vania sa. <\/p>\n","protected":false},"author":25,"featured_media":65658,"parent":78461,"menu_order":0,"comment_status":"closed","ping_status":"closed","template":"","meta":[],"acf":[],"_links":{"self":[{"href":"https:\/\/www.visitbratislava.com\/sk\/wp-json\/wp\/v2\/pages\/78397"}],"collection":[{"href":"https:\/\/www.visitbratislava.com\/sk\/wp-json\/wp\/v2\/pages"}],"about":[{"href":"https:\/\/www.visitbratislava.com\/sk\/wp-json\/wp\/v2\/types\/page"}],"author":[{"embeddable":true,"href":"https:\/\/www.visitbratislava.com\/sk\/wp-json\/wp\/v2\/users\/25"}],"replies":[{"embeddable":true,"href":"https:\/\/www.visitbratislava.com\/sk\/wp-json\/wp\/v2\/comments?post=78397"}],"version-history":[{"count":0,"href":"https:\/\/www.visitbratislava.com\/sk\/wp-json\/wp\/v2\/pages\/78397\/revisions"}],"up":[{"embeddable":true,"href":"https:\/\/www.visitbratislava.com\/sk\/wp-json\/wp\/v2\/pages\/78461"}],"wp:featuredmedia":[{"embeddable":true,"href":"https:\/\/www.visitbratislava.com\/sk\/wp-json\/wp\/v2\/media\/65658"}],"wp:attachment":[{"href":"https:\/\/www.visitbratislava.com\/sk\/wp-json\/wp\/v2\/media?parent=78397"}],"curies":[{"name":"wp","href":"https:\/\/api.w.org\/{rel}","templated":true}]}}