{"id":78412,"date":"2020-06-03T10:42:47","date_gmt":"2020-06-03T08:42:47","guid":{"rendered":"https:\/\/www.visitbratislava.com\/?page_id=78412\/"},"modified":"2021-05-31T10:54:33","modified_gmt":"2021-05-31T08:54:33","slug":"doprava-a-ubytovanie","status":"publish","type":"page","link":"https:\/\/www.visitbratislava.com\/sk\/bratislava-oziva\/doprava-a-ubytovanie\/","title":{"rendered":"Doprava a ubytovanie"},"content":{"rendered":"<h2>Doprava<\/h2>\n<h3>Pravidl\u00e1 v MHD<\/h3>\n<p>V prev\u00e1dzke s\u00fa v\u0161etky prostriedky verejnej hromadnej dopravy. V\u0161ade v\u0161ak plat\u00ed povinnos\u0165 nosi\u0165 respir\u00e1tor. Autobusom, vlakom \u010di elektri\u010dkou cestujte iba, ak ste zdrav\u00ed. V\u017edy dodr\u017eujte odstup 2 metre od ostatn\u00fdch cestuj\u00facich. Pri vystupovan\u00ed opustite svoje miesto \u010do najnesk\u00f4r, aby ste zabr\u00e1nili zhroma\u017e\u010fovaniu \u013eud\u00ed pri v\u00fdchode. Pou\u017eit\u00e9 r\u00fa\u0161ka a respir\u00e1tory nikdy nenech\u00e1vajte vo\u013ene le\u017ea\u0165, ale zoberte ich so sebou a zlikvidujte. K\u00fdchajte a ka\u0161lite do ohybu lak\u0165a.<\/p>\n<h3>Pravidl\u00e1 v tax\u00edkoch<\/h3>\n<p>Vo vozidl\u00e1ch m\u00f4\u017ee by\u0165 pusten\u00e1 klimatiz\u00e1cia. Vy\u017eaduje sa dezinfekcia priestorov vozidla, oddelite\u013en\u00e1 f\u00f3lia je dobrovo\u013en\u00e1. V tax\u00edku je mo\u017en\u00e9 prev\u00e1\u017ea\u0165 naraz 2 cestuj\u00facich okrem \u0161of\u00e9ra<span class=\"css-8om7bf\">\u00a0na jeden rad, nosenia r\u00fa\u0161ka a pravideln\u00e9ho vetrania<\/span>.<\/p>\n<h3>Pravidl\u00e1 na letisku<\/h3>\n<p>Z\u00e1kladn\u00fdm pravidlom zost\u00e1va povinnos\u0165 nosi\u0165 r\u00fa\u0161ko v priestoroch letiska, ako aj na palube lietadla. Rovnako mus\u00ed by\u0165 zabezpe\u010den\u00e1 dezinfekcia r\u00fak. Uprednost\u0148uje sa bezkontaktn\u00e9 odbavovanie cestuj\u00facich\u00a0 a bato\u017einy, rovnako aj bezhotovostn\u00fd predaj na palube. Na letisk\u00e1ch mus\u00ed by\u0165 zachovan\u00fd minim\u00e1lne 2-metrov\u00fd odstup v rade stojacich os\u00f4b. Naria\u010fuje sa meranie telesnej teploty cestuj\u00facim, ktor\u00ed na Slovensko prilietaj\u00fa. Toto opatrenie plat\u00ed pre ka\u017ed\u00fd let. Rovnako, ka\u017ed\u00fd \u010dlen leteck\u00e9ho person\u00e1lu mus\u00ed by\u0165 pravidelne monitorovan\u00fd a sleduje sa jeho zdravotn\u00fd stav. Nevyhnutnos\u0165ou ost\u00e1va pravideln\u00e1 dezinfekcia priestorov letiska aj samotn\u00fdch lietadiel.<\/p>\n<h3>Vyu\u017eite bicykel<\/h3>\n<p>Osta\u0148te mobiln\u00ed a vyu\u017eite\u00a0bikesharing, zdie\u013ean\u00fd syst\u00e9m stan\u00edc s\u00a0bicyklami.\u00a0<a href=\"https:\/\/www.visitbratislava.com\/sk\/bikesharing\/\">Zistite, ako si po\u017ei\u010diate jeden zo \u017elt\u00fdch bicyklov<\/a>.<\/p>\n<h3>Po\u017ei\u010dajte si auto<\/h3>\n<p>Bratislava pon\u00faka mo\u017enos\u0165 zapo\u017ei\u010dania auta prostredn\u00edctvom medzin\u00e1rodn\u00fdch spolo\u010dnost\u00ed ako napr\u00edklad Hertz, Avis, Sixt alebo Europcar. Ich pobo\u010dky zv\u00e4\u010d\u0161a n\u00e1jdete vo ve\u013ek\u00fdch hoteloch alebo aj na letisku. V meste v\u0161ak n\u00e1jdete aj lok\u00e1lne auto-po\u017ei\u010dovne, ktor\u00e9 pon\u00fakaj\u00fa podobne kvalitn\u00e9 slu\u017eby za konkurencieschopn\u00e9 ceny. Vysk\u00fa\u0161ajte napr\u00edklad:\u00a0<a href=\"http:\/\/www.abrix.sk\/\" target=\"_blank\" rel=\"noopener noreferrer\">abrix.sk<\/a>,\u00a0<a href=\"https:\/\/www.rai.sk\/sk\" target=\"_blank\" rel=\"noopener noreferrer\">rai.sk<\/a>, <a href=\"https:\/\/www.hertz.com\/rentacar\/reservation\/\" target=\"_blank\" rel=\"noopener noreferrer\">hertz.sk<\/a>, <a href=\"https:\/\/www.avis.sk\/\" target=\"_blank\" rel=\"noopener noreferrer\">avis.sk<\/a>.<\/p>\n<h3>Na kolobe\u017eke<\/h3>\n<p>Elektrokolobe\u017eka sl\u00fa\u017ei ako efekt\u00edvny a ekologick\u00fd dopravn\u00fd prostriedok v preplnen\u00fdch mest\u00e1ch, ale aj ako pr\u00edjemn\u00fd spolo\u010dn\u00edk vo vo\u013eno\u010dasov\u00fdch aktivit\u00e1ch, kde sp\u00e1ja z\u00e1bavu, adrenal\u00edn, zdrav\u00fd pohyb a objavovanie nov\u00fdch miest. V\u010faka aplik\u00e1cii\u00a0<a href=\"https:\/\/bolt.eu\/sk\/scooters\/\" target=\"_blank\" rel=\"noopener noreferrer\">Bolt<\/a>\u00a0m\u00f4\u017eete vyu\u017ei\u0165 slu\u017eby zdie\u013ean\u00fdch kolobe\u017eiek, ktor\u00e9 sa nach\u00e1dzaj\u00fa po celom centre mesta.<\/p>\n<h2>Ubytovanie<\/h2>\n<p>* Otvoren\u00e9 s\u00fa v\u0161etky hotely a penzi\u00f3ny.<\/p>\n<h3>Pravidl\u00e1 v hoteloch, penzi\u00f3noch a in\u00fdch rekrea\u010dn\u00fdch zariadeniach<\/h3>\n<p>Udr\u017eujte vzdialenos\u0165 najmenej 2 metre od cudz\u00edch os\u00f4b. Vo vstupnej a prij\u00edmacej oblasti pou\u017e\u00edvajte ochranu \u00fast a nosa v podobe respir\u00e1tora. Pokia\u013e je to mo\u017en\u00e9, pla\u0165te bezkontaktne. Plati\u0165 fakt\u00faru je najlep\u0161ie kartou. Ria\u010fte sa pokynmi zamestnancov. Re\u0161taur\u00e1cie a wellness zariadenia s\u00fa otvoren\u00e9 pod\u013ea pr\u00edslu\u0161n\u00fdch odpor\u00fa\u010dan\u00ed &#8211; re\u0161taur\u00e1cie s\u00fa otvoren\u00e9 s dodr\u017ean\u00edm 6 os\u00f4b alebo os\u00f4b z jednej dom\u00e1cnosti pri stole v interi\u00e9ri a rozostupmi 2 metre medzi stolmi, wellness max. 50 % kapacity na 1 sektor, resp. max. po\u010det os\u00f4b do 500, potrebn\u00fd test. Podmienkou pre vstup do wellnesu je negat\u00edvny antig\u00e9nov\u00fd test, nie star\u0161\u00ed ako 24 hod\u00edn, alebo RT-PCR\/LAMP test nie star\u0161\u00ed ako 72 hod\u00edn, nepotrebuj\u00fa ho deti do 10 rokov.<\/p>\n<h3>Hotely v Bratislave<\/h3>\n<p>V Bratislave n\u00e1jdete <a href=\"https:\/\/www.visitbratislava.com\/sk\/odporucane-hotely\/\" target=\"_blank\" rel=\"noopener noreferrer\">mno\u017estvo hotelov<\/a> v bl\u00edzkosti centra \u010di dokonca priamo v centre. Mnoho z nich pon\u00faka skvel\u00fa kuchy\u0148u vo vlastn\u00fdch re\u0161taur\u00e1ci\u00e1ch, v niektor\u00fdch n\u00e1jdete aj wellness. Vyberte si pod\u013ea \u0161t\u00fdlu, polohy \u010di v\u00fdh\u013eadu.<\/p>\n","protected":false},"excerpt":{"rendered":"<p>Pre\u010d\u00edtajte si, ako sa spr\u00e1va\u0165 a ak\u00e9 pravidl\u00e1 dodr\u017eiava\u0165 v dopravn\u00fdch prostriedkoch.<\/p>\n","protected":false},"author":25,"featured_media":69123,"parent":78461,"menu_order":0,"comment_status":"closed","ping_status":"closed","template":"","meta":[],"acf":[],"_links":{"self":[{"href":"https:\/\/www.visitbratislava.com\/sk\/wp-json\/wp\/v2\/pages\/78412"}],"collection":[{"href":"https:\/\/www.visitbratislava.com\/sk\/wp-json\/wp\/v2\/pages"}],"about":[{"href":"https:\/\/www.visitbratislava.com\/sk\/wp-json\/wp\/v2\/types\/page"}],"author":[{"embeddable":true,"href":"https:\/\/www.visitbratislava.com\/sk\/wp-json\/wp\/v2\/users\/25"}],"replies":[{"embeddable":true,"href":"https:\/\/www.visitbratislava.com\/sk\/wp-json\/wp\/v2\/comments?post=78412"}],"version-history":[{"count":0,"href":"https:\/\/www.visitbratislava.com\/sk\/wp-json\/wp\/v2\/pages\/78412\/revisions"}],"up":[{"embeddable":true,"href":"https:\/\/www.visitbratislava.com\/sk\/wp-json\/wp\/v2\/pages\/78461"}],"wp:featuredmedia":[{"embeddable":true,"href":"https:\/\/www.visitbratislava.com\/sk\/wp-json\/wp\/v2\/media\/69123"}],"wp:attachment":[{"href":"https:\/\/www.visitbratislava.com\/sk\/wp-json\/wp\/v2\/media?parent=78412"}],"curies":[{"name":"wp","href":"https:\/\/api.w.org\/{rel}","templated":true}]}}