{"id":78461,"date":"2020-06-04T09:42:10","date_gmt":"2020-06-04T07:42:10","guid":{"rendered":"https:\/\/www.visitbratislava.com\/?page_id=78461\/"},"modified":"2022-01-14T17:27:05","modified_gmt":"2022-01-14T16:27:05","slug":"bratislava-oziva","status":"publish","type":"page","link":"https:\/\/www.visitbratislava.com\/sk\/bratislava-oziva\/","title":{"rendered":"Praktick\u00e9 inform\u00e1cie pre n\u00e1v\u0161tevn\u00edkov Bratislavy"},"content":{"rendered":"<p>Zodpovedn\u00fdm pr\u00edstupom a opatrnos\u0165ou Slovensko a s n\u00edm aj Bratislava zodpovedne \u010del\u00ed koronakr\u00edze od jej sam\u00e9ho za\u010diatku. Prin\u00e1\u0161ame v\u00e1m s\u00fabor aktu\u00e1lnych opatren\u00ed platn\u00fdch na Slovensku a v Bratislave, ako aj praktick\u00e9 rady, ako sa po\u010das obdobia epid\u00e9mie spr\u00e1va\u0165. V\u0161etky aktu\u00e1lne inform\u00e1cie n\u00e1jdete aj na webe <a href=\"https:\/\/korona.gov.sk\/\" target=\"_blank\" rel=\"noopener noreferrer\">korona.gov.sk<\/a> a na webe <a href=\"https:\/\/www.mzv.sk\/aktuality\/koronavirus-2019\" target=\"_blank\" rel=\"noopener noreferrer\">Ministerstva zahrani\u010dn\u00fdch vec\u00ed<\/a>.<\/p>\n","protected":false},"excerpt":{"rendered":"<p>Zodpovedn\u00fdm pr\u00edstupom a opatrnos\u0165ou Slovensko a s n\u00edm aj Bratislava zodpovedne \u010del\u00ed koronakr\u00edze od jej sam\u00e9ho za\u010diatku. Prin\u00e1\u0161ame v\u00e1m s\u00fabor aktu\u00e1lnych opatren\u00ed platn\u00fdch na Slovensku a v Bratislave, ako aj praktick\u00e9 rady, ako sa po\u010das obdobia epid\u00e9mie spr\u00e1va\u0165. V\u0161etky aktu\u00e1lne inform\u00e1cie n\u00e1jdete aj na webe korona.gov.sk a na webe Ministerstva zahrani\u010dn\u00fdch vec\u00ed.<\/p>\n","protected":false},"author":25,"featured_media":101098,"parent":0,"menu_order":0,"comment_status":"closed","ping_status":"closed","template":"tpl-page-grid.php","meta":[],"acf":[],"_links":{"self":[{"href":"https:\/\/www.visitbratislava.com\/sk\/wp-json\/wp\/v2\/pages\/78461"}],"collection":[{"href":"https:\/\/www.visitbratislava.com\/sk\/wp-json\/wp\/v2\/pages"}],"about":[{"href":"https:\/\/www.visitbratislava.com\/sk\/wp-json\/wp\/v2\/types\/page"}],"author":[{"embeddable":true,"href":"https:\/\/www.visitbratislava.com\/sk\/wp-json\/wp\/v2\/users\/25"}],"replies":[{"embeddable":true,"href":"https:\/\/www.visitbratislava.com\/sk\/wp-json\/wp\/v2\/comments?post=78461"}],"version-history":[{"count":8,"href":"https:\/\/www.visitbratislava.com\/sk\/wp-json\/wp\/v2\/pages\/78461\/revisions"}],"predecessor-version":[{"id":126096,"href":"https:\/\/www.visitbratislava.com\/sk\/wp-json\/wp\/v2\/pages\/78461\/revisions\/126096"}],"wp:featuredmedia":[{"embeddable":true,"href":"https:\/\/www.visitbratislava.com\/sk\/wp-json\/wp\/v2\/media\/101098"}],"wp:attachment":[{"href":"https:\/\/www.visitbratislava.com\/sk\/wp-json\/wp\/v2\/media?parent=78461"}],"curies":[{"name":"wp","href":"https:\/\/api.w.org\/{rel}","templated":true}]}}