{"id":78466,"date":"2020-06-04T09:33:49","date_gmt":"2020-06-04T07:33:49","guid":{"rendered":"https:\/\/www.visitbratislava.com\/?page_id=78466\/"},"modified":"2022-01-14T09:08:45","modified_gmt":"2022-01-14T08:08:45","slug":"pravidla-pre-bezpecnost-vsetkych","status":"publish","type":"page","link":"https:\/\/www.visitbratislava.com\/sk\/bratislava-oziva\/pravidla-pre-bezpecnost-vsetkych\/","title":{"rendered":"Pravidl\u00e1 pre bezpe\u010dnos\u0165 v\u0161etk\u00fdch"},"content":{"rendered":"<h3>R\u00fa\u0161ka a respir\u00e1tory<\/h3>\n<p>Od 8. 11. 2021 je vo v\u0161etk\u00fdch interi\u00e9roch povinn\u00e9 nosi\u0165 respir\u00e1tor FFP2. V exteri\u00e9ri je povinn\u00e9 nosi\u0165 r\u00fa\u0161ko alebo respir\u00e1tor len pri hromadn\u00fdch podujatiach. R\u00fa\u0161ka a respir\u00e1tory si m\u00f4\u017eete k\u00fapi\u0165 v lek\u00e1r\u0148ach, v obchodoch s oble\u010den\u00edm alebo objedna\u0165 online.<\/p>\n<h3>Hygiena<\/h3>\n<p>Ruky si um\u00fdvajte mydlom viackr\u00e1t denne minim\u00e1lne 30 sek\u00fand. Pri vstupe do ka\u017edej prev\u00e1dzky mus\u00ed by\u0165 zabezpe\u010den\u00e1 dezinfekcia. V\u017edy ju pou\u017eite.<\/p>\n<h3>Odstup<\/h3>\n<p>Od cudz\u00edch \u013eud\u00ed dodr\u017eiavajte odstup minim\u00e1lne 5 metrov.<\/p>\n<h3>Platby<\/h3>\n<p>Ak je to mo\u017en\u00e9, na \u00fahradu pou\u017e\u00edvajte platobn\u00fa kartu a pla\u0165te bezkontaktne.<\/p>\n<h3>Pozdrav<\/h3>\n<p>Vyh\u00fdbajte sa pod\u00e1vaniu r\u00fak a obj\u00edmaniu. Nahra\u010fte tieto prejavy m\u00e1van\u00edm ruky, pr\u00edpadne pozdravom lak\u0165om.<\/p>\n<h3>Oh\u013eaduplnos\u0165<\/h3>\n<p>Ak sa nec\u00edtite dobre alebo m\u00e1te pr\u00edznaky ochorenia, pros\u00edme v\u00e1s, osta\u0148te doma.<\/p>\n","protected":false},"excerpt":{"rendered":"<p>Aj na\u010falej je d\u00f4le\u017eit\u00e9 dodr\u017eiava\u0165 z\u00e1kladn\u00e9 pravidl\u00e1 a opatrenia, v\u010faka ktor\u00fdm zostaneme v\u0161etci v bezpe\u010d\u00ed.<\/p>\n","protected":false},"author":25,"featured_media":74581,"parent":78461,"menu_order":0,"comment_status":"closed","ping_status":"closed","template":"","meta":[],"acf":[],"_links":{"self":[{"href":"https:\/\/www.visitbratislava.com\/sk\/wp-json\/wp\/v2\/pages\/78466"}],"collection":[{"href":"https:\/\/www.visitbratislava.com\/sk\/wp-json\/wp\/v2\/pages"}],"about":[{"href":"https:\/\/www.visitbratislava.com\/sk\/wp-json\/wp\/v2\/types\/page"}],"author":[{"embeddable":true,"href":"https:\/\/www.visitbratislava.com\/sk\/wp-json\/wp\/v2\/users\/25"}],"replies":[{"embeddable":true,"href":"https:\/\/www.visitbratislava.com\/sk\/wp-json\/wp\/v2\/comments?post=78466"}],"version-history":[{"count":3,"href":"https:\/\/www.visitbratislava.com\/sk\/wp-json\/wp\/v2\/pages\/78466\/revisions"}],"predecessor-version":[{"id":126071,"href":"https:\/\/www.visitbratislava.com\/sk\/wp-json\/wp\/v2\/pages\/78466\/revisions\/126071"}],"up":[{"embeddable":true,"href":"https:\/\/www.visitbratislava.com\/sk\/wp-json\/wp\/v2\/pages\/78461"}],"wp:featuredmedia":[{"embeddable":true,"href":"https:\/\/www.visitbratislava.com\/sk\/wp-json\/wp\/v2\/media\/74581"}],"wp:attachment":[{"href":"https:\/\/www.visitbratislava.com\/sk\/wp-json\/wp\/v2\/media?parent=78466"}],"curies":[{"name":"wp","href":"https:\/\/api.w.org\/{rel}","templated":true}]}}