{"id":78767,"date":"2020-06-10T15:14:24","date_gmt":"2020-06-10T13:14:24","guid":{"rendered":"https:\/\/www.visitbratislava.com\/?page_id=78767\/"},"modified":"2021-04-20T09:24:14","modified_gmt":"2021-04-20T07:24:14","slug":"bratislava-sa-otvara","status":"publish","type":"page","link":"https:\/\/www.visitbratislava.com\/sk\/bratislava-sa-otvara\/","title":{"rendered":"Bratislava sa otv\u00e1ra"},"content":{"rendered":"<h2>Otvoren\u00e9 m\u00faze\u00e1 a gal\u00e9rie<\/h2>\n<p>*vo v\u0161etk\u00fdch m\u00faze\u00e1ch a gal\u00e9ri\u00e1ch je nutn\u00e9 nosi\u0165 respir\u00e1tor, dodr\u017eiava\u0165 2-metrov\u00fd odstup a preuk\u00e1za\u0165 sa negat\u00edvnym testom<br \/>\n*je potrebn\u00e9 dodr\u017eiava\u0165 kapacitu 1 osoba na 15 metrov \u0161tvorcov\u00fdch<br \/>\n*ak nie je uveden\u00e9 inak, v\u0161etky m\u00faze\u00e1 a gal\u00e9rie s\u00fa v prev\u00e1dzke v \u0161tandardnom re\u017eime<\/p>\n<h3>M\u00fazeum mesta Bratislavy<\/h3>\n<p>*max. d\u013a\u017eka prehliadky 90 min\u00fat<\/p>\n<p><a href=\"https:\/\/www.visitbratislava.com\/sk\/miesta\/muzeum-dejin-mesta\/\" target=\"_blank\" rel=\"noopener\">M\u00fazeum dej\u00edn mesta &#8211; Star\u00e1 radnica<\/a><br \/>\n<a href=\"https:\/\/www.visitbratislava.com\/sk\/miesta\/stara-radnica\/\" target=\"_blank\" rel=\"noopener\">Star\u00e1 radnica &#8211; v\u00fdstavn\u00e1 sie\u0148<\/a><br \/>\n<a href=\"https:\/\/www.visitbratislava.com\/sk\/miesta\/muzeum-historickych-interierov-apponyiho-palac\/\" target=\"_blank\" rel=\"noopener\">M\u00fazeum historick\u00fdch interi\u00e9rov a vinohradn\u00edctva<\/a><br \/>\n<a href=\"https:\/\/www.visitbratislava.com\/sk\/miesta\/muzeum-zbrani\/\" target=\"_blank\" rel=\"noopener\">M\u00fazeum zbran\u00ed<\/a><br \/>\n<a href=\"https:\/\/www.visitbratislava.com\/sk\/miesta\/anticka-gerulata-rusovce-2\/\" target=\"_blank\" rel=\"noopener\">Antick\u00e1 Gerulata<\/a><br \/>\n<a href=\"https:\/\/www.visitbratislava.com\/sk\/miesta\/hrad-devin\/\" target=\"_blank\" rel=\"noopener\">Hrad Dev\u00edn<\/a>\u00a0&#8211; max. 500 os\u00f4b v are\u00e1li, max. 10 os\u00f4b na hornom hrade<br \/>\n<a href=\"https:\/\/www.visitbratislava.com\/sk\/miesta\/muzeum-farmacie\/\" target=\"_blank\" rel=\"noopener\">M\u00fazeum farm\u00e1cie\u00a0<\/a><br \/>\n<a href=\"https:\/\/www.visitbratislava.com\/sk\/miesta\/muzeum-hodin-dom-u-dobreho-pastiera\/\" target=\"_blank\" rel=\"noopener\">M\u00fazeum hod\u00edn<\/a><br \/>\n<a href=\"https:\/\/www.visitbratislava.com\/sk\/miesta\/muzeum-johana-nepomuka-hummela\/\" target=\"_blank\" rel=\"noopener\">M\u00fazeum J. N. Hummela<\/a><br \/>\n<a href=\"https:\/\/www.visitbratislava.com\/sk\/miesta\/muzeum-arthura-fleischmanna\/\" target=\"_blank\" rel=\"noopener\">M\u00fazeum A. Fleischmanna<\/a><\/p>\n<h3>Slovensk\u00e9 n\u00e1rodn\u00e9 m\u00fazeum<\/h3>\n<p>*max. 5 os\u00f4b v skupine<\/p>\n<p><a href=\"https:\/\/www.visitbratislava.com\/sk\/miesta\/bratislavsky-hrad\/\" target=\"_blank\" rel=\"noopener\">SNM &#8211; Historick\u00e9 m\u00fazeum (Bratislavsk\u00fd hrad)<\/a><br \/>\n<a href=\"https:\/\/www.visitbratislava.com\/sk\/miesta\/slovenske-narodne-muzeum-prirodovedne-muzeum\/\" target=\"_blank\" rel=\"noopener\">SNM &#8211; Pr\u00edrodovedn\u00e9 m\u00fazeum<\/a><br \/>\n<a href=\"https:\/\/www.visitbratislava.com\/sk\/miesta\/archeologicke-muzeum\/\" target=\"_blank\" rel=\"noopener\">SNM &#8211; Archeologick\u00e9 m\u00fazeum<\/a><br \/>\n<a href=\"https:\/\/www.visitbratislava.com\/sk\/miesta\/slovenske-narodne-muzeum-muzeum-kultury-karpatskych-nemcov\/\" target=\"_blank\" rel=\"noopener\">SNM &#8211; M\u00fazeum kult\u00fary karpatsk\u00fdch Nemcov<\/a><br \/>\n<a href=\"https:\/\/www.visitbratislava.com\/sk\/miesta\/slovenske-narodne-muzeum-muzeum-kultury-madarov-na-slovensku\/\" target=\"_blank\" rel=\"noopener\">SNM &#8211; M\u00fazeum kult\u00fary Ma\u010farov na Slovensku<\/a><br \/>\n<a href=\"https:\/\/www.visitbratislava.com\/sk\/miesta\/slovenske-narodne-muzeum\/\" target=\"_blank\" rel=\"noopener\">SNM &#8211; Hudobn\u00e9 m\u00fazeum<\/a><br \/>\n<a href=\"https:\/\/www.visitbratislava.com\/sk\/miesta\/slovenske-narodne-muzeum-muzeum-kultury-chorvatov-na-slovensku\/\" target=\"_blank\" rel=\"noopener\">SNM &#8211; M\u00fazeum kult\u00fary Chorv\u00e1tov na Slovensku<\/a><br \/>\n<a href=\"https:\/\/www.visitbratislava.com\/sk\/miesta\/slovenske-narodne-muzeum-muzeum-zidovskej-kultury-v-bratislave\/\" target=\"_blank\" rel=\"noopener\">SNM &#8211; M\u00fazeum \u017eidovskej kult\u00fary<\/a><br \/>\n<a href=\"https:\/\/www.visitbratislava.com\/sk\/atrakcie\/hrad-cerveny-kamen\/\" target=\"_blank\" rel=\"noopener\">SNM &#8211; M\u00fazeum \u010cerven\u00fd Kame\u0148<\/a><\/p>\n<h3>Ostatn\u00e9 m\u00faze\u00e1 a gal\u00e9rie<\/h3>\n<p><a href=\"https:\/\/www.visitbratislava.com\/sk\/miesta\/obchod-v-muzeu\/\" target=\"_blank\" rel=\"noopener\">Obchod v m\u00fazeu<\/a> &#8211; vysunut\u00e1 expoz\u00edcia m\u00fazea obchodu, skr\u00e1ten\u00e9 otv\u00e1racie hodiny: ut &#8211; pia: 10:30 &#8211; 16:00, so: 10:00 &#8211; 14:00, ne &#8211; po: zatvoren\u00e9<br \/>\n<a href=\"https:\/\/www.visitbratislava.com\/sk\/miesta\/zidovske-komunitne-muzeum\/\" target=\"_blank\" rel=\"noopener\">\u017didovsk\u00e9 komunitn\u00e9 m\u00fazeum<\/a>\u00a0&#8211; predpokladan\u00e9 otvorenie v polovici j\u00fana<br \/>\n<a href=\"https:\/\/www.visitbratislava.com\/sk\/miesta\/muzeum-dopravy\/\" target=\"_blank\" rel=\"noopener\">M\u00fazeum dopravy<\/a><br \/>\n<a href=\"https:\/\/www.visitbratislava.com\/sk\/miesta\/malokarpatske-muzeum-v-pezinku-2\/\" target=\"_blank\" rel=\"noopener\">Malokarpatsk\u00e9 m\u00fazeum v Pezinku<\/a>\u00a0&#8211; max. 10 os\u00f4b v skupine, upraven\u00e9 otv\u00e1racie hodiny: po &#8211; pia: 9:00 &#8211; 16:00, so: 10:00 &#8211; 17:00, ne: 14:00 &#8211; 17:00<br \/>\n<a href=\"http:\/\/www.vodarenskemuzeum.sk\/sk\/\" target=\"_blank\" rel=\"noopener\">Vod\u00e1rensk\u00e9 m\u00fazeum<\/a>\u00a0&#8211; max. 20 os\u00f4b, prehliadky ostrova Siho\u0165 nie s\u00fa moment\u00e1lne k dispoz\u00edcii<br \/>\n<a href=\"https:\/\/www.visitbratislava.com\/sk\/miesta\/slovenska-narodna-galeria\/\" target=\"_blank\" rel=\"noopener\">Slovensk\u00e1 n\u00e1rodn\u00e1 gal\u00e9ria<\/a><br \/>\n<a href=\"https:\/\/www.visitbratislava.com\/sk\/miesta\/galeria-mesta-bratislavy-mirbachov-palac-palffyho-palac\/\" target=\"_blank\" rel=\"noopener\">Gal\u00e9ria mesta Bratislavy &#8211; Mirbachov pal\u00e1c<\/a><br \/>\n<a href=\"https:\/\/www.visitbratislava.com\/sk\/miesta\/palffyho-palac\/\" target=\"_blank\" rel=\"noopener\">Gal\u00e9ria mesta Bratislavy &#8211; P\u00e1lffyho pal\u00e1c<\/a><br \/>\n<a href=\"https:\/\/www.visitbratislava.com\/sk\/miesta\/primacialny-palac\/\" target=\"_blank\" rel=\"noopener\">Primaci\u00e1lny pal\u00e1c<\/a><br \/>\n<a href=\"https:\/\/www.visitbratislava.com\/sk\/miesta\/galeria-nedbalka\/\" target=\"_blank\" rel=\"noopener\">Gal\u00e9ria Nedbalka<\/a><br \/>\n<a href=\"https:\/\/www.visitbratislava.com\/sk\/miesta\/danubiana\/\" target=\"_blank\" rel=\"noopener\">Danubiana Meulensteen Art Museum<\/a> &#8211;\u00a0 kaviare\u0148 v rekon\u0161trukcii<br \/>\n<a href=\"https:\/\/www.visitbratislava.com\/sk\/miesta\/bibiana\/\" target=\"_blank\" rel=\"noopener\">Bibiana<\/a>\u00a0&#8211; otvoren\u00e1 len mal\u00e1 gal\u00e9ria s expoz\u00edciou Najkraj\u0161ie knihy Slovenska, ut &#8211; ne: 10:00 &#8211; 17:00<br \/>\n<a href=\"https:\/\/www.visitbratislava.com\/sk\/miesta\/galeria-uluv\/\" target=\"_blank\" rel=\"noopener\">Gal\u00e9ria \u00da\u013dUV<\/a><br \/>\n<a href=\"https:\/\/www.visitbratislava.com\/sk\/miesta\/galeria-umelka\/\" target=\"_blank\" rel=\"noopener\">Gal\u00e9ria Umelka<\/a><\/p>\n<h2>\u010eal\u0161ie otvoren\u00e9 atrakcie<\/h2>\n<p>*ak nie je uveden\u00e9 inak, v\u0161etky atrakcie s\u00fa v prev\u00e1dzke v \u0161tandardnom re\u017eime<\/p>\n<h3>Prehliadky<\/h3>\n<p>*pri prehliadkach je nutn\u00e9 nosi\u0165 r\u00fa\u0161ko a dodr\u017eiava\u0165 2-metrov\u00fd odstup<\/p>\n<p><a href=\"https:\/\/www.visitbratislava.com\/sk\/clenovia\/tour4u\/\" target=\"_blank\" rel=\"noopener\">Tour4u<\/a> &#8211; len prehliadky pre organizovan\u00e9 skupiny do 10 os\u00f4b, od j\u00fala k dispoz\u00edcii aj prehliadky pre jednotlivcov a skupiny do 25 os\u00f4b<br \/>\n<a href=\"https:\/\/www.visitbratislava.com\/sk\/sluzby\/bratislava-food-tour\/\" target=\"_blank\" rel=\"noopener\">Luka tours<\/a> &#8211; prehliadky pod\u013ea po\u017eiadavky klientov<br \/>\n<a href=\"https:\/\/www.visitbratislava.com\/sk\/clenovia\/taste-bratislava\/\" target=\"_blank\" rel=\"noopener\">Taste Bratislava<\/a> &#8211; k dispoz\u00edcii v\u0161etky prehliadky<br \/>\n<a href=\"https:\/\/www.visitbratislava.com\/sk\/clenovia\/blue-danube-tours\/\" target=\"_blank\" rel=\"noopener\">Blue Danube Tours<\/a> &#8211; kancel\u00e1ria otvoren\u00e1 v polovici j\u00fana, pri prehliadkach pripad\u00e1 na 1 sprievodcu max. 15 klientov, v autobuse m\u00f4\u017ee by\u0165 max. 30 klientov, skupiny prich\u00e1dzaj\u00face na lodiach musia by\u0165 v\u017edy vyzdvihnut\u00e9 aj odprevaden\u00e9 sprievodcom na lo\u010f<br \/>\n<a href=\"https:\/\/www.visitbratislava.com\/sk\/clenovia\/authentic-slovakia-s-r-o\/\" target=\"_blank\" rel=\"noopener\">Authentic Slovakia<\/a> &#8211; k dispoz\u00edcii len prehliadka post-komunistick\u00e1 Bratislava s jazdou na \u0160kodovke<br \/>\n<a href=\"https:\/\/www.tripinslovakia.com\/\" target=\"_blank\" rel=\"noopener\">Trip in Slovakia<\/a> &#8211; na objedn\u00e1vku k dispoz\u00edcii prehliadky \u0161ir\u0161ieho centra mesta, ako aj do okolia a na Slovensko<br \/>\n<a href=\"https:\/\/www.visitbratislava.com\/sk\/clenovia\/gorunning-tours-bratislava\/\" target=\"_blank\" rel=\"noopener\">Go Running Tours<\/a> &#8211; k dispoz\u00edcii v\u0161etky prehliadky<br \/>\n<a href=\"https:\/\/www.visitbratislava.com\/sk\/sluzby\/bunker-tours\/\" target=\"_blank\" rel=\"noopener\">X-cursion prehliadka Jazda po \u017eeleznej opone<\/a> &#8211; len na objedn\u00e1vku pre 5 &#8211; 8 os\u00f4b<br \/>\n<a href=\"https:\/\/www.visitbratislava.com\/sk\/clenovia\/ck-tripito\/\" target=\"_blank\" rel=\"noopener\">Tripito<\/a> &#8211; prehliadky pod\u013ea po\u017eiadavky klientov<br \/>\n<a href=\"https:\/\/www.visitbratislava.com\/sk\/clenovia\/paxtravel-s-r-o\/\" target=\"_blank\" rel=\"noopener\">CK Pax travel<\/a><br \/>\n<a href=\"https:\/\/www.visitbratislava.com\/sk\/clenovia\/ing-jitka-spillerova-dowina\/\" target=\"_blank\" rel=\"noopener\">Dowina<\/a> &#8211; prehliadky pod\u013ea po\u017eiadavky klientov<br \/>\n<a href=\"https:\/\/www.visitbratislava.com\/sk\/clenovia\/ms-agency-s-r-o\/\" target=\"_blank\" rel=\"noopener\">MS Agency<\/a> &#8211; prehliadky pod\u013ea po\u017eiadavky klientov<br \/>\n<a href=\"https:\/\/www.visitbratislava.com\/sk\/sluzby\/prehliadka-mesta-na-segway\/\" target=\"_blank\" rel=\"noopener\">Bratislava segway<\/a> &#8211; prehliadky na objedn\u00e1vku<\/p>\n<h3><strong>Plavby po Dunaji<\/strong><\/h3>\n<p>*pri plavb\u00e1ch je nutn\u00e9 nosi\u0165 r\u00fa\u0161ko a dodr\u017eiava\u0165 2-metrov\u00fd odstup<\/p>\n<p><a href=\"https:\/\/www.visitbratislava.com\/sk\/sluzby\/twin-city-liner-do-viedne-a-spat\/\" target=\"_blank\" rel=\"noopener\">Twin City Liner<\/a> &#8211; moment\u00e1lne v prev\u00e1dzke vn\u00fatro\u0161t\u00e1tne plavby v r\u00e1mci Rak\u00faska, je potrebn\u00e9 sa dostavi\u0165 v dostato\u010dnom \u010dasovom predstihu pred plavbou, na lodi dodr\u017eiava\u0165 2 m odstup, plavby jedenkr\u00e1t za de\u0148 na trase Viede\u0148 &#8211; Bratislava sa spustia 1. augusta<br \/>\n<a href=\"https:\/\/www.visitbratislava.com\/sk\/clenovia\/slovenska-plavba-pristavy-lodna-osobna-doprava\/\" target=\"_blank\" rel=\"noopener\">L. O. D.<\/a> &#8211; k dispoz\u00edcii plavby: bratislavsk\u00fd okruh a Bratislava &#8211; Dev\u00edn &#8211; Bratislava, uprednost\u0148uje sa platba platobnou kartou, je potrebn\u00e9 sa dostavi\u0165 v dostato\u010dnom \u010dasovom predstihu pred plavbou<br \/>\n<a href=\"https:\/\/www.visitbratislava.com\/sk\/clenovia\/hot-chilli-lode-s-r-o\/\" target=\"_blank\" rel=\"noopener\">Hot chilli lode<\/a> &#8211; k dispoz\u00edcii plavby motorov\u00fdm \u010dlnom len na \u00fazem\u00ed Slovenska<br \/>\n<a href=\"https:\/\/www.visitbratislava.com\/sk\/clenovia\/hot-chilli-lode-s-r-o\/\" target=\"_blank\" rel=\"noopener\">Hot chilli lode<\/a> &#8211; od 1. j\u00fala k dispoz\u00edcii spustenie prev\u00e1dzky propeleru po\u010das v\u00edkendov<br \/>\n<a href=\"https:\/\/www.visitbratislava.com\/sk\/clenovia\/tour4u\/\" target=\"_blank\" rel=\"noopener\">Tour4U<\/a> &#8211; k dispoz\u00edcii plavby motorov\u00fdm \u010dlnom len na \u00fazem\u00ed Slovenska<br \/>\nVod\u00e1cke centrum &#8211; moment\u00e1lne k dispoz\u00edcii splavy len na objedn\u00e1vku<\/p>\n<h3>Vo\u013eno\u010dasov\u00e9 zariadenia a in\u00e9 aktivity<\/h3>\n<p>*dodr\u017eiavanie odstupu 2 metre a nutnos\u0165 nosenia r\u00fa\u0161ka vo vn\u00fatorn\u00fdch priestoroch atrakci\u00ed<\/p>\n<p><a href=\"https:\/\/www.visitbratislava.com\/sk\/miesta\/ufo\/\" target=\"_blank\" rel=\"noopener\">Vyhliadka UFO<\/a> &#8211; otvoren\u00e9 denne po\u010das \u0161tandardn\u00fdch otv\u00e1rac\u00edch hod\u00edn, v j\u00fani benefit pre dom\u00e1cich n\u00e1v\u0161tevn\u00edkov (rodiny s de\u0165mi) na vstup na vyhliadku<br \/>\n<a href=\"https:\/\/www.visitbratislava.com\/sk\/miesta\/kamzik\/\" target=\"_blank\" rel=\"noopener\">Vyhliadka Kamz\u00edk<\/a>\u00a0 &#8211; otvoren\u00e9: st &#8211; \u0161t: 11.00 &#8211; 20.00, pia &#8211; ne: 11.00 &#8211; 21.00<br \/>\n<a href=\"https:\/\/www.visitbratislava.com\/sk\/miesta\/zoo\/\" target=\"_blank\" rel=\"noopener\">ZOO Bratislava<\/a> &#8211; otvoren\u00e9 denne po\u010das \u0161tandardn\u00fdch otv\u00e1rac\u00edch hod\u00edn<br \/>\n<a href=\"https:\/\/www.visitbratislava.com\/sk\/miesta\/galeria-multium\/\" target=\"_blank\" rel=\"noopener\">Gal\u00e9ria Multium<\/a> &#8211; otvoren\u00e9 po\u010das \u0161tandardn\u00fdch otv\u00e1rac\u00edch hod\u00edn<br \/>\n<a href=\"https:\/\/www.visitbratislava.com\/sk\/miesta\/galeria-optickych-klamov-a-iluzii-tripland\/\" target=\"_blank\" rel=\"noopener\">Tripland<\/a>\u00a0&#8211; v j\u00fani obmedzen\u00e1 prev\u00e1dzkov\u00e1 doba (streda, piatok, sobota, nede\u013ea), otv\u00e1racie hodiny zost\u00e1vaj\u00fa \u0161tandardn\u00e9, potrebn\u00e1 online rezerv\u00e1cia vopred<br \/>\n<a href=\"https:\/\/card.visitbratislava.com\/sk\/discount\/slovak-photo\/\" target=\"_blank\" rel=\"noopener\">Slovak Photo ateli\u00e9r<\/a>\u00a0&#8211; otvoren\u00fd len na objedn\u00e1vku, fotenie je mo\u017en\u00e9 len pre jednotlivca alebo \u010dlenov jednej rodiny \u010di dom\u00e1cnosti<br \/>\n<a href=\"https:\/\/www.bnc-sk.sk\/\" target=\"_blank\" rel=\"noopener\">Bowlingov\u00e9 n\u00e1rodn\u00e9 centrum<\/a>\u00a0&#8211; bowling mo\u017en\u00fd len pre hr\u00e1\u010dov s klubovou pr\u00edslu\u0161nos\u0165ou, pre verejnos\u0165 zatia\u013e zatvoren\u00e9<br \/>\n<a href=\"https:\/\/www.visitbratislava.com\/sk\/miesta\/escape-room-bratislava\/\" target=\"_blank\" rel=\"noopener\">Brainteaselava<\/a>\u00a0&#8211; aktivita escape room zatia\u013e nie je k dispoz\u00edcii, na objedn\u00e1vku realizuj\u00fa len prehliadku city game<br \/>\n<a href=\"https:\/\/www.visitbratislava.com\/sk\/miesta\/skywalk-ufo\/\" target=\"_blank\" rel=\"noopener\">Skywalk<\/a> &#8211; aktivita dostupn\u00e1 v \u0161tandardn\u00fdch term\u00ednoch, nutn\u00e1 rezerv\u00e1cia<br \/>\n<a href=\"https:\/\/www.visitbratislava.com\/sk\/zazite-bratislavu-v-pohybe\/\" target=\"_blank\" rel=\"noopener\">Kyvadlov\u00fd zoskok z mosta Lafranconi<\/a><br \/>\n<a href=\"https:\/\/www.visitbratislava.com\/sk\/miesta\/hangair\/\" target=\"_blank\" rel=\"noopener\">Hangair<\/a><br \/>\n<a href=\"https:\/\/lezeckecentrum.sk\/\" target=\"_blank\" rel=\"noopener\">Lezeck\u00e9 centrum Vertigo<\/a><br \/>\n<a href=\"https:\/\/www.facebook.com\/pg\/warlords.sk\/posts\/\" target=\"_blank\" rel=\"noopener\">Warlords paintball club<\/a><br \/>\n<a href=\"https:\/\/www.laserarena.sk\/\" target=\"_blank\" rel=\"noopener\">Laser arena<\/a><br \/>\n<a href=\"https:\/\/www.kartonearena.sk\/\" target=\"_blank\" rel=\"noopener\">Kart one ar\u00e9na<\/a> &#8211; upraven\u00e9 otv\u00e1racie hodiny platn\u00e9 v j\u00fani: po &#8211; so: 12:00 &#8211; 22:00<br \/>\n<a href=\"http:\/\/www.motokary.sk\/\" target=\"_blank\" rel=\"noopener\">Motok\u00e1ry max 60<\/a> &#8211; upraven\u00e9 otv\u00e1racie hodiny: po &#8211; pia: 12:00 &#8211; 22:00, so &#8211; ne: 11:00 &#8211; 22:00<br \/>\n<a href=\"https:\/\/www.tarzania.sk\/\" target=\"_blank\" rel=\"noopener\">Tarz\u00e1nia<\/a> &#8211; upraven\u00e9 otv\u00e1racie hodiny (zmena v z\u00e1vislosti od po\u010dasia): po &#8211; pia: 13:00 &#8211; 20:00, so &#8211; ne: 10:00 &#8211; 20:00<br \/>\n<a href=\"https:\/\/www.lanoland.sk\/\" target=\"_blank\" rel=\"noopener\">Lanoland<\/a> &#8211; predpokladan\u00fd term\u00edn otvorenia v polovici j\u00fana<br \/>\n<a href=\"https:\/\/www.visitbratislava.com\/sk\/miesta\/wakelake\/\" target=\"_blank\" rel=\"noopener\">Wakelake<\/a> &#8211; upraven\u00e9 otv\u00e1racie hodiny platn\u00e9 v j\u00fani: po &#8211; ne 9:00 &#8211; 20:30<br \/>\n<a href=\"https:\/\/www.visitbratislava.com\/sk\/miesta\/slovenska-filharmonia\/\" target=\"_blank\" rel=\"noopener\">Slovensk\u00e1 filharm\u00f3nia<\/a> &#8211; pokladnica otvoren\u00e1 v utorky, stredy a \u0161tvrtky v\u017edy od 13:00 do 17:00, napl\u00e1novan\u00e9 j\u00fanov\u00e9 koncerty zru\u0161en\u00e9, 4 mimoriadne j\u00fanov\u00e9 koncerty za \u00fa\u010dasti publika (prednostne pre zdravotn\u00edcky person\u00e1l ako po\u010fakovanie) sa bud\u00fa kona\u0165 9. 6., 16. 6., 23. 6. a 30.6., bud\u00fa dostupn\u00e9 aj online, je potrebn\u00e9 \u0161achovnicov\u00e9 sedenie<br \/>\n<a href=\"https:\/\/www.visitbratislava.com\/sk\/miesta\/slovenske-narodne-divadlo\/\" target=\"_blank\" rel=\"noopener\">Slovensk\u00e9 n\u00e1rodn\u00e9 divadlo<\/a> &#8211; j\u00fanov\u00e9 predstavenia zru\u0161en\u00e9, pokladnica zatvoren\u00e1, za\u010diatok novej sez\u00f3ny od septembra<br \/>\n<a href=\"https:\/\/www.visitbratislava.com\/sk\/miesta\/red-cat-cabaret-club\/\">Red Cat Cabaret<\/a>\u00a0&#8211; kabaretn\u00e9 predstavenia sa moment\u00e1lne nekonaj\u00fa, prv\u00e9 predstavenia k dispoz\u00edcii od druhej polovice augusta, ofici\u00e1lny za\u010diatok sez\u00f3ny v\u0161ak bude 11. alebo 12. septembra<br \/>\n<a href=\"https:\/\/www.visitbratislava.com\/sk\/miesta\/botanicka-zahrada\/\">Botanick\u00e1 z\u00e1hrada<\/a>\u00a0&#8211; pr\u00edstupn\u00fd je vonkaj\u0161\u00ed are\u00e1l aj sklen\u00edky, vstup do are\u00e1lu je zak\u00e1zan\u00fd v pr\u00edpade pr\u00edznakov respira\u010dn\u00fdch chor\u00f4b<br \/>\n<a href=\"https:\/\/www.visitbratislava.com\/sk\/miesta\/divoka-voda-cunovo\/\">Divok\u00e1 voda \u010cunovo<\/a> &#8211; v plnej prev\u00e1dzke vr\u00e1tane ubytovania a stravovania<br \/>\n<a href=\"https:\/\/www.visitbratislava.com\/sk\/miesta\/zazitkove-centrum-vedy-aurelium\/\">Z\u00e1\u017eitkov\u00e9 centrum Aurelium<\/a> &#8211; otvoren\u00e9 po\u010das \u0161tandardn\u00fdch otv\u00e1rac\u00edch hod\u00edn, od 10. &#8211; 18. 6. mimoriadne zatvoren\u00e9<br \/>\n<a href=\"https:\/\/www.visitbratislava.com\/sk\/miesta\/lanovka-zelezna-studnicka\/\">Lanovka \u017delezn\u00e1 studni\u010dka &#8211; Kamz\u00edk<\/a> &#8211; prem\u00e1va v\u017edy od stredy do nedele ka\u017ed\u00fa cel\u00fa hodinu od 10:00 do 18:00, posledn\u00e1 jazda oboma smermi o 17:45, posledn\u00e1 jazda jedn\u00fdm smerom o 18:00, povinnos\u0165 nosenia r\u00fa\u0161ka len pri k\u00fape l\u00edstka v pokladnici a pri n\u00e1stupe, po\u010das jazdy sa r\u00fa\u0161ko nevy\u017eaduje<br \/>\n<a href=\"http:\/\/www.bobodraha.sk\/Bobodraha\/Vitajte.html\" target=\"_blank\" rel=\"noopener\">Bobov\u00e1 dr\u00e1ha Koliba<\/a> &#8211; k dispoz\u00edcii po\u010das \u0161tandardn\u00fdch prev\u00e1dzkov\u00fdch hod\u00edn, teda po\u010das v\u00edkendov od 10:00 do 18:00, povinnos\u0165 nosenia r\u00fa\u0161ka len pri k\u00fape l\u00edstka v pokladnici a pri n\u00e1stupe, po\u010das jazdy sa r\u00fa\u0161ko nevy\u017eaduje<br \/>\n<a href=\"https:\/\/www.visitbratislava.com\/sk\/miesta\/katedrala-sv-martina\/\">D\u00f3m sv. Martina<\/a> &#8211; prehliadky katedr\u00e1ly s\u00fa mo\u017en\u00e9 denne po\u010das \u0161tandardn\u00fdch otv\u00e1rac\u00edch hod\u00edn, klenotnica je zatvoren\u00e1 do odvolania<br \/>\n<a href=\"https:\/\/www.visitbratislava.com\/sk\/miesta\/modry-kostol\/\">Modr\u00fd kostol\u00edk<\/a> &#8211; pr\u00edstupn\u00fd len pre veriacich po\u010das sv\u00e4t\u00fdch om\u0161\u00ed, kostol sa otv\u00e1ra 15 min\u00fat pred ich za\u010diatkom, z\u00e1kaz vstupu bez vyzvania kostoln\u00edkom, po\u010das om\u0161\u00ed je potrebn\u00e9 dodr\u017eiava\u0165 odstup min. 2 m, a to aj vonku pred kostolom<br \/>\n<a href=\"https:\/\/www.visitbratislava.com\/sk\/clenovia\/renata-hermysova-majolika-r\/\">Majolika-R<\/a> &#8211;\u00a0 k dispoz\u00edcii od 1.7. prehliadky pre 3 &#8211; 5 os\u00f4b<br \/>\n<a href=\"https:\/\/www.majolika.sk\/\" target=\"_blank\" rel=\"noopener\">Slovensk\u00e1 \u013eudov\u00e1 majolika<\/a>\u00a0&#8211; v ponuke exkurzie aj workshopy<\/p>\n<hr \/>\n<h2><a href=\"https:\/\/www.visitbratislava.com\/wp-content\/uploads\/2020\/06\/Ubytovanie.pdf\" target=\"_blank\" rel=\"noopener\">Otvoren\u00e9 hotely a in\u00e9 ubytovacie zariadenia<\/a><\/h2>\n<h2><a href=\"https:\/\/www.visitbratislava.com\/wp-content\/uploads\/2020\/06\/Re%C5%A1taur%C3%A1cie.pdf\" target=\"_blank\" rel=\"noopener\">Otvoren\u00e9 re\u0161taur\u00e1cie, cukr\u00e1rne a bary<\/a><\/h2>\n","protected":false},"excerpt":{"rendered":"<p>Zoznam otvoren\u00fdch prev\u00e1dzok, m\u00faze\u00ed, gal\u00e9ri\u00ed a in\u00fdch atrakci\u00ed. <\/p>\n","protected":false},"author":25,"featured_media":17372,"parent":0,"menu_order":0,"comment_status":"closed","ping_status":"closed","template":"","meta":[],"acf":[],"_links":{"self":[{"href":"https:\/\/www.visitbratislava.com\/sk\/wp-json\/wp\/v2\/pages\/78767"}],"collection":[{"href":"https:\/\/www.visitbratislava.com\/sk\/wp-json\/wp\/v2\/pages"}],"about":[{"href":"https:\/\/www.visitbratislava.com\/sk\/wp-json\/wp\/v2\/types\/page"}],"author":[{"embeddable":true,"href":"https:\/\/www.visitbratislava.com\/sk\/wp-json\/wp\/v2\/users\/25"}],"replies":[{"embeddable":true,"href":"https:\/\/www.visitbratislava.com\/sk\/wp-json\/wp\/v2\/comments?post=78767"}],"version-history":[{"count":0,"href":"https:\/\/www.visitbratislava.com\/sk\/wp-json\/wp\/v2\/pages\/78767\/revisions"}],"wp:featuredmedia":[{"embeddable":true,"href":"https:\/\/www.visitbratislava.com\/sk\/wp-json\/wp\/v2\/media\/17372"}],"wp:attachment":[{"href":"https:\/\/www.visitbratislava.com\/sk\/wp-json\/wp\/v2\/media?parent=78767"}],"curies":[{"name":"wp","href":"https:\/\/api.w.org\/{rel}","templated":true}]}}