{"id":80100,"date":"2020-07-08T15:54:42","date_gmt":"2020-07-08T13:54:42","guid":{"rendered":"https:\/\/www.visitbratislava.com\/?page_id=80100\/"},"modified":"2021-06-28T16:44:00","modified_gmt":"2021-06-28T14:44:00","slug":"dotaznik","status":"publish","type":"page","link":"https:\/\/www.visitbratislava.com\/sk\/dotaznik\/","title":{"rendered":"\u010co si mysl\u00edte o Bratislave? Pomohli ste s dotazn\u00edkom a vyhrali ste super ceny"},"content":{"rendered":"<h3>Pozn\u00e1me \u0161\u0165astn\u00fdch v\u00fdhercov:<\/h3>\n<ul>\n<li>1-kr\u00e1t v\u00edkendov\u00fd pobyt (2 noci) v 4* hoteli v centre Bratislavy s ra\u0148ajkami pre 2 osoby, 1-kr\u00e1t ve\u010deru pre 2 osoby, ochutn\u00e1vku v\u00edna v N\u00e1rodnom sal\u00f3ne v\u00edn pre 2 osoby a 2-kr\u00e1t 2-d\u0148ov\u00fa Bratislava Card vyhral \u00fa\u010dastn\u00edk s e-mailom jm**@orangemail.sk z Trnavsk\u00e9ho kraja<\/li>\n<li>5-kr\u00e1t 3-d\u0148ov\u00fa Bratislava CARD pre 2 osoby vyhrali \u00fa\u010dastn\u00edci s nasleduj\u00facimi e-mailmi: sliva.r***@centrum.sk z Trnavsk\u00e9ho kraja, zuzanazo******@post.sk zo \u017dilinsk\u00e9ho kraja,\u00a0 alena.pe*********@gmail.com z Ko\u0161ick\u00e9ho kraja, marian.dv******@gmail.com z Pre\u0161ovsk\u00e9ho kraja, m.jur*****@gmail.com z Tren\u010dianskeho kraja<\/li>\n<\/ul>\n<p>S\u00fa\u0165a\u017e sa konala od 20. 5. do 7. 6. 2021.<\/p>\n","protected":false},"excerpt":{"rendered":"<p>Nap\u00edsali ste n\u00e1m, \u010do si mysl\u00edte o\u00a0Bratislave. Vyplnili ste kr\u00e1tky dotazn\u00edk a boli ste zaraden\u00ed do \u017erebovania o luxusn\u00fd pobyt v Bratislave pre 2 osoby a 3-d\u0148ov\u00e9 turistick\u00e9 karty Bratislava CARD.<\/p>\n","protected":false},"author":25,"featured_media":103333,"parent":0,"menu_order":0,"comment_status":"closed","ping_status":"closed","template":"","meta":[],"acf":[],"_links":{"self":[{"href":"https:\/\/www.visitbratislava.com\/sk\/wp-json\/wp\/v2\/pages\/80100"}],"collection":[{"href":"https:\/\/www.visitbratislava.com\/sk\/wp-json\/wp\/v2\/pages"}],"about":[{"href":"https:\/\/www.visitbratislava.com\/sk\/wp-json\/wp\/v2\/types\/page"}],"author":[{"embeddable":true,"href":"https:\/\/www.visitbratislava.com\/sk\/wp-json\/wp\/v2\/users\/25"}],"replies":[{"embeddable":true,"href":"https:\/\/www.visitbratislava.com\/sk\/wp-json\/wp\/v2\/comments?post=80100"}],"version-history":[{"count":0,"href":"https:\/\/www.visitbratislava.com\/sk\/wp-json\/wp\/v2\/pages\/80100\/revisions"}],"wp:featuredmedia":[{"embeddable":true,"href":"https:\/\/www.visitbratislava.com\/sk\/wp-json\/wp\/v2\/media\/103333"}],"wp:attachment":[{"href":"https:\/\/www.visitbratislava.com\/sk\/wp-json\/wp\/v2\/media?parent=80100"}],"curies":[{"name":"wp","href":"https:\/\/api.w.org\/{rel}","templated":true}]}}