{"id":94119,"date":"2020-09-17T13:25:09","date_gmt":"2020-09-17T11:25:09","guid":{"rendered":"https:\/\/www.visitbratislava.com\/?page_id=94119"},"modified":"2020-09-21T15:37:57","modified_gmt":"2020-09-21T13:37:57","slug":"55-vyrocie","status":"publish","type":"page","link":"https:\/\/www.visitbratislava.com\/sk\/55-vyrocie\/","title":{"rendered":"55. v\u00fdro\u010die Turistick\u00e9ho informa\u010dn\u00e9ho centra"},"content":{"rendered":"<p>Prv\u00e9 informa\u010dn\u00e9 centrum v Bratislave, ako aj na celom Slovensku sa otvorilo 29. apr\u00edla 1965. V Zelenom dome na rohu Sedl\u00e1rskej a Zelenej ulice sa BIS okrem informa\u010dnej \u010dinnosti vo svojich po\u010diatkoch venovalo aj vlastivednej a tlmo\u010dn\u00edcko-prekladate\u013eskej \u010dinnosti, nesk\u00f4r vzdel\u00e1vaniu vlastivedn\u00fdch sprievodcov. Turistick\u00e9 informa\u010dn\u00e9 centrum moment\u00e1lne s\u00eddli na Klobu\u010dn\u00edckej ulici pri Primaci\u00e1lnom pal\u00e1ci a jeho slu\u017eby nevyu\u017e\u00edvaj\u00fa iba dom\u00e1ci a zahrani\u010dn\u00ed n\u00e1v\u0161tevn\u00edci Bratislavy, ale vo ve\u013ekej miere aj obyvatelia mesta.<\/p>\n<p>&nbsp;<\/p>\n","protected":false},"excerpt":{"rendered":"<p>Osl\u00e1vte spolu s nami 55. v\u00fdro\u010die otvorenia Turistick\u00e9ho informa\u010dn\u00e9ho centra a nav\u0161t\u00edvte bratislavsk\u00e9 z\u00e1kutia na bezplatn\u00fdch vych\u00e1dzkach!<\/p>\n","protected":false},"author":25,"featured_media":94182,"parent":0,"menu_order":0,"comment_status":"closed","ping_status":"closed","template":"tpl-page-grid.php","meta":[],"acf":[],"_links":{"self":[{"href":"https:\/\/www.visitbratislava.com\/sk\/wp-json\/wp\/v2\/pages\/94119"}],"collection":[{"href":"https:\/\/www.visitbratislava.com\/sk\/wp-json\/wp\/v2\/pages"}],"about":[{"href":"https:\/\/www.visitbratislava.com\/sk\/wp-json\/wp\/v2\/types\/page"}],"author":[{"embeddable":true,"href":"https:\/\/www.visitbratislava.com\/sk\/wp-json\/wp\/v2\/users\/25"}],"replies":[{"embeddable":true,"href":"https:\/\/www.visitbratislava.com\/sk\/wp-json\/wp\/v2\/comments?post=94119"}],"version-history":[{"count":0,"href":"https:\/\/www.visitbratislava.com\/sk\/wp-json\/wp\/v2\/pages\/94119\/revisions"}],"wp:featuredmedia":[{"embeddable":true,"href":"https:\/\/www.visitbratislava.com\/sk\/wp-json\/wp\/v2\/media\/94182"}],"wp:attachment":[{"href":"https:\/\/www.visitbratislava.com\/sk\/wp-json\/wp\/v2\/media?parent=94119"}],"curies":[{"name":"wp","href":"https:\/\/api.w.org\/{rel}","templated":true}]}}