{"id":94192,"date":"2020-09-18T15:16:46","date_gmt":"2020-09-18T13:16:46","guid":{"rendered":"https:\/\/www.visitbratislava.com\/?page_id=94192"},"modified":"2020-09-21T15:37:03","modified_gmt":"2020-09-21T13:37:03","slug":"bezplatne-vychadzky-v-nedelu-27-9","status":"publish","type":"page","link":"https:\/\/www.visitbratislava.com\/sk\/bezplatne-vychadzky-v-nedelu-27-9\/","title":{"rendered":"Bezplatn\u00e9 vych\u00e1dzky 27. 9."},"content":{"rendered":"<h3><strong>10:00\u00a0<\/strong> <strong>Antick\u00ed hrdinovia na bratislavsk\u00fdch pamiatkach<\/strong><\/h3>\n<p>Pr\u00edbehmi a\u00a0postavami z\u00a0gr\u00e9ckej mytol\u00f3gie sa radi in\u0161pirovali umelci pri v\u00fdzdobe pal\u00e1cov a\u00a0budov. Naj\u010dastej\u0161ie sa v\u0161ak stali ob\u013e\u00faben\u00fdm n\u00e1metom pri tvorbe font\u00e1n. Vych\u00e1dzka n\u00e1m ich predstav\u00ed skryt\u00e9 v\u00a0uli\u010dk\u00e1ch historick\u00e9ho centra mesta.<\/p>\n<p><strong>Miesto stretnutia:<\/strong> pri studni na Primaci\u00e1lnom n\u00e1mest\u00ed, sprev\u00e1dza Helena Navr\u00e1tilov\u00e1<\/p>\n<h3><strong>11:00\u00a0 \u010criepky zo \u017eidovskej hist\u00f3rie Bratislavy<\/strong><\/h3>\n<p>V historickom centre n\u00e1\u0161ho mesta je roztr\u00fasen\u00fdch viacero st\u00f4p a nen\u00e1padn\u00fdch pam\u00e4tn\u00edkov, odkazuj\u00facich na jeho niekdaj\u0161\u00edch \u017eidovsk\u00fdch obyvate\u013eov. Na miestach spojen\u00fdch so \u017eidovskou komunitou sa pristav\u00edme a o\u00a0niektor\u00fdch (pov\u00e4\u010d\u0161ine smutn\u00fdch) osudoch si povieme viac pr\u00e1ve na tejto prehliadke.<\/p>\n<p><strong>Miesto stretnutia:<\/strong> pri Morovom st\u013ape na Rybnom n\u00e1mest\u00ed, sprev\u00e1dza \u013dubica Toma\u0161t\u00edkov\u00e1<\/p>\n<h3><strong>14:00\u00a0 Po stop\u00e1ch sl\u00e1vnych hudobn\u00edkov<\/strong><\/h3>\n<p>Vych\u00e1dzka bude zameran\u00e1 na Bratislavu ako \u201emesto hudby\u201c, pri\u010dom sa vyd\u00e1te po stop\u00e1ch sl\u00e1vnych i menej zn\u00e1mych hudobn\u00edkov, ktor\u00ed v na\u0161om meste p\u00f4sobili a pozdvihli jeho kult\u00farnu \u00farove\u0148 alebo ho len kr\u00e1tko nav\u0161t\u00edvili, ale dodali t\u00fdm mestu nezmazate\u013en\u00fd punc svojej pr\u00edtomnosti.<\/p>\n<p><strong>Miesto stretnutia:<\/strong> pri studni na Primaci\u00e1lnom n\u00e1mest\u00ed, sprev\u00e1dza Zuzana God\u00e1rov\u00e1<\/p>\n<h3><strong>15:00\u00a0 Nen\u00e1padn\u00ed hrdinovia<\/strong><\/h3>\n<p>V na\u0161ich dejin\u00e1ch m\u00e1me mnoho pr\u00edbehov \u013eud\u00ed prenasledovan\u00fdch po\u010das dvoch totalitn\u00fdch re\u017eimov v 20. storo\u010d\u00ed. Pr\u00ed\u010fte spozna\u0165 pr\u00edbehy nen\u00e1padn\u00fdch hrdinov cez pam\u00e4tn\u00edky, miesta a budovy, cez osudy t\u00fdch, ktor\u00fdch mu\u010dili za to, \u017ee boli vern\u00ed pravde, ale aj cez predstavite\u013eov komunistick\u00e9ho re\u017eimu.<\/p>\n<p><strong>Miesto stretnutia:<\/strong> z\u00e1stavka \u00darad vl\u00e1dy SR (trolejbus 203, smer B\u00fadkov\u00e1), sprev\u00e1dza Iveta \u0160imove<\/p>\n<h3><strong>16:00\u00a0 Ondrejsk\u00fd cintor\u00edn a Medick\u00e1 z\u00e1hrada<\/strong><\/h3>\n<p>Ondrejsk\u00fd cintor\u00edn, ponoren\u00fd v zeleni lahodiacej oku i du\u0161i, je jedn\u00fdm z najstar\u0161\u00edch pietnych miest na \u00fazem\u00ed Bratislavy. S\u00fa tu pochovan\u00ed \u013eudia, ktor\u00ed sa v\u00fdznamne zasl\u00fa\u017eili o rozvoj mesta, v\u00fdtvarn\u00edci, spisovatelia aj \u00a0kultov\u00fd eleg\u00e1n Sch\u00f6ne N\u00e1ci. Zaspom\u00edname si aj na ob\u013e\u00faben\u00e9ho lok\u00e1lpatriota a humoristu J\u00faliusa Satinsk\u00e9ho. Susediaca ob\u013e\u00faben\u00e1 Medick\u00e1 z\u00e1hrada n\u00e1m pon\u00fakne zasl\u00fa\u017een\u00fd relax na z\u00e1ver.<\/p>\n<p><strong>Miesto stretnutia:<\/strong> pred Chr\u00e1mom pov\u00fd\u0161enia sv\u00e4t\u00e9ho kr\u00ed\u017ea, Ulica. 29.augusta, sprev\u00e1dza Milan Pe\u0161ko<\/p>\n<h3><strong>Pre deti<\/strong><\/h3>\n<p><strong>10:00\u00a0 Bratislavsk\u00e9 zauj\u00edmavosti a unik\u00e1ty<\/strong><\/p>\n<p>Bratislava opl\u00fdva pamiatkami \u010di zauj\u00edmavos\u0165ami, okolo ktor\u00fdch denne prejd\u00fa tis\u00edcky \u013eud\u00ed bez toho, aby poznali ich tajomstvo. S\u00fa jedine\u010dn\u00e9 nielen z poh\u013eadu Slovenska, ale i v r\u00e1mci Eur\u00f3py. N\u00e1jdu sa tu v\u0161ak i svetov\u00e9 rarity. \u010co v\u0161etko stoj\u00ed za pozornos\u0165 de\u0165om, predstav\u00edme po\u010das tejto neoby\u010dajnej prehliadky.<\/p>\n<p>Vhodn\u00e9 pre deti od 7 rokov, iba v\u00a0sprievode bl\u00edzkej dospelej osoby.<\/p>\n<p><strong>Miesto stretnutia:<\/strong> pri studni na Primaci\u00e1lnom n\u00e1mest\u00ed, sprev\u00e1dza Mari\u00e1n Bila\u010di\u010d<\/p>\n<p><strong>Na t\u00fato vych\u00e1dzku sa je potrebn\u00e9 prihl\u00e1si\u0165, rezerva\u010dn\u00fd formul\u00e1r n\u00e1jdete <a href=\"https:\/\/www.visitbratislava.com\/sk\/rezervacny-formular-vychadzka-27-9-pre-deti\/\" target=\"_blank\" rel=\"noopener noreferrer\">TU<\/a>.<\/strong><\/p>\n<h3>Pre expatov<\/h3>\n<p><strong>10.00 Prehliadka s lok\u00e1lnym sprievodcom v anglickom jazyku<\/strong><\/p>\n<p><strong>Miesto stretnutia:<\/strong> TIC Klobu\u010dn\u00edcka<\/p>\n<p>Viac inform\u00e1ci\u00ed v anglickom jazyku a rezerva\u010dn\u00fd formul\u00e1r na t\u00fato vych\u00e1dzku n\u00e1jdete <a href=\"https:\/\/www.visitbratislava.com\/event\/guided-walking-tour-with-a-local\/\" target=\"_blank\" rel=\"noopener noreferrer\">TU<\/a>.<\/p>\n<hr \/>\n<p><strong>Maxim\u00e1lny po\u010det \u00fa\u010dastn\u00edkov na vych\u00e1dzke:<\/strong> 40 os\u00f4b<\/p>\n<p><em>Pros\u00edme o dodr\u017eiavanie bezpe\u010dnostn\u00fdch a hygienick\u00fdch opatren\u00ed v s\u00falade s platn\u00fdm rozhodnut\u00edm Region\u00e1lneho \u00faradu verejn\u00e9ho zdravotn\u00edctva.<\/em><\/p>\n","protected":false},"excerpt":{"rendered":"<p>10:00\u00a0 Antick\u00ed hrdinovia na bratislavsk\u00fdch pamiatkach Pr\u00edbehmi a\u00a0postavami z\u00a0gr\u00e9ckej mytol\u00f3gie sa radi in\u0161pirovali umelci pri v\u00fdzdobe pal\u00e1cov a\u00a0budov. Naj\u010dastej\u0161ie sa v\u0161ak stali ob\u013e\u00faben\u00fdm n\u00e1metom pri tvorbe font\u00e1n. Vych\u00e1dzka n\u00e1m ich predstav\u00ed skryt\u00e9 v\u00a0uli\u010dk\u00e1ch historick\u00e9ho centra mesta. Miesto stretnutia: pri studni na Primaci\u00e1lnom n\u00e1mest\u00ed, sprev\u00e1dza Helena Navr\u00e1tilov\u00e1 11:00\u00a0 \u010criepky zo \u017eidovskej hist\u00f3rie Bratislavy V historickom centre [&hellip;]<\/p>\n","protected":false},"author":25,"featured_media":94198,"parent":0,"menu_order":0,"comment_status":"closed","ping_status":"closed","template":"","meta":[],"acf":[],"_links":{"self":[{"href":"https:\/\/www.visitbratislava.com\/sk\/wp-json\/wp\/v2\/pages\/94192"}],"collection":[{"href":"https:\/\/www.visitbratislava.com\/sk\/wp-json\/wp\/v2\/pages"}],"about":[{"href":"https:\/\/www.visitbratislava.com\/sk\/wp-json\/wp\/v2\/types\/page"}],"author":[{"embeddable":true,"href":"https:\/\/www.visitbratislava.com\/sk\/wp-json\/wp\/v2\/users\/25"}],"replies":[{"embeddable":true,"href":"https:\/\/www.visitbratislava.com\/sk\/wp-json\/wp\/v2\/comments?post=94192"}],"version-history":[{"count":0,"href":"https:\/\/www.visitbratislava.com\/sk\/wp-json\/wp\/v2\/pages\/94192\/revisions"}],"wp:featuredmedia":[{"embeddable":true,"href":"https:\/\/www.visitbratislava.com\/sk\/wp-json\/wp\/v2\/media\/94198"}],"wp:attachment":[{"href":"https:\/\/www.visitbratislava.com\/sk\/wp-json\/wp\/v2\/media?parent=94192"}],"curies":[{"name":"wp","href":"https:\/\/api.w.org\/{rel}","templated":true}]}}