{"id":94208,"date":"2020-09-18T15:23:40","date_gmt":"2020-09-18T13:23:40","guid":{"rendered":"https:\/\/www.visitbratislava.com\/?page_id=94208"},"modified":"2020-09-21T16:59:14","modified_gmt":"2020-09-21T14:59:14","slug":"bezplatna-vychadzka-23-9-mosty-pre-pohybovo-znevyhodnenych","status":"publish","type":"page","link":"https:\/\/www.visitbratislava.com\/sk\/bezplatna-vychadzka-23-9-mosty-pre-pohybovo-znevyhodnenych\/","title":{"rendered":"Vych\u00e1dzka 23. 9. &#8211; MOSTY pre pohybovo znev\u00fdhodnen\u00fdch"},"content":{"rendered":"<p>Poz\u00fdvame v\u00e1s na \u010fal\u0161iu vlastivedn\u00fa vych\u00e1dzku o zauj\u00edmavostiach n\u00e1\u0161ho hlavn\u00e9ho mesta v r\u00e1mci cyklu PREHLIADKY BRATISLAVY NA 4 KOLES\u00c1CH. Panor\u00e1mu mesta si tentokr\u00e1t pozriete aj z prav\u00e9ho brehu Dunaja, ktor\u00fd nebol v\u017edy samozrejmou s\u00fa\u010das\u0165ou Bratislavy. Bezbari\u00e9rovo sa prejdeme po nejednom z bratislavsk\u00fdch mostov a povieme si o ich hist\u00f3rii, vyu\u017eit\u00ed a zvl\u00e1\u0161tnostiach. Nevynech\u00e1me ani sl\u00e1vnu a \u017eiv\u00fa font\u00e1nu soch\u00e1ra R. K\u00fchmayera \u010di chodn\u00edk k prv\u00e9mu verejn\u00e9mu parku v strednej Eur\u00f3pe, kde sa ukr\u00fdva jeden z najstar\u0161\u00edch gotick\u00fdch skvostov na \u00fazem\u00ed Slovenska.<\/p>\n<p>Exkurzia bude ozvu\u010den\u00e1 minivysiela\u010dkami so sl\u00fachadlami, v\u010faka \u010domu m\u00f4\u017eete dodr\u017eiava\u0165 aj bezpe\u010dn\u00e9 rozstupy.<\/p>\n<p><strong>Maxim\u00e1lny po\u010det \u00fa\u010dastn\u00edkov na vych\u00e1dzke:<\/strong>\u00a020 os\u00f4b.<\/p>\n<p><strong>Term\u00edn a\u00a0miesto stretnutia prehliadky:<\/strong> 17:00 na \u0160af\u00e1rikovom n\u00e1mest\u00ed v par\u010d\u00edku pri Ka\u010dacej font\u00e1ne, sprev\u00e1dza Milan Hulej<\/p>\n<p><strong>Rezerv\u00e1cia: <\/strong>\u00fa\u010das\u0165 je bezplatn\u00e1 &#8211; nahl\u00e1ste n\u00e1m v\u0161ak vopred va\u0161u \u00fa\u010das\u0165 najnesk\u00f4r do 22.9. do 14:00 kv\u00f4li zabezpe\u010deniu minivysiela\u010diek. Ohl\u00e1ste sa bu\u010f mailom <a href=\"mailto:omd@omdvsr.sk\">omd@omdvsr.sk<\/a>, alebo telefonicky 0948 529976. Viac inform\u00e1ci\u00ed n\u00e1jdete <a href=\"http:\/\/www.omdvsr.sk\/images\/TS%20NA4KOLESACH%20-%20MOSTY%20-%2023.9.2020.pdf\" target=\"_blank\" rel=\"noopener noreferrer\">TU<\/a>.<\/p>\n<p>Prehliadka MOSTY je s\u00fa\u010das\u0165ou cyklu PREHLIADKY BRATISLAVOU NA 4 KOLES\u00c1CH v spolupr\u00e1ci s Organiz\u00e1ciou muskul\u00e1rnych dystrofikov v SR &#8211; Agent\u00fara osobnej asistencie.<\/p>\n","protected":false},"excerpt":{"rendered":"<p>Poz\u00fdvame v\u00e1s na \u010fal\u0161iu vlastivedn\u00fa vych\u00e1dzku o zauj\u00edmavostiach n\u00e1\u0161ho hlavn\u00e9ho mesta v r\u00e1mci cyklu PREHLIADKY BRATISLAVY NA 4 KOLES\u00c1CH. Panor\u00e1mu mesta si tentokr\u00e1t pozriete aj z prav\u00e9ho brehu Dunaja, ktor\u00fd nebol v\u017edy samozrejmou s\u00fa\u010das\u0165ou Bratislavy. Bezbari\u00e9rovo sa prejdeme po nejednom z bratislavsk\u00fdch mostov a povieme si o ich hist\u00f3rii, vyu\u017eit\u00ed a zvl\u00e1\u0161tnostiach. Nevynech\u00e1me ani sl\u00e1vnu [&hellip;]<\/p>\n","protected":false},"author":25,"featured_media":94209,"parent":0,"menu_order":0,"comment_status":"closed","ping_status":"closed","template":"","meta":[],"acf":[],"_links":{"self":[{"href":"https:\/\/www.visitbratislava.com\/sk\/wp-json\/wp\/v2\/pages\/94208"}],"collection":[{"href":"https:\/\/www.visitbratislava.com\/sk\/wp-json\/wp\/v2\/pages"}],"about":[{"href":"https:\/\/www.visitbratislava.com\/sk\/wp-json\/wp\/v2\/types\/page"}],"author":[{"embeddable":true,"href":"https:\/\/www.visitbratislava.com\/sk\/wp-json\/wp\/v2\/users\/25"}],"replies":[{"embeddable":true,"href":"https:\/\/www.visitbratislava.com\/sk\/wp-json\/wp\/v2\/comments?post=94208"}],"version-history":[{"count":0,"href":"https:\/\/www.visitbratislava.com\/sk\/wp-json\/wp\/v2\/pages\/94208\/revisions"}],"wp:featuredmedia":[{"embeddable":true,"href":"https:\/\/www.visitbratislava.com\/sk\/wp-json\/wp\/v2\/media\/94209"}],"wp:attachment":[{"href":"https:\/\/www.visitbratislava.com\/sk\/wp-json\/wp\/v2\/media?parent=94208"}],"curies":[{"name":"wp","href":"https:\/\/api.w.org\/{rel}","templated":true}]}}