{"id":94214,"date":"2020-09-18T15:29:35","date_gmt":"2020-09-18T13:29:35","guid":{"rendered":"https:\/\/www.visitbratislava.com\/?page_id=94214"},"modified":"2020-09-18T16:12:56","modified_gmt":"2020-09-18T14:12:56","slug":"bezplatna-vychadzka-25-9-bratislavske-korzo","status":"publish","type":"page","link":"https:\/\/www.visitbratislava.com\/sk\/bezplatna-vychadzka-25-9-bratislavske-korzo\/","title":{"rendered":"Bezplatn\u00e1 vych\u00e1dzka 25. 9. &#8211; Bratislavsk\u00e9 korzo"},"content":{"rendered":"<p>Ako vyzerala zn\u00e1ma promen\u00e1da, kde si d\u00e1vala rande cel\u00e1 Bratislava? Ako to \u017eilo v priestore medzi Michalskou br\u00e1nou, Hviezdoslavov\u00fdm n\u00e1mest\u00edm a \u010falej a\u017e k Dunaju v zlatom obdob\u00ed korza a na \u010do najrad\u0161ej pam\u00e4tn\u00edci spom\u00ednaj\u00fa? Cukr\u00e1rne, obchody, kaviarne, niektor\u00e9 typick\u00e9 \u010di kuri\u00f3zne postavy pospom\u00edname aj my po\u010das n\u00e1\u0161ho ve\u010dern\u00e9ho korzovania.<\/p>\n<p><strong>Term\u00edn a miesto stretnutia prehliadky: <\/strong>17:00 pri Propeleri na R\u00e1zusovom n\u00e1bre\u017e\u00ed (oproti SNG), sprev\u00e1dza Eva \u010cubr\u00edkov\u00e1<\/p>\n<p><strong>Maxim\u00e1lny po\u010det \u00fa\u010dastn\u00edkov:<\/strong> 40 os\u00f4b<\/p>\n<p><strong>Odpor\u00fa\u010danie:<\/strong> so sebou si doneste dostatok vody, prikr\u00fdvku hlavy, pr\u00edp. repelent proti kom\u00e1rom<\/p>\n<p>&nbsp;<\/p>\n","protected":false},"excerpt":{"rendered":"<p>Ako vyzerala zn\u00e1ma promen\u00e1da, kde si d\u00e1vala rande cel\u00e1 Bratislava? Ako to \u017eilo v priestore medzi Michalskou br\u00e1nou, Hviezdoslavov\u00fdm n\u00e1mest\u00edm a \u010falej a\u017e k Dunaju v zlatom obdob\u00ed korza a na \u010do najrad\u0161ej pam\u00e4tn\u00edci spom\u00ednaj\u00fa? Cukr\u00e1rne, obchody, kaviarne, niektor\u00e9 typick\u00e9 \u010di kuri\u00f3zne postavy pospom\u00edname aj my po\u010das n\u00e1\u0161ho ve\u010dern\u00e9ho korzovania. Term\u00edn a miesto stretnutia prehliadky: [&hellip;]<\/p>\n","protected":false},"author":25,"featured_media":94215,"parent":0,"menu_order":0,"comment_status":"closed","ping_status":"closed","template":"","meta":[],"acf":[],"_links":{"self":[{"href":"https:\/\/www.visitbratislava.com\/sk\/wp-json\/wp\/v2\/pages\/94214"}],"collection":[{"href":"https:\/\/www.visitbratislava.com\/sk\/wp-json\/wp\/v2\/pages"}],"about":[{"href":"https:\/\/www.visitbratislava.com\/sk\/wp-json\/wp\/v2\/types\/page"}],"author":[{"embeddable":true,"href":"https:\/\/www.visitbratislava.com\/sk\/wp-json\/wp\/v2\/users\/25"}],"replies":[{"embeddable":true,"href":"https:\/\/www.visitbratislava.com\/sk\/wp-json\/wp\/v2\/comments?post=94214"}],"version-history":[{"count":0,"href":"https:\/\/www.visitbratislava.com\/sk\/wp-json\/wp\/v2\/pages\/94214\/revisions"}],"wp:featuredmedia":[{"embeddable":true,"href":"https:\/\/www.visitbratislava.com\/sk\/wp-json\/wp\/v2\/media\/94215"}],"wp:attachment":[{"href":"https:\/\/www.visitbratislava.com\/sk\/wp-json\/wp\/v2\/media?parent=94214"}],"curies":[{"name":"wp","href":"https:\/\/api.w.org\/{rel}","templated":true}]}}