{"id":94346,"date":"2020-09-21T10:08:49","date_gmt":"2020-09-21T08:08:49","guid":{"rendered":"https:\/\/www.visitbratislava.com\/?page_id=94346"},"modified":"2020-09-21T10:08:49","modified_gmt":"2020-09-21T08:08:49","slug":"rezervacny-formular-vychadzka-27-9-pre-deti","status":"publish","type":"page","link":"https:\/\/www.visitbratislava.com\/sk\/rezervacny-formular-vychadzka-27-9-pre-deti\/","title":{"rendered":"Rezerva\u010dn\u00fd formul\u00e1r &#8211; vych\u00e1dzka 27. 9. PRE DETI"},"content":{"rendered":"\n                <div class='gf_browser_gecko gform_wrapper' id='gform_wrapper_35' ><form method='post' enctype='multipart\/form-data'  id='gform_35'  action='\/sk\/wp-json\/wp\/v2\/pages\/94346'> \r\n <input type='hidden' class='gforms-pum' value='{\"closepopup\":false,\"closedelay\":0,\"openpopup\":false,\"openpopup_id\":0}' \/>\n                        <div class='gform_heading'>\n                            <h3 class='gform_title'>Rezerva\u010dn\u00fd formul\u00e1r - 55. v\u00fdro\u010die TIC, vych\u00e1dzka 27. 9. PRE DETI<\/h3>\n                            <span class='gform_description'>Na prehliadky je potrebn\u00e9 sa registrova\u0165 vopred, a to ve\u013emi jednoduch\u00fdm sp\u00f4sobom - spr\u00e1vnym vyplnen\u00edm formul\u00e1ra, ktor\u00fd potvrd\u00edte.\r\nPodrobnosti o prehliadke dostanete na e-mail 1-2 dni pred konan\u00edm akcie.\r\n\r\n<\/span>\n                        <\/div>\n                        <div class='gform_body'><ul id='gform_fields_35' class='gform_fields top_label form_sublabel_below description_below'><li id='field_35_1' class='gfield gfield_contains_required field_sublabel_below field_description_below' ><label class='gfield_label' for='input_35_1_3' >Meno a priezvisko<span class='gfield_required'> * <span class='sr-only'> Required<\/span><\/span><\/label><div class='ginput_complex ginput_container no_prefix has_first_name no_middle_name has_last_name no_suffix gf_name_has_2 ginput_container_name' id='input_35_1'>\n                            \n                            <span id='input_35_1_3_container' class='name_first' >\n                                                    <input type='text' name='input_1.3' id='input_35_1_3' value='' aria-label='First name'   \/>\n                                                    <label for='input_35_1_3' >Meno<\/label>\n                                                <\/span>\n                            \n                            <span id='input_35_1_6_container' class='name_last' >\n                                                    <input type='text' name='input_1.6' id='input_35_1_6' value='' aria-label='Last name'   \/>\n                                                    <label for='input_35_1_6' >Priezvisko<\/label>\n                                                <\/span>\n                            \n                        <\/div><\/fieldset><\/li><li id='field_35_2' class='gfield gfield_contains_required field_sublabel_below field_description_below' ><label class='gfield_label' for='input_35_2' >E-mail<span class='gfield_required'> * <span class='sr-only'> Required<\/span><\/span><\/label><div class='ginput_container ginput_container_email'>\n                            <input name='input_2' id='input_35_2' type='email' value='' class='large'    \/>\n                        <\/div><\/li><li id='field_35_3' class='gfield gfield_contains_required field_sublabel_below field_description_below' ><label class='gfield_label' for='input_35_3' >Telef\u00f3nne \u010d\u00edslo<span class='gfield_required'> * <span class='sr-only'> Required<\/span><\/span><\/label><div class='ginput_container ginput_container_phone'><input name='input_3' id='input_35_3' type='tel' value='' class='large'    \/><\/div><\/li><li id='field_35_4' class='gfield gfield_contains_required field_sublabel_below field_description_below' ><label class='gfield_label' for='input_35_4' >Po\u010det os\u00f4b<span class='gfield_required'> * <span class='sr-only'> Required<\/span><\/span><\/label><div class='ginput_container ginput_container_number'><input name='input_4' id='input_35_4' type='number' step='any' min='1' max='5' value='' class='small'     \/><div class='instruction '>Vlo\u017ete pros\u00edm hodnotu mezi <strong>1<\/strong> a <strong>5<\/strong>.<\/div><\/div><div class='gfield_description'>*prihlasovanie je obmedzen\u00e9 na max. 5 os\u00f4b. V pr\u00edpade v\u00e4\u010d\u0161ej skupiny n\u00e1m, pros\u00edm, nap\u00ed\u0161te, je mo\u017en\u00e9 dohodn\u00fa\u0165 si prehliadku na mieru v inom term\u00edne. <\/div><\/li><li id='field_35_5' class='gfield field_sublabel_below field_description_below' ><label class='gfield_label' for='input_35_5' >Pozn\u00e1mka<\/label><div class='ginput_container ginput_container_textarea'>\n\t\t\t\t\t<textarea name='input_5' id='input_35_5' class='textarea small'     rows='10' cols='50'><\/textarea>\n\t\t\t\t<\/div><\/li><li id='field_35_6' class='gfield gform_hidden field_sublabel_below field_description_below' ><input name='input_6' id='input_35_6' type='hidden' class='gform_hidden' value='' \/><\/li><li id='field_35_7' class='gfield gform_hidden field_sublabel_below field_description_below' ><input name='input_7' id='input_35_7' type='hidden' class='gform_hidden' value='' \/><\/li><li id='field_35_8' class='gfield gform_validation_container field_sublabel_below field_description_below' ><label class='gfield_label' for='input_35_8' >Phone<\/label><div class='ginput_container'><input name='input_8' id='input_35_8' type='text' value='' autocomplete='off'\/><\/div><div class='gfield_description'>Toto pole je pre valida\u010dn\u00e9 \u00fa\u010dely a mal by zosta\u0165 nezmenen\u00fd.<\/div><\/li>\n                            <\/ul><\/div>\n        <div class='gform_footer top_label'> <input type='submit' id='gform_submit_button_35' class='gform_button button' value='Potvrdi\u0165'  onclick='if(window[\"gf_submitting_35\"]){return false;}  if( !jQuery(\"#gform_35\")[0].checkValidity || jQuery(\"#gform_35\")[0].checkValidity()){window[\"gf_submitting_35\"]=true;}  ' \/> \n            <input type='hidden' class='gform_hidden' name='is_submit_35' value='1' \/>\n            <input type='hidden' class='gform_hidden' name='gform_submit' value='35' \/>\n            \n            <input type='hidden' class='gform_hidden' name='gform_unique_id' value='' \/>\n            <input type='hidden' class='gform_hidden' name='state_35' value='WyJbXSIsIjM2YWY0N2EwZTU5MzI0ZmQ2M2ExNzY4MzI2M2NkMjIwIl0=' \/>\n            <input type='hidden' class='gform_hidden' name='gform_target_page_number_35' id='gform_target_page_number_35' value='0' \/>\n            <input type='hidden' class='gform_hidden' name='gform_source_page_number_35' id='gform_source_page_number_35' value='1' \/>\n            <input type='hidden' name='gform_field_values' value='' \/>\n            \n        <\/div>\n                        <\/form>\n                        <\/div><script type='text\/javascript'> jQuery(document).bind('gform_post_render', function(event, formId, currentPage){if(formId == 35) {} } );jQuery(document).bind('gform_post_conditional_logic', function(event, formId, fields, isInit){} );<\/script><script type='text\/javascript'> jQuery(document).ready(function(){jQuery(document).trigger('gform_post_render', [35, 1]) } ); <\/script>\n","protected":false},"excerpt":{"rendered":"","protected":false},"author":25,"featured_media":94198,"parent":0,"menu_order":0,"comment_status":"closed","ping_status":"closed","template":"","meta":[],"acf":[],"_links":{"self":[{"href":"https:\/\/www.visitbratislava.com\/sk\/wp-json\/wp\/v2\/pages\/94346"}],"collection":[{"href":"https:\/\/www.visitbratislava.com\/sk\/wp-json\/wp\/v2\/pages"}],"about":[{"href":"https:\/\/www.visitbratislava.com\/sk\/wp-json\/wp\/v2\/types\/page"}],"author":[{"embeddable":true,"href":"https:\/\/www.visitbratislava.com\/sk\/wp-json\/wp\/v2\/users\/25"}],"replies":[{"embeddable":true,"href":"https:\/\/www.visitbratislava.com\/sk\/wp-json\/wp\/v2\/comments?post=94346"}],"version-history":[{"count":0,"href":"https:\/\/www.visitbratislava.com\/sk\/wp-json\/wp\/v2\/pages\/94346\/revisions"}],"wp:featuredmedia":[{"embeddable":true,"href":"https:\/\/www.visitbratislava.com\/sk\/wp-json\/wp\/v2\/media\/94198"}],"wp:attachment":[{"href":"https:\/\/www.visitbratislava.com\/sk\/wp-json\/wp\/v2\/media?parent=94346"}],"curies":[{"name":"wp","href":"https:\/\/api.w.org\/{rel}","templated":true}]}}