{"id":99917,"date":"2021-02-04T14:52:32","date_gmt":"2021-02-04T13:52:32","guid":{"rendered":"https:\/\/www.visitbratislava.com\/?page_id=99917"},"modified":"2024-03-14T15:49:13","modified_gmt":"2024-03-14T14:49:13","slug":"ikonicke-stavby-bratislavy","status":"publish","type":"page","link":"https:\/\/www.visitbratislava.com\/sk\/ikonicke-stavby-bratislavy\/","title":{"rendered":"Ikonick\u00e9 stavby Bratislavy"},"content":{"rendered":"<p>Trojuholn\u00edkov\u00fd obchodn\u00fd dom Prior na Kamennom n\u00e1mest\u00ed bol kedysi najv\u00e4\u010d\u0161\u00edm obchodn\u00fdm domom v \u010ceskoslovensku a jeho otvorenie v roku 1968 sp\u00f4sobilo riadnu senz\u00e1ciu. Spolu s hotelom, s ktor\u00fdm tvor\u00ed jeden celok, ho oce\u0148uj\u00fa pre zjednocuj\u00faci obklad z bieleho spi\u0161sk\u00e9ho travert\u00ednu aj vyu\u017eitie vtedaj\u0161\u00edch technick\u00fdch vychyt\u00e1vok. Atrakciou boli prv\u00e9 pohybliv\u00e9 schody na Slovensku, zvonkohra \u010di ve\u013ekoplo\u0161n\u00e9 hlin\u00edkov\u00e9 v\u00fdklady.<\/p>\n<p>Ikonick\u00fd komplex obchodn\u00e9ho domu a hotela od architekta Ivana Matu\u0161\u00edka je <a href=\"https:\/\/www.visitbratislava.com\/sk\/tipy-na-vylet\/skvosty-socialistickej-bratislavy-ale-aj-zvysky-zeleznej-opony\/\" target=\"_blank\" rel=\"noopener\">len jedn\u00fdm z hodnotn\u00fdch objektov<\/a>, ktor\u00e9 by milovn\u00edci architekt\u00fary nemali na prech\u00e1dzke Bratislavou ob\u00eds\u0165.<\/p>\n<p><img loading=\"lazy\" width=\"800\" height=\"533\" class=\"size-large wp-image-282297 aligncenter\" src=\"https:\/\/www.visitbratislava.com\/wp-content\/uploads\/2024\/02\/DSC01278-800x533.jpg\" alt=\"\" srcset=\"https:\/\/www.visitbratislava.com\/wp-content\/uploads\/2024\/02\/DSC01278-800x533.jpg 800w, https:\/\/www.visitbratislava.com\/wp-content\/uploads\/2024\/02\/DSC01278-400x267.jpg 400w, https:\/\/www.visitbratislava.com\/wp-content\/uploads\/2024\/02\/DSC01278-768x512.jpg 768w, https:\/\/www.visitbratislava.com\/wp-content\/uploads\/2024\/02\/DSC01278-1536x1024.jpg 1536w, https:\/\/www.visitbratislava.com\/wp-content\/uploads\/2024\/02\/DSC01278-2048x1365.jpg 2048w, https:\/\/www.visitbratislava.com\/wp-content\/uploads\/2024\/02\/DSC01278-200x133.jpg 200w\" sizes=\"(max-width: 800px) 100vw, 800px\" \/><\/p>\n<p>\u010eal\u0161ou oce\u0148ovanou stavbou je Most SNP postaven\u00fd v rokoch 1969 &#8211; 1972. V\u010faka re\u0161taur\u00e1cii v <a href=\"https:\/\/www.visitbratislava.com\/sk\/miesta\/ufo\/\" target=\"_blank\" rel=\"noopener\">tvare lietaj\u00faceho taniera<\/a> s vyhliadkou na jeho jedinom pil\u00f3te je jednou z najv\u00e4\u010d\u0161\u00edch atrakci\u00ed mesta. Dr\u017eitelia <a href=\"http:\/\/card.visitbratislava.com\/sk\/discount\/ufo-watch-taste-groove\/\" target=\"_blank\" rel=\"noopener\">Bratislava CARD<\/a> sa do nej dostan\u00fa v\u00fd\u0165ahom zadarmo a neplatia ani za mestsk\u00fa dopravu. Most si a\u017e do dne\u0161n\u00fdch dn\u00ed uchoval status technick\u00e9ho unik\u00e1tu. Ako jedin\u00fd v Bratislave je zavesen\u00fd na oce\u013eov\u00fdch lan\u00e1ch a nem\u00e1 \u017eiadny pilier v pr\u00fade rieky.<\/p>\n<p><img loading=\"lazy\" width=\"800\" height=\"450\" class=\"size-large wp-image-1373 aligncenter\" src=\"https:\/\/www.visitbratislava.com\/wp-content\/uploads\/2014\/10\/hrad-dunaj-ufo-800x450.jpg\" alt=\"\" srcset=\"https:\/\/www.visitbratislava.com\/wp-content\/uploads\/2014\/10\/hrad-dunaj-ufo-800x450.jpg 800w, https:\/\/www.visitbratislava.com\/wp-content\/uploads\/2014\/10\/hrad-dunaj-ufo-400x225.jpg 400w, https:\/\/www.visitbratislava.com\/wp-content\/uploads\/2014\/10\/hrad-dunaj-ufo-200x113.jpg 200w\" sizes=\"(max-width: 800px) 100vw, 800px\" \/><\/p>\n<p>Technicky aj vizu\u00e1lne zauj\u00edmavou budovou je tie\u017e <a href=\"https:\/\/www.visitbratislava.com\/sk\/miesta\/slovensky-rozhlas\/\" target=\"_blank\" rel=\"noopener\">obr\u00e1ten\u00e1 pyram\u00edda Slovensk\u00e9ho rozhlasu<\/a>. Aj ke\u010f si verejnos\u0165 t\u00fato stavbu sp\u00e1ja s normaliz\u00e1ciou a totalitn\u00fdm re\u017eimom, jej my\u0161lienka vznikla e\u0161te v \u010dase uvo\u013enenia v 60. rokoch. V obdob\u00ed normaliz\u00e1cie by tak\u00e1to budova u\u017e bola nepredstavite\u013en\u00e1.<\/p>\n<p>V pyram\u00edde sa nach\u00e1dza \u010fal\u0161ia vn\u00fatorn\u00e1 pyram\u00edda. Do nej architekti \u0160tefan Svetko, \u0160tefan \u010eurkovi\u010d a Barnab\u00e1\u0161 Kissling umiestnili najcitlivej\u0161ie prev\u00e1dzky rozhlasu \u2013 vysielacie a nahr\u00e1vacie \u0161t\u00fadi\u00e1. S\u00fa to v\u0161ak hlavne unik\u00e1tne koncertn\u00e9 s\u00e1ly a vn\u00fatorn\u00e9 \u00e1trium, pre ktor\u00e9 rozhlas vyh\u013ead\u00e1vaj\u00fa svetovo uzn\u00e1van\u00ed architekti po\u010das n\u00e1v\u0161tev Bratislavy.<\/p>\n<p><img loading=\"lazy\" width=\"800\" height=\"534\" class=\"aligncenter size-large wp-image-47965\" src=\"https:\/\/www.visitbratislava.com\/wp-content\/uploads\/2018\/02\/biela-noc2_white-night_nuit-blanche_art-festival_umelecky-festival_2017_official-photo_slovensky-rozhlas-pyramida-slovak-radio-building-inverted-pyramid-800x534.jpg\" alt=\"\" srcset=\"https:\/\/www.visitbratislava.com\/wp-content\/uploads\/2018\/02\/biela-noc2_white-night_nuit-blanche_art-festival_umelecky-festival_2017_official-photo_slovensky-rozhlas-pyramida-slovak-radio-building-inverted-pyramid-800x534.jpg 800w, https:\/\/www.visitbratislava.com\/wp-content\/uploads\/2018\/02\/biela-noc2_white-night_nuit-blanche_art-festival_umelecky-festival_2017_official-photo_slovensky-rozhlas-pyramida-slovak-radio-building-inverted-pyramid-400x267.jpg 400w, https:\/\/www.visitbratislava.com\/wp-content\/uploads\/2018\/02\/biela-noc2_white-night_nuit-blanche_art-festival_umelecky-festival_2017_official-photo_slovensky-rozhlas-pyramida-slovak-radio-building-inverted-pyramid-768x513.jpg 768w, https:\/\/www.visitbratislava.com\/wp-content\/uploads\/2018\/02\/biela-noc2_white-night_nuit-blanche_art-festival_umelecky-festival_2017_official-photo_slovensky-rozhlas-pyramida-slovak-radio-building-inverted-pyramid-200x133.jpg 200w\" sizes=\"(max-width: 800px) 100vw, 800px\" \/><\/p>\n<h2>N\u00e1rodn\u00e1 gal\u00e9ria aj vily na Slav\u00edne<\/h2>\n<p>\u010eal\u0161\u00edm v\u00fdznamn\u00fdm objektom z tohto obdobia je premostenie <a href=\"https:\/\/www.visitbratislava.com\/sk\/miesta\/slovenska-narodna-galeria\/\" target=\"_blank\" rel=\"noopener\">Slovenskej n\u00e1rodnej gal\u00e9rie<\/a> od architekta Vladim\u00edra Dede\u010dka. Aj ke\u010f \u010das\u0165 laickej verejnosti dodnes nepri\u0161la \u00faplne na chu\u0165 tejto levituj\u00facej hranatej pr\u00edstavbe, pre in\u00fdch je to jeden z najv\u00fdznamnej\u0161\u00edch pr\u00edkladov neskor\u00e9ho modernizmu na Slovensku.<\/p>\n<p>V\u00fdnimo\u010dnou, a v\u00f4bec prvou povojnovou stavbou, ktor\u00e1 bola na Slovensku vyhl\u00e1sen\u00e1 za n\u00e1rodn\u00fa kult\u00farnu pamiatku, je kremat\u00f3rium v Lama\u010di. Toto najv\u00fdznamnej\u0161ie dielo architekta Ferdinanda Milu\u010dk\u00e9ho oce\u0148uj\u00fa pre s\u00falad jeho architekt\u00fary s pr\u00edrodn\u00fdm prostred\u00edm lesa.<\/p>\n<p><img loading=\"lazy\" width=\"800\" height=\"600\" class=\"aligncenter size-large wp-image-99918\" src=\"https:\/\/www.visitbratislava.com\/wp-content\/uploads\/2021\/02\/IMG_6735-800x600.jpg\" alt=\"\" srcset=\"https:\/\/www.visitbratislava.com\/wp-content\/uploads\/2021\/02\/IMG_6735-800x600.jpg 800w, https:\/\/www.visitbratislava.com\/wp-content\/uploads\/2021\/02\/IMG_6735-400x300.jpg 400w, https:\/\/www.visitbratislava.com\/wp-content\/uploads\/2021\/02\/IMG_6735-768x576.jpg 768w, https:\/\/www.visitbratislava.com\/wp-content\/uploads\/2021\/02\/IMG_6735-1536x1152.jpg 1536w, https:\/\/www.visitbratislava.com\/wp-content\/uploads\/2021\/02\/IMG_6735-2048x1536.jpg 2048w, https:\/\/www.visitbratislava.com\/wp-content\/uploads\/2021\/02\/IMG_6735-200x150.jpg 200w, https:\/\/www.visitbratislava.com\/wp-content\/uploads\/2021\/02\/IMG_6735-600x450.jpg 600w\" sizes=\"(max-width: 800px) 100vw, 800px\" \/><\/p>\n<p>Po\u010das prech\u00e1dzok k\u013eukat\u00fdmi, strm\u00fdmi uli\u010dkami vilovej \u0161tvrte Palis\u00e1dy nad hradom m\u00f4\u017eu n\u00e1v\u0161tevn\u00edci obdivova\u0165 vily r\u00f4znych \u0161t\u00fdlov \u2013 od romantizmu cez historizuj\u00face slohy a\u017e po tie s\u00fa\u010dasn\u00e9. Svojou ornament\u00e1lnou fas\u00e1dou zaujme napr\u00edklad vila od architekta Juraja Tvaro\u017eeka na Tvaro\u017ekovej 4, rozpr\u00e1vkov\u00e1 Zsig\u00e1rdyho vila na ulici Franc\u00fazskych partiz\u00e1nov 8 alebo secesn\u00fd bytov\u00fd dom na Palis\u00e1dach 18.<\/p>\n<h2>Bratislavsk\u00e9 mrakodrapy<\/h2>\n<p>Pozoruhodnou je aj vojensk\u00e1 ubytov\u0148a Hviezda od architektov J\u00e1na Strculu a Cyrila Sirotn\u00e9ho, zn\u00e1ma sk\u00f4r pod n\u00e1zvom Kukurica, ktor\u00e1 sa nach\u00e1dza na Jaro\u0161ovej ulici na okraji \u0161ir\u0161ieho centra mesta. Je to jedna z prv\u00fdch v\u00fd\u0161kov\u00fdch budov v Bratislave, ale zaujme najm\u00e4 svoj\u00edm kruhov\u00fdm p\u00f4dorysom.<\/p>\n<p>Ak by milovn\u00edci architekt\u00fary h\u013eadali prv\u00fd mrakodrap v meste, mali by sa vybra\u0165 do centra mesta, na N\u00e1mestie SNP. Tu od roku 1935 stoj\u00ed 45 metrov vysok\u00fd obchodn\u00fd a obytn\u00fd dom Manderla, ktor\u00fd nikto nenazve inak ako Manderl\u00e1k. Dal ho postavi\u0165 \u00faspe\u0161n\u00fd m\u00e4siar Rudolf Manderla a na jeho pr\u00edzem\u00ed si zriadil m\u00e4siarstvo.<\/p>\n<h2>S\u00fa\u010dasn\u00e1 architekt\u00fara<\/h2>\n<p>Od p\u00e1du socialistick\u00e9ho re\u017eimu za\u017e\u00edva Bratislava stavite\u013esk\u00fd boom, ktor\u00e9ho v\u00fdsledkom je vznik \u00faplne nov\u00fdch \u0161tvrt\u00ed kombinuj\u00facich obytn\u00e9, kancel\u00e1rske a obchodn\u00e9 priestory ako Eurovea a River Park na n\u00e1bre\u017e\u00ed Dunaja alebo Sky Park s elipsovit\u00fdmi obytn\u00fdmi ve\u017eami. Ten navrhlo britsk\u00e9 architektonick\u00e9 \u0161t\u00fadio prominentnej architektky Zahy Hadid.<\/p>\n<p><img loading=\"lazy\" width=\"800\" height=\"533\" class=\"aligncenter size-large wp-image-99927\" src=\"https:\/\/www.visitbratislava.com\/wp-content\/uploads\/2021\/02\/Dekan_jesen_Zaha-Hadid_Sky-Park-offices_architektura_downtown_vyhradna-licencia-casovo-neobmedzena-800x533.jpg\" alt=\"\" srcset=\"https:\/\/www.visitbratislava.com\/wp-content\/uploads\/2021\/02\/Dekan_jesen_Zaha-Hadid_Sky-Park-offices_architektura_downtown_vyhradna-licencia-casovo-neobmedzena-800x533.jpg 800w, https:\/\/www.visitbratislava.com\/wp-content\/uploads\/2021\/02\/Dekan_jesen_Zaha-Hadid_Sky-Park-offices_architektura_downtown_vyhradna-licencia-casovo-neobmedzena-400x267.jpg 400w, https:\/\/www.visitbratislava.com\/wp-content\/uploads\/2021\/02\/Dekan_jesen_Zaha-Hadid_Sky-Park-offices_architektura_downtown_vyhradna-licencia-casovo-neobmedzena-768x512.jpg 768w, https:\/\/www.visitbratislava.com\/wp-content\/uploads\/2021\/02\/Dekan_jesen_Zaha-Hadid_Sky-Park-offices_architektura_downtown_vyhradna-licencia-casovo-neobmedzena-1536x1024.jpg 1536w, https:\/\/www.visitbratislava.com\/wp-content\/uploads\/2021\/02\/Dekan_jesen_Zaha-Hadid_Sky-Park-offices_architektura_downtown_vyhradna-licencia-casovo-neobmedzena-2048x1365.jpg 2048w, https:\/\/www.visitbratislava.com\/wp-content\/uploads\/2021\/02\/Dekan_jesen_Zaha-Hadid_Sky-Park-offices_architektura_downtown_vyhradna-licencia-casovo-neobmedzena-200x133.jpg 200w\" sizes=\"(max-width: 800px) 100vw, 800px\" \/><\/p>\n<p>Za dobrou architekt\u00farou sa oplat\u00ed vybra\u0165 aj do okrajov\u00fdch \u010dast\u00ed mesta. Napr\u00edklad v \u010cunove sa na umelom polostrove nach\u00e1dza gal\u00e9ria <a href=\"https:\/\/www.visitbratislava.com\/sk\/miesta\/danubiana\/\" target=\"_blank\" rel=\"noopener\">Danubiana Meulensteen Art Museum<\/a>. V nej si pr\u00eddu na svoje milovn\u00edci v\u00fdtvarn\u00e9ho umenia a architekt\u00fary.<\/p>\n<p><img loading=\"lazy\" width=\"800\" height=\"482\" class=\"aligncenter size-large wp-image-99278\" src=\"https:\/\/www.visitbratislava.com\/wp-content\/uploads\/2021\/01\/danubiana-1-800x482.jpg\" alt=\"\" srcset=\"https:\/\/www.visitbratislava.com\/wp-content\/uploads\/2021\/01\/danubiana-1-800x482.jpg 800w, https:\/\/www.visitbratislava.com\/wp-content\/uploads\/2021\/01\/danubiana-1-400x241.jpg 400w, https:\/\/www.visitbratislava.com\/wp-content\/uploads\/2021\/01\/danubiana-1-768x463.jpg 768w, https:\/\/www.visitbratislava.com\/wp-content\/uploads\/2021\/01\/danubiana-1-1536x926.jpg 1536w, https:\/\/www.visitbratislava.com\/wp-content\/uploads\/2021\/01\/danubiana-1-2048x1234.jpg 2048w, https:\/\/www.visitbratislava.com\/wp-content\/uploads\/2021\/01\/danubiana-1-200x121.jpg 200w\" sizes=\"(max-width: 800px) 100vw, 800px\" \/><\/p>\n","protected":false},"excerpt":{"rendered":"<p>V Bratislave n\u00e1jdete nieko\u013eko hodnotn\u00fdch architektonick\u00fdch diel spojen\u00fdch s ned\u00e1vnou minulos\u0165ou. Medzi tie najv\u00fdnimo\u010dnej\u0161ie jednozna\u010dne patr\u00ed budova obr\u00e1tenej pyram\u00eddy Slovensk\u00e9ho rozhlasu na M\u00fdtnej ulici, najstar\u0161ia v\u00fd\u0161kov\u00e1 budova v Bratislave \u2013 Manderl\u00e1k \u010di komplex obchodn\u00e9ho domu a hotela Kyjev na Kamennom n\u00e1mest\u00ed s prv\u00fdmi pohybliv\u00fdmi schodmi na Slovensku.<\/p>\n","protected":false},"author":25,"featured_media":139815,"parent":0,"menu_order":0,"comment_status":"closed","ping_status":"closed","template":"","meta":[],"acf":[],"_links":{"self":[{"href":"https:\/\/www.visitbratislava.com\/sk\/wp-json\/wp\/v2\/pages\/99917"}],"collection":[{"href":"https:\/\/www.visitbratislava.com\/sk\/wp-json\/wp\/v2\/pages"}],"about":[{"href":"https:\/\/www.visitbratislava.com\/sk\/wp-json\/wp\/v2\/types\/page"}],"author":[{"embeddable":true,"href":"https:\/\/www.visitbratislava.com\/sk\/wp-json\/wp\/v2\/users\/25"}],"replies":[{"embeddable":true,"href":"https:\/\/www.visitbratislava.com\/sk\/wp-json\/wp\/v2\/comments?post=99917"}],"version-history":[{"count":4,"href":"https:\/\/www.visitbratislava.com\/sk\/wp-json\/wp\/v2\/pages\/99917\/revisions"}],"predecessor-version":[{"id":286095,"href":"https:\/\/www.visitbratislava.com\/sk\/wp-json\/wp\/v2\/pages\/99917\/revisions\/286095"}],"wp:featuredmedia":[{"embeddable":true,"href":"https:\/\/www.visitbratislava.com\/sk\/wp-json\/wp\/v2\/media\/139815"}],"wp:attachment":[{"href":"https:\/\/www.visitbratislava.com\/sk\/wp-json\/wp\/v2\/media?parent=99917"}],"curies":[{"name":"wp","href":"https:\/\/api.w.org\/{rel}","templated":true}]}}